{"id":3840,"date":"2022-10-24T09:09:39","date_gmt":"2022-10-24T09:09:39","guid":{"rendered":"https:\/\/www.leafieldmarine.com\/aplicaciones\/"},"modified":"2023-02-10T14:54:10","modified_gmt":"2023-02-10T14:54:10","slug":"aplicaciones","status":"publish","type":"page","link":"https:\/\/www.leafieldmarine.com\/es\/aplicaciones\/","title":{"rendered":"Aplicaciones"},"content":{"rendered":"\n<h1 class=\"has-text-align-center wp-block-heading has-xxl-margin-bottom\">Aplicaciones<\/h1>\n\n\n\n<div class=\"wp-block-group has-lg-content-width\"><div class=\"wp-block-group__inner-container is-layout-flow wp-block-group-is-layout-flow\"><div class=\"mai-grid entries entries-grid has-boxed has-image-full\" style=\"--entry-title-font-size:var(--font-size-lg);--align-text:center;--entry-meta-text-align:center;\"><div class=\"entries-wrap has-columns\" style=\"--columns-xs:1\/1;--columns-sm:1\/1;--columns-md:1\/3;--columns-lg:1\/3;--flex-xs:0 0 var(--flex-basis);--flex-sm:0 0 var(--flex-basis);--flex-md:0 0 var(--flex-basis);--flex-lg:0 0 var(--flex-basis);--column-gap:var(--spacing-lg);--row-gap:var(--spacing-lg);--align-columns:start;\"><article class=\"entry entry-grid is-column has-entry-link has-image has-image-first page type-page\" style=\"--entry-index:1;\" aria-label=\"RIBs y Licitaciones\"><a class=\"entry-image-link\" href=\"https:\/\/www.leafieldmarine.com\/es\/ribs-y-licitaciones\/\" tabindex=\"-1\" aria-hidden=\"true\"><img decoding=\"async\" width=\"400\" height=\"300\" src=\"https:\/\/www.leafieldmarine.com\/wp-content\/uploads\/2022\/11\/Ribcraft-3-1a-400x300.jpg\" class=\"entry-image size-landscape-sm\" alt=\"\" \/><\/a><div class=\"entry-wrap entry-wrap-grid\"><h3 class=\"entry-title\"><a class=\"entry-title-link\" href=\"https:\/\/www.leafieldmarine.com\/es\/ribs-y-licitaciones\/\" rel=\"bookmark\">RIBs y Licitaciones<\/a><\/h3>\n<\/div><\/article><article class=\"entry entry-grid is-column has-entry-link has-image has-image-first page type-page\" style=\"--entry-index:2;\" aria-label=\"Sistemas especializados de inflado de embarcaciones\"><a class=\"entry-image-link\" href=\"https:\/\/www.leafieldmarine.com\/es\/sistemas-especializados-de-inflado-de-embarcaciones\/\" tabindex=\"-1\" aria-hidden=\"true\"><img decoding=\"async\" width=\"400\" height=\"300\" src=\"https:\/\/www.leafieldmarine.com\/wp-content\/uploads\/2022\/12\/STV-boat-layout-2-1536x1024-1-400x300.jpg\" class=\"entry-image size-landscape-sm\" alt=\"\" \/><\/a><div class=\"entry-wrap entry-wrap-grid\"><h3 class=\"entry-title\"><a class=\"entry-title-link\" href=\"https:\/\/www.leafieldmarine.com\/es\/sistemas-especializados-de-inflado-de-embarcaciones\/\" rel=\"bookmark\">Sistemas especializados de inflado de embarcaciones<\/a><\/h3>\n<\/div><\/article><article class=\"entry entry-grid is-column has-entry-link has-image has-image-first page type-page\" style=\"--entry-index:3;\" aria-label=\"Bolsas autoenderezantes\"><a class=\"entry-image-link\" href=\"https:\/\/www.leafieldmarine.com\/es\/bolsas-autoenderezantes\/\" tabindex=\"-1\" aria-hidden=\"true\"><img decoding=\"async\" width=\"400\" height=\"267\" src=\"https:\/\/www.leafieldmarine.com\/wp-content\/uploads\/2021\/07\/Self-Righting-Bag.jpg\" class=\"entry-image size-landscape-sm\" alt=\"Bolsa de autoenderezamiento\" srcset=\"https:\/\/www.leafieldmarine.com\/wp-content\/uploads\/2021\/07\/Self-Righting-Bag-300x200.jpg 300w, https:\/\/www.leafieldmarine.com\/wp-content\/uploads\/2021\/07\/Self-Righting-Bag-600x400.jpg 600w, https:\/\/www.leafieldmarine.com\/wp-content\/uploads\/2021\/07\/Self-Righting-Bag-768x512.jpg 768w, https:\/\/www.leafieldmarine.com\/wp-content\/uploads\/2021\/07\/Self-Righting-Bag-1024x683.jpg 1024w, https:\/\/www.leafieldmarine.com\/wp-content\/uploads\/2021\/07\/Self-Righting-Bag-1536x1024.jpg 1536w, https:\/\/www.leafieldmarine.com\/wp-content\/uploads\/2021\/07\/Self-Righting-Bag.jpg 1600w\" sizes=\"(max-width:599px) 599px, (min-width:600px) and (max-width: 799px) 799px, (min-width:800px) and (max-width: 999px) 333px, (min-width:1000px) 400px\" \/><\/a><div class=\"entry-wrap entry-wrap-grid\"><h3 class=\"entry-title\"><a class=\"entry-title-link\" href=\"https:\/\/www.leafieldmarine.com\/es\/bolsas-autoenderezantes\/\" rel=\"bookmark\">Bolsas autoenderezantes<\/a><\/h3>\n<\/div><\/article><article class=\"entry entry-grid is-column has-entry-link has-image has-image-first page type-page\" style=\"--entry-index:4;\" aria-label=\"Balsas fluviales e ISUPs\"><a class=\"entry-image-link\" href=\"https:\/\/www.leafieldmarine.com\/es\/balsas-fluviales-e-isups\/\" tabindex=\"-1\" aria-hidden=\"true\"><img decoding=\"async\" width=\"400\" height=\"300\" src=\"https:\/\/www.leafieldmarine.com\/wp-content\/uploads\/2022\/11\/blog-home-400x300.jpg\" class=\"entry-image size-landscape-sm\" alt=\"\" \/><\/a><div class=\"entry-wrap entry-wrap-grid\"><h3 class=\"entry-title\"><a class=\"entry-title-link\" href=\"https:\/\/www.leafieldmarine.com\/es\/balsas-fluviales-e-isups\/\" rel=\"bookmark\">Balsas fluviales e ISUPs<\/a><\/h3>\n<\/div><\/article><article class=\"entry entry-grid is-column has-entry-link has-image has-image-first page type-page\" style=\"--entry-index:5;\" aria-label=\"Balsas salvavidas de ocio inc ISO 9650\"><a class=\"entry-image-link\" href=\"https:\/\/www.leafieldmarine.com\/es\/balsas-salvavidas-de-ocio-inc-iso-9650\/\" tabindex=\"-1\" aria-hidden=\"true\"><img decoding=\"async\" width=\"400\" height=\"300\" src=\"https:\/\/www.leafieldmarine.com\/wp-content\/uploads\/2022\/07\/Ocean-Safety-Leisure-liferaft-on-sea-400x300.jpg\" class=\"entry-image size-landscape-sm\" alt=\"\" srcset=\"https:\/\/www.leafieldmarine.com\/wp-content\/uploads\/2022\/07\/Ocean-Safety-Leisure-liferaft-on-sea-300x225.jpg 300w, https:\/\/www.leafieldmarine.com\/wp-content\/uploads\/2022\/07\/Ocean-Safety-Leisure-liferaft-on-sea-400x300.jpg 400w, https:\/\/www.leafieldmarine.com\/wp-content\/uploads\/2022\/07\/Ocean-Safety-Leisure-liferaft-on-sea-768x576.jpg 768w, https:\/\/www.leafieldmarine.com\/wp-content\/uploads\/2022\/07\/Ocean-Safety-Leisure-liferaft-on-sea-800x600.jpg 800w, https:\/\/www.leafieldmarine.com\/wp-content\/uploads\/2022\/07\/Ocean-Safety-Leisure-liferaft-on-sea-1024x768.jpg 1024w, https:\/\/www.leafieldmarine.com\/wp-content\/uploads\/2022\/07\/Ocean-Safety-Leisure-liferaft-on-sea-1200x900.jpg 1200w, https:\/\/www.leafieldmarine.com\/wp-content\/uploads\/2022\/07\/Ocean-Safety-Leisure-liferaft-on-sea-1536x1152.jpg 1536w, https:\/\/www.leafieldmarine.com\/wp-content\/uploads\/2022\/07\/Ocean-Safety-Leisure-liferaft-on-sea.jpg 1920w\" sizes=\"(max-width:599px) 599px, (min-width:600px) and (max-width: 799px) 799px, (min-width:800px) and (max-width: 999px) 333px, (min-width:1000px) 400px\" \/><\/a><div class=\"entry-wrap entry-wrap-grid\"><h3 class=\"entry-title\"><a class=\"entry-title-link\" href=\"https:\/\/www.leafieldmarine.com\/es\/balsas-salvavidas-de-ocio-inc-iso-9650\/\" rel=\"bookmark\">Balsas salvavidas de ocio inc ISO 9650<\/a><\/h3>\n<\/div><\/article><article class=\"entry entry-grid is-column has-entry-link has-image has-image-first page type-page\" style=\"--entry-index:6;\" aria-label=\"Balsas salvavidas comerciales inc SOLAS ISO 15738\"><a class=\"entry-image-link\" href=\"https:\/\/www.leafieldmarine.com\/es\/balsas-salvavidas-comerciales-inc-solas-iso-15738\/\" tabindex=\"-1\" aria-hidden=\"true\"><img decoding=\"async\" width=\"400\" height=\"300\" src=\"https:\/\/www.leafieldmarine.com\/wp-content\/uploads\/2022\/12\/Survitec-Surviva-12-man-liferaft-min-scaled-1-400x300.jpeg\" class=\"entry-image size-landscape-sm\" alt=\"\" srcset=\"https:\/\/www.leafieldmarine.com\/wp-content\/uploads\/2022\/12\/Survitec-Surviva-12-man-liferaft-min-scaled-1-400x300.jpeg 400w, https:\/\/www.leafieldmarine.com\/wp-content\/uploads\/2022\/12\/Survitec-Surviva-12-man-liferaft-min-scaled-1-800x600.jpeg 800w, https:\/\/www.leafieldmarine.com\/wp-content\/uploads\/2022\/12\/Survitec-Surviva-12-man-liferaft-min-scaled-1-1200x900.jpeg 1200w\" sizes=\"(max-width:599px) 599px, (min-width:600px) and (max-width: 799px) 799px, (min-width:800px) and (max-width: 999px) 333px, (min-width:1000px) 400px\" \/><\/a><div class=\"entry-wrap entry-wrap-grid\"><h3 class=\"entry-title\"><a class=\"entry-title-link\" href=\"https:\/\/www.leafieldmarine.com\/es\/balsas-salvavidas-comerciales-inc-solas-iso-15738\/\" rel=\"bookmark\">Balsas salvavidas comerciales inc SOLAS ISO 15738<\/a><\/h3>\n<\/div><\/article><article class=\"entry entry-grid is-column has-entry-link has-image has-image-first page type-page\" style=\"--entry-index:7;\" aria-label=\"Sistemas de evacuaci\u00f3n marina\"><a class=\"entry-image-link\" href=\"https:\/\/www.leafieldmarine.com\/es\/sistemas-de-evacuacion-marina\/\" tabindex=\"-1\" aria-hidden=\"true\"><img decoding=\"async\" width=\"400\" height=\"300\" src=\"https:\/\/www.leafieldmarine.com\/wp-content\/uploads\/2022\/10\/marine-evacuation-systems-400x300.jpg\" class=\"entry-image size-landscape-sm\" alt=\"marine evacuation systems\" srcset=\"https:\/\/www.leafieldmarine.com\/wp-content\/uploads\/2022\/10\/marine-evacuation-systems-400x300.jpg 400w, https:\/\/www.leafieldmarine.com\/wp-content\/uploads\/2022\/10\/marine-evacuation-systems-800x600.jpg 800w\" sizes=\"(max-width:599px) 599px, (min-width:600px) and (max-width: 799px) 799px, (min-width:800px) and (max-width: 999px) 333px, (min-width:1000px) 400px\" \/><\/a><div class=\"entry-wrap entry-wrap-grid\"><h3 class=\"entry-title\"><a class=\"entry-title-link\" href=\"https:\/\/www.leafieldmarine.com\/es\/sistemas-de-evacuacion-marina\/\" rel=\"bookmark\">Sistemas de evacuaci\u00f3n marina<\/a><\/h3>\n<\/div><\/article><article class=\"entry entry-grid is-column has-entry-link has-image has-image-first page type-page\" style=\"--entry-index:8;\" aria-label=\"Carpas inflables y otras estructuras\"><a class=\"entry-image-link\" href=\"https:\/\/www.leafieldmarine.com\/es\/carpas-inflables-y-otras-estructuras\/\" tabindex=\"-1\" aria-hidden=\"true\"><img decoding=\"async\" width=\"400\" height=\"300\" src=\"https:\/\/www.leafieldmarine.com\/wp-content\/uploads\/2023\/09\/Inflatable-Decontamination-Shower-400x300.jpg\" class=\"entry-image size-landscape-sm\" alt=\"Inflatable Decontamination tent with Leafield Marine Valves\" srcset=\"https:\/\/www.leafieldmarine.com\/wp-content\/uploads\/2023\/09\/Inflatable-Decontamination-Shower-400x300.jpg 400w, https:\/\/www.leafieldmarine.com\/wp-content\/uploads\/2023\/09\/Inflatable-Decontamination-Shower-800x600.jpg 800w, https:\/\/www.leafieldmarine.com\/wp-content\/uploads\/2023\/09\/Inflatable-Decontamination-Shower-1200x900.jpg 1200w\" sizes=\"(max-width:599px) 599px, (min-width:600px) and (max-width: 799px) 799px, (min-width:800px) and (max-width: 999px) 333px, (min-width:1000px) 400px\" \/><\/a><div class=\"entry-wrap entry-wrap-grid\"><h3 class=\"entry-title\"><a class=\"entry-title-link\" href=\"https:\/\/www.leafieldmarine.com\/es\/carpas-inflables-y-otras-estructuras\/\" rel=\"bookmark\">Carpas inflables y otras estructuras<\/a><\/h3>\n<\/div><\/article><article class=\"entry entry-grid is-column has-entry-link has-image has-image-first page type-page\" style=\"--entry-index:9;\" aria-label=\"Defensa\"><a class=\"entry-image-link\" href=\"https:\/\/www.leafieldmarine.com\/es\/defensa\/\" tabindex=\"-1\" aria-hidden=\"true\"><img decoding=\"async\" width=\"400\" height=\"300\" src=\"https:\/\/www.leafieldmarine.com\/wp-content\/uploads\/2022\/08\/Ribcraft-7-1200x900-1-400x300.jpg\" class=\"entry-image size-landscape-sm\" alt=\"Ribcraft Commerical and Miltary RIB with Leafield Marine Valves and Gas Inflation System for Self righting bag\" srcset=\"https:\/\/www.leafieldmarine.com\/wp-content\/uploads\/2022\/08\/Ribcraft-7-1200x900-1-300x225.jpg 300w, https:\/\/www.leafieldmarine.com\/wp-content\/uploads\/2022\/08\/Ribcraft-7-1200x900-1-400x300.jpg 400w, https:\/\/www.leafieldmarine.com\/wp-content\/uploads\/2022\/08\/Ribcraft-7-1200x900-1-768x576.jpg 768w, https:\/\/www.leafieldmarine.com\/wp-content\/uploads\/2022\/08\/Ribcraft-7-1200x900-1-800x600.jpg 800w, https:\/\/www.leafieldmarine.com\/wp-content\/uploads\/2022\/08\/Ribcraft-7-1200x900-1-1024x768.jpg 1024w, https:\/\/www.leafieldmarine.com\/wp-content\/uploads\/2022\/08\/Ribcraft-7-1200x900-1.jpg 1200w\" sizes=\"(max-width:599px) 599px, (min-width:600px) and (max-width: 799px) 799px, (min-width:800px) and (max-width: 999px) 333px, (min-width:1000px) 400px\" \/><\/a><div class=\"entry-wrap entry-wrap-grid\"><h3 class=\"entry-title\"><a class=\"entry-title-link\" href=\"https:\/\/www.leafieldmarine.com\/es\/defensa\/\" rel=\"bookmark\">Defensa<\/a><\/h3>\n<\/div><\/article><\/div><\/div><\/div><\/div>\n","protected":false},"excerpt":{"rendered":"<p>Aplicaciones<\/p>\n","protected":false},"author":6,"featured_media":4705,"parent":0,"menu_order":0,"comment_status":"closed","ping_status":"closed","template":"","meta":{"_acf_changed":false,"content-type":"","_genesis_hide_title":false,"_genesis_hide_breadcrumbs":false,"_genesis_hide_singular_image":false,"_genesis_hide_footer_widgets":false,"_genesis_custom_body_class":"","_genesis_custom_post_class":"","_genesis_layout":"","footnotes":""},"class_list":{"1":"page","2":"type-page","6":"entry"},"featured_image_src":"https:\/\/www.leafieldmarine.com\/wp-content\/uploads\/2022\/11\/applications-home.jpg","yoast_head":"<!-- This site is optimized with the Yoast SEO plugin v27.4 - https:\/\/yoast.com\/product\/yoast-seo-wordpress\/ -->\n<title>Aplicaciones - Leafield Marine<\/title>\n<meta name=\"description\" content=\"Somos l\u00edderes mundiales en la fabricaci\u00f3n de v\u00e1lvulas de aire para una amplia gama de aplicaciones\" \/>\n<meta name=\"robots\" content=\"index, follow, max-snippet:-1, max-image-preview:large, max-video-preview:-1\" \/>\n<link rel=\"canonical\" href=\"https:\/\/www.leafieldmarine.com\/es\/aplicaciones\/\" \/>\n<meta property=\"og:locale\" content=\"es_ES\" \/>\n<meta property=\"og:type\" content=\"article\" \/>\n<meta property=\"og:title\" content=\"Aplicaciones - Leafield Marine\" \/>\n<meta property=\"og:description\" content=\"Somos l\u00edderes mundiales en la fabricaci\u00f3n de v\u00e1lvulas de aire para una amplia gama de aplicaciones\" \/>\n<meta property=\"og:url\" content=\"https:\/\/www.leafieldmarine.com\/es\/aplicaciones\/\" \/>\n<meta property=\"og:site_name\" content=\"Leafield Marine\" \/>\n<meta property=\"article:modified_time\" content=\"2023-02-10T14:54:10+00:00\" \/>\n<meta name=\"twitter:card\" content=\"summary_large_image\" \/>\n<meta name=\"twitter:label1\" content=\"Tiempo de lectura\" \/>\n\t<meta name=\"twitter:data1\" content=\"1 minuto\" \/>\n<script type=\"application\/ld+json\" class=\"yoast-schema-graph\">{\"@context\":\"https:\\\/\\\/schema.org\",\"@graph\":[{\"@type\":\"WebPage\",\"@id\":\"https:\\\/\\\/www.leafieldmarine.com\\\/es\\\/aplicaciones\\\/\",\"url\":\"https:\\\/\\\/www.leafieldmarine.com\\\/es\\\/aplicaciones\\\/\",\"name\":\"Aplicaciones - Leafield Marine\",\"isPartOf\":{\"@id\":\"https:\\\/\\\/www.leafieldmarine.com\\\/es\\\/#website\"},\"primaryImageOfPage\":{\"@id\":\"https:\\\/\\\/www.leafieldmarine.com\\\/es\\\/aplicaciones\\\/#primaryimage\"},\"image\":{\"@id\":\"https:\\\/\\\/www.leafieldmarine.com\\\/es\\\/aplicaciones\\\/#primaryimage\"},\"thumbnailUrl\":\"https:\\\/\\\/www.leafieldmarine.com\\\/wp-content\\\/uploads\\\/2022\\\/11\\\/applications-home.jpg\",\"datePublished\":\"2022-10-24T09:09:39+00:00\",\"dateModified\":\"2023-02-10T14:54:10+00:00\",\"description\":\"Somos l\u00edderes mundiales en la fabricaci\u00f3n de v\u00e1lvulas de aire para una amplia gama de aplicaciones\",\"breadcrumb\":{\"@id\":\"https:\\\/\\\/www.leafieldmarine.com\\\/es\\\/aplicaciones\\\/#breadcrumb\"},\"inLanguage\":\"es\",\"potentialAction\":[{\"@type\":\"ReadAction\",\"target\":[\"https:\\\/\\\/www.leafieldmarine.com\\\/es\\\/aplicaciones\\\/\"]}]},{\"@type\":\"ImageObject\",\"inLanguage\":\"es\",\"@id\":\"https:\\\/\\\/www.leafieldmarine.com\\\/es\\\/aplicaciones\\\/#primaryimage\",\"url\":\"https:\\\/\\\/www.leafieldmarine.com\\\/wp-content\\\/uploads\\\/2022\\\/11\\\/applications-home.jpg\",\"contentUrl\":\"https:\\\/\\\/www.leafieldmarine.com\\\/wp-content\\\/uploads\\\/2022\\\/11\\\/applications-home.jpg\",\"width\":600,\"height\":550},{\"@type\":\"BreadcrumbList\",\"@id\":\"https:\\\/\\\/www.leafieldmarine.com\\\/es\\\/aplicaciones\\\/#breadcrumb\",\"itemListElement\":[{\"@type\":\"ListItem\",\"position\":1,\"name\":\"Home\",\"item\":\"https:\\\/\\\/www.leafieldmarine.com\\\/es\\\/\"},{\"@type\":\"ListItem\",\"position\":2,\"name\":\"Aplicaciones\"}]},{\"@type\":\"WebSite\",\"@id\":\"https:\\\/\\\/www.leafieldmarine.com\\\/es\\\/#website\",\"url\":\"https:\\\/\\\/www.leafieldmarine.com\\\/es\\\/\",\"name\":\"Leafield Marine\",\"description\":\"World Class Air Valves for Inflatable Structures\",\"publisher\":{\"@id\":\"https:\\\/\\\/www.leafieldmarine.com\\\/es\\\/#organization\"},\"potentialAction\":[{\"@type\":\"SearchAction\",\"target\":{\"@type\":\"EntryPoint\",\"urlTemplate\":\"https:\\\/\\\/www.leafieldmarine.com\\\/es\\\/?s={search_term_string}\"},\"query-input\":{\"@type\":\"PropertyValueSpecification\",\"valueRequired\":true,\"valueName\":\"search_term_string\"}}],\"inLanguage\":\"es\"},{\"@type\":\"Organization\",\"@id\":\"https:\\\/\\\/www.leafieldmarine.com\\\/es\\\/#organization\",\"name\":\"Leafield Marine\",\"url\":\"https:\\\/\\\/www.leafieldmarine.com\\\/es\\\/\",\"logo\":{\"@type\":\"ImageObject\",\"inLanguage\":\"es\",\"@id\":\"https:\\\/\\\/www.leafieldmarine.com\\\/es\\\/#\\\/schema\\\/logo\\\/image\\\/\",\"url\":\"https:\\\/\\\/www.leafieldmarine.com\\\/wp-content\\\/uploads\\\/2022\\\/10\\\/leafield-marine-logo.png\",\"contentUrl\":\"https:\\\/\\\/www.leafieldmarine.com\\\/wp-content\\\/uploads\\\/2022\\\/10\\\/leafield-marine-logo.png\",\"width\":247,\"height\":191,\"caption\":\"Leafield Marine\"},\"image\":{\"@id\":\"https:\\\/\\\/www.leafieldmarine.com\\\/es\\\/#\\\/schema\\\/logo\\\/image\\\/\"}}]}<\/script>\n<!-- \/ Yoast SEO plugin. -->","yoast_head_json":{"title":"Aplicaciones - Leafield Marine","description":"Somos l\u00edderes mundiales en la fabricaci\u00f3n de v\u00e1lvulas de aire para una amplia gama de aplicaciones","robots":{"index":"index","follow":"follow","max-snippet":"max-snippet:-1","max-image-preview":"max-image-preview:large","max-video-preview":"max-video-preview:-1"},"canonical":"https:\/\/www.leafieldmarine.com\/es\/aplicaciones\/","og_locale":"es_ES","og_type":"article","og_title":"Aplicaciones - Leafield Marine","og_description":"Somos l\u00edderes mundiales en la fabricaci\u00f3n de v\u00e1lvulas de aire para una amplia gama de aplicaciones","og_url":"https:\/\/www.leafieldmarine.com\/es\/aplicaciones\/","og_site_name":"Leafield Marine","article_modified_time":"2023-02-10T14:54:10+00:00","twitter_card":"summary_large_image","twitter_misc":{"Tiempo de lectura":"1 minuto"},"schema":{"@context":"https:\/\/schema.org","@graph":[{"@type":"WebPage","@id":"https:\/\/www.leafieldmarine.com\/es\/aplicaciones\/","url":"https:\/\/www.leafieldmarine.com\/es\/aplicaciones\/","name":"Aplicaciones - Leafield Marine","isPartOf":{"@id":"https:\/\/www.leafieldmarine.com\/es\/#website"},"primaryImageOfPage":{"@id":"https:\/\/www.leafieldmarine.com\/es\/aplicaciones\/#primaryimage"},"image":{"@id":"https:\/\/www.leafieldmarine.com\/es\/aplicaciones\/#primaryimage"},"thumbnailUrl":"https:\/\/www.leafieldmarine.com\/wp-content\/uploads\/2022\/11\/applications-home.jpg","datePublished":"2022-10-24T09:09:39+00:00","dateModified":"2023-02-10T14:54:10+00:00","description":"Somos l\u00edderes mundiales en la fabricaci\u00f3n de v\u00e1lvulas de aire para una amplia gama de aplicaciones","breadcrumb":{"@id":"https:\/\/www.leafieldmarine.com\/es\/aplicaciones\/#breadcrumb"},"inLanguage":"es","potentialAction":[{"@type":"ReadAction","target":["https:\/\/www.leafieldmarine.com\/es\/aplicaciones\/"]}]},{"@type":"ImageObject","inLanguage":"es","@id":"https:\/\/www.leafieldmarine.com\/es\/aplicaciones\/#primaryimage","url":"https:\/\/www.leafieldmarine.com\/wp-content\/uploads\/2022\/11\/applications-home.jpg","contentUrl":"https:\/\/www.leafieldmarine.com\/wp-content\/uploads\/2022\/11\/applications-home.jpg","width":600,"height":550},{"@type":"BreadcrumbList","@id":"https:\/\/www.leafieldmarine.com\/es\/aplicaciones\/#breadcrumb","itemListElement":[{"@type":"ListItem","position":1,"name":"Home","item":"https:\/\/www.leafieldmarine.com\/es\/"},{"@type":"ListItem","position":2,"name":"Aplicaciones"}]},{"@type":"WebSite","@id":"https:\/\/www.leafieldmarine.com\/es\/#website","url":"https:\/\/www.leafieldmarine.com\/es\/","name":"Leafield Marine","description":"World Class Air Valves for Inflatable Structures","publisher":{"@id":"https:\/\/www.leafieldmarine.com\/es\/#organization"},"potentialAction":[{"@type":"SearchAction","target":{"@type":"EntryPoint","urlTemplate":"https:\/\/www.leafieldmarine.com\/es\/?s={search_term_string}"},"query-input":{"@type":"PropertyValueSpecification","valueRequired":true,"valueName":"search_term_string"}}],"inLanguage":"es"},{"@type":"Organization","@id":"https:\/\/www.leafieldmarine.com\/es\/#organization","name":"Leafield Marine","url":"https:\/\/www.leafieldmarine.com\/es\/","logo":{"@type":"ImageObject","inLanguage":"es","@id":"https:\/\/www.leafieldmarine.com\/es\/#\/schema\/logo\/image\/","url":"https:\/\/www.leafieldmarine.com\/wp-content\/uploads\/2022\/10\/leafield-marine-logo.png","contentUrl":"https:\/\/www.leafieldmarine.com\/wp-content\/uploads\/2022\/10\/leafield-marine-logo.png","width":247,"height":191,"caption":"Leafield Marine"},"image":{"@id":"https:\/\/www.leafieldmarine.com\/es\/#\/schema\/logo\/image\/"}}]}},"acf":[],"_links":{"self":[{"href":"https:\/\/www.leafieldmarine.com\/es\/wp-json\/wp\/v2\/pages\/3840","targetHints":{"allow":["GET"]}}],"collection":[{"href":"https:\/\/www.leafieldmarine.com\/es\/wp-json\/wp\/v2\/pages"}],"about":[{"href":"https:\/\/www.leafieldmarine.com\/es\/wp-json\/wp\/v2\/types\/page"}],"author":[{"embeddable":true,"href":"https:\/\/www.leafieldmarine.com\/es\/wp-json\/wp\/v2\/users\/6"}],"replies":[{"embeddable":true,"href":"https:\/\/www.leafieldmarine.com\/es\/wp-json\/wp\/v2\/comments?post=3840"}],"version-history":[{"count":0,"href":"https:\/\/www.leafieldmarine.com\/es\/wp-json\/wp\/v2\/pages\/3840\/revisions"}],"wp:featuredmedia":[{"embeddable":true,"href":"https:\/\/www.leafieldmarine.com\/es\/wp-json\/wp\/v2\/media\/4705"}],"wp:attachment":[{"href":"https:\/\/www.leafieldmarine.com\/es\/wp-json\/wp\/v2\/media?parent=3840"}],"curies":[{"name":"wp","href":"https:\/\/api.w.org\/{rel}","templated":true}]}}