{"id":3861,"date":"2022-10-20T07:00:36","date_gmt":"2022-10-20T07:00:36","guid":{"rendered":"https:\/\/www.leafieldmarine.com\/accesorios-para-valvulas-de-aire\/herramientas-de-montaje-de-fabrica-de-valvulas-de-aire\/"},"modified":"2024-03-12T12:03:37","modified_gmt":"2024-03-12T12:03:37","slug":"herramientas-de-montaje-de-fabrica-de-valvulas-de-aire","status":"publish","type":"page","link":"https:\/\/www.leafieldmarine.com\/es\/accesorios-para-valvulas-de-aire\/herramientas-de-montaje-de-fabrica-de-valvulas-de-aire\/","title":{"rendered":"Herramientas de montaje de f\u00e1brica de v\u00e1lvulas de aire"},"content":{"rendered":"<div class=\"mai-columns\"><div class=\"mai-columns-wrap has-columns\" style=\"--column-gap:var(--spacing-xl);--row-gap:var(--spacing-xl);--align-columns:start;--align-columns-vertical:initial;\">\n<div class=\"mai-column is-column\" style=\"--columns-xs:1\/1;--flex-xs:0 0 var(--flex-basis);--columns-sm:1\/2;--flex-sm:0 0 var(--flex-basis);--columns-md:1\/2;--flex-md:0 0 var(--flex-basis);--columns-lg:1\/2;--flex-lg:0 0 var(--flex-basis);--justify-content:start;\">\n\n<figure class=\"wp-block-image size-full\"><img decoding=\"async\" width=\"585\" height=\"519\" src=\"https:\/\/www.leafieldmarine.com\/wp-content\/uploads\/2022\/10\/Factory-Fitting-Tool-1.png\" alt=\"Herramienta de montaje de f&#xE1;brica\" class=\"wp-image-3641\" srcset=\"https:\/\/www.leafieldmarine.com\/wp-content\/uploads\/2022\/10\/Factory-Fitting-Tool-1-300x266.png 300w, https:\/\/www.leafieldmarine.com\/wp-content\/uploads\/2022\/10\/Factory-Fitting-Tool-1.png 585w\" sizes=\"(max-width: 585px) 100vw, 585px\" \/><\/figure>\n\n<\/div>\n\n<div class=\"mai-column is-column\" style=\"--columns-xs:1\/1;--flex-xs:0 0 var(--flex-basis);--columns-sm:1\/2;--flex-sm:0 0 var(--flex-basis);--columns-md:1\/2;--flex-md:0 0 var(--flex-basis);--columns-lg:1\/2;--flex-lg:0 0 var(--flex-basis);--justify-content:start;\">\n\n<ul class=\"wp-block-list\">\n<li>Las herramientas de montaje de f\u00e1brica de Leafield Marine se utilizan durante la fase de fabricaci\u00f3n para instalar de forma segura nuestras v\u00e1lvulas de aire<\/li>\n\n\n\n<li>Se utiliza junto con una llave dinamom\u00e9trica. Esto asegurar\u00e1 que se aplique el par de apriete correcto cada vez que instale la v\u00e1lvula.<\/li>\n\n\n\n<li>Evite da\u00f1ar la v\u00e1lvula durante el apriete<\/li>\n\n\n\n<li>Consulte nuestras instrucciones de instalaci\u00f3n y servicio para obtener m\u00e1s informaci\u00f3n.<\/li>\n<\/ul>\n\n\n\n<div class=\"wp-block-buttons is-layout-flex wp-block-buttons-is-layout-flex\">\n<div class=\"wp-block-button\"><a class=\"wp-block-button__link button wp-element-button\" href=\"https:\/\/shop.leafieldmarine.com\/\" target=\"_blank\" rel=\"noreferrer noopener\">COMPRAR AHORA<\/a><\/div>\n<\/div>\n\n<\/div>\n<\/div><\/div>\n<div style=\"height:80px\" aria-hidden=\"true\" class=\"wp-block-spacer\"><\/div>\n<div class=\"mai-columns\"><div class=\"mai-columns-wrap has-columns\" style=\"--column-gap:var(--spacing-xxxl);--row-gap:var(--spacing-xl);--align-columns:start;--align-columns-vertical:initial;\">\n<div class=\"mai-column is-column\" style=\"--columns-xs:1\/1;--flex-xs:0 0 var(--flex-basis);--columns-sm:1\/2;--flex-sm:0 0 var(--flex-basis);--columns-md:1\/2;--flex-md:0 0 var(--flex-basis);--columns-lg:1\/2;--flex-lg:0 0 var(--flex-basis);--justify-content:start;\">\n\n<h3 class=\"wp-block-heading\">Descripci\u00f3n del producto<\/h3>\n\n\n\n<p>Leafield Marine suministra todas las herramientas necesarias para el montaje seguro de nuestras v\u00e1lvulas de aire.<\/p>\n\n\n\n<p>Nuestras herramientas de montaje de f\u00e1brica se utilizan durante la instalaci\u00f3n y el ajuste de nuestras v\u00e1lvulas.<\/p>\n\n\n\n<p>Tenga en cuenta que, a diferencia de nuestra llave de kit de herramientas, se requiere una versi\u00f3n diferente de la herramienta para cada tipo de v\u00e1lvula.<\/p>\n\n<\/div>\n\n<div class=\"mai-column is-column\" style=\"--columns-xs:1\/1;--flex-xs:0 0 var(--flex-basis);--columns-sm:1\/2;--flex-sm:0 0 var(--flex-basis);--columns-md:1\/2;--flex-md:0 0 var(--flex-basis);--columns-lg:1\/2;--flex-lg:0 0 var(--flex-basis);--justify-content:start;\">\n\n<h3 class=\"wp-block-heading\">Hacer una consulta<\/h3>\n\n\n\n<script charset=\"utf-8\" type=\"text\/javascript\" src=\"\/\/js.hsforms.net\/forms\/shell.js\"><\/script><script>hbspt.forms.create({\n    region: \"na1\",\n    portalId: \"19520949\",\n    formId: \"9ef036b9-1768-48ef-be9e-ddff4b089fe2\"\n});\n<\/script>\n\n<\/div>\n<\/div><\/div>\n<div style=\"height:44px\" aria-hidden=\"true\" class=\"wp-block-spacer\"><\/div>\n\n<div class=\"wp-block-group alignfull has-background\" style=\"background-color:#f2f6f8\"><div class=\"wp-block-group__inner-container is-layout-flow wp-block-group-is-layout-flow\"><div class=\"mai-divider mai-divider-wave alignfull flip-vertical flip-horizontal\" style=\"--divider-color:var(--color-white);--divider-background-color:transparent;--divider-height:var(--padding-lg);\"><svg fill=\"currentColor\" enable-background=\"new 0 0 1000 120\" viewbox=\"0 0 1000 120\" preserveaspectratio=\"none\" aria-hidden=\"true\" focusable=\"false\" xmlns=\"http:\/\/www.w3.org\/2000\/svg\" class=\"mai-divider-svg\"><path d=\"M 0 80 Q 200 160 500 60 Q 770 -40 1000 40 L 1000 120 L 0 120 Z\"><\/path><\/svg><\/div><\/div><\/div>\n\n<div class=\"wp-block-group alignfull has-background has-lg-content-width\" style=\"background-color:#f2f6f8\"><div class=\"wp-block-group__inner-container is-layout-flow wp-block-group-is-layout-flow\">\n<div style=\"height:22px\" aria-hidden=\"true\" class=\"wp-block-spacer\"><\/div>\n\n\n\n<h2 class=\"wp-block-heading has-text-align-center has-header-color has-text-color has-xxl-margin-bottom\">Accesorios y herramientas de servicio<\/h2>\n\n\n\n<div style=\"height:27px\" aria-hidden=\"true\" class=\"wp-block-spacer\"><\/div>\n\n\n<div class=\"mai-columns\"><div class=\"mai-columns-wrap has-columns\" style=\"--column-gap:var(--spacing-xl);--row-gap:var(--spacing-xl);--align-columns:center;--align-columns-vertical:initial;\">\n<div class=\"mai-column is-column has-md-padding has-background has-light-background has-shadow\" style=\"--columns-xs:1\/1;--flex-xs:0 0 var(--flex-basis);--columns-sm:1\/2;--flex-sm:0 0 var(--flex-basis);--columns-md:1\/4;--flex-md:0 0 var(--flex-basis);--columns-lg:1\/4;--flex-lg:0 0 var(--flex-basis);--justify-content:start;background:var(--color-white);\">\n\n<figure class=\"wp-block-image size-full\"><img decoding=\"async\" width=\"207\" height=\"108\" src=\"https:\/\/www.leafieldmarine.com\/wp-content\/uploads\/2020\/04\/c7-factory-fitting-tools.jpg\" alt=\"\" class=\"wp-image-1462\"\/><\/figure>\n\n\n<div class=\"mai-accordion\" style=\"--row-gap:var(--spacing-md);\">\n<details class=\"mai-accordion-item\"><summary class=\"mai-accordion-summary\"><span class=\"mai-accordion-title\">D7\/C7 Factory Fitting Tools &#8211; 0710002<\/span><\/summary><div class=\"mai-accordion-content\">\n\n<p>Se utiliza junto con una llave dinamom\u00e9trica. Esto asegurar\u00e1 que se aplique el par de apriete correcto cada vez que instale la v\u00e1lvula.<\/p>\n\n\n\n<p>Evita da\u00f1ar la v\u00e1lvula durante el apriete<\/p>\n\n\n\n<p><a href=\"https:\/\/www.leafieldmarine.com\/wp-content\/uploads\/2020\/05\/M-08-IS-1D7-Rev-02B-D7-Installation-and-Service-Instructions.pdf\" target=\"_blank\" rel=\"noreferrer noopener\">Consulte las instrucciones de instalaci\u00f3n y servicio de D7<\/a><\/p>\n\n<\/div><\/details>\n<\/div>\n\n\n<div class=\"wp-block-buttons is-content-justification-center is-layout-flex wp-container-core-buttons-is-layout-16018d1d wp-block-buttons-is-layout-flex\">\n<div class=\"wp-block-button\"><a class=\"wp-block-button__link button wp-element-button\" href=\"https:\/\/shop.leafieldmarine.com\/products\/leafield-marine-c7-d7-valve-fitting-tool?utm_source=copyToPasteBoard&amp;utm_medium=product-links&amp;utm_content=web\" target=\"_blank\" rel=\"noreferrer noopener\">COMPRAR AHORA<\/a><\/div>\n<\/div>\n\n<\/div>\n\n<div class=\"mai-column is-column has-md-padding has-background has-light-background has-shadow\" style=\"--columns-xs:1\/1;--flex-xs:0 0 var(--flex-basis);--columns-sm:1\/2;--flex-sm:0 0 var(--flex-basis);--columns-md:1\/4;--flex-md:0 0 var(--flex-basis);--columns-lg:1\/4;--flex-lg:0 0 var(--flex-basis);--justify-content:start;background:var(--color-white);\">\n\n<figure class=\"wp-block-image size-full\"><img decoding=\"async\" width=\"237\" height=\"151\" src=\"https:\/\/www.leafieldmarine.com\/wp-content\/uploads\/2020\/04\/a9-nut-spanner.jpg\" alt=\"Llave de tuerca A9\" class=\"wp-image-570\"\/><\/figure>\n\n\n<div class=\"mai-accordion\" style=\"--row-gap:var(--spacing-md);\">\n<details class=\"mai-accordion-item\"><summary class=\"mai-accordion-summary\"><span class=\"mai-accordion-title\">A9 Factory Fitting Tools Set &#8211; TM3120<\/span><\/summary><div class=\"mai-accordion-content\">\n\n<p>Se utiliza junto con una llave dinamom\u00e9trica. Esto asegurar\u00e1 que se aplique el par de apriete correcto cada vez que instale la v\u00e1lvula.<\/p>\n\n\n\n<p>Evita da\u00f1ar la v\u00e1lvula durante el apriete.<\/p>\n\n\n\n<p>Consulte la <a href=\"https:\/\/www.leafieldmarine.com\/Portals\/0\/Documents\/A9-Installation-Sheet.pdf\">hoja de instalaci\u00f3n de A9.<\/a><\/p>\n\n<\/div><\/details>\n<\/div>\n\n\n<div class=\"wp-block-buttons is-content-justification-center is-layout-flex wp-container-core-buttons-is-layout-16018d1d wp-block-buttons-is-layout-flex\">\n<div class=\"wp-block-button\"><a class=\"wp-block-button__link button wp-element-button\" href=\"https:\/\/shop.leafieldmarine.com\/products\/leafield-marine-a9-valve-fitting-tool?utm_source=copyToPasteBoard&amp;utm_medium=product-links&amp;utm_content=web\" target=\"_blank\" rel=\"noreferrer noopener\">COMPRAR AHORA<\/a><\/div>\n<\/div>\n\n<\/div>\n\n<div class=\"mai-column is-column has-md-padding has-background has-light-background has-shadow\" style=\"--columns-xs:1\/1;--flex-xs:0 0 var(--flex-basis);--columns-sm:1\/2;--flex-sm:0 0 var(--flex-basis);--columns-md:1\/4;--flex-md:0 0 var(--flex-basis);--columns-lg:1\/4;--flex-lg:0 0 var(--flex-basis);--justify-content:start;background:var(--color-white);\">\n\n<figure class=\"wp-block-image size-full\"><img decoding=\"async\" width=\"207\" height=\"148\" src=\"https:\/\/www.leafieldmarine.com\/wp-content\/uploads\/2020\/04\/a6-factory-fitting-tools.jpg\" alt=\"Herramientas de montaje de f&#xE1;brica A6\" class=\"wp-image-492\"\/><\/figure>\n\n\n<div class=\"mai-accordion\" style=\"--row-gap:var(--spacing-md);\">\n<details class=\"mai-accordion-item\"><summary class=\"mai-accordion-summary\"><span class=\"mai-accordion-title\">A6 Factory Fitting Tools \u2013 TMC1040<\/span><\/summary><div class=\"mai-accordion-content\">\n\n<p>Se utiliza junto con una llave de torsi\u00f3n. Esto asegurar\u00e1 que se aplique el par de apriete correcto cada vez que instale la v\u00e1lvula.<\/p>\n\n\n\n<p>Evita da\u00f1ar la v\u00e1lvula durante el apriete.<\/p>\n\n\n\n<p>Consulte la Hoja de instalaci\u00f3n \u2013 15439<\/p>\n\n<\/div><\/details>\n<\/div>\n\n\n<div class=\"wp-block-buttons is-content-justification-center is-layout-flex wp-container-core-buttons-is-layout-16018d1d wp-block-buttons-is-layout-flex\">\n<div class=\"wp-block-button\"><a class=\"wp-block-button__link button wp-element-button\" href=\"https:\/\/shop.leafieldmarine.com\/products\/leafield-marine-a6-valve-fitting-tool?utm_source=copyToPasteBoard&amp;utm_medium=product-links&amp;utm_content=web\" target=\"_blank\" rel=\"noreferrer noopener\">COMPRAR AHORA<\/a><\/div>\n<\/div>\n\n<\/div>\n\n<div class=\"mai-column is-column has-md-padding has-background has-light-background has-shadow\" style=\"--columns-xs:1\/1;--flex-xs:0 0 var(--flex-basis);--columns-sm:1\/2;--flex-sm:0 0 var(--flex-basis);--columns-md:1\/4;--flex-md:0 0 var(--flex-basis);--columns-lg:1\/4;--flex-lg:0 0 var(--flex-basis);--justify-content:start;background:var(--color-white);\">\n\n<figure class=\"wp-block-image size-full\"><img decoding=\"async\" width=\"207\" height=\"163\" src=\"https:\/\/www.leafieldmarine.com\/wp-content\/uploads\/2021\/06\/b10-factory-fitting-tools.jpeg\" alt=\"Herramienta de ajuste de f&#xE1;brica B10\" class=\"wp-image-669\"\/><\/figure>\n\n\n<div class=\"mai-accordion\" style=\"--row-gap:var(--spacing-md);\">\n<details class=\"mai-accordion-item\"><summary class=\"mai-accordion-summary\"><span class=\"mai-accordion-title\">B10 Factory Fitting Tool &#8211; TM2582<\/span><\/summary><div class=\"mai-accordion-content\">\n\n<p>Se utiliza junto con una llave dinamom\u00e9trica. Esto asegurar\u00e1 que se aplique el par de apriete correcto cada vez que instale la v\u00e1lvula.<\/p>\n\n\n\n<p>Evita da\u00f1ar la v\u00e1lvula durante el apriete.<\/p>\n\n<\/div><\/details>\n<\/div>\n\n\n<div class=\"wp-block-buttons is-content-justification-center is-layout-flex wp-container-core-buttons-is-layout-16018d1d wp-block-buttons-is-layout-flex\">\n<div class=\"wp-block-button\"><a class=\"wp-block-button__link button wp-element-button\" href=\"https:\/\/shop.leafieldmarine.com\/products\/leafield-marine-b10-valve-fitting-tool?utm_source=copyToPasteBoard&amp;utm_medium=product-links&amp;utm_content=web\" target=\"_blank\" rel=\"noreferrer noopener\">COMPRAR AHORA<\/a><\/div>\n<\/div>\n\n<\/div>\n<\/div><\/div>\n\n\n<div style=\"height:42px\" aria-hidden=\"true\" class=\"wp-block-spacer\"><\/div>\n<\/div><\/div>\n","protected":false},"excerpt":{"rendered":"<p>Nuestras herramientas de montaje de f\u00e1brica son para la instalaci\u00f3n y el ajuste seguros de nuestras v\u00e1lvulas. Se requiere una versi\u00f3n diferente de la herramienta para cada tipo de v\u00e1lvula.<\/p>\n","protected":false},"author":6,"featured_media":3862,"parent":3856,"menu_order":0,"comment_status":"closed","ping_status":"closed","template":"","meta":{"_acf_changed":false,"content-type":"","_genesis_hide_title":false,"_genesis_hide_breadcrumbs":false,"_genesis_hide_singular_image":false,"_genesis_hide_footer_widgets":false,"_genesis_custom_body_class":"","_genesis_custom_post_class":"","_genesis_layout":"","footnotes":""},"class_list":{"1":"page","2":"type-page","6":"entry"},"featured_image_src":"https:\/\/www.leafieldmarine.com\/wp-content\/uploads\/2022\/10\/Factory-Fitting-Tool-1.png","yoast_head":"<!-- This site is optimized with the Yoast SEO plugin v27.6 - https:\/\/yoast.com\/product\/yoast-seo-wordpress\/ -->\n<title>Herramientas de montaje de f\u00e1brica de v\u00e1lvulas de aire - Leafield Marine<\/title>\n<meta name=\"description\" content=\"Nuestras herramientas de montaje de f\u00e1brica son para la instalaci\u00f3n y el ajuste seguros de nuestras v\u00e1lvulas. Se requiere una versi\u00f3n diferente de la herramienta para cada tipo de v\u00e1lvula.\" \/>\n<meta name=\"robots\" content=\"index, follow, max-snippet:-1, max-image-preview:large, max-video-preview:-1\" \/>\n<link rel=\"canonical\" href=\"https:\/\/www.leafieldmarine.com\/es\/accesorios-para-valvulas-de-aire\/herramientas-de-montaje-de-fabrica-de-valvulas-de-aire\/\" \/>\n<meta property=\"og:locale\" content=\"es_ES\" \/>\n<meta property=\"og:type\" content=\"article\" \/>\n<meta property=\"og:title\" content=\"Herramientas de montaje de f\u00e1brica de v\u00e1lvulas de aire - Leafield Marine\" \/>\n<meta property=\"og:description\" content=\"Nuestras herramientas de montaje de f\u00e1brica son para la instalaci\u00f3n y el ajuste seguros de nuestras v\u00e1lvulas. Se requiere una versi\u00f3n diferente de la herramienta para cada tipo de v\u00e1lvula.\" \/>\n<meta property=\"og:url\" content=\"https:\/\/www.leafieldmarine.com\/es\/accesorios-para-valvulas-de-aire\/herramientas-de-montaje-de-fabrica-de-valvulas-de-aire\/\" \/>\n<meta property=\"og:site_name\" content=\"Leafield Marine\" \/>\n<meta property=\"article:modified_time\" content=\"2024-03-12T12:03:37+00:00\" \/>\n<meta property=\"og:image\" content=\"https:\/\/www.leafieldmarine.com\/wp-content\/uploads\/2022\/10\/Factory-Fitting-Tool-1.png\" \/>\n\t<meta property=\"og:image:width\" content=\"585\" \/>\n\t<meta property=\"og:image:height\" content=\"519\" \/>\n\t<meta property=\"og:image:type\" content=\"image\/png\" \/>\n<meta name=\"twitter:card\" content=\"summary_large_image\" \/>\n<meta name=\"twitter:label1\" content=\"Tiempo de lectura\" \/>\n\t<meta name=\"twitter:data1\" content=\"3 minutos\" \/>\n<script type=\"application\/ld+json\" class=\"yoast-schema-graph\">{\"@context\":\"https:\\\/\\\/schema.org\",\"@graph\":[{\"@type\":\"WebPage\",\"@id\":\"https:\\\/\\\/www.leafieldmarine.com\\\/es\\\/accesorios-para-valvulas-de-aire\\\/herramientas-de-montaje-de-fabrica-de-valvulas-de-aire\\\/\",\"url\":\"https:\\\/\\\/www.leafieldmarine.com\\\/es\\\/accesorios-para-valvulas-de-aire\\\/herramientas-de-montaje-de-fabrica-de-valvulas-de-aire\\\/\",\"name\":\"Herramientas de montaje de f\u00e1brica de v\u00e1lvulas de aire - Leafield Marine\",\"isPartOf\":{\"@id\":\"https:\\\/\\\/www.leafieldmarine.com\\\/es\\\/#website\"},\"primaryImageOfPage\":{\"@id\":\"https:\\\/\\\/www.leafieldmarine.com\\\/es\\\/accesorios-para-valvulas-de-aire\\\/herramientas-de-montaje-de-fabrica-de-valvulas-de-aire\\\/#primaryimage\"},\"image\":{\"@id\":\"https:\\\/\\\/www.leafieldmarine.com\\\/es\\\/accesorios-para-valvulas-de-aire\\\/herramientas-de-montaje-de-fabrica-de-valvulas-de-aire\\\/#primaryimage\"},\"thumbnailUrl\":\"https:\\\/\\\/www.leafieldmarine.com\\\/wp-content\\\/uploads\\\/2022\\\/10\\\/Factory-Fitting-Tool-1.png\",\"datePublished\":\"2022-10-20T07:00:36+00:00\",\"dateModified\":\"2024-03-12T12:03:37+00:00\",\"description\":\"Nuestras herramientas de montaje de f\u00e1brica son para la instalaci\u00f3n y el ajuste seguros de nuestras v\u00e1lvulas. Se requiere una versi\u00f3n diferente de la herramienta para cada tipo de v\u00e1lvula.\",\"breadcrumb\":{\"@id\":\"https:\\\/\\\/www.leafieldmarine.com\\\/es\\\/accesorios-para-valvulas-de-aire\\\/herramientas-de-montaje-de-fabrica-de-valvulas-de-aire\\\/#breadcrumb\"},\"inLanguage\":\"es\",\"potentialAction\":[{\"@type\":\"ReadAction\",\"target\":[\"https:\\\/\\\/www.leafieldmarine.com\\\/es\\\/accesorios-para-valvulas-de-aire\\\/herramientas-de-montaje-de-fabrica-de-valvulas-de-aire\\\/\"]}]},{\"@type\":\"ImageObject\",\"inLanguage\":\"es\",\"@id\":\"https:\\\/\\\/www.leafieldmarine.com\\\/es\\\/accesorios-para-valvulas-de-aire\\\/herramientas-de-montaje-de-fabrica-de-valvulas-de-aire\\\/#primaryimage\",\"url\":\"https:\\\/\\\/www.leafieldmarine.com\\\/wp-content\\\/uploads\\\/2022\\\/10\\\/Factory-Fitting-Tool-1.png\",\"contentUrl\":\"https:\\\/\\\/www.leafieldmarine.com\\\/wp-content\\\/uploads\\\/2022\\\/10\\\/Factory-Fitting-Tool-1.png\",\"width\":585,\"height\":519},{\"@type\":\"BreadcrumbList\",\"@id\":\"https:\\\/\\\/www.leafieldmarine.com\\\/es\\\/accesorios-para-valvulas-de-aire\\\/herramientas-de-montaje-de-fabrica-de-valvulas-de-aire\\\/#breadcrumb\",\"itemListElement\":[{\"@type\":\"ListItem\",\"position\":1,\"name\":\"Home\",\"item\":\"https:\\\/\\\/www.leafieldmarine.com\\\/es\\\/\"},{\"@type\":\"ListItem\",\"position\":2,\"name\":\"Accesorios para v\u00e1lvulas de aire\",\"item\":\"https:\\\/\\\/www.leafieldmarine.com\\\/es\\\/accesorios-para-valvulas-de-aire\\\/\"},{\"@type\":\"ListItem\",\"position\":3,\"name\":\"Herramientas de montaje de f\u00e1brica de v\u00e1lvulas de aire\"}]},{\"@type\":\"WebSite\",\"@id\":\"https:\\\/\\\/www.leafieldmarine.com\\\/es\\\/#website\",\"url\":\"https:\\\/\\\/www.leafieldmarine.com\\\/es\\\/\",\"name\":\"Leafield Marine\",\"description\":\"World Class Air Valves for Inflatable Structures\",\"publisher\":{\"@id\":\"https:\\\/\\\/www.leafieldmarine.com\\\/es\\\/#organization\"},\"potentialAction\":[{\"@type\":\"SearchAction\",\"target\":{\"@type\":\"EntryPoint\",\"urlTemplate\":\"https:\\\/\\\/www.leafieldmarine.com\\\/es\\\/?s={search_term_string}\"},\"query-input\":{\"@type\":\"PropertyValueSpecification\",\"valueRequired\":true,\"valueName\":\"search_term_string\"}}],\"inLanguage\":\"es\"},{\"@type\":\"Organization\",\"@id\":\"https:\\\/\\\/www.leafieldmarine.com\\\/es\\\/#organization\",\"name\":\"Leafield Marine\",\"url\":\"https:\\\/\\\/www.leafieldmarine.com\\\/es\\\/\",\"logo\":{\"@type\":\"ImageObject\",\"inLanguage\":\"es\",\"@id\":\"https:\\\/\\\/www.leafieldmarine.com\\\/es\\\/#\\\/schema\\\/logo\\\/image\\\/\",\"url\":\"https:\\\/\\\/www.leafieldmarine.com\\\/wp-content\\\/uploads\\\/2022\\\/10\\\/leafield-marine-logo.png\",\"contentUrl\":\"https:\\\/\\\/www.leafieldmarine.com\\\/wp-content\\\/uploads\\\/2022\\\/10\\\/leafield-marine-logo.png\",\"width\":247,\"height\":191,\"caption\":\"Leafield Marine\"},\"image\":{\"@id\":\"https:\\\/\\\/www.leafieldmarine.com\\\/es\\\/#\\\/schema\\\/logo\\\/image\\\/\"}}]}<\/script>\n<!-- \/ Yoast SEO plugin. -->","yoast_head_json":{"title":"Herramientas de montaje de f\u00e1brica de v\u00e1lvulas de aire - Leafield Marine","description":"Nuestras herramientas de montaje de f\u00e1brica son para la instalaci\u00f3n y el ajuste seguros de nuestras v\u00e1lvulas. Se requiere una versi\u00f3n diferente de la herramienta para cada tipo de v\u00e1lvula.","robots":{"index":"index","follow":"follow","max-snippet":"max-snippet:-1","max-image-preview":"max-image-preview:large","max-video-preview":"max-video-preview:-1"},"canonical":"https:\/\/www.leafieldmarine.com\/es\/accesorios-para-valvulas-de-aire\/herramientas-de-montaje-de-fabrica-de-valvulas-de-aire\/","og_locale":"es_ES","og_type":"article","og_title":"Herramientas de montaje de f\u00e1brica de v\u00e1lvulas de aire - Leafield Marine","og_description":"Nuestras herramientas de montaje de f\u00e1brica son para la instalaci\u00f3n y el ajuste seguros de nuestras v\u00e1lvulas. Se requiere una versi\u00f3n diferente de la herramienta para cada tipo de v\u00e1lvula.","og_url":"https:\/\/www.leafieldmarine.com\/es\/accesorios-para-valvulas-de-aire\/herramientas-de-montaje-de-fabrica-de-valvulas-de-aire\/","og_site_name":"Leafield Marine","article_modified_time":"2024-03-12T12:03:37+00:00","og_image":[{"width":585,"height":519,"url":"https:\/\/www.leafieldmarine.com\/wp-content\/uploads\/2022\/10\/Factory-Fitting-Tool-1.png","type":"image\/png"}],"twitter_card":"summary_large_image","twitter_misc":{"Tiempo de lectura":"3 minutos"},"schema":{"@context":"https:\/\/schema.org","@graph":[{"@type":"WebPage","@id":"https:\/\/www.leafieldmarine.com\/es\/accesorios-para-valvulas-de-aire\/herramientas-de-montaje-de-fabrica-de-valvulas-de-aire\/","url":"https:\/\/www.leafieldmarine.com\/es\/accesorios-para-valvulas-de-aire\/herramientas-de-montaje-de-fabrica-de-valvulas-de-aire\/","name":"Herramientas de montaje de f\u00e1brica de v\u00e1lvulas de aire - Leafield Marine","isPartOf":{"@id":"https:\/\/www.leafieldmarine.com\/es\/#website"},"primaryImageOfPage":{"@id":"https:\/\/www.leafieldmarine.com\/es\/accesorios-para-valvulas-de-aire\/herramientas-de-montaje-de-fabrica-de-valvulas-de-aire\/#primaryimage"},"image":{"@id":"https:\/\/www.leafieldmarine.com\/es\/accesorios-para-valvulas-de-aire\/herramientas-de-montaje-de-fabrica-de-valvulas-de-aire\/#primaryimage"},"thumbnailUrl":"https:\/\/www.leafieldmarine.com\/wp-content\/uploads\/2022\/10\/Factory-Fitting-Tool-1.png","datePublished":"2022-10-20T07:00:36+00:00","dateModified":"2024-03-12T12:03:37+00:00","description":"Nuestras herramientas de montaje de f\u00e1brica son para la instalaci\u00f3n y el ajuste seguros de nuestras v\u00e1lvulas. Se requiere una versi\u00f3n diferente de la herramienta para cada tipo de v\u00e1lvula.","breadcrumb":{"@id":"https:\/\/www.leafieldmarine.com\/es\/accesorios-para-valvulas-de-aire\/herramientas-de-montaje-de-fabrica-de-valvulas-de-aire\/#breadcrumb"},"inLanguage":"es","potentialAction":[{"@type":"ReadAction","target":["https:\/\/www.leafieldmarine.com\/es\/accesorios-para-valvulas-de-aire\/herramientas-de-montaje-de-fabrica-de-valvulas-de-aire\/"]}]},{"@type":"ImageObject","inLanguage":"es","@id":"https:\/\/www.leafieldmarine.com\/es\/accesorios-para-valvulas-de-aire\/herramientas-de-montaje-de-fabrica-de-valvulas-de-aire\/#primaryimage","url":"https:\/\/www.leafieldmarine.com\/wp-content\/uploads\/2022\/10\/Factory-Fitting-Tool-1.png","contentUrl":"https:\/\/www.leafieldmarine.com\/wp-content\/uploads\/2022\/10\/Factory-Fitting-Tool-1.png","width":585,"height":519},{"@type":"BreadcrumbList","@id":"https:\/\/www.leafieldmarine.com\/es\/accesorios-para-valvulas-de-aire\/herramientas-de-montaje-de-fabrica-de-valvulas-de-aire\/#breadcrumb","itemListElement":[{"@type":"ListItem","position":1,"name":"Home","item":"https:\/\/www.leafieldmarine.com\/es\/"},{"@type":"ListItem","position":2,"name":"Accesorios para v\u00e1lvulas de aire","item":"https:\/\/www.leafieldmarine.com\/es\/accesorios-para-valvulas-de-aire\/"},{"@type":"ListItem","position":3,"name":"Herramientas de montaje de f\u00e1brica de v\u00e1lvulas de aire"}]},{"@type":"WebSite","@id":"https:\/\/www.leafieldmarine.com\/es\/#website","url":"https:\/\/www.leafieldmarine.com\/es\/","name":"Leafield Marine","description":"World Class Air Valves for Inflatable Structures","publisher":{"@id":"https:\/\/www.leafieldmarine.com\/es\/#organization"},"potentialAction":[{"@type":"SearchAction","target":{"@type":"EntryPoint","urlTemplate":"https:\/\/www.leafieldmarine.com\/es\/?s={search_term_string}"},"query-input":{"@type":"PropertyValueSpecification","valueRequired":true,"valueName":"search_term_string"}}],"inLanguage":"es"},{"@type":"Organization","@id":"https:\/\/www.leafieldmarine.com\/es\/#organization","name":"Leafield Marine","url":"https:\/\/www.leafieldmarine.com\/es\/","logo":{"@type":"ImageObject","inLanguage":"es","@id":"https:\/\/www.leafieldmarine.com\/es\/#\/schema\/logo\/image\/","url":"https:\/\/www.leafieldmarine.com\/wp-content\/uploads\/2022\/10\/leafield-marine-logo.png","contentUrl":"https:\/\/www.leafieldmarine.com\/wp-content\/uploads\/2022\/10\/leafield-marine-logo.png","width":247,"height":191,"caption":"Leafield Marine"},"image":{"@id":"https:\/\/www.leafieldmarine.com\/es\/#\/schema\/logo\/image\/"}}]}},"acf":[],"_links":{"self":[{"href":"https:\/\/www.leafieldmarine.com\/es\/wp-json\/wp\/v2\/pages\/3861","targetHints":{"allow":["GET"]}}],"collection":[{"href":"https:\/\/www.leafieldmarine.com\/es\/wp-json\/wp\/v2\/pages"}],"about":[{"href":"https:\/\/www.leafieldmarine.com\/es\/wp-json\/wp\/v2\/types\/page"}],"author":[{"embeddable":true,"href":"https:\/\/www.leafieldmarine.com\/es\/wp-json\/wp\/v2\/users\/6"}],"replies":[{"embeddable":true,"href":"https:\/\/www.leafieldmarine.com\/es\/wp-json\/wp\/v2\/comments?post=3861"}],"version-history":[{"count":0,"href":"https:\/\/www.leafieldmarine.com\/es\/wp-json\/wp\/v2\/pages\/3861\/revisions"}],"up":[{"embeddable":true,"href":"https:\/\/www.leafieldmarine.com\/es\/wp-json\/wp\/v2\/pages\/3856"}],"wp:featuredmedia":[{"embeddable":true,"href":"https:\/\/www.leafieldmarine.com\/es\/wp-json\/wp\/v2\/media\/3862"}],"wp:attachment":[{"href":"https:\/\/www.leafieldmarine.com\/es\/wp-json\/wp\/v2\/media?parent=3861"}],"curies":[{"name":"wp","href":"https:\/\/api.w.org\/{rel}","templated":true}]}}