{"id":3873,"date":"2022-10-20T07:17:10","date_gmt":"2022-10-20T07:17:10","guid":{"rendered":"https:\/\/www.leafieldmarine.com\/accesorios-para-valvulas-de-aire\/manometro\/"},"modified":"2023-08-04T14:46:35","modified_gmt":"2023-08-04T14:46:35","slug":"manometro","status":"publish","type":"page","link":"https:\/\/www.leafieldmarine.com\/es\/accesorios-para-valvulas-de-aire\/manometro\/","title":{"rendered":"Man\u00f3metro"},"content":{"rendered":"<div class=\"mai-columns\"><div class=\"mai-columns-wrap has-columns\" style=\"--column-gap:var(--spacing-xl);--row-gap:var(--spacing-xl);--align-columns:start;--align-columns-vertical:initial;\">\n<div class=\"mai-column is-column\" style=\"--columns-xs:1\/1;--flex-xs:0 0 var(--flex-basis);--columns-sm:1\/2;--flex-sm:0 0 var(--flex-basis);--columns-md:1\/2;--flex-md:0 0 var(--flex-basis);--columns-lg:1\/2;--flex-lg:0 0 var(--flex-basis);--justify-content:start;\">\n\n<figure class=\"wp-block-image size-full\"><img decoding=\"async\" width=\"207\" height=\"160\" src=\"https:\/\/www.leafieldmarine.com\/wp-content\/uploads\/2020\/04\/pressure-gauge.jpg\" alt=\"\" class=\"wp-image-1460\"\/><\/figure>\n\n<\/div>\n\n<div class=\"mai-column is-column\" style=\"--columns-xs:1\/1;--flex-xs:0 0 var(--flex-basis);--columns-sm:1\/2;--flex-sm:0 0 var(--flex-basis);--columns-md:1\/2;--flex-md:0 0 var(--flex-basis);--columns-lg:1\/2;--flex-lg:0 0 var(--flex-basis);--justify-content:start;\">\n\n<ul class=\"wp-block-list\">\n<li>Rango de 0 \u2013 8.5 psi o 0-20 psi, alta precisi\u00f3n<\/li>\n\n\n\n<li>Ideal para garantizar el rendimiento \u00f3ptimo de su RIB y Balsa.<\/li>\n\n\n\n<li>Se puede utilizar con cualquiera de las v\u00e1lvulas de inflado\/deflaci\u00f3n de Leafield Marine.<\/li>\n\n\n\n<li>Carcasa de acero inoxidable con un mecanismo amortiguado resistente a los golpes<\/li>\n\n\n\n<li>Resistente: protegido por la cubierta amortiguadora de goma<\/li>\n<\/ul>\n\n\n\n<div class=\"wp-block-buttons is-layout-flex wp-block-buttons-is-layout-flex\">\n<div class=\"wp-block-button has-custom-font-size buy has-lg-font-size\"><a class=\"wp-block-button__link button wp-element-button\" href=\"https:\/\/shop.leafieldmarine.com\/products\/pressure-gauge\">COMPRAR AHORA<\/a><\/div>\n<\/div>\n\n<\/div>\n<\/div><\/div>\n<div style=\"height:80px\" aria-hidden=\"true\" class=\"wp-block-spacer\"><\/div>\n<div class=\"mai-columns\"><div class=\"mai-columns-wrap has-columns\" style=\"--column-gap:var(--spacing-xxxl);--row-gap:var(--spacing-xl);--align-columns:start;--align-columns-vertical:initial;\">\n<div class=\"mai-column is-column\" style=\"--columns-xs:1\/1;--flex-xs:0 0 var(--flex-basis);--columns-sm:1\/2;--flex-sm:0 0 var(--flex-basis);--columns-md:1\/2;--flex-md:0 0 var(--flex-basis);--columns-lg:1\/2;--flex-lg:0 0 var(--flex-basis);--justify-content:start;\">\n\n<h3 class=\"wp-block-heading\">Descripci\u00f3n del producto<\/h3>\n\n\n\n<p>Leafield Marine ofrece man\u00f3metros para usar junto con nuestras <a href=\"https:\/\/www.leafieldmarine.com\/product-category\/products\/inflation-deflation-valves\/\">v\u00e1lvulas de inflado \/ deflaci\u00f3n<\/a>.<\/p>\n\n\n\n<p>El man\u00f3metro proporciona una lectura precisa de la presi\u00f3n interna de una estructura inflable.<\/p>\n\n<\/div>\n\n<div class=\"mai-column is-column\" style=\"--columns-xs:1\/1;--flex-xs:0 0 var(--flex-basis);--columns-sm:1\/2;--flex-sm:0 0 var(--flex-basis);--columns-md:1\/2;--flex-md:0 0 var(--flex-basis);--columns-lg:1\/2;--flex-lg:0 0 var(--flex-basis);--justify-content:start;\">\n\n<h3 class=\"wp-block-heading\">Hacer una consulta<\/h3>\n\n\n\n<script charset=\"utf-8\" type=\"text\/javascript\" src=\"\/\/js.hsforms.net\/forms\/shell.js\"><\/script><script>hbspt.forms.create({\n    region: \"na1\",\n    portalId: \"19520949\",\n    formId: \"9ef036b9-1768-48ef-be9e-ddff4b089fe2\"\n});\n<\/script>\n\n<\/div>\n<\/div><\/div>\n<div style=\"height:44px\" aria-hidden=\"true\" class=\"wp-block-spacer\"><\/div>\n","protected":false},"excerpt":{"rendered":"<p>Un man\u00f3metro es ideal para garantizar el rendimiento \u00f3ptimo de su estructura inflable. Es adecuado para su uso con cualquier v\u00e1lvula de inflado Leafield Marine<\/p>\n","protected":false},"author":6,"featured_media":3875,"parent":3856,"menu_order":0,"comment_status":"closed","ping_status":"closed","template":"","meta":{"_acf_changed":false,"content-type":"","_genesis_hide_title":false,"_genesis_hide_breadcrumbs":false,"_genesis_hide_singular_image":false,"_genesis_hide_footer_widgets":false,"_genesis_custom_body_class":"","_genesis_custom_post_class":"","_genesis_layout":"","footnotes":""},"class_list":{"1":"page","2":"type-page","6":"entry"},"featured_image_src":"https:\/\/www.leafieldmarine.com\/wp-content\/uploads\/2020\/04\/pressure-gauge.jpg","yoast_head":"<!-- This site is optimized with the Yoast SEO plugin v27.5 - https:\/\/yoast.com\/product\/yoast-seo-wordpress\/ -->\n<title>Man\u00f3metro - Leafield Marine<\/title>\n<meta name=\"description\" content=\"Un man\u00f3metro es ideal para garantizar el rendimiento \u00f3ptimo de su estructura inflable. Es adecuado para su uso con cualquier v\u00e1lvula de inflado Leafield Marine\" \/>\n<meta name=\"robots\" content=\"index, follow, max-snippet:-1, max-image-preview:large, max-video-preview:-1\" \/>\n<link rel=\"canonical\" href=\"https:\/\/www.leafieldmarine.com\/es\/accesorios-para-valvulas-de-aire\/manometro\/\" \/>\n<meta property=\"og:locale\" content=\"es_ES\" \/>\n<meta property=\"og:type\" content=\"article\" \/>\n<meta property=\"og:title\" content=\"Man\u00f3metro - Leafield Marine\" \/>\n<meta property=\"og:description\" content=\"Un man\u00f3metro es ideal para garantizar el rendimiento \u00f3ptimo de su estructura inflable. Es adecuado para su uso con cualquier v\u00e1lvula de inflado Leafield Marine\" \/>\n<meta property=\"og:url\" content=\"https:\/\/www.leafieldmarine.com\/es\/accesorios-para-valvulas-de-aire\/manometro\/\" \/>\n<meta property=\"og:site_name\" content=\"Leafield Marine\" \/>\n<meta property=\"article:modified_time\" content=\"2023-08-04T14:46:35+00:00\" \/>\n<meta property=\"og:image\" content=\"https:\/\/www.leafieldmarine.com\/wp-content\/uploads\/2020\/04\/pressure-gauge.jpg\" \/>\n\t<meta property=\"og:image:width\" content=\"207\" \/>\n\t<meta property=\"og:image:height\" content=\"160\" \/>\n\t<meta property=\"og:image:type\" content=\"image\/jpeg\" \/>\n<meta name=\"twitter:card\" content=\"summary_large_image\" \/>\n<meta name=\"twitter:label1\" content=\"Tiempo de lectura\" \/>\n\t<meta name=\"twitter:data1\" content=\"1 minuto\" \/>\n<script type=\"application\/ld+json\" class=\"yoast-schema-graph\">{\"@context\":\"https:\\\/\\\/schema.org\",\"@graph\":[{\"@type\":\"WebPage\",\"@id\":\"https:\\\/\\\/www.leafieldmarine.com\\\/es\\\/accesorios-para-valvulas-de-aire\\\/manometro\\\/\",\"url\":\"https:\\\/\\\/www.leafieldmarine.com\\\/es\\\/accesorios-para-valvulas-de-aire\\\/manometro\\\/\",\"name\":\"Man\u00f3metro - Leafield Marine\",\"isPartOf\":{\"@id\":\"https:\\\/\\\/www.leafieldmarine.com\\\/es\\\/#website\"},\"primaryImageOfPage\":{\"@id\":\"https:\\\/\\\/www.leafieldmarine.com\\\/es\\\/accesorios-para-valvulas-de-aire\\\/manometro\\\/#primaryimage\"},\"image\":{\"@id\":\"https:\\\/\\\/www.leafieldmarine.com\\\/es\\\/accesorios-para-valvulas-de-aire\\\/manometro\\\/#primaryimage\"},\"thumbnailUrl\":\"https:\\\/\\\/www.leafieldmarine.com\\\/wp-content\\\/uploads\\\/2020\\\/04\\\/pressure-gauge.jpg\",\"datePublished\":\"2022-10-20T07:17:10+00:00\",\"dateModified\":\"2023-08-04T14:46:35+00:00\",\"description\":\"Un man\u00f3metro es ideal para garantizar el rendimiento \u00f3ptimo de su estructura inflable. Es adecuado para su uso con cualquier v\u00e1lvula de inflado Leafield Marine\",\"breadcrumb\":{\"@id\":\"https:\\\/\\\/www.leafieldmarine.com\\\/es\\\/accesorios-para-valvulas-de-aire\\\/manometro\\\/#breadcrumb\"},\"inLanguage\":\"es\",\"potentialAction\":[{\"@type\":\"ReadAction\",\"target\":[\"https:\\\/\\\/www.leafieldmarine.com\\\/es\\\/accesorios-para-valvulas-de-aire\\\/manometro\\\/\"]}]},{\"@type\":\"ImageObject\",\"inLanguage\":\"es\",\"@id\":\"https:\\\/\\\/www.leafieldmarine.com\\\/es\\\/accesorios-para-valvulas-de-aire\\\/manometro\\\/#primaryimage\",\"url\":\"https:\\\/\\\/www.leafieldmarine.com\\\/wp-content\\\/uploads\\\/2020\\\/04\\\/pressure-gauge.jpg\",\"contentUrl\":\"https:\\\/\\\/www.leafieldmarine.com\\\/wp-content\\\/uploads\\\/2020\\\/04\\\/pressure-gauge.jpg\",\"width\":207,\"height\":160},{\"@type\":\"BreadcrumbList\",\"@id\":\"https:\\\/\\\/www.leafieldmarine.com\\\/es\\\/accesorios-para-valvulas-de-aire\\\/manometro\\\/#breadcrumb\",\"itemListElement\":[{\"@type\":\"ListItem\",\"position\":1,\"name\":\"Home\",\"item\":\"https:\\\/\\\/www.leafieldmarine.com\\\/es\\\/\"},{\"@type\":\"ListItem\",\"position\":2,\"name\":\"Accesorios para v\u00e1lvulas de aire\",\"item\":\"https:\\\/\\\/www.leafieldmarine.com\\\/es\\\/accesorios-para-valvulas-de-aire\\\/\"},{\"@type\":\"ListItem\",\"position\":3,\"name\":\"Man\u00f3metro\"}]},{\"@type\":\"WebSite\",\"@id\":\"https:\\\/\\\/www.leafieldmarine.com\\\/es\\\/#website\",\"url\":\"https:\\\/\\\/www.leafieldmarine.com\\\/es\\\/\",\"name\":\"Leafield Marine\",\"description\":\"World Class Air Valves for Inflatable Structures\",\"publisher\":{\"@id\":\"https:\\\/\\\/www.leafieldmarine.com\\\/es\\\/#organization\"},\"potentialAction\":[{\"@type\":\"SearchAction\",\"target\":{\"@type\":\"EntryPoint\",\"urlTemplate\":\"https:\\\/\\\/www.leafieldmarine.com\\\/es\\\/?s={search_term_string}\"},\"query-input\":{\"@type\":\"PropertyValueSpecification\",\"valueRequired\":true,\"valueName\":\"search_term_string\"}}],\"inLanguage\":\"es\"},{\"@type\":\"Organization\",\"@id\":\"https:\\\/\\\/www.leafieldmarine.com\\\/es\\\/#organization\",\"name\":\"Leafield Marine\",\"url\":\"https:\\\/\\\/www.leafieldmarine.com\\\/es\\\/\",\"logo\":{\"@type\":\"ImageObject\",\"inLanguage\":\"es\",\"@id\":\"https:\\\/\\\/www.leafieldmarine.com\\\/es\\\/#\\\/schema\\\/logo\\\/image\\\/\",\"url\":\"https:\\\/\\\/www.leafieldmarine.com\\\/wp-content\\\/uploads\\\/2022\\\/10\\\/leafield-marine-logo.png\",\"contentUrl\":\"https:\\\/\\\/www.leafieldmarine.com\\\/wp-content\\\/uploads\\\/2022\\\/10\\\/leafield-marine-logo.png\",\"width\":247,\"height\":191,\"caption\":\"Leafield Marine\"},\"image\":{\"@id\":\"https:\\\/\\\/www.leafieldmarine.com\\\/es\\\/#\\\/schema\\\/logo\\\/image\\\/\"}}]}<\/script>\n<!-- \/ Yoast SEO plugin. -->","yoast_head_json":{"title":"Man\u00f3metro - Leafield Marine","description":"Un man\u00f3metro es ideal para garantizar el rendimiento \u00f3ptimo de su estructura inflable. Es adecuado para su uso con cualquier v\u00e1lvula de inflado Leafield Marine","robots":{"index":"index","follow":"follow","max-snippet":"max-snippet:-1","max-image-preview":"max-image-preview:large","max-video-preview":"max-video-preview:-1"},"canonical":"https:\/\/www.leafieldmarine.com\/es\/accesorios-para-valvulas-de-aire\/manometro\/","og_locale":"es_ES","og_type":"article","og_title":"Man\u00f3metro - Leafield Marine","og_description":"Un man\u00f3metro es ideal para garantizar el rendimiento \u00f3ptimo de su estructura inflable. Es adecuado para su uso con cualquier v\u00e1lvula de inflado Leafield Marine","og_url":"https:\/\/www.leafieldmarine.com\/es\/accesorios-para-valvulas-de-aire\/manometro\/","og_site_name":"Leafield Marine","article_modified_time":"2023-08-04T14:46:35+00:00","og_image":[{"width":207,"height":160,"url":"https:\/\/www.leafieldmarine.com\/wp-content\/uploads\/2020\/04\/pressure-gauge.jpg","type":"image\/jpeg"}],"twitter_card":"summary_large_image","twitter_misc":{"Tiempo de lectura":"1 minuto"},"schema":{"@context":"https:\/\/schema.org","@graph":[{"@type":"WebPage","@id":"https:\/\/www.leafieldmarine.com\/es\/accesorios-para-valvulas-de-aire\/manometro\/","url":"https:\/\/www.leafieldmarine.com\/es\/accesorios-para-valvulas-de-aire\/manometro\/","name":"Man\u00f3metro - Leafield Marine","isPartOf":{"@id":"https:\/\/www.leafieldmarine.com\/es\/#website"},"primaryImageOfPage":{"@id":"https:\/\/www.leafieldmarine.com\/es\/accesorios-para-valvulas-de-aire\/manometro\/#primaryimage"},"image":{"@id":"https:\/\/www.leafieldmarine.com\/es\/accesorios-para-valvulas-de-aire\/manometro\/#primaryimage"},"thumbnailUrl":"https:\/\/www.leafieldmarine.com\/wp-content\/uploads\/2020\/04\/pressure-gauge.jpg","datePublished":"2022-10-20T07:17:10+00:00","dateModified":"2023-08-04T14:46:35+00:00","description":"Un man\u00f3metro es ideal para garantizar el rendimiento \u00f3ptimo de su estructura inflable. Es adecuado para su uso con cualquier v\u00e1lvula de inflado Leafield Marine","breadcrumb":{"@id":"https:\/\/www.leafieldmarine.com\/es\/accesorios-para-valvulas-de-aire\/manometro\/#breadcrumb"},"inLanguage":"es","potentialAction":[{"@type":"ReadAction","target":["https:\/\/www.leafieldmarine.com\/es\/accesorios-para-valvulas-de-aire\/manometro\/"]}]},{"@type":"ImageObject","inLanguage":"es","@id":"https:\/\/www.leafieldmarine.com\/es\/accesorios-para-valvulas-de-aire\/manometro\/#primaryimage","url":"https:\/\/www.leafieldmarine.com\/wp-content\/uploads\/2020\/04\/pressure-gauge.jpg","contentUrl":"https:\/\/www.leafieldmarine.com\/wp-content\/uploads\/2020\/04\/pressure-gauge.jpg","width":207,"height":160},{"@type":"BreadcrumbList","@id":"https:\/\/www.leafieldmarine.com\/es\/accesorios-para-valvulas-de-aire\/manometro\/#breadcrumb","itemListElement":[{"@type":"ListItem","position":1,"name":"Home","item":"https:\/\/www.leafieldmarine.com\/es\/"},{"@type":"ListItem","position":2,"name":"Accesorios para v\u00e1lvulas de aire","item":"https:\/\/www.leafieldmarine.com\/es\/accesorios-para-valvulas-de-aire\/"},{"@type":"ListItem","position":3,"name":"Man\u00f3metro"}]},{"@type":"WebSite","@id":"https:\/\/www.leafieldmarine.com\/es\/#website","url":"https:\/\/www.leafieldmarine.com\/es\/","name":"Leafield Marine","description":"World Class Air Valves for Inflatable Structures","publisher":{"@id":"https:\/\/www.leafieldmarine.com\/es\/#organization"},"potentialAction":[{"@type":"SearchAction","target":{"@type":"EntryPoint","urlTemplate":"https:\/\/www.leafieldmarine.com\/es\/?s={search_term_string}"},"query-input":{"@type":"PropertyValueSpecification","valueRequired":true,"valueName":"search_term_string"}}],"inLanguage":"es"},{"@type":"Organization","@id":"https:\/\/www.leafieldmarine.com\/es\/#organization","name":"Leafield Marine","url":"https:\/\/www.leafieldmarine.com\/es\/","logo":{"@type":"ImageObject","inLanguage":"es","@id":"https:\/\/www.leafieldmarine.com\/es\/#\/schema\/logo\/image\/","url":"https:\/\/www.leafieldmarine.com\/wp-content\/uploads\/2022\/10\/leafield-marine-logo.png","contentUrl":"https:\/\/www.leafieldmarine.com\/wp-content\/uploads\/2022\/10\/leafield-marine-logo.png","width":247,"height":191,"caption":"Leafield Marine"},"image":{"@id":"https:\/\/www.leafieldmarine.com\/es\/#\/schema\/logo\/image\/"}}]}},"acf":[],"_links":{"self":[{"href":"https:\/\/www.leafieldmarine.com\/es\/wp-json\/wp\/v2\/pages\/3873","targetHints":{"allow":["GET"]}}],"collection":[{"href":"https:\/\/www.leafieldmarine.com\/es\/wp-json\/wp\/v2\/pages"}],"about":[{"href":"https:\/\/www.leafieldmarine.com\/es\/wp-json\/wp\/v2\/types\/page"}],"author":[{"embeddable":true,"href":"https:\/\/www.leafieldmarine.com\/es\/wp-json\/wp\/v2\/users\/6"}],"replies":[{"embeddable":true,"href":"https:\/\/www.leafieldmarine.com\/es\/wp-json\/wp\/v2\/comments?post=3873"}],"version-history":[{"count":0,"href":"https:\/\/www.leafieldmarine.com\/es\/wp-json\/wp\/v2\/pages\/3873\/revisions"}],"up":[{"embeddable":true,"href":"https:\/\/www.leafieldmarine.com\/es\/wp-json\/wp\/v2\/pages\/3856"}],"wp:featuredmedia":[{"embeddable":true,"href":"https:\/\/www.leafieldmarine.com\/es\/wp-json\/wp\/v2\/media\/3875"}],"wp:attachment":[{"href":"https:\/\/www.leafieldmarine.com\/es\/wp-json\/wp\/v2\/media?parent=3873"}],"curies":[{"name":"wp","href":"https:\/\/api.w.org\/{rel}","templated":true}]}}