{"id":3930,"date":"2022-10-17T08:06:46","date_gmt":"2022-10-17T08:06:46","guid":{"rendered":"https:\/\/www.leafieldmarine.com\/valvulas-de-alivio-de-presion\/"},"modified":"2023-02-10T15:02:36","modified_gmt":"2023-02-10T15:02:36","slug":"valvulas-de-alivio-de-presion","status":"publish","type":"page","link":"https:\/\/www.leafieldmarine.com\/es\/valvulas-de-alivio-de-presion\/","title":{"rendered":"V\u00e1lvulas de alivio de presi\u00f3n"},"content":{"rendered":"\n<h1 class=\"wp-block-heading has-lg-max-width has-xl-margin-top has-xxl-margin-bottom\">Pressure Relief Valves<\/h1>\n\n\n\n\n\n<div class=\"wp-block-group has-lg-content-width\"><div class=\"wp-block-group__inner-container is-layout-flow wp-block-group-is-layout-flow\"><div class=\"mai-grid entries entries-grid has-boxed has-image-full\" style=\"--entry-title-font-size:var(--font-size-lg);--align-text:center;--entry-meta-text-align:center;\"><div class=\"entries-wrap has-columns\" style=\"--columns-xs:1\/1;--columns-sm:1\/1;--columns-md:1\/3;--columns-lg:1\/3;--flex-xs:0 0 var(--flex-basis);--flex-sm:0 0 var(--flex-basis);--flex-md:0 0 var(--flex-basis);--flex-lg:0 0 var(--flex-basis);--column-gap:var(--spacing-lg);--row-gap:var(--spacing-lg);--align-columns:start;\"><article class=\"entry entry-grid is-column has-entry-link has-image has-image-first page type-page\" style=\"--entry-index:1;\" aria-label=\"V\u00e1lvula de alivio de presi\u00f3n A6\"><a class=\"entry-image-link\" href=\"https:\/\/www.leafieldmarine.com\/es\/valvulas-de-alivio-de-presion\/valvula-de-alivio-de-presion-a6\/\" tabindex=\"-1\" aria-hidden=\"true\"><img decoding=\"async\" width=\"400\" height=\"300\" src=\"https:\/\/www.leafieldmarine.com\/wp-content\/uploads\/2022\/11\/pressure-relief-valves-400x300.jpg\" class=\"entry-image size-landscape-sm\" alt=\"\" \/><\/a><div class=\"entry-wrap entry-wrap-grid\"><h3 class=\"entry-title\"><a class=\"entry-title-link\" href=\"https:\/\/www.leafieldmarine.com\/es\/valvulas-de-alivio-de-presion\/valvula-de-alivio-de-presion-a6\/\" rel=\"bookmark\">V\u00e1lvula de alivio de presi\u00f3n A6<\/a><\/h3>\n<div class=\"entry-more\"><a class=\"entry-more-link button button-secondary button-small\" href=\"https:\/\/www.leafieldmarine.com\/es\/valvulas-de-alivio-de-presion\/valvula-de-alivio-de-presion-a6\/\">Read more<span class=\"screen-reader-text\">V\u00e1lvula de alivio de presi\u00f3n A6<\/span><\/a><\/div><\/div><\/article><article class=\"entry entry-grid is-column has-entry-link has-image has-image-first page type-page\" style=\"--entry-index:2;\" aria-label=\"V\u00e1lvula de alivio de presi\u00f3n A9\"><a class=\"entry-image-link\" href=\"https:\/\/www.leafieldmarine.com\/es\/valvulas-de-alivio-de-presion\/valvula-de-alivio-de-presion-a9\/\" tabindex=\"-1\" aria-hidden=\"true\"><img decoding=\"async\" width=\"400\" height=\"300\" src=\"https:\/\/www.leafieldmarine.com\/wp-content\/uploads\/2022\/11\/a9-pressure-valve-400x300.jpg\" class=\"entry-image size-landscape-sm\" alt=\"\" \/><\/a><div class=\"entry-wrap entry-wrap-grid\"><h3 class=\"entry-title\"><a class=\"entry-title-link\" href=\"https:\/\/www.leafieldmarine.com\/es\/valvulas-de-alivio-de-presion\/valvula-de-alivio-de-presion-a9\/\" rel=\"bookmark\">V\u00e1lvula de alivio de presi\u00f3n A9<\/a><\/h3>\n<div class=\"entry-more\"><a class=\"entry-more-link button button-secondary button-small\" href=\"https:\/\/www.leafieldmarine.com\/es\/valvulas-de-alivio-de-presion\/valvula-de-alivio-de-presion-a9\/\">Read more<span class=\"screen-reader-text\">V\u00e1lvula de alivio de presi\u00f3n A9<\/span><\/a><\/div><\/div><\/article><article class=\"entry entry-grid is-column has-entry-link has-image has-image-first page type-page\" style=\"--entry-index:3;\" aria-label=\"V\u00e1lvula de alivio de presi\u00f3n B10\"><a class=\"entry-image-link\" href=\"https:\/\/www.leafieldmarine.com\/es\/valvulas-de-alivio-de-presion\/valvula-de-alivio-de-presion-b10\/\" tabindex=\"-1\" aria-hidden=\"true\"><img decoding=\"async\" width=\"400\" height=\"300\" src=\"https:\/\/www.leafieldmarine.com\/wp-content\/uploads\/2022\/11\/b10-valve-400x300.jpg\" class=\"entry-image size-landscape-sm\" alt=\"\" \/><\/a><div class=\"entry-wrap entry-wrap-grid\"><h3 class=\"entry-title\"><a class=\"entry-title-link\" href=\"https:\/\/www.leafieldmarine.com\/es\/valvulas-de-alivio-de-presion\/valvula-de-alivio-de-presion-b10\/\" rel=\"bookmark\">V\u00e1lvula de alivio de presi\u00f3n B10<\/a><\/h3>\n<div class=\"entry-more\"><a class=\"entry-more-link button button-secondary button-small\" href=\"https:\/\/www.leafieldmarine.com\/es\/valvulas-de-alivio-de-presion\/valvula-de-alivio-de-presion-b10\/\">Read more<span class=\"screen-reader-text\">V\u00e1lvula de alivio de presi\u00f3n B10<\/span><\/a><\/div><\/div><\/article><\/div><\/div><\/div><\/div>\n","protected":false},"excerpt":{"rendered":"<p>Pressure Relief Valves<\/p>\n","protected":false},"author":6,"featured_media":2961,"parent":0,"menu_order":0,"comment_status":"closed","ping_status":"closed","template":"","meta":{"_acf_changed":false,"content-type":"","_genesis_hide_title":false,"_genesis_hide_breadcrumbs":false,"_genesis_hide_singular_image":false,"_genesis_hide_footer_widgets":false,"_genesis_custom_body_class":"","_genesis_custom_post_class":"","_genesis_layout":"","footnotes":""},"class_list":{"1":"page","2":"type-page","6":"entry"},"featured_image_src":null,"yoast_head":"<!-- This site is optimized with the Yoast SEO plugin v27.4 - https:\/\/yoast.com\/product\/yoast-seo-wordpress\/ -->\n<title>V\u00e1lvulas de alivio de presi\u00f3n - Leafield Marine<\/title>\n<meta name=\"description\" content=\"Leafield Marine son fabricantes de v\u00e1lvulas de alivio de presi\u00f3n.\" \/>\n<meta name=\"robots\" content=\"index, follow, max-snippet:-1, max-image-preview:large, max-video-preview:-1\" \/>\n<link rel=\"canonical\" href=\"https:\/\/www.leafieldmarine.com\/es\/valvulas-de-alivio-de-presion\/\" \/>\n<meta property=\"og:locale\" content=\"es_ES\" \/>\n<meta property=\"og:type\" content=\"article\" \/>\n<meta property=\"og:title\" content=\"V\u00e1lvulas de alivio de presi\u00f3n - Leafield Marine\" \/>\n<meta property=\"og:description\" content=\"Leafield Marine son fabricantes de v\u00e1lvulas de alivio de presi\u00f3n.\" \/>\n<meta property=\"og:url\" content=\"https:\/\/www.leafieldmarine.com\/es\/valvulas-de-alivio-de-presion\/\" \/>\n<meta property=\"og:site_name\" content=\"Leafield Marine\" \/>\n<meta property=\"article:modified_time\" content=\"2023-02-10T15:02:36+00:00\" \/>\n<meta name=\"twitter:card\" content=\"summary_large_image\" \/>\n<meta name=\"twitter:label1\" content=\"Tiempo de lectura\" \/>\n\t<meta name=\"twitter:data1\" content=\"1 minuto\" \/>\n<script type=\"application\/ld+json\" class=\"yoast-schema-graph\">{\"@context\":\"https:\\\/\\\/schema.org\",\"@graph\":[{\"@type\":\"WebPage\",\"@id\":\"https:\\\/\\\/www.leafieldmarine.com\\\/es\\\/valvulas-de-alivio-de-presion\\\/\",\"url\":\"https:\\\/\\\/www.leafieldmarine.com\\\/es\\\/valvulas-de-alivio-de-presion\\\/\",\"name\":\"V\u00e1lvulas de alivio de presi\u00f3n - Leafield Marine\",\"isPartOf\":{\"@id\":\"https:\\\/\\\/www.leafieldmarine.com\\\/es\\\/#website\"},\"primaryImageOfPage\":{\"@id\":\"https:\\\/\\\/www.leafieldmarine.com\\\/es\\\/valvulas-de-alivio-de-presion\\\/#primaryimage\"},\"image\":{\"@id\":\"https:\\\/\\\/www.leafieldmarine.com\\\/es\\\/valvulas-de-alivio-de-presion\\\/#primaryimage\"},\"thumbnailUrl\":\"\",\"datePublished\":\"2022-10-17T08:06:46+00:00\",\"dateModified\":\"2023-02-10T15:02:36+00:00\",\"description\":\"Leafield Marine son fabricantes de v\u00e1lvulas de alivio de presi\u00f3n.\",\"breadcrumb\":{\"@id\":\"https:\\\/\\\/www.leafieldmarine.com\\\/es\\\/valvulas-de-alivio-de-presion\\\/#breadcrumb\"},\"inLanguage\":\"es\",\"potentialAction\":[{\"@type\":\"ReadAction\",\"target\":[\"https:\\\/\\\/www.leafieldmarine.com\\\/es\\\/valvulas-de-alivio-de-presion\\\/\"]}]},{\"@type\":\"ImageObject\",\"inLanguage\":\"es\",\"@id\":\"https:\\\/\\\/www.leafieldmarine.com\\\/es\\\/valvulas-de-alivio-de-presion\\\/#primaryimage\",\"url\":\"\",\"contentUrl\":\"\",\"caption\":\"V\u00e1lvulas de alivio de presi\u00f3n\"},{\"@type\":\"BreadcrumbList\",\"@id\":\"https:\\\/\\\/www.leafieldmarine.com\\\/es\\\/valvulas-de-alivio-de-presion\\\/#breadcrumb\",\"itemListElement\":[{\"@type\":\"ListItem\",\"position\":1,\"name\":\"Home\",\"item\":\"https:\\\/\\\/www.leafieldmarine.com\\\/es\\\/\"},{\"@type\":\"ListItem\",\"position\":2,\"name\":\"V\u00e1lvulas de alivio de presi\u00f3n\"}]},{\"@type\":\"WebSite\",\"@id\":\"https:\\\/\\\/www.leafieldmarine.com\\\/es\\\/#website\",\"url\":\"https:\\\/\\\/www.leafieldmarine.com\\\/es\\\/\",\"name\":\"Leafield Marine\",\"description\":\"World Class Air Valves for Inflatable Structures\",\"publisher\":{\"@id\":\"https:\\\/\\\/www.leafieldmarine.com\\\/es\\\/#organization\"},\"potentialAction\":[{\"@type\":\"SearchAction\",\"target\":{\"@type\":\"EntryPoint\",\"urlTemplate\":\"https:\\\/\\\/www.leafieldmarine.com\\\/es\\\/?s={search_term_string}\"},\"query-input\":{\"@type\":\"PropertyValueSpecification\",\"valueRequired\":true,\"valueName\":\"search_term_string\"}}],\"inLanguage\":\"es\"},{\"@type\":\"Organization\",\"@id\":\"https:\\\/\\\/www.leafieldmarine.com\\\/es\\\/#organization\",\"name\":\"Leafield Marine\",\"url\":\"https:\\\/\\\/www.leafieldmarine.com\\\/es\\\/\",\"logo\":{\"@type\":\"ImageObject\",\"inLanguage\":\"es\",\"@id\":\"https:\\\/\\\/www.leafieldmarine.com\\\/es\\\/#\\\/schema\\\/logo\\\/image\\\/\",\"url\":\"https:\\\/\\\/www.leafieldmarine.com\\\/wp-content\\\/uploads\\\/2022\\\/10\\\/leafield-marine-logo.png\",\"contentUrl\":\"https:\\\/\\\/www.leafieldmarine.com\\\/wp-content\\\/uploads\\\/2022\\\/10\\\/leafield-marine-logo.png\",\"width\":247,\"height\":191,\"caption\":\"Leafield Marine\"},\"image\":{\"@id\":\"https:\\\/\\\/www.leafieldmarine.com\\\/es\\\/#\\\/schema\\\/logo\\\/image\\\/\"}}]}<\/script>\n<!-- \/ Yoast SEO plugin. -->","yoast_head_json":{"title":"V\u00e1lvulas de alivio de presi\u00f3n - Leafield Marine","description":"Leafield Marine son fabricantes de v\u00e1lvulas de alivio de presi\u00f3n.","robots":{"index":"index","follow":"follow","max-snippet":"max-snippet:-1","max-image-preview":"max-image-preview:large","max-video-preview":"max-video-preview:-1"},"canonical":"https:\/\/www.leafieldmarine.com\/es\/valvulas-de-alivio-de-presion\/","og_locale":"es_ES","og_type":"article","og_title":"V\u00e1lvulas de alivio de presi\u00f3n - Leafield Marine","og_description":"Leafield Marine son fabricantes de v\u00e1lvulas de alivio de presi\u00f3n.","og_url":"https:\/\/www.leafieldmarine.com\/es\/valvulas-de-alivio-de-presion\/","og_site_name":"Leafield Marine","article_modified_time":"2023-02-10T15:02:36+00:00","twitter_card":"summary_large_image","twitter_misc":{"Tiempo de lectura":"1 minuto"},"schema":{"@context":"https:\/\/schema.org","@graph":[{"@type":"WebPage","@id":"https:\/\/www.leafieldmarine.com\/es\/valvulas-de-alivio-de-presion\/","url":"https:\/\/www.leafieldmarine.com\/es\/valvulas-de-alivio-de-presion\/","name":"V\u00e1lvulas de alivio de presi\u00f3n - Leafield Marine","isPartOf":{"@id":"https:\/\/www.leafieldmarine.com\/es\/#website"},"primaryImageOfPage":{"@id":"https:\/\/www.leafieldmarine.com\/es\/valvulas-de-alivio-de-presion\/#primaryimage"},"image":{"@id":"https:\/\/www.leafieldmarine.com\/es\/valvulas-de-alivio-de-presion\/#primaryimage"},"thumbnailUrl":"","datePublished":"2022-10-17T08:06:46+00:00","dateModified":"2023-02-10T15:02:36+00:00","description":"Leafield Marine son fabricantes de v\u00e1lvulas de alivio de presi\u00f3n.","breadcrumb":{"@id":"https:\/\/www.leafieldmarine.com\/es\/valvulas-de-alivio-de-presion\/#breadcrumb"},"inLanguage":"es","potentialAction":[{"@type":"ReadAction","target":["https:\/\/www.leafieldmarine.com\/es\/valvulas-de-alivio-de-presion\/"]}]},{"@type":"ImageObject","inLanguage":"es","@id":"https:\/\/www.leafieldmarine.com\/es\/valvulas-de-alivio-de-presion\/#primaryimage","url":"","contentUrl":"","caption":"V\u00e1lvulas de alivio de presi\u00f3n"},{"@type":"BreadcrumbList","@id":"https:\/\/www.leafieldmarine.com\/es\/valvulas-de-alivio-de-presion\/#breadcrumb","itemListElement":[{"@type":"ListItem","position":1,"name":"Home","item":"https:\/\/www.leafieldmarine.com\/es\/"},{"@type":"ListItem","position":2,"name":"V\u00e1lvulas de alivio de presi\u00f3n"}]},{"@type":"WebSite","@id":"https:\/\/www.leafieldmarine.com\/es\/#website","url":"https:\/\/www.leafieldmarine.com\/es\/","name":"Leafield Marine","description":"World Class Air Valves for Inflatable Structures","publisher":{"@id":"https:\/\/www.leafieldmarine.com\/es\/#organization"},"potentialAction":[{"@type":"SearchAction","target":{"@type":"EntryPoint","urlTemplate":"https:\/\/www.leafieldmarine.com\/es\/?s={search_term_string}"},"query-input":{"@type":"PropertyValueSpecification","valueRequired":true,"valueName":"search_term_string"}}],"inLanguage":"es"},{"@type":"Organization","@id":"https:\/\/www.leafieldmarine.com\/es\/#organization","name":"Leafield Marine","url":"https:\/\/www.leafieldmarine.com\/es\/","logo":{"@type":"ImageObject","inLanguage":"es","@id":"https:\/\/www.leafieldmarine.com\/es\/#\/schema\/logo\/image\/","url":"https:\/\/www.leafieldmarine.com\/wp-content\/uploads\/2022\/10\/leafield-marine-logo.png","contentUrl":"https:\/\/www.leafieldmarine.com\/wp-content\/uploads\/2022\/10\/leafield-marine-logo.png","width":247,"height":191,"caption":"Leafield Marine"},"image":{"@id":"https:\/\/www.leafieldmarine.com\/es\/#\/schema\/logo\/image\/"}}]}},"acf":[],"_links":{"self":[{"href":"https:\/\/www.leafieldmarine.com\/es\/wp-json\/wp\/v2\/pages\/3930","targetHints":{"allow":["GET"]}}],"collection":[{"href":"https:\/\/www.leafieldmarine.com\/es\/wp-json\/wp\/v2\/pages"}],"about":[{"href":"https:\/\/www.leafieldmarine.com\/es\/wp-json\/wp\/v2\/types\/page"}],"author":[{"embeddable":true,"href":"https:\/\/www.leafieldmarine.com\/es\/wp-json\/wp\/v2\/users\/6"}],"replies":[{"embeddable":true,"href":"https:\/\/www.leafieldmarine.com\/es\/wp-json\/wp\/v2\/comments?post=3930"}],"version-history":[{"count":0,"href":"https:\/\/www.leafieldmarine.com\/es\/wp-json\/wp\/v2\/pages\/3930\/revisions"}],"wp:featuredmedia":[{"embeddable":true,"href":"https:\/\/www.leafieldmarine.com\/es\/wp-json\/wp\/v2\/media\/2961"}],"wp:attachment":[{"href":"https:\/\/www.leafieldmarine.com\/es\/wp-json\/wp\/v2\/media?parent=3930"}],"curies":[{"name":"wp","href":"https:\/\/api.w.org\/{rel}","templated":true}]}}