{"id":4117,"date":"2020-04-03T11:27:19","date_gmt":"2020-04-03T11:27:19","guid":{"rendered":"https:\/\/www.leafieldmarine.com\/acerca-de-leafield-marine\/"},"modified":"2022-11-28T08:42:26","modified_gmt":"2022-11-28T08:42:26","slug":"acerca-de-leafield-marine","status":"publish","type":"page","link":"https:\/\/www.leafieldmarine.com\/es\/acerca-de-leafield-marine\/","title":{"rendered":"Acerca de Leafield Marine"},"content":{"rendered":"\n<h1 class=\"wp-block-heading\">Acerca de Leafield Marine<\/h1>\n\n\n\n<p>Leafield Marine tiene su sede en el Reino Unido, en el coraz\u00f3n de la campi\u00f1a de Wiltshire, ocupando instalaciones modernas, con dise\u00f1o y producci\u00f3n internos.<\/p>\n\n\n\n<p>Leafield Marine comenz\u00f3 a dise\u00f1ar y producir v\u00e1lvulas para botes inflables en 1965. Desde entonces, nuestra gama de productos ha crecido hasta incluir v\u00e1lvulas y sistemas de inflado especializados para muchas estructuras inflables, incluidas aplicaciones comerciales, de ocio y profesionales, suministrando a muchos de los l\u00edderes mundiales en estos mercados.<\/p>\n\n\n\n<p>Actualmente exportamos m\u00e1s del 80% de nuestros productos a m\u00e1s de 60 pa\u00edses en todo el mundo. Leafield Marine ha establecido una reputaci\u00f3n de dise\u00f1o innovador y capacidad de respuesta a los requisitos del cliente. Esto est\u00e1 respaldado por nuestros grandes equipos internos de Ingenier\u00eda y Calidad.<\/p>\n\n\n\n<p>Somos una empresa registrada ISO 9001: 2015 con muchos de nuestros productos tambi\u00e9n aprobados para las normas SOLAS (ISO: 15738), PE (S) R y PED.<\/p>\n\n\n\n<p>Leafield Marine ha sido acreditada con el Estatus de Exportador Aprobado seg\u00fan lo regido por UK HM Revenue and Customs. Esto abre el camino para un comercio m\u00e1s simple con los pa\u00edses que celebran Acuerdos de Libre Comercio.<\/p>\n\n\n\n<p>En Leafield Marine estamos constantemente revisando y ampliando nuestra gama de productos. Si no puede encontrar lo que necesita en este sitio web, no dude en ponerse en <a href=\"https:\/\/www.leafieldmarine.com\/contact\/\">contacto con nosotros.<\/a><\/p>\n","protected":false},"excerpt":{"rendered":"<p>Acerca de Leafield Marine Leafield Marine tiene su sede en el Reino Unido, en el coraz\u00f3n de la campi\u00f1a de Wiltshire, ocupando instalaciones modernas, con dise\u00f1o y producci\u00f3n internos. Leafield Marine comenz\u00f3 a dise\u00f1ar y producir v\u00e1lvulas para botes inflables en 1965. Desde entonces, nuestra gama de productos ha crecido hasta incluir v\u00e1lvulas y sistemas &hellip;<\/p>\n","protected":false},"author":8,"featured_media":0,"parent":0,"menu_order":0,"comment_status":"closed","ping_status":"closed","template":"","meta":{"_acf_changed":false,"content-type":"","_genesis_hide_title":false,"_genesis_hide_breadcrumbs":false,"_genesis_hide_singular_image":false,"_genesis_hide_footer_widgets":false,"_genesis_custom_body_class":"","_genesis_custom_post_class":"","_genesis_layout":"","footnotes":""},"class_list":{"1":"page","2":"type-page","5":"entry"},"featured_image_src":null,"yoast_head":"<!-- This site is optimized with the Yoast SEO plugin v27.4 - https:\/\/yoast.com\/product\/yoast-seo-wordpress\/ -->\n<title>Acerca de Leafield Marine - Leafield Marine<\/title>\n<meta name=\"description\" content=\"Leafield Marine tiene su sede en el Reino Unido, en el coraz\u00f3n de la campi\u00f1a de Wiltshire, con dise\u00f1o y producci\u00f3n internos.\" \/>\n<meta name=\"robots\" content=\"index, follow, max-snippet:-1, max-image-preview:large, max-video-preview:-1\" \/>\n<link rel=\"canonical\" href=\"https:\/\/www.leafieldmarine.com\/es\/acerca-de-leafield-marine\/\" \/>\n<meta property=\"og:locale\" content=\"es_ES\" \/>\n<meta property=\"og:type\" content=\"article\" \/>\n<meta property=\"og:title\" content=\"Acerca de Leafield Marine - Leafield Marine\" \/>\n<meta property=\"og:description\" content=\"Leafield Marine tiene su sede en el Reino Unido, en el coraz\u00f3n de la campi\u00f1a de Wiltshire, con dise\u00f1o y producci\u00f3n internos.\" \/>\n<meta property=\"og:url\" content=\"https:\/\/www.leafieldmarine.com\/es\/acerca-de-leafield-marine\/\" \/>\n<meta property=\"og:site_name\" content=\"Leafield Marine\" \/>\n<meta property=\"article:modified_time\" content=\"2022-11-28T08:42:26+00:00\" \/>\n<meta name=\"twitter:card\" content=\"summary_large_image\" \/>\n<meta name=\"twitter:label1\" content=\"Tiempo de lectura\" \/>\n\t<meta name=\"twitter:data1\" content=\"1 minuto\" \/>\n<script type=\"application\/ld+json\" class=\"yoast-schema-graph\">{\"@context\":\"https:\\\/\\\/schema.org\",\"@graph\":[{\"@type\":\"WebPage\",\"@id\":\"https:\\\/\\\/www.leafieldmarine.com\\\/es\\\/acerca-de-leafield-marine\\\/\",\"url\":\"https:\\\/\\\/www.leafieldmarine.com\\\/es\\\/acerca-de-leafield-marine\\\/\",\"name\":\"Acerca de Leafield Marine - Leafield Marine\",\"isPartOf\":{\"@id\":\"https:\\\/\\\/www.leafieldmarine.com\\\/es\\\/#website\"},\"datePublished\":\"2020-04-03T11:27:19+00:00\",\"dateModified\":\"2022-11-28T08:42:26+00:00\",\"description\":\"Leafield Marine tiene su sede en el Reino Unido, en el coraz\u00f3n de la campi\u00f1a de Wiltshire, con dise\u00f1o y producci\u00f3n internos.\",\"breadcrumb\":{\"@id\":\"https:\\\/\\\/www.leafieldmarine.com\\\/es\\\/acerca-de-leafield-marine\\\/#breadcrumb\"},\"inLanguage\":\"es\",\"potentialAction\":[{\"@type\":\"ReadAction\",\"target\":[\"https:\\\/\\\/www.leafieldmarine.com\\\/es\\\/acerca-de-leafield-marine\\\/\"]}]},{\"@type\":\"BreadcrumbList\",\"@id\":\"https:\\\/\\\/www.leafieldmarine.com\\\/es\\\/acerca-de-leafield-marine\\\/#breadcrumb\",\"itemListElement\":[{\"@type\":\"ListItem\",\"position\":1,\"name\":\"Home\",\"item\":\"https:\\\/\\\/www.leafieldmarine.com\\\/es\\\/\"},{\"@type\":\"ListItem\",\"position\":2,\"name\":\"Acerca de Leafield Marine\"}]},{\"@type\":\"WebSite\",\"@id\":\"https:\\\/\\\/www.leafieldmarine.com\\\/es\\\/#website\",\"url\":\"https:\\\/\\\/www.leafieldmarine.com\\\/es\\\/\",\"name\":\"Leafield Marine\",\"description\":\"World Class Air Valves for Inflatable Structures\",\"publisher\":{\"@id\":\"https:\\\/\\\/www.leafieldmarine.com\\\/es\\\/#organization\"},\"potentialAction\":[{\"@type\":\"SearchAction\",\"target\":{\"@type\":\"EntryPoint\",\"urlTemplate\":\"https:\\\/\\\/www.leafieldmarine.com\\\/es\\\/?s={search_term_string}\"},\"query-input\":{\"@type\":\"PropertyValueSpecification\",\"valueRequired\":true,\"valueName\":\"search_term_string\"}}],\"inLanguage\":\"es\"},{\"@type\":\"Organization\",\"@id\":\"https:\\\/\\\/www.leafieldmarine.com\\\/es\\\/#organization\",\"name\":\"Leafield Marine\",\"url\":\"https:\\\/\\\/www.leafieldmarine.com\\\/es\\\/\",\"logo\":{\"@type\":\"ImageObject\",\"inLanguage\":\"es\",\"@id\":\"https:\\\/\\\/www.leafieldmarine.com\\\/es\\\/#\\\/schema\\\/logo\\\/image\\\/\",\"url\":\"https:\\\/\\\/www.leafieldmarine.com\\\/wp-content\\\/uploads\\\/2022\\\/10\\\/leafield-marine-logo.png\",\"contentUrl\":\"https:\\\/\\\/www.leafieldmarine.com\\\/wp-content\\\/uploads\\\/2022\\\/10\\\/leafield-marine-logo.png\",\"width\":247,\"height\":191,\"caption\":\"Leafield Marine\"},\"image\":{\"@id\":\"https:\\\/\\\/www.leafieldmarine.com\\\/es\\\/#\\\/schema\\\/logo\\\/image\\\/\"}}]}<\/script>\n<!-- \/ Yoast SEO plugin. -->","yoast_head_json":{"title":"Acerca de Leafield Marine - Leafield Marine","description":"Leafield Marine tiene su sede en el Reino Unido, en el coraz\u00f3n de la campi\u00f1a de Wiltshire, con dise\u00f1o y producci\u00f3n internos.","robots":{"index":"index","follow":"follow","max-snippet":"max-snippet:-1","max-image-preview":"max-image-preview:large","max-video-preview":"max-video-preview:-1"},"canonical":"https:\/\/www.leafieldmarine.com\/es\/acerca-de-leafield-marine\/","og_locale":"es_ES","og_type":"article","og_title":"Acerca de Leafield Marine - Leafield Marine","og_description":"Leafield Marine tiene su sede en el Reino Unido, en el coraz\u00f3n de la campi\u00f1a de Wiltshire, con dise\u00f1o y producci\u00f3n internos.","og_url":"https:\/\/www.leafieldmarine.com\/es\/acerca-de-leafield-marine\/","og_site_name":"Leafield Marine","article_modified_time":"2022-11-28T08:42:26+00:00","twitter_card":"summary_large_image","twitter_misc":{"Tiempo de lectura":"1 minuto"},"schema":{"@context":"https:\/\/schema.org","@graph":[{"@type":"WebPage","@id":"https:\/\/www.leafieldmarine.com\/es\/acerca-de-leafield-marine\/","url":"https:\/\/www.leafieldmarine.com\/es\/acerca-de-leafield-marine\/","name":"Acerca de Leafield Marine - Leafield Marine","isPartOf":{"@id":"https:\/\/www.leafieldmarine.com\/es\/#website"},"datePublished":"2020-04-03T11:27:19+00:00","dateModified":"2022-11-28T08:42:26+00:00","description":"Leafield Marine tiene su sede en el Reino Unido, en el coraz\u00f3n de la campi\u00f1a de Wiltshire, con dise\u00f1o y producci\u00f3n internos.","breadcrumb":{"@id":"https:\/\/www.leafieldmarine.com\/es\/acerca-de-leafield-marine\/#breadcrumb"},"inLanguage":"es","potentialAction":[{"@type":"ReadAction","target":["https:\/\/www.leafieldmarine.com\/es\/acerca-de-leafield-marine\/"]}]},{"@type":"BreadcrumbList","@id":"https:\/\/www.leafieldmarine.com\/es\/acerca-de-leafield-marine\/#breadcrumb","itemListElement":[{"@type":"ListItem","position":1,"name":"Home","item":"https:\/\/www.leafieldmarine.com\/es\/"},{"@type":"ListItem","position":2,"name":"Acerca de Leafield Marine"}]},{"@type":"WebSite","@id":"https:\/\/www.leafieldmarine.com\/es\/#website","url":"https:\/\/www.leafieldmarine.com\/es\/","name":"Leafield Marine","description":"World Class Air Valves for Inflatable Structures","publisher":{"@id":"https:\/\/www.leafieldmarine.com\/es\/#organization"},"potentialAction":[{"@type":"SearchAction","target":{"@type":"EntryPoint","urlTemplate":"https:\/\/www.leafieldmarine.com\/es\/?s={search_term_string}"},"query-input":{"@type":"PropertyValueSpecification","valueRequired":true,"valueName":"search_term_string"}}],"inLanguage":"es"},{"@type":"Organization","@id":"https:\/\/www.leafieldmarine.com\/es\/#organization","name":"Leafield Marine","url":"https:\/\/www.leafieldmarine.com\/es\/","logo":{"@type":"ImageObject","inLanguage":"es","@id":"https:\/\/www.leafieldmarine.com\/es\/#\/schema\/logo\/image\/","url":"https:\/\/www.leafieldmarine.com\/wp-content\/uploads\/2022\/10\/leafield-marine-logo.png","contentUrl":"https:\/\/www.leafieldmarine.com\/wp-content\/uploads\/2022\/10\/leafield-marine-logo.png","width":247,"height":191,"caption":"Leafield Marine"},"image":{"@id":"https:\/\/www.leafieldmarine.com\/es\/#\/schema\/logo\/image\/"}}]}},"acf":[],"post_mailing_queue_ids":[],"_links":{"self":[{"href":"https:\/\/www.leafieldmarine.com\/es\/wp-json\/wp\/v2\/pages\/4117","targetHints":{"allow":["GET"]}}],"collection":[{"href":"https:\/\/www.leafieldmarine.com\/es\/wp-json\/wp\/v2\/pages"}],"about":[{"href":"https:\/\/www.leafieldmarine.com\/es\/wp-json\/wp\/v2\/types\/page"}],"author":[{"embeddable":true,"href":"https:\/\/www.leafieldmarine.com\/es\/wp-json\/wp\/v2\/users\/8"}],"replies":[{"embeddable":true,"href":"https:\/\/www.leafieldmarine.com\/es\/wp-json\/wp\/v2\/comments?post=4117"}],"version-history":[{"count":0,"href":"https:\/\/www.leafieldmarine.com\/es\/wp-json\/wp\/v2\/pages\/4117\/revisions"}],"wp:attachment":[{"href":"https:\/\/www.leafieldmarine.com\/es\/wp-json\/wp\/v2\/media?parent=4117"}],"curies":[{"name":"wp","href":"https:\/\/api.w.org\/{rel}","templated":true}]}}