{"id":4120,"date":"2020-04-03T11:02:05","date_gmt":"2020-04-03T11:02:05","guid":{"rendered":"https:\/\/www.leafieldmarine.com\/politica-de-cookies\/"},"modified":"2020-04-03T11:02:05","modified_gmt":"2020-04-03T11:02:05","slug":"politica-de-cookies","status":"publish","type":"page","link":"https:\/\/www.leafieldmarine.com\/es\/politica-de-cookies\/","title":{"rendered":"Pol\u00edtica de cookies"},"content":{"rendered":"<h4>\u00bfQu\u00e9 son las cookies?<\/h4>\n<p><span style=\"font-weight: 400;\">Las cookies son peque\u00f1os archivos de texto que contienen una cadena de caracteres que se pueden colocar en su computadora o dispositivo m\u00f3vil que identifican de manera \u00fanica su navegador o dispositivo. \u00bfPara qu\u00e9 se utilizan las cookies?<\/span><\/p>\n<p><span style=\"font-weight: 400;\">Las cookies permiten que un sitio o servicios sepan si su computadora o dispositivo ha visitado ese sitio o servicio antes. Las cookies se pueden usar para ayudar a comprender c\u00f3mo se utiliza el sitio o servicio, ayudarlo a navegar entre p\u00e1ginas de manera eficiente, ayudar a recordar sus preferencias y, en general, mejorar su experiencia de navegaci\u00f3n. Las cookies tambi\u00e9n pueden ayudar a garantizar que el marketing que ve en l\u00ednea sea m\u00e1s relevante para usted y sus intereses.<\/span><\/p>\n<h4>\u00bfQu\u00e9 tipos de cookies utiliza Leafield Marine?<\/h4>\n<p><span style=\"font-weight: 400;\">En general, hay cuatro categor\u00edas de cookies: \u00abEstrictamente necesarias\u00bb, \u00abRendimiento\u00bb, \u00abFuncionalidad\u00bb y \u00abOrientaci\u00f3n\u00bb. Leafield Marine utiliza rutinariamente las cuatro categor\u00edas de cookies en el Servicio. Puede obtener m\u00e1s informaci\u00f3n sobre cada categor\u00eda de cookies a continuaci\u00f3n.<\/span><\/p>\n<ol>\n<li style=\"font-weight: 400;\" aria-level=\"1\"><span style=\"font-weight: 400;\">Cookies estrictamente necesarias. Estas cookies son esenciales, ya que le permiten moverse por el Servicio y utilizar sus funciones, como acceder a \u00e1reas de inicio de sesi\u00f3n o seguras.<\/span><\/li>\n<li style=\"font-weight: 400;\" aria-level=\"1\"><span style=\"font-weight: 400;\">Cookies de rendimiento. Estas cookies recopilan informaci\u00f3n sobre c\u00f3mo ha utilizado el Servicio, por ejemplo, informaci\u00f3n relacionada con el nombre de usuario \u00fanico que ha proporcionado, de modo que se ejerce menos presi\u00f3n sobre nuestra infraestructura de backend. Estas cookies tambi\u00e9n se pueden utilizar para permitirnos saber que ha iniciado sesi\u00f3n para que podamos ofrecerle contenido m\u00e1s fresco que un usuario que nunca ha iniciado sesi\u00f3n. Tambi\u00e9n utilizamos cookies para rastrear el uso agregado del Servicio y experimentar con nuevas funciones y cambios en el Servicio. La informaci\u00f3n recopilada se utiliza para mejorar el funcionamiento del Servicio.<\/span><\/li>\n<li style=\"font-weight: 400;\" aria-level=\"1\"><span style=\"font-weight: 400;\">Cookies de funcionalidad. Estas cookies nos permiten recordar c\u00f3mo ha iniciado sesi\u00f3n, si eligi\u00f3 dejar de ver anuncios, si edit\u00f3 un art\u00edculo en el Servicio mientras estaba desconectado, cu\u00e1ndo inici\u00f3 o cerr\u00f3 sesi\u00f3n, el estado o el historial de las herramientas del Servicio que ha utilizado. Estas cookies tambi\u00e9n nos permiten adaptar el Servicio para proporcionarle funciones y contenido mejorados y recordar c\u00f3mo ha personalizado el Servicio de otras maneras, como personalizar las barras de herramientas que ofrecemos en la columna derecha de cada p\u00e1gina. La informaci\u00f3n que recopilan estas cookies puede ser an\u00f3nima y no se utilizan para rastrear su actividad de navegaci\u00f3n en otros sitios o servicios.<\/span><\/li>\n<li style=\"font-weight: 400;\" aria-level=\"1\"><span style=\"font-weight: 400;\">Cookies de orientaci\u00f3n. Nuestros socios publicitarios u otros socios externos pueden utilizar este tipo de cookies para ofrecer publicidad que sea relevante para sus intereses. Estas cookies pueden recordar que su dispositivo ha visitado un sitio o servicio, y tambi\u00e9n pueden rastrear la actividad de navegaci\u00f3n de su dispositivo en otros sitios. Esta informaci\u00f3n puede compartirse con organizaciones externas, como anunciantes y \/ o redes publicitarias para entregar la publicidad, y para ayudar a medir la efectividad de una campa\u00f1a publicitaria, u otros socios comerciales con el fin de proporcionar estad\u00edsticas agregadas de uso del Servicio y pruebas agregadas del Servicio.<\/span><\/li>\n<\/ol>\n<h4>\u00bfCu\u00e1nto tiempo permanecer\u00e1n las cookies en mi dispositivo?<\/h4>\n<p><span style=\"font-weight: 400;\">El tiempo que una cookie permanecer\u00e1 en su computadora o dispositivo m\u00f3vil depende de si se trata de una cookie \u00abpersistente\u00bb o de \u00absesi\u00f3n\u00bb. Las cookies de sesi\u00f3n solo permanecer\u00e1n en su dispositivo hasta que deje de navegar. Las cookies persistentes permanecen en su computadora o dispositivo m\u00f3vil hasta que expiran o se eliminan.<\/span><\/p>\n<h4>Cookies propias y de terceros<\/h4>\n<p><span style=\"font-weight: 400;\">Las cookies de origen son cookies que pertenecen a Leafield Marine, las cookies de terceros son cookies que otra parte coloca en su dispositivo a trav\u00e9s de nuestro Servicio. Las cookies de terceros pueden ser colocadas en su dispositivo por alguien que proporciona un servicio para Leafield Marine, por ejemplo, para ayudarnos a comprender c\u00f3mo se utiliza nuestro servicio. Nuestros socios comerciales tambi\u00e9n pueden colocar cookies de terceros en su dispositivo para que puedan usarlas para anunciarle productos y servicios en otro lugar de Internet.<\/span><\/p>\n<h4>C\u00f3mo controlar y eliminar las cookies<\/h4>\n<p><span style=\"font-weight: 400;\">Si desea eliminar las cookies, siga las instrucciones <a href=\"https:\/\/www.wikihow.com\/Clear-Your-Browser%27s-Cookies\">de https:\/\/www.wikihow.com\/Clear-Your-Browser%27s-Cookies<\/a>. Si desea desactivar su navegador para que no reciba cookies, siga las instrucciones <a href=\"https:\/\/www.wikihow.com\/Disable-Cookies\">de https:\/\/www.wikihow.com\/Disable-Cookies<\/a>. Tenga en cuenta que si configura su navegador para deshabilitar las cookies, es posible que no pueda acceder a ciertas partes de nuestro Servicio y es posible que otras partes de nuestro Servicio no funcionen correctamente. Puede obtener m\u00e1s informaci\u00f3n sobre la configuraci\u00f3n de cookies en sitios de informaci\u00f3n de terceros, como <a href=\"https:\/\/www.allaboutcookies.org\">www.allaboutcookies.org<\/a>.<\/span><\/p>\n","protected":false},"excerpt":{"rendered":"<p>\u00bfQu\u00e9 son las cookies? Las cookies son peque\u00f1os archivos de texto que contienen una cadena de caracteres que se pueden colocar en su computadora o dispositivo m\u00f3vil que identifican de manera \u00fanica su navegador o dispositivo. \u00bfPara qu\u00e9 se utilizan las cookies? Las cookies permiten que un sitio o servicios sepan si su computadora o &hellip;<\/p>\n","protected":false},"author":8,"featured_media":0,"parent":0,"menu_order":0,"comment_status":"closed","ping_status":"closed","template":"","meta":{"_acf_changed":false,"content-type":"","_genesis_hide_title":false,"_genesis_hide_breadcrumbs":false,"_genesis_hide_singular_image":false,"_genesis_hide_footer_widgets":false,"_genesis_custom_body_class":"","_genesis_custom_post_class":"","_genesis_layout":"","footnotes":""},"class_list":{"1":"page","2":"type-page","5":"entry"},"featured_image_src":null,"yoast_head":"<!-- This site is optimized with the Yoast SEO plugin v27.6 - https:\/\/yoast.com\/product\/yoast-seo-wordpress\/ -->\n<title>Pol\u00edtica de cookies - Leafield Marine<\/title>\n<meta name=\"description\" content=\"Las cookies son peque\u00f1os archivos de texto que contienen una cadena de caracteres que identifican de forma \u00fanica su navegador o dispositivo.\" \/>\n<meta name=\"robots\" content=\"index, follow, max-snippet:-1, max-image-preview:large, max-video-preview:-1\" \/>\n<link rel=\"canonical\" href=\"https:\/\/www.leafieldmarine.com\/es\/politica-de-cookies\/\" \/>\n<meta property=\"og:locale\" content=\"es_ES\" \/>\n<meta property=\"og:type\" content=\"article\" \/>\n<meta property=\"og:title\" content=\"Pol\u00edtica de cookies - Leafield Marine\" \/>\n<meta property=\"og:description\" content=\"Las cookies son peque\u00f1os archivos de texto que contienen una cadena de caracteres que identifican de forma \u00fanica su navegador o dispositivo.\" \/>\n<meta property=\"og:url\" content=\"https:\/\/www.leafieldmarine.com\/es\/politica-de-cookies\/\" \/>\n<meta property=\"og:site_name\" content=\"Leafield Marine\" \/>\n<meta name=\"twitter:card\" content=\"summary_large_image\" \/>\n<meta name=\"twitter:label1\" content=\"Tiempo de lectura\" \/>\n\t<meta name=\"twitter:data1\" content=\"4 minutos\" \/>\n<script type=\"application\/ld+json\" class=\"yoast-schema-graph\">{\"@context\":\"https:\\\/\\\/schema.org\",\"@graph\":[{\"@type\":\"WebPage\",\"@id\":\"https:\\\/\\\/www.leafieldmarine.com\\\/es\\\/politica-de-cookies\\\/\",\"url\":\"https:\\\/\\\/www.leafieldmarine.com\\\/es\\\/politica-de-cookies\\\/\",\"name\":\"Pol\u00edtica de cookies - Leafield Marine\",\"isPartOf\":{\"@id\":\"https:\\\/\\\/www.leafieldmarine.com\\\/es\\\/#website\"},\"datePublished\":\"2020-04-03T11:02:05+00:00\",\"description\":\"Las cookies son peque\u00f1os archivos de texto que contienen una cadena de caracteres que identifican de forma \u00fanica su navegador o dispositivo.\",\"breadcrumb\":{\"@id\":\"https:\\\/\\\/www.leafieldmarine.com\\\/es\\\/politica-de-cookies\\\/#breadcrumb\"},\"inLanguage\":\"es\",\"potentialAction\":[{\"@type\":\"ReadAction\",\"target\":[\"https:\\\/\\\/www.leafieldmarine.com\\\/es\\\/politica-de-cookies\\\/\"]}]},{\"@type\":\"BreadcrumbList\",\"@id\":\"https:\\\/\\\/www.leafieldmarine.com\\\/es\\\/politica-de-cookies\\\/#breadcrumb\",\"itemListElement\":[{\"@type\":\"ListItem\",\"position\":1,\"name\":\"Home\",\"item\":\"https:\\\/\\\/www.leafieldmarine.com\\\/es\\\/\"},{\"@type\":\"ListItem\",\"position\":2,\"name\":\"Pol\u00edtica de cookies\"}]},{\"@type\":\"WebSite\",\"@id\":\"https:\\\/\\\/www.leafieldmarine.com\\\/es\\\/#website\",\"url\":\"https:\\\/\\\/www.leafieldmarine.com\\\/es\\\/\",\"name\":\"Leafield Marine\",\"description\":\"World Class Air Valves for Inflatable Structures\",\"publisher\":{\"@id\":\"https:\\\/\\\/www.leafieldmarine.com\\\/es\\\/#organization\"},\"potentialAction\":[{\"@type\":\"SearchAction\",\"target\":{\"@type\":\"EntryPoint\",\"urlTemplate\":\"https:\\\/\\\/www.leafieldmarine.com\\\/es\\\/?s={search_term_string}\"},\"query-input\":{\"@type\":\"PropertyValueSpecification\",\"valueRequired\":true,\"valueName\":\"search_term_string\"}}],\"inLanguage\":\"es\"},{\"@type\":\"Organization\",\"@id\":\"https:\\\/\\\/www.leafieldmarine.com\\\/es\\\/#organization\",\"name\":\"Leafield Marine\",\"url\":\"https:\\\/\\\/www.leafieldmarine.com\\\/es\\\/\",\"logo\":{\"@type\":\"ImageObject\",\"inLanguage\":\"es\",\"@id\":\"https:\\\/\\\/www.leafieldmarine.com\\\/es\\\/#\\\/schema\\\/logo\\\/image\\\/\",\"url\":\"https:\\\/\\\/www.leafieldmarine.com\\\/wp-content\\\/uploads\\\/2022\\\/10\\\/leafield-marine-logo.png\",\"contentUrl\":\"https:\\\/\\\/www.leafieldmarine.com\\\/wp-content\\\/uploads\\\/2022\\\/10\\\/leafield-marine-logo.png\",\"width\":247,\"height\":191,\"caption\":\"Leafield Marine\"},\"image\":{\"@id\":\"https:\\\/\\\/www.leafieldmarine.com\\\/es\\\/#\\\/schema\\\/logo\\\/image\\\/\"}}]}<\/script>\n<!-- \/ Yoast SEO plugin. -->","yoast_head_json":{"title":"Pol\u00edtica de cookies - Leafield Marine","description":"Las cookies son peque\u00f1os archivos de texto que contienen una cadena de caracteres que identifican de forma \u00fanica su navegador o dispositivo.","robots":{"index":"index","follow":"follow","max-snippet":"max-snippet:-1","max-image-preview":"max-image-preview:large","max-video-preview":"max-video-preview:-1"},"canonical":"https:\/\/www.leafieldmarine.com\/es\/politica-de-cookies\/","og_locale":"es_ES","og_type":"article","og_title":"Pol\u00edtica de cookies - Leafield Marine","og_description":"Las cookies son peque\u00f1os archivos de texto que contienen una cadena de caracteres que identifican de forma \u00fanica su navegador o dispositivo.","og_url":"https:\/\/www.leafieldmarine.com\/es\/politica-de-cookies\/","og_site_name":"Leafield Marine","twitter_card":"summary_large_image","twitter_misc":{"Tiempo de lectura":"4 minutos"},"schema":{"@context":"https:\/\/schema.org","@graph":[{"@type":"WebPage","@id":"https:\/\/www.leafieldmarine.com\/es\/politica-de-cookies\/","url":"https:\/\/www.leafieldmarine.com\/es\/politica-de-cookies\/","name":"Pol\u00edtica de cookies - Leafield Marine","isPartOf":{"@id":"https:\/\/www.leafieldmarine.com\/es\/#website"},"datePublished":"2020-04-03T11:02:05+00:00","description":"Las cookies son peque\u00f1os archivos de texto que contienen una cadena de caracteres que identifican de forma \u00fanica su navegador o dispositivo.","breadcrumb":{"@id":"https:\/\/www.leafieldmarine.com\/es\/politica-de-cookies\/#breadcrumb"},"inLanguage":"es","potentialAction":[{"@type":"ReadAction","target":["https:\/\/www.leafieldmarine.com\/es\/politica-de-cookies\/"]}]},{"@type":"BreadcrumbList","@id":"https:\/\/www.leafieldmarine.com\/es\/politica-de-cookies\/#breadcrumb","itemListElement":[{"@type":"ListItem","position":1,"name":"Home","item":"https:\/\/www.leafieldmarine.com\/es\/"},{"@type":"ListItem","position":2,"name":"Pol\u00edtica de cookies"}]},{"@type":"WebSite","@id":"https:\/\/www.leafieldmarine.com\/es\/#website","url":"https:\/\/www.leafieldmarine.com\/es\/","name":"Leafield Marine","description":"World Class Air Valves for Inflatable Structures","publisher":{"@id":"https:\/\/www.leafieldmarine.com\/es\/#organization"},"potentialAction":[{"@type":"SearchAction","target":{"@type":"EntryPoint","urlTemplate":"https:\/\/www.leafieldmarine.com\/es\/?s={search_term_string}"},"query-input":{"@type":"PropertyValueSpecification","valueRequired":true,"valueName":"search_term_string"}}],"inLanguage":"es"},{"@type":"Organization","@id":"https:\/\/www.leafieldmarine.com\/es\/#organization","name":"Leafield Marine","url":"https:\/\/www.leafieldmarine.com\/es\/","logo":{"@type":"ImageObject","inLanguage":"es","@id":"https:\/\/www.leafieldmarine.com\/es\/#\/schema\/logo\/image\/","url":"https:\/\/www.leafieldmarine.com\/wp-content\/uploads\/2022\/10\/leafield-marine-logo.png","contentUrl":"https:\/\/www.leafieldmarine.com\/wp-content\/uploads\/2022\/10\/leafield-marine-logo.png","width":247,"height":191,"caption":"Leafield Marine"},"image":{"@id":"https:\/\/www.leafieldmarine.com\/es\/#\/schema\/logo\/image\/"}}]}},"acf":[],"_links":{"self":[{"href":"https:\/\/www.leafieldmarine.com\/es\/wp-json\/wp\/v2\/pages\/4120","targetHints":{"allow":["GET"]}}],"collection":[{"href":"https:\/\/www.leafieldmarine.com\/es\/wp-json\/wp\/v2\/pages"}],"about":[{"href":"https:\/\/www.leafieldmarine.com\/es\/wp-json\/wp\/v2\/types\/page"}],"author":[{"embeddable":true,"href":"https:\/\/www.leafieldmarine.com\/es\/wp-json\/wp\/v2\/users\/8"}],"replies":[{"embeddable":true,"href":"https:\/\/www.leafieldmarine.com\/es\/wp-json\/wp\/v2\/comments?post=4120"}],"version-history":[{"count":0,"href":"https:\/\/www.leafieldmarine.com\/es\/wp-json\/wp\/v2\/pages\/4120\/revisions"}],"wp:attachment":[{"href":"https:\/\/www.leafieldmarine.com\/es\/wp-json\/wp\/v2\/media?parent=4120"}],"curies":[{"name":"wp","href":"https:\/\/api.w.org\/{rel}","templated":true}]}}