{"id":4148,"date":"2020-04-03T10:59:06","date_gmt":"2020-04-03T10:59:06","guid":{"rendered":"https:\/\/www.leafieldmarine.com\/contacto\/"},"modified":"2025-04-09T08:20:19","modified_gmt":"2025-04-09T08:20:19","slug":"contacto","status":"publish","type":"page","link":"https:\/\/www.leafieldmarine.com\/es\/contacto\/","title":{"rendered":"Cont\u00e1ctenos"},"content":{"rendered":"<div class=\"mai-columns\"><div class=\"mai-columns-wrap has-columns\" style=\"--column-gap:var(--spacing-xl);--row-gap:var(--spacing-xl);--align-columns:start;--align-columns-vertical:initial;\">\n<div class=\"mai-column is-column\" style=\"--columns-xs:1\/1;--flex-xs:0 0 var(--flex-basis);--columns-sm:1\/2;--flex-sm:0 0 var(--flex-basis);--columns-md:1\/2;--flex-md:0 0 var(--flex-basis);--columns-lg:1\/2;--flex-lg:0 0 var(--flex-basis);--justify-content:start;\">\n\n<p>9 Parque Empresarial Atworth, <br\/>Atworth, <br\/>Wiltshire <br\/>SN12 8SB<\/p>\n\n\n\n<p><strong><a href=\"Tel:+44%201225%20899550\">+44 1225 899550<\/a><\/strong><\/p>\n\n\n\n<p><a href=\"mailto:sales@leafieldmarine.co.uk\"><strong>sales@leafieldmarine.co.uk<\/strong><\/a><\/p>\n\n\n\n<div style=\"height:100px\" aria-hidden=\"true\" class=\"wp-block-spacer\"><\/div>\n\n\n\n<h2 class=\"wp-block-heading\">Folleto del producto<\/h2>\n\n\n\n<iframe allowfullscreen=\"allowfullscreen\" scrolling=\"no\" class=\"fp-iframe\" src=\"https:\/\/leafieldmarine.aflip.in\/9da143550b.html\" style=\"border: 1px solid lightgray; width: 100%; height: 400px;\"><\/iframe>\n\n<\/div>\n\n<div class=\"mai-column is-column\" style=\"--columns-xs:1\/1;--flex-xs:0 0 var(--flex-basis);--columns-sm:1\/2;--flex-sm:0 0 var(--flex-basis);--columns-md:1\/2;--flex-md:0 0 var(--flex-basis);--columns-lg:1\/2;--flex-lg:0 0 var(--flex-basis);--justify-content:start;\">\n\n\n\n<h2 class=\"wp-block-heading\">\u00bfQuieres un c\u00f3digo del 15% para nuestra tienda online?<\/h2>\n\n\n\n<h3 class=\"wp-block-heading\">\u00bfBolet\u00edn, c\u00f3digos de oferta y m\u00e1s?<\/h3>\n\n\n\n<p>Precisi\u00f3n. Rendimiento. Innovaci\u00f3n. Suscr\u00edbase ahora para obtener informaci\u00f3n exclusiva de Leafield Marine.   <\/p>\n\n\n\n<div class=\"wp-block-leadin-hubspot-form-block\">\n\t\t\t\t\t\t<script>\n\t\t\t\t\t\t\twindow.hsFormsOnReady = window.hsFormsOnReady || [];\n\t\t\t\t\t\t\twindow.hsFormsOnReady.push(()=>{\n\t\t\t\t\t\t\t\thbspt.forms.create({\n\t\t\t\t\t\t\t\t\tportalId: 19520949,\n\t\t\t\t\t\t\t\t\tformId: \"9ef036b9-1768-48ef-be9e-ddff4b089fe2\",\n\t\t\t\t\t\t\t\t\ttarget: \"#hbspt-form-1777605828000-7933290255\",\n\t\t\t\t\t\t\t\t\tregion: \"na1\",\n\t\t\t\t\t\t\t\t\t\n\t\t\t\t\t\t\t})});\n\t\t\t\t\t\t<\/script>\n\t\t\t\t\t\t<div class=\"hbspt-form\" id=\"hbspt-form-1777605828000-7933290255\"><\/div><\/div>\n\n<\/div>\n<\/div><\/div>\n<div class=\"wp-block-group alignfull has-background\" style=\"background-color:#f2f6f8\"><div class=\"wp-block-group__inner-container is-layout-flow wp-block-group-is-layout-flow\"><div class=\"mai-divider mai-divider-wave alignfull flip-vertical flip-horizontal\" style=\"--divider-color:var(--color-white);--divider-background-color:transparent;--divider-height:var(--padding-lg);\"><svg fill=\"currentColor\" enable-background=\"new 0 0 1000 120\" viewbox=\"0 0 1000 120\" preserveaspectratio=\"none\" aria-hidden=\"true\" focusable=\"false\" xmlns=\"http:\/\/www.w3.org\/2000\/svg\" class=\"mai-divider-svg\"><path d=\"M 0 80 Q 200 160 500 60 Q 770 -40 1000 40 L 1000 120 L 0 120 Z\"><\/path><\/svg><\/div><\/div><\/div>\n\n<div class=\"wp-block-group alignfull has-background has-lg-content-width\" style=\"background-color:#f2f6f8\"><div class=\"wp-block-group__inner-container is-layout-flow wp-block-group-is-layout-flow\">\n<div style=\"height:27px\" aria-hidden=\"true\" class=\"wp-block-spacer\"><\/div>\n\n\n\n<iframe src=\"https:\/\/www.google.com\/maps\/embed?pb=!1m18!1m12!1m3!1d2489.677091990175!2d-2.1935243483145417!3d51.39061252695602!2m3!1f0!2f0!3f0!3m2!1i1024!2i768!4f13.1!3m3!1m2!1s0x48717ea131f528ad%3A0x8bd2df83ba299a01!2sValves%20For%20Inflatable%20Structures%20%7C%20Leafield%20Marine%20Ltd!5e0!3m2!1sen!2suk!4v1666252612248!5m2!1sen!2suk\" style=\"border:0;\" allowfullscreen=\"\" loading=\"lazy\" referrerpolicy=\"no-referrer-when-downgrade\" width=\"1600\" height=\"600\"><\/iframe>\n\n\n\n<div style=\"height:42px\" aria-hidden=\"true\" class=\"wp-block-spacer\"><\/div>\n<\/div><\/div>\n","protected":false},"excerpt":{"rendered":"","protected":false},"author":8,"featured_media":0,"parent":0,"menu_order":0,"comment_status":"closed","ping_status":"closed","template":"","meta":{"_acf_changed":false,"content-type":"","_genesis_hide_title":false,"_genesis_hide_breadcrumbs":false,"_genesis_hide_singular_image":false,"_genesis_hide_footer_widgets":false,"_genesis_custom_body_class":"","_genesis_custom_post_class":"","_genesis_layout":"","footnotes":""},"class_list":{"1":"page","2":"type-page","5":"entry"},"featured_image_src":null,"yoast_head":"<!-- This site is optimized with the Yoast SEO plugin v27.5 - https:\/\/yoast.com\/product\/yoast-seo-wordpress\/ -->\n<title>Cont\u00e1ctenos - Leafield Marine<\/title>\n<meta name=\"description\" content=\"\u00a1Encuentre la informaci\u00f3n de contacto de Leafield Marine y p\u00f3ngase en contacto hoy mismo! Ya sea para asesoramiento t\u00e9cnico o simplemente para obtener m\u00e1s informaci\u00f3n, p\u00f3ngase en contacto con nosotros\" \/>\n<meta name=\"robots\" content=\"index, follow, max-snippet:-1, max-image-preview:large, max-video-preview:-1\" \/>\n<link rel=\"canonical\" href=\"https:\/\/www.leafieldmarine.com\/es\/contacto\/\" \/>\n<meta property=\"og:locale\" content=\"es_ES\" \/>\n<meta property=\"og:type\" content=\"article\" \/>\n<meta property=\"og:title\" content=\"Cont\u00e1ctenos - Leafield Marine\" \/>\n<meta property=\"og:description\" content=\"\u00a1Encuentre la informaci\u00f3n de contacto de Leafield Marine y p\u00f3ngase en contacto hoy mismo! Ya sea para asesoramiento t\u00e9cnico o simplemente para obtener m\u00e1s informaci\u00f3n, p\u00f3ngase en contacto con nosotros\" \/>\n<meta property=\"og:url\" content=\"https:\/\/www.leafieldmarine.com\/es\/contacto\/\" \/>\n<meta property=\"og:site_name\" content=\"Leafield Marine\" \/>\n<meta property=\"article:modified_time\" content=\"2025-04-09T08:20:19+00:00\" \/>\n<meta name=\"twitter:card\" content=\"summary_large_image\" \/>\n<meta name=\"twitter:label1\" content=\"Tiempo de lectura\" \/>\n\t<meta name=\"twitter:data1\" content=\"1 minuto\" \/>\n<script type=\"application\/ld+json\" class=\"yoast-schema-graph\">{\"@context\":\"https:\\\/\\\/schema.org\",\"@graph\":[{\"@type\":\"WebPage\",\"@id\":\"https:\\\/\\\/www.leafieldmarine.com\\\/es\\\/contacto\\\/\",\"url\":\"https:\\\/\\\/www.leafieldmarine.com\\\/es\\\/contacto\\\/\",\"name\":\"Cont\u00e1ctenos - Leafield Marine\",\"isPartOf\":{\"@id\":\"https:\\\/\\\/www.leafieldmarine.com\\\/es\\\/#website\"},\"datePublished\":\"2020-04-03T10:59:06+00:00\",\"dateModified\":\"2025-04-09T08:20:19+00:00\",\"description\":\"\u00a1Encuentre la informaci\u00f3n de contacto de Leafield Marine y p\u00f3ngase en contacto hoy mismo! Ya sea para asesoramiento t\u00e9cnico o simplemente para obtener m\u00e1s informaci\u00f3n, p\u00f3ngase en contacto con nosotros\",\"breadcrumb\":{\"@id\":\"https:\\\/\\\/www.leafieldmarine.com\\\/es\\\/contacto\\\/#breadcrumb\"},\"inLanguage\":\"es\",\"potentialAction\":[{\"@type\":\"ReadAction\",\"target\":[\"https:\\\/\\\/www.leafieldmarine.com\\\/es\\\/contacto\\\/\"]}]},{\"@type\":\"BreadcrumbList\",\"@id\":\"https:\\\/\\\/www.leafieldmarine.com\\\/es\\\/contacto\\\/#breadcrumb\",\"itemListElement\":[{\"@type\":\"ListItem\",\"position\":1,\"name\":\"Home\",\"item\":\"https:\\\/\\\/www.leafieldmarine.com\\\/es\\\/\"},{\"@type\":\"ListItem\",\"position\":2,\"name\":\"Cont\u00e1ctenos\"}]},{\"@type\":\"WebSite\",\"@id\":\"https:\\\/\\\/www.leafieldmarine.com\\\/es\\\/#website\",\"url\":\"https:\\\/\\\/www.leafieldmarine.com\\\/es\\\/\",\"name\":\"Leafield Marine\",\"description\":\"World Class Air Valves for Inflatable Structures\",\"publisher\":{\"@id\":\"https:\\\/\\\/www.leafieldmarine.com\\\/es\\\/#organization\"},\"potentialAction\":[{\"@type\":\"SearchAction\",\"target\":{\"@type\":\"EntryPoint\",\"urlTemplate\":\"https:\\\/\\\/www.leafieldmarine.com\\\/es\\\/?s={search_term_string}\"},\"query-input\":{\"@type\":\"PropertyValueSpecification\",\"valueRequired\":true,\"valueName\":\"search_term_string\"}}],\"inLanguage\":\"es\"},{\"@type\":\"Organization\",\"@id\":\"https:\\\/\\\/www.leafieldmarine.com\\\/es\\\/#organization\",\"name\":\"Leafield Marine\",\"url\":\"https:\\\/\\\/www.leafieldmarine.com\\\/es\\\/\",\"logo\":{\"@type\":\"ImageObject\",\"inLanguage\":\"es\",\"@id\":\"https:\\\/\\\/www.leafieldmarine.com\\\/es\\\/#\\\/schema\\\/logo\\\/image\\\/\",\"url\":\"https:\\\/\\\/www.leafieldmarine.com\\\/wp-content\\\/uploads\\\/2022\\\/10\\\/leafield-marine-logo.png\",\"contentUrl\":\"https:\\\/\\\/www.leafieldmarine.com\\\/wp-content\\\/uploads\\\/2022\\\/10\\\/leafield-marine-logo.png\",\"width\":247,\"height\":191,\"caption\":\"Leafield Marine\"},\"image\":{\"@id\":\"https:\\\/\\\/www.leafieldmarine.com\\\/es\\\/#\\\/schema\\\/logo\\\/image\\\/\"}}]}<\/script>\n<!-- \/ Yoast SEO plugin. -->","yoast_head_json":{"title":"Cont\u00e1ctenos - Leafield Marine","description":"\u00a1Encuentre la informaci\u00f3n de contacto de Leafield Marine y p\u00f3ngase en contacto hoy mismo! Ya sea para asesoramiento t\u00e9cnico o simplemente para obtener m\u00e1s informaci\u00f3n, p\u00f3ngase en contacto con nosotros","robots":{"index":"index","follow":"follow","max-snippet":"max-snippet:-1","max-image-preview":"max-image-preview:large","max-video-preview":"max-video-preview:-1"},"canonical":"https:\/\/www.leafieldmarine.com\/es\/contacto\/","og_locale":"es_ES","og_type":"article","og_title":"Cont\u00e1ctenos - Leafield Marine","og_description":"\u00a1Encuentre la informaci\u00f3n de contacto de Leafield Marine y p\u00f3ngase en contacto hoy mismo! Ya sea para asesoramiento t\u00e9cnico o simplemente para obtener m\u00e1s informaci\u00f3n, p\u00f3ngase en contacto con nosotros","og_url":"https:\/\/www.leafieldmarine.com\/es\/contacto\/","og_site_name":"Leafield Marine","article_modified_time":"2025-04-09T08:20:19+00:00","twitter_card":"summary_large_image","twitter_misc":{"Tiempo de lectura":"1 minuto"},"schema":{"@context":"https:\/\/schema.org","@graph":[{"@type":"WebPage","@id":"https:\/\/www.leafieldmarine.com\/es\/contacto\/","url":"https:\/\/www.leafieldmarine.com\/es\/contacto\/","name":"Cont\u00e1ctenos - Leafield Marine","isPartOf":{"@id":"https:\/\/www.leafieldmarine.com\/es\/#website"},"datePublished":"2020-04-03T10:59:06+00:00","dateModified":"2025-04-09T08:20:19+00:00","description":"\u00a1Encuentre la informaci\u00f3n de contacto de Leafield Marine y p\u00f3ngase en contacto hoy mismo! Ya sea para asesoramiento t\u00e9cnico o simplemente para obtener m\u00e1s informaci\u00f3n, p\u00f3ngase en contacto con nosotros","breadcrumb":{"@id":"https:\/\/www.leafieldmarine.com\/es\/contacto\/#breadcrumb"},"inLanguage":"es","potentialAction":[{"@type":"ReadAction","target":["https:\/\/www.leafieldmarine.com\/es\/contacto\/"]}]},{"@type":"BreadcrumbList","@id":"https:\/\/www.leafieldmarine.com\/es\/contacto\/#breadcrumb","itemListElement":[{"@type":"ListItem","position":1,"name":"Home","item":"https:\/\/www.leafieldmarine.com\/es\/"},{"@type":"ListItem","position":2,"name":"Cont\u00e1ctenos"}]},{"@type":"WebSite","@id":"https:\/\/www.leafieldmarine.com\/es\/#website","url":"https:\/\/www.leafieldmarine.com\/es\/","name":"Leafield Marine","description":"World Class Air Valves for Inflatable Structures","publisher":{"@id":"https:\/\/www.leafieldmarine.com\/es\/#organization"},"potentialAction":[{"@type":"SearchAction","target":{"@type":"EntryPoint","urlTemplate":"https:\/\/www.leafieldmarine.com\/es\/?s={search_term_string}"},"query-input":{"@type":"PropertyValueSpecification","valueRequired":true,"valueName":"search_term_string"}}],"inLanguage":"es"},{"@type":"Organization","@id":"https:\/\/www.leafieldmarine.com\/es\/#organization","name":"Leafield Marine","url":"https:\/\/www.leafieldmarine.com\/es\/","logo":{"@type":"ImageObject","inLanguage":"es","@id":"https:\/\/www.leafieldmarine.com\/es\/#\/schema\/logo\/image\/","url":"https:\/\/www.leafieldmarine.com\/wp-content\/uploads\/2022\/10\/leafield-marine-logo.png","contentUrl":"https:\/\/www.leafieldmarine.com\/wp-content\/uploads\/2022\/10\/leafield-marine-logo.png","width":247,"height":191,"caption":"Leafield Marine"},"image":{"@id":"https:\/\/www.leafieldmarine.com\/es\/#\/schema\/logo\/image\/"}}]}},"acf":[],"_links":{"self":[{"href":"https:\/\/www.leafieldmarine.com\/es\/wp-json\/wp\/v2\/pages\/4148","targetHints":{"allow":["GET"]}}],"collection":[{"href":"https:\/\/www.leafieldmarine.com\/es\/wp-json\/wp\/v2\/pages"}],"about":[{"href":"https:\/\/www.leafieldmarine.com\/es\/wp-json\/wp\/v2\/types\/page"}],"author":[{"embeddable":true,"href":"https:\/\/www.leafieldmarine.com\/es\/wp-json\/wp\/v2\/users\/8"}],"replies":[{"embeddable":true,"href":"https:\/\/www.leafieldmarine.com\/es\/wp-json\/wp\/v2\/comments?post=4148"}],"version-history":[{"count":0,"href":"https:\/\/www.leafieldmarine.com\/es\/wp-json\/wp\/v2\/pages\/4148\/revisions"}],"wp:attachment":[{"href":"https:\/\/www.leafieldmarine.com\/es\/wp-json\/wp\/v2\/media?parent=4148"}],"curies":[{"name":"wp","href":"https:\/\/api.w.org\/{rel}","templated":true}]}}