{"id":4166,"date":"2020-04-03T11:26:02","date_gmt":"2020-04-03T11:26:02","guid":{"rendered":"https:\/\/www.leafieldmarine.com\/carpas-inflables-y-otras-estructuras\/"},"modified":"2022-12-02T10:47:41","modified_gmt":"2022-12-02T10:47:41","slug":"carpas-inflables-y-otras-estructuras","status":"publish","type":"page","link":"https:\/\/www.leafieldmarine.com\/es\/carpas-inflables-y-otras-estructuras\/","title":{"rendered":"Carpas inflables y otras estructuras"},"content":{"rendered":"\n<p>La gama de v\u00e1lvulas Leafield Marine es ideal para una amplia variedad de estructuras inflables. Estos incluyen toldos para carpas, refugios de emergencia, carpas de descontaminaci\u00f3n, inflables promocionales, bolsas de elevaci\u00f3n, asientos, tablas de snowboard, plataformas de rescate, equipos de parques acu\u00e1ticos, colchonetas de gimnasio, paredes, barreras contra choques, booms de petr\u00f3leo e incluso instalaciones de arte.<\/p>\n\n\n\n<p>Debido a la amplia gama de opciones disponibles, le sugerimos encarecidamente que <a href=\"https:\/\/www.leafieldmarine.com\/contact\/\">se ponga en contacto con nosotros.<\/a> Esto nos permitir\u00e1 proporcionar la mejor soluci\u00f3n para sus productos.<\/p>\n\n\n\n<p>&nbsp;<\/p>\n\n\n\n<div class=\"wp-block-group alignfull has-background\" style=\"background-color:#f2f6f8\"><div class=\"wp-block-group__inner-container is-layout-flow wp-block-group-is-layout-flow\"><div class=\"mai-divider mai-divider-wave alignfull flip-vertical flip-horizontal\" style=\"--divider-color:var(--color-white);--divider-background-color:transparent;--divider-height:var(--padding-lg);\"><svg fill=\"currentColor\" enable-background=\"new 0 0 1000 120\" viewbox=\"0 0 1000 120\" preserveaspectratio=\"none\" aria-hidden=\"true\" focusable=\"false\" xmlns=\"http:\/\/www.w3.org\/2000\/svg\" class=\"mai-divider-svg\"><path d=\"M 0 80 Q 200 160 500 60 Q 770 -40 1000 40 L 1000 120 L 0 120 Z\"><\/path><\/svg><\/div><\/div><\/div>\n\n\n\n<div class=\"wp-block-group alignfull has-background\" style=\"background-color:#f2f6f8\"><div class=\"wp-block-group__inner-container is-layout-flow wp-block-group-is-layout-flow\"><div class=\"mai-divider mai-divider-wave alignfull\" style=\"--divider-color:#f2f6f8;--divider-background-color:transparent;--divider-height:var(--padding-lg);\"><svg fill=\"currentColor\" enable-background=\"new 0 0 1000 120\" viewbox=\"0 0 1000 120\" preserveaspectratio=\"none\" aria-hidden=\"true\" focusable=\"false\" xmlns=\"http:\/\/www.w3.org\/2000\/svg\" class=\"mai-divider-svg\"><path d=\"M 0 80 Q 200 160 500 60 Q 770 -40 1000 40 L 1000 120 L 0 120 Z\"><\/path><\/svg><\/div><\/div><\/div>\n\n\n\n<div class=\"wp-block-group alignfull has-background has-lg-content-width\" style=\"background-color:#f2f6f8\"><div class=\"wp-block-group__inner-container is-layout-flow wp-block-group-is-layout-flow\">\n<h2 class=\"has-text-align-center wp-block-heading\">Explore nuestros productos<\/h2>\n\n\n\n<div style=\"height:27px\" aria-hidden=\"true\" class=\"wp-block-spacer\"><\/div>\n\n\n<div class=\"mai-columns alignwide\"><div class=\"mai-columns-wrap has-columns\" style=\"--column-gap:var(--spacing-xl);--row-gap:var(--spacing-xl);--align-columns:start;--align-columns-vertical:initial;\">\n<div class=\"mai-column is-column has-md-padding has-background has-light-background has-shadow\" style=\"--columns-xs:1\/1;--flex-xs:0 0 var(--flex-basis);--columns-sm:1\/2;--flex-sm:0 0 var(--flex-basis);--columns-md:1\/4;--flex-md:0 0 var(--flex-basis);--columns-lg:1\/4;--flex-lg:0 0 var(--flex-basis);--justify-content:start;background:var(--color-white);\">\n\n<figure class=\"wp-block-image size-large\"><img decoding=\"async\" width=\"1024\" height=\"697\" src=\"https:\/\/www.leafieldmarine.com\/wp-content\/uploads\/2021\/08\/NRS-rescue-board-2-1024x697.jpg\" alt=\"Junta de rescate NRS\" class=\"wp-image-949\" srcset=\"https:\/\/www.leafieldmarine.com\/wp-content\/uploads\/2021\/08\/NRS-rescue-board-2-300x204.jpg 300w, https:\/\/www.leafieldmarine.com\/wp-content\/uploads\/2021\/08\/NRS-rescue-board-2-600x408.jpg 600w, https:\/\/www.leafieldmarine.com\/wp-content\/uploads\/2021\/08\/NRS-rescue-board-2-768x523.jpg 768w, https:\/\/www.leafieldmarine.com\/wp-content\/uploads\/2021\/08\/NRS-rescue-board-2-1024x697.jpg 1024w, https:\/\/www.leafieldmarine.com\/wp-content\/uploads\/2021\/08\/NRS-rescue-board-2-1536x1046.jpg 1536w, https:\/\/www.leafieldmarine.com\/wp-content\/uploads\/2021\/08\/NRS-rescue-board-2.jpg 1920w, https:\/\/www.leafieldmarine.com\/wp-content\/uploads\/2021\/08\/NRS-rescue-board-2-2048x1394.jpg 2048w\" sizes=\"(max-width: 1024px) 100vw, 1024px\" \/><\/figure>\n\n\n\n<h5 class=\"has-text-align-center wp-block-heading\"><a href=\"https:\/\/www.leafieldmarine.com\/pressure-relief-valves\/a9-pressure-relief-valve\/\">Dispositivos de rescate<\/a><\/h5>\n\n<\/div>\n\n<div class=\"mai-column is-column has-md-padding has-background has-light-background has-shadow\" style=\"--columns-xs:1\/1;--flex-xs:0 0 var(--flex-basis);--columns-sm:1\/2;--flex-sm:0 0 var(--flex-basis);--columns-md:1\/4;--flex-md:0 0 var(--flex-basis);--columns-lg:1\/4;--flex-lg:0 0 var(--flex-basis);--justify-content:start;background:var(--color-white);\">\n\n<figure class=\"wp-block-image size-large\"><img decoding=\"async\" width=\"1024\" height=\"681\" src=\"https:\/\/www.leafieldmarine.com\/wp-content\/uploads\/2021\/08\/Inflatable-Decontamination-Shower-1024x681.jpg\" alt=\"Carpa inflable\" class=\"wp-image-950\" srcset=\"https:\/\/www.leafieldmarine.com\/wp-content\/uploads\/2021\/08\/Inflatable-Decontamination-Shower-300x199.jpg 300w, https:\/\/www.leafieldmarine.com\/wp-content\/uploads\/2021\/08\/Inflatable-Decontamination-Shower-600x399.jpg 600w, https:\/\/www.leafieldmarine.com\/wp-content\/uploads\/2021\/08\/Inflatable-Decontamination-Shower-768x511.jpg 768w, https:\/\/www.leafieldmarine.com\/wp-content\/uploads\/2021\/08\/Inflatable-Decontamination-Shower-1024x681.jpg 1024w, https:\/\/www.leafieldmarine.com\/wp-content\/uploads\/2021\/08\/Inflatable-Decontamination-Shower-1536x1021.jpg 1536w, https:\/\/www.leafieldmarine.com\/wp-content\/uploads\/2021\/08\/Inflatable-Decontamination-Shower-scaled.jpg 1920w, https:\/\/www.leafieldmarine.com\/wp-content\/uploads\/2021\/08\/Inflatable-Decontamination-Shower-2048x1362.jpg 2048w\" sizes=\"(max-width: 1024px) 100vw, 1024px\" \/><\/figure>\n\n\n\n<h5 class=\"has-text-align-center wp-block-heading\"><a href=\"https:\/\/www.leafieldmarine.com\/transfer-valves\/snap-fit-connector-assembly\/\">Tiendas inflables y refugios<\/a><\/h5>\n\n<\/div>\n\n<div class=\"mai-column is-column has-md-padding has-background has-light-background has-shadow\" style=\"--columns-xs:1\/1;--flex-xs:0 0 var(--flex-basis);--columns-sm:1\/2;--flex-sm:0 0 var(--flex-basis);--columns-md:1\/4;--flex-md:0 0 var(--flex-basis);--columns-lg:1\/4;--flex-lg:0 0 var(--flex-basis);--justify-content:start;background:var(--color-white);\">\n\n<figure class=\"wp-block-image size-full\"><img decoding=\"async\" width=\"1024\" height=\"683\" src=\"https:\/\/www.leafieldmarine.com\/wp-content\/uploads\/2021\/08\/Airboard.jpg\" alt=\"Airboard\" class=\"wp-image-951\" srcset=\"https:\/\/www.leafieldmarine.com\/wp-content\/uploads\/2021\/08\/Airboard-300x200.jpg 300w, https:\/\/www.leafieldmarine.com\/wp-content\/uploads\/2021\/08\/Airboard-600x400.jpg 600w, https:\/\/www.leafieldmarine.com\/wp-content\/uploads\/2021\/08\/Airboard-768x512.jpg 768w, https:\/\/www.leafieldmarine.com\/wp-content\/uploads\/2021\/08\/Airboard.jpg 1024w\" sizes=\"(max-width: 1024px) 100vw, 1024px\" \/><\/figure>\n\n\n\n<h5 class=\"has-text-align-center wp-block-heading\"><a href=\"https:\/\/www.leafieldmarine.com\/inflation-deflation-valves\/d7-inflation-deflation-valve\/\">Productos de ocio<\/a><\/h5>\n\n<\/div>\n\n<div class=\"mai-column is-column has-md-padding has-background has-light-background has-shadow\" style=\"--columns-xs:1\/1;--flex-xs:0 0 var(--flex-basis);--columns-sm:1\/2;--flex-sm:0 0 var(--flex-basis);--columns-md:1\/4;--flex-md:0 0 var(--flex-basis);--columns-lg:1\/4;--flex-lg:0 0 var(--flex-basis);--justify-content:start;background:var(--color-white);\">\n\n<figure class=\"wp-block-image size-full\"><img decoding=\"async\" width=\"418\" height=\"284\" src=\"https:\/\/www.leafieldmarine.com\/wp-content\/uploads\/2022\/03\/Oil-Boom-Valves-e1648115426385.jpg\" alt=\"boom petrolero\" class=\"wp-image-1151\" srcset=\"https:\/\/www.leafieldmarine.com\/wp-content\/uploads\/2022\/03\/Oil-Boom-Valves-e1648115426385-300x204.jpg 300w, https:\/\/www.leafieldmarine.com\/wp-content\/uploads\/2022\/03\/Oil-Boom-Valves-e1648115426385.jpg 418w\" sizes=\"(max-width: 418px) 100vw, 418px\" \/><\/figure>\n\n\n\n<h5 class=\"has-text-align-center wp-block-heading\"><a href=\"https:\/\/www.leafieldmarine.com\/pressure-relief-valves\/b10-pressure-relief-valve\/\">Auges petroleros<\/a><\/h5>\n\n<\/div>\n<\/div><\/div>\n\n\n<div style=\"height:27px\" aria-hidden=\"true\" class=\"wp-block-spacer\"><\/div>\n\n\n\n<div style=\"height:42px\" aria-hidden=\"true\" class=\"wp-block-spacer\"><\/div>\n<\/div><\/div>\n","protected":false},"excerpt":{"rendered":"<p>La gama de v\u00e1lvulas Leafield Marine es ideal para una amplia variedad de estructuras inflables. Estos incluyen toldos para carpas, refugios de emergencia, carpas de descontaminaci\u00f3n, inflables promocionales, bolsas de elevaci\u00f3n, asientos, tablas de snowboard, plataformas de rescate, equipos de parques acu\u00e1ticos, colchonetas de gimnasio, paredes, barreras contra choques, booms de petr\u00f3leo e incluso instalaciones &hellip;<\/p>\n","protected":false},"author":8,"featured_media":6314,"parent":0,"menu_order":0,"comment_status":"closed","ping_status":"closed","template":"","meta":{"_acf_changed":false,"content-type":"","_genesis_hide_title":false,"_genesis_hide_breadcrumbs":false,"_genesis_hide_singular_image":false,"_genesis_hide_footer_widgets":false,"_genesis_custom_body_class":"","_genesis_custom_post_class":"","_genesis_layout":"","footnotes":""},"class_list":{"1":"page","2":"type-page","6":"entry"},"featured_image_src":"https:\/\/www.leafieldmarine.com\/wp-content\/uploads\/2023\/09\/Inflatable-Decontamination-Shower.jpg","yoast_head":"<!-- This site is optimized with the Yoast SEO plugin v27.4 - https:\/\/yoast.com\/product\/yoast-seo-wordpress\/ -->\n<title>Carpas inflables y otras estructuras<\/title>\n<meta name=\"description\" content=\"La gama de v\u00e1lvulas Leafield Marine es ideal para una amplia variedad de estructuras inflables, incluidas tiendas inflables y refugios.\" \/>\n<meta name=\"robots\" content=\"index, follow, max-snippet:-1, max-image-preview:large, max-video-preview:-1\" \/>\n<link rel=\"canonical\" href=\"https:\/\/www.leafieldmarine.com\/es\/carpas-inflables-y-otras-estructuras\/\" \/>\n<meta property=\"og:locale\" content=\"es_ES\" \/>\n<meta property=\"og:type\" content=\"article\" \/>\n<meta property=\"og:title\" content=\"Carpas inflables y otras estructuras\" \/>\n<meta property=\"og:description\" content=\"La gama de v\u00e1lvulas Leafield Marine es ideal para una amplia variedad de estructuras inflables, incluidas tiendas inflables y refugios.\" \/>\n<meta property=\"og:url\" content=\"https:\/\/www.leafieldmarine.com\/es\/carpas-inflables-y-otras-estructuras\/\" \/>\n<meta property=\"og:site_name\" content=\"Leafield Marine\" \/>\n<meta property=\"article:modified_time\" content=\"2022-12-02T10:47:41+00:00\" \/>\n<meta property=\"og:image\" content=\"https:\/\/www.leafieldmarine.com\/wp-content\/uploads\/2021\/08\/NRS-rescue-board-2-1024x697.jpg\" \/>\n<meta name=\"twitter:card\" content=\"summary_large_image\" \/>\n<meta name=\"twitter:label1\" content=\"Tiempo de lectura\" \/>\n\t<meta name=\"twitter:data1\" content=\"2 minutos\" \/>\n<script type=\"application\/ld+json\" class=\"yoast-schema-graph\">{\"@context\":\"https:\\\/\\\/schema.org\",\"@graph\":[{\"@type\":\"WebPage\",\"@id\":\"https:\\\/\\\/www.leafieldmarine.com\\\/es\\\/carpas-inflables-y-otras-estructuras\\\/\",\"url\":\"https:\\\/\\\/www.leafieldmarine.com\\\/es\\\/carpas-inflables-y-otras-estructuras\\\/\",\"name\":\"Carpas inflables y otras estructuras\",\"isPartOf\":{\"@id\":\"https:\\\/\\\/www.leafieldmarine.com\\\/es\\\/#website\"},\"primaryImageOfPage\":{\"@id\":\"https:\\\/\\\/www.leafieldmarine.com\\\/es\\\/carpas-inflables-y-otras-estructuras\\\/#primaryimage\"},\"image\":{\"@id\":\"https:\\\/\\\/www.leafieldmarine.com\\\/es\\\/carpas-inflables-y-otras-estructuras\\\/#primaryimage\"},\"thumbnailUrl\":\"https:\\\/\\\/www.leafieldmarine.com\\\/wp-content\\\/uploads\\\/2023\\\/09\\\/Inflatable-Decontamination-Shower.jpg\",\"datePublished\":\"2020-04-03T11:26:02+00:00\",\"dateModified\":\"2022-12-02T10:47:41+00:00\",\"description\":\"La gama de v\u00e1lvulas Leafield Marine es ideal para una amplia variedad de estructuras inflables, incluidas tiendas inflables y refugios.\",\"breadcrumb\":{\"@id\":\"https:\\\/\\\/www.leafieldmarine.com\\\/es\\\/carpas-inflables-y-otras-estructuras\\\/#breadcrumb\"},\"inLanguage\":\"es\",\"potentialAction\":[{\"@type\":\"ReadAction\",\"target\":[\"https:\\\/\\\/www.leafieldmarine.com\\\/es\\\/carpas-inflables-y-otras-estructuras\\\/\"]}]},{\"@type\":\"ImageObject\",\"inLanguage\":\"es\",\"@id\":\"https:\\\/\\\/www.leafieldmarine.com\\\/es\\\/carpas-inflables-y-otras-estructuras\\\/#primaryimage\",\"url\":\"https:\\\/\\\/www.leafieldmarine.com\\\/wp-content\\\/uploads\\\/2023\\\/09\\\/Inflatable-Decontamination-Shower.jpg\",\"contentUrl\":\"https:\\\/\\\/www.leafieldmarine.com\\\/wp-content\\\/uploads\\\/2023\\\/09\\\/Inflatable-Decontamination-Shower.jpg\",\"width\":1920,\"height\":1277,\"caption\":\"Inflatable Decontamination tent with Leafield Marine Valves\"},{\"@type\":\"BreadcrumbList\",\"@id\":\"https:\\\/\\\/www.leafieldmarine.com\\\/es\\\/carpas-inflables-y-otras-estructuras\\\/#breadcrumb\",\"itemListElement\":[{\"@type\":\"ListItem\",\"position\":1,\"name\":\"Home\",\"item\":\"https:\\\/\\\/www.leafieldmarine.com\\\/es\\\/\"},{\"@type\":\"ListItem\",\"position\":2,\"name\":\"Carpas inflables y otras estructuras\"}]},{\"@type\":\"WebSite\",\"@id\":\"https:\\\/\\\/www.leafieldmarine.com\\\/es\\\/#website\",\"url\":\"https:\\\/\\\/www.leafieldmarine.com\\\/es\\\/\",\"name\":\"Leafield Marine\",\"description\":\"World Class Air Valves for Inflatable Structures\",\"publisher\":{\"@id\":\"https:\\\/\\\/www.leafieldmarine.com\\\/es\\\/#organization\"},\"potentialAction\":[{\"@type\":\"SearchAction\",\"target\":{\"@type\":\"EntryPoint\",\"urlTemplate\":\"https:\\\/\\\/www.leafieldmarine.com\\\/es\\\/?s={search_term_string}\"},\"query-input\":{\"@type\":\"PropertyValueSpecification\",\"valueRequired\":true,\"valueName\":\"search_term_string\"}}],\"inLanguage\":\"es\"},{\"@type\":\"Organization\",\"@id\":\"https:\\\/\\\/www.leafieldmarine.com\\\/es\\\/#organization\",\"name\":\"Leafield Marine\",\"url\":\"https:\\\/\\\/www.leafieldmarine.com\\\/es\\\/\",\"logo\":{\"@type\":\"ImageObject\",\"inLanguage\":\"es\",\"@id\":\"https:\\\/\\\/www.leafieldmarine.com\\\/es\\\/#\\\/schema\\\/logo\\\/image\\\/\",\"url\":\"https:\\\/\\\/www.leafieldmarine.com\\\/wp-content\\\/uploads\\\/2022\\\/10\\\/leafield-marine-logo.png\",\"contentUrl\":\"https:\\\/\\\/www.leafieldmarine.com\\\/wp-content\\\/uploads\\\/2022\\\/10\\\/leafield-marine-logo.png\",\"width\":247,\"height\":191,\"caption\":\"Leafield Marine\"},\"image\":{\"@id\":\"https:\\\/\\\/www.leafieldmarine.com\\\/es\\\/#\\\/schema\\\/logo\\\/image\\\/\"}}]}<\/script>\n<!-- \/ Yoast SEO plugin. -->","yoast_head_json":{"title":"Carpas inflables y otras estructuras","description":"La gama de v\u00e1lvulas Leafield Marine es ideal para una amplia variedad de estructuras inflables, incluidas tiendas inflables y refugios.","robots":{"index":"index","follow":"follow","max-snippet":"max-snippet:-1","max-image-preview":"max-image-preview:large","max-video-preview":"max-video-preview:-1"},"canonical":"https:\/\/www.leafieldmarine.com\/es\/carpas-inflables-y-otras-estructuras\/","og_locale":"es_ES","og_type":"article","og_title":"Carpas inflables y otras estructuras","og_description":"La gama de v\u00e1lvulas Leafield Marine es ideal para una amplia variedad de estructuras inflables, incluidas tiendas inflables y refugios.","og_url":"https:\/\/www.leafieldmarine.com\/es\/carpas-inflables-y-otras-estructuras\/","og_site_name":"Leafield Marine","article_modified_time":"2022-12-02T10:47:41+00:00","og_image":[{"url":"https:\/\/www.leafieldmarine.com\/wp-content\/uploads\/2021\/08\/NRS-rescue-board-2-1024x697.jpg","type":"","width":"","height":""}],"twitter_card":"summary_large_image","twitter_misc":{"Tiempo de lectura":"2 minutos"},"schema":{"@context":"https:\/\/schema.org","@graph":[{"@type":"WebPage","@id":"https:\/\/www.leafieldmarine.com\/es\/carpas-inflables-y-otras-estructuras\/","url":"https:\/\/www.leafieldmarine.com\/es\/carpas-inflables-y-otras-estructuras\/","name":"Carpas inflables y otras estructuras","isPartOf":{"@id":"https:\/\/www.leafieldmarine.com\/es\/#website"},"primaryImageOfPage":{"@id":"https:\/\/www.leafieldmarine.com\/es\/carpas-inflables-y-otras-estructuras\/#primaryimage"},"image":{"@id":"https:\/\/www.leafieldmarine.com\/es\/carpas-inflables-y-otras-estructuras\/#primaryimage"},"thumbnailUrl":"https:\/\/www.leafieldmarine.com\/wp-content\/uploads\/2023\/09\/Inflatable-Decontamination-Shower.jpg","datePublished":"2020-04-03T11:26:02+00:00","dateModified":"2022-12-02T10:47:41+00:00","description":"La gama de v\u00e1lvulas Leafield Marine es ideal para una amplia variedad de estructuras inflables, incluidas tiendas inflables y refugios.","breadcrumb":{"@id":"https:\/\/www.leafieldmarine.com\/es\/carpas-inflables-y-otras-estructuras\/#breadcrumb"},"inLanguage":"es","potentialAction":[{"@type":"ReadAction","target":["https:\/\/www.leafieldmarine.com\/es\/carpas-inflables-y-otras-estructuras\/"]}]},{"@type":"ImageObject","inLanguage":"es","@id":"https:\/\/www.leafieldmarine.com\/es\/carpas-inflables-y-otras-estructuras\/#primaryimage","url":"https:\/\/www.leafieldmarine.com\/wp-content\/uploads\/2023\/09\/Inflatable-Decontamination-Shower.jpg","contentUrl":"https:\/\/www.leafieldmarine.com\/wp-content\/uploads\/2023\/09\/Inflatable-Decontamination-Shower.jpg","width":1920,"height":1277,"caption":"Inflatable Decontamination tent with Leafield Marine Valves"},{"@type":"BreadcrumbList","@id":"https:\/\/www.leafieldmarine.com\/es\/carpas-inflables-y-otras-estructuras\/#breadcrumb","itemListElement":[{"@type":"ListItem","position":1,"name":"Home","item":"https:\/\/www.leafieldmarine.com\/es\/"},{"@type":"ListItem","position":2,"name":"Carpas inflables y otras estructuras"}]},{"@type":"WebSite","@id":"https:\/\/www.leafieldmarine.com\/es\/#website","url":"https:\/\/www.leafieldmarine.com\/es\/","name":"Leafield Marine","description":"World Class Air Valves for Inflatable Structures","publisher":{"@id":"https:\/\/www.leafieldmarine.com\/es\/#organization"},"potentialAction":[{"@type":"SearchAction","target":{"@type":"EntryPoint","urlTemplate":"https:\/\/www.leafieldmarine.com\/es\/?s={search_term_string}"},"query-input":{"@type":"PropertyValueSpecification","valueRequired":true,"valueName":"search_term_string"}}],"inLanguage":"es"},{"@type":"Organization","@id":"https:\/\/www.leafieldmarine.com\/es\/#organization","name":"Leafield Marine","url":"https:\/\/www.leafieldmarine.com\/es\/","logo":{"@type":"ImageObject","inLanguage":"es","@id":"https:\/\/www.leafieldmarine.com\/es\/#\/schema\/logo\/image\/","url":"https:\/\/www.leafieldmarine.com\/wp-content\/uploads\/2022\/10\/leafield-marine-logo.png","contentUrl":"https:\/\/www.leafieldmarine.com\/wp-content\/uploads\/2022\/10\/leafield-marine-logo.png","width":247,"height":191,"caption":"Leafield Marine"},"image":{"@id":"https:\/\/www.leafieldmarine.com\/es\/#\/schema\/logo\/image\/"}}]}},"acf":[],"post_mailing_queue_ids":[],"_links":{"self":[{"href":"https:\/\/www.leafieldmarine.com\/es\/wp-json\/wp\/v2\/pages\/4166","targetHints":{"allow":["GET"]}}],"collection":[{"href":"https:\/\/www.leafieldmarine.com\/es\/wp-json\/wp\/v2\/pages"}],"about":[{"href":"https:\/\/www.leafieldmarine.com\/es\/wp-json\/wp\/v2\/types\/page"}],"author":[{"embeddable":true,"href":"https:\/\/www.leafieldmarine.com\/es\/wp-json\/wp\/v2\/users\/8"}],"replies":[{"embeddable":true,"href":"https:\/\/www.leafieldmarine.com\/es\/wp-json\/wp\/v2\/comments?post=4166"}],"version-history":[{"count":0,"href":"https:\/\/www.leafieldmarine.com\/es\/wp-json\/wp\/v2\/pages\/4166\/revisions"}],"wp:featuredmedia":[{"embeddable":true,"href":"https:\/\/www.leafieldmarine.com\/es\/wp-json\/wp\/v2\/media\/6314"}],"wp:attachment":[{"href":"https:\/\/www.leafieldmarine.com\/es\/wp-json\/wp\/v2\/media?parent=4166"}],"curies":[{"name":"wp","href":"https:\/\/api.w.org\/{rel}","templated":true}]}}