{"id":4455,"date":"2022-04-20T16:27:43","date_gmt":"2022-04-20T16:27:43","guid":{"rendered":"https:\/\/www.leafieldmarine.com\/folleto-de-valvulas-de-aire-para-estructuras-inflables\/"},"modified":"2022-12-12T18:35:34","modified_gmt":"2022-12-12T18:35:34","slug":"folleto-de-valvulas-de-aire-para-estructuras-inflables","status":"publish","type":"page","link":"https:\/\/www.leafieldmarine.com\/es\/folleto-de-valvulas-de-aire-para-estructuras-inflables\/","title":{"rendered":"Folleto de v\u00e1lvulas de aire para estructuras inflables"},"content":{"rendered":"<div class=\"mai-columns\"><div class=\"mai-columns-wrap has-columns\" style=\"--column-gap:var(--spacing-xl);--row-gap:var(--spacing-xl);--align-columns:start;--align-columns-vertical:initial;\">\n<div class=\"mai-column is-column\" style=\"--columns-xs:1\/1;--flex-xs:0 0 var(--flex-basis);--columns-sm:1\/1;--flex-sm:0 0 var(--flex-basis);--columns-md:1\/3;--flex-md:0 0 var(--flex-basis);--columns-lg:1\/3;--flex-lg:0 0 var(--flex-basis);--justify-content:start;\">\n\n<figure class=\"wp-block-image size-large is-resized\"><img decoding=\"async\" src=\"https:\/\/www.leafieldmarine.com\/wp-content\/uploads\/2022\/04\/download.png\" alt=\"\" width=\"236\" height=\"400\"\/><\/figure>\n\n<\/div>\n\n<div class=\"mai-column is-column\" style=\"--columns-xs:1\/1;--flex-xs:0 0 var(--flex-basis);--columns-sm:1\/1;--flex-sm:0 0 var(--flex-basis);--columns-md:1\/3;--flex-md:0 0 var(--flex-basis);--columns-lg:1\/3;--flex-lg:0 0 var(--flex-basis);--justify-content:start;\">\n\n<p>Leafield Marine otorga un enorme valor a la fiabilidad y durabilidad de nuestras v\u00e1lvulas.<\/p>\n\n\n\n<p>En este folleto, ver\u00e1 una gama de usos para nuestros productos, incluyendo:<\/p>\n\n\n\n<ul class=\"wp-block-list\">\n<li>RIBs y botes inflables<\/li>\n\n\n\n<li>Barcos Comerciales<\/li>\n\n\n\n<li>Equipo de rescate y salvamento<\/li>\n\n\n\n<li>Militar y Defensa<\/li>\n\n\n\n<li>Bolsos autoenderezables<\/li>\n\n\n\n<li>V\u00e1lvulas de alivio de presi\u00f3n<\/li>\n<\/ul>\n\n\n\n<p><strong>Para obtener informaci\u00f3n m\u00e1s detallada y una gama completa de nuestros productos, \u00a1descargue su folleto ahora!<\/strong><\/p>\n\n<\/div>\n\n<div class=\"mai-column is-column\" style=\"--columns-xs:1\/1;--flex-xs:0 0 var(--flex-basis);--columns-sm:1\/1;--flex-sm:0 0 var(--flex-basis);--columns-md:1\/3;--flex-md:0 0 var(--flex-basis);--columns-lg:1\/3;--flex-lg:0 0 var(--flex-basis);--justify-content:start;\">\n\n<script charset=\"utf-8\" type=\"text\/javascript\" src=\"\/\/js.hsforms.net\/forms\/shell.js\"><\/script><script>hbspt.forms.create({\n\tregion: \"na1\",\n\tportalId: \"19520949\",\n\tformId: \"f0a4dd11-9aaa-4fe8-b8df-8a6cc28bc277\"\n});\n<\/script>\n\n<\/div>\n<\/div><\/div>","protected":false},"excerpt":{"rendered":"","protected":false},"author":8,"featured_media":2266,"parent":0,"menu_order":0,"comment_status":"closed","ping_status":"closed","template":"","meta":{"_acf_changed":false,"content-type":"","_genesis_hide_title":false,"_genesis_hide_breadcrumbs":false,"_genesis_hide_singular_image":false,"_genesis_hide_footer_widgets":false,"_genesis_custom_body_class":"","_genesis_custom_post_class":"","_genesis_layout":"","footnotes":""},"class_list":{"1":"page","2":"type-page","6":"entry"},"featured_image_src":"https:\/\/www.leafieldmarine.com\/wp-content\/uploads\/2022\/04\/download.png","yoast_head":"<!-- This site is optimized with the Yoast SEO plugin v27.4 - https:\/\/yoast.com\/product\/yoast-seo-wordpress\/ -->\n<title>Folleto de v\u00e1lvulas de aire para estructuras inflables - Leafield Marine<\/title>\n<meta name=\"description\" content=\"Leafield Marine proporciona v\u00e1lvulas de alta calidad para estructuras inflables. Esta gu\u00eda ofrece una visi\u00f3n general completa de nuestros productos y usos.\" \/>\n<meta name=\"robots\" content=\"index, follow, max-snippet:-1, max-image-preview:large, max-video-preview:-1\" \/>\n<link rel=\"canonical\" href=\"https:\/\/www.leafieldmarine.com\/es\/folleto-de-valvulas-de-aire-para-estructuras-inflables\/\" \/>\n<meta property=\"og:locale\" content=\"es_ES\" \/>\n<meta property=\"og:type\" content=\"article\" \/>\n<meta property=\"og:title\" content=\"Folleto de v\u00e1lvulas de aire para estructuras inflables - Leafield Marine\" \/>\n<meta property=\"og:description\" content=\"Leafield Marine proporciona v\u00e1lvulas de alta calidad para estructuras inflables. Esta gu\u00eda ofrece una visi\u00f3n general completa de nuestros productos y usos.\" \/>\n<meta property=\"og:url\" content=\"https:\/\/www.leafieldmarine.com\/es\/folleto-de-valvulas-de-aire-para-estructuras-inflables\/\" \/>\n<meta property=\"og:site_name\" content=\"Leafield Marine\" \/>\n<meta property=\"article:modified_time\" content=\"2022-12-12T18:35:34+00:00\" \/>\n<meta property=\"og:image\" content=\"https:\/\/www.leafieldmarine.com\/wp-content\/uploads\/2022\/04\/download.png\" \/>\n\t<meta property=\"og:image:width\" content=\"471\" \/>\n\t<meta property=\"og:image:height\" content=\"800\" \/>\n\t<meta property=\"og:image:type\" content=\"image\/png\" \/>\n<meta name=\"twitter:card\" content=\"summary_large_image\" \/>\n<meta name=\"twitter:label1\" content=\"Tiempo de lectura\" \/>\n\t<meta name=\"twitter:data1\" content=\"1 minuto\" \/>\n<script type=\"application\/ld+json\" class=\"yoast-schema-graph\">{\"@context\":\"https:\\\/\\\/schema.org\",\"@graph\":[{\"@type\":\"WebPage\",\"@id\":\"https:\\\/\\\/www.leafieldmarine.com\\\/es\\\/folleto-de-valvulas-de-aire-para-estructuras-inflables\\\/\",\"url\":\"https:\\\/\\\/www.leafieldmarine.com\\\/es\\\/folleto-de-valvulas-de-aire-para-estructuras-inflables\\\/\",\"name\":\"Folleto de v\u00e1lvulas de aire para estructuras inflables - Leafield Marine\",\"isPartOf\":{\"@id\":\"https:\\\/\\\/www.leafieldmarine.com\\\/es\\\/#website\"},\"primaryImageOfPage\":{\"@id\":\"https:\\\/\\\/www.leafieldmarine.com\\\/es\\\/folleto-de-valvulas-de-aire-para-estructuras-inflables\\\/#primaryimage\"},\"image\":{\"@id\":\"https:\\\/\\\/www.leafieldmarine.com\\\/es\\\/folleto-de-valvulas-de-aire-para-estructuras-inflables\\\/#primaryimage\"},\"thumbnailUrl\":\"https:\\\/\\\/www.leafieldmarine.com\\\/wp-content\\\/uploads\\\/2022\\\/04\\\/download.png\",\"datePublished\":\"2022-04-20T16:27:43+00:00\",\"dateModified\":\"2022-12-12T18:35:34+00:00\",\"description\":\"Leafield Marine proporciona v\u00e1lvulas de alta calidad para estructuras inflables. Esta gu\u00eda ofrece una visi\u00f3n general completa de nuestros productos y usos.\",\"breadcrumb\":{\"@id\":\"https:\\\/\\\/www.leafieldmarine.com\\\/es\\\/folleto-de-valvulas-de-aire-para-estructuras-inflables\\\/#breadcrumb\"},\"inLanguage\":\"es\",\"potentialAction\":[{\"@type\":\"ReadAction\",\"target\":[\"https:\\\/\\\/www.leafieldmarine.com\\\/es\\\/folleto-de-valvulas-de-aire-para-estructuras-inflables\\\/\"]}]},{\"@type\":\"ImageObject\",\"inLanguage\":\"es\",\"@id\":\"https:\\\/\\\/www.leafieldmarine.com\\\/es\\\/folleto-de-valvulas-de-aire-para-estructuras-inflables\\\/#primaryimage\",\"url\":\"https:\\\/\\\/www.leafieldmarine.com\\\/wp-content\\\/uploads\\\/2022\\\/04\\\/download.png\",\"contentUrl\":\"https:\\\/\\\/www.leafieldmarine.com\\\/wp-content\\\/uploads\\\/2022\\\/04\\\/download.png\",\"width\":471,\"height\":800},{\"@type\":\"BreadcrumbList\",\"@id\":\"https:\\\/\\\/www.leafieldmarine.com\\\/es\\\/folleto-de-valvulas-de-aire-para-estructuras-inflables\\\/#breadcrumb\",\"itemListElement\":[{\"@type\":\"ListItem\",\"position\":1,\"name\":\"Home\",\"item\":\"https:\\\/\\\/www.leafieldmarine.com\\\/es\\\/\"},{\"@type\":\"ListItem\",\"position\":2,\"name\":\"Folleto de v\u00e1lvulas de aire para estructuras inflables\"}]},{\"@type\":\"WebSite\",\"@id\":\"https:\\\/\\\/www.leafieldmarine.com\\\/es\\\/#website\",\"url\":\"https:\\\/\\\/www.leafieldmarine.com\\\/es\\\/\",\"name\":\"Leafield Marine\",\"description\":\"World Class Air Valves for Inflatable Structures\",\"publisher\":{\"@id\":\"https:\\\/\\\/www.leafieldmarine.com\\\/es\\\/#organization\"},\"potentialAction\":[{\"@type\":\"SearchAction\",\"target\":{\"@type\":\"EntryPoint\",\"urlTemplate\":\"https:\\\/\\\/www.leafieldmarine.com\\\/es\\\/?s={search_term_string}\"},\"query-input\":{\"@type\":\"PropertyValueSpecification\",\"valueRequired\":true,\"valueName\":\"search_term_string\"}}],\"inLanguage\":\"es\"},{\"@type\":\"Organization\",\"@id\":\"https:\\\/\\\/www.leafieldmarine.com\\\/es\\\/#organization\",\"name\":\"Leafield Marine\",\"url\":\"https:\\\/\\\/www.leafieldmarine.com\\\/es\\\/\",\"logo\":{\"@type\":\"ImageObject\",\"inLanguage\":\"es\",\"@id\":\"https:\\\/\\\/www.leafieldmarine.com\\\/es\\\/#\\\/schema\\\/logo\\\/image\\\/\",\"url\":\"https:\\\/\\\/www.leafieldmarine.com\\\/wp-content\\\/uploads\\\/2022\\\/10\\\/leafield-marine-logo.png\",\"contentUrl\":\"https:\\\/\\\/www.leafieldmarine.com\\\/wp-content\\\/uploads\\\/2022\\\/10\\\/leafield-marine-logo.png\",\"width\":247,\"height\":191,\"caption\":\"Leafield Marine\"},\"image\":{\"@id\":\"https:\\\/\\\/www.leafieldmarine.com\\\/es\\\/#\\\/schema\\\/logo\\\/image\\\/\"}}]}<\/script>\n<!-- \/ Yoast SEO plugin. -->","yoast_head_json":{"title":"Folleto de v\u00e1lvulas de aire para estructuras inflables - Leafield Marine","description":"Leafield Marine proporciona v\u00e1lvulas de alta calidad para estructuras inflables. Esta gu\u00eda ofrece una visi\u00f3n general completa de nuestros productos y usos.","robots":{"index":"index","follow":"follow","max-snippet":"max-snippet:-1","max-image-preview":"max-image-preview:large","max-video-preview":"max-video-preview:-1"},"canonical":"https:\/\/www.leafieldmarine.com\/es\/folleto-de-valvulas-de-aire-para-estructuras-inflables\/","og_locale":"es_ES","og_type":"article","og_title":"Folleto de v\u00e1lvulas de aire para estructuras inflables - Leafield Marine","og_description":"Leafield Marine proporciona v\u00e1lvulas de alta calidad para estructuras inflables. Esta gu\u00eda ofrece una visi\u00f3n general completa de nuestros productos y usos.","og_url":"https:\/\/www.leafieldmarine.com\/es\/folleto-de-valvulas-de-aire-para-estructuras-inflables\/","og_site_name":"Leafield Marine","article_modified_time":"2022-12-12T18:35:34+00:00","og_image":[{"width":471,"height":800,"url":"https:\/\/www.leafieldmarine.com\/wp-content\/uploads\/2022\/04\/download.png","type":"image\/png"}],"twitter_card":"summary_large_image","twitter_misc":{"Tiempo de lectura":"1 minuto"},"schema":{"@context":"https:\/\/schema.org","@graph":[{"@type":"WebPage","@id":"https:\/\/www.leafieldmarine.com\/es\/folleto-de-valvulas-de-aire-para-estructuras-inflables\/","url":"https:\/\/www.leafieldmarine.com\/es\/folleto-de-valvulas-de-aire-para-estructuras-inflables\/","name":"Folleto de v\u00e1lvulas de aire para estructuras inflables - Leafield Marine","isPartOf":{"@id":"https:\/\/www.leafieldmarine.com\/es\/#website"},"primaryImageOfPage":{"@id":"https:\/\/www.leafieldmarine.com\/es\/folleto-de-valvulas-de-aire-para-estructuras-inflables\/#primaryimage"},"image":{"@id":"https:\/\/www.leafieldmarine.com\/es\/folleto-de-valvulas-de-aire-para-estructuras-inflables\/#primaryimage"},"thumbnailUrl":"https:\/\/www.leafieldmarine.com\/wp-content\/uploads\/2022\/04\/download.png","datePublished":"2022-04-20T16:27:43+00:00","dateModified":"2022-12-12T18:35:34+00:00","description":"Leafield Marine proporciona v\u00e1lvulas de alta calidad para estructuras inflables. Esta gu\u00eda ofrece una visi\u00f3n general completa de nuestros productos y usos.","breadcrumb":{"@id":"https:\/\/www.leafieldmarine.com\/es\/folleto-de-valvulas-de-aire-para-estructuras-inflables\/#breadcrumb"},"inLanguage":"es","potentialAction":[{"@type":"ReadAction","target":["https:\/\/www.leafieldmarine.com\/es\/folleto-de-valvulas-de-aire-para-estructuras-inflables\/"]}]},{"@type":"ImageObject","inLanguage":"es","@id":"https:\/\/www.leafieldmarine.com\/es\/folleto-de-valvulas-de-aire-para-estructuras-inflables\/#primaryimage","url":"https:\/\/www.leafieldmarine.com\/wp-content\/uploads\/2022\/04\/download.png","contentUrl":"https:\/\/www.leafieldmarine.com\/wp-content\/uploads\/2022\/04\/download.png","width":471,"height":800},{"@type":"BreadcrumbList","@id":"https:\/\/www.leafieldmarine.com\/es\/folleto-de-valvulas-de-aire-para-estructuras-inflables\/#breadcrumb","itemListElement":[{"@type":"ListItem","position":1,"name":"Home","item":"https:\/\/www.leafieldmarine.com\/es\/"},{"@type":"ListItem","position":2,"name":"Folleto de v\u00e1lvulas de aire para estructuras inflables"}]},{"@type":"WebSite","@id":"https:\/\/www.leafieldmarine.com\/es\/#website","url":"https:\/\/www.leafieldmarine.com\/es\/","name":"Leafield Marine","description":"World Class Air Valves for Inflatable Structures","publisher":{"@id":"https:\/\/www.leafieldmarine.com\/es\/#organization"},"potentialAction":[{"@type":"SearchAction","target":{"@type":"EntryPoint","urlTemplate":"https:\/\/www.leafieldmarine.com\/es\/?s={search_term_string}"},"query-input":{"@type":"PropertyValueSpecification","valueRequired":true,"valueName":"search_term_string"}}],"inLanguage":"es"},{"@type":"Organization","@id":"https:\/\/www.leafieldmarine.com\/es\/#organization","name":"Leafield Marine","url":"https:\/\/www.leafieldmarine.com\/es\/","logo":{"@type":"ImageObject","inLanguage":"es","@id":"https:\/\/www.leafieldmarine.com\/es\/#\/schema\/logo\/image\/","url":"https:\/\/www.leafieldmarine.com\/wp-content\/uploads\/2022\/10\/leafield-marine-logo.png","contentUrl":"https:\/\/www.leafieldmarine.com\/wp-content\/uploads\/2022\/10\/leafield-marine-logo.png","width":247,"height":191,"caption":"Leafield Marine"},"image":{"@id":"https:\/\/www.leafieldmarine.com\/es\/#\/schema\/logo\/image\/"}}]}},"acf":[],"post_mailing_queue_ids":[],"_links":{"self":[{"href":"https:\/\/www.leafieldmarine.com\/es\/wp-json\/wp\/v2\/pages\/4455","targetHints":{"allow":["GET"]}}],"collection":[{"href":"https:\/\/www.leafieldmarine.com\/es\/wp-json\/wp\/v2\/pages"}],"about":[{"href":"https:\/\/www.leafieldmarine.com\/es\/wp-json\/wp\/v2\/types\/page"}],"author":[{"embeddable":true,"href":"https:\/\/www.leafieldmarine.com\/es\/wp-json\/wp\/v2\/users\/8"}],"replies":[{"embeddable":true,"href":"https:\/\/www.leafieldmarine.com\/es\/wp-json\/wp\/v2\/comments?post=4455"}],"version-history":[{"count":0,"href":"https:\/\/www.leafieldmarine.com\/es\/wp-json\/wp\/v2\/pages\/4455\/revisions"}],"wp:featuredmedia":[{"embeddable":true,"href":"https:\/\/www.leafieldmarine.com\/es\/wp-json\/wp\/v2\/media\/2266"}],"wp:attachment":[{"href":"https:\/\/www.leafieldmarine.com\/es\/wp-json\/wp\/v2\/media?parent=4455"}],"curies":[{"name":"wp","href":"https:\/\/api.w.org\/{rel}","templated":true}]}}