{"id":5074,"date":"2022-04-20T16:27:43","date_gmt":"2022-04-20T16:27:43","guid":{"rendered":"https:\/\/www.leafieldmarine.com\/folleto-de-valvulas-de-aire-para-estructuras-inflables-2\/"},"modified":"2022-04-20T16:27:43","modified_gmt":"2022-04-20T16:27:43","slug":"folleto-de-valvulas-de-aire-para-estructuras-inflables-2","status":"publish","type":"page","link":"https:\/\/www.leafieldmarine.com\/es\/folleto-de-valvulas-de-aire-para-estructuras-inflables-2\/","title":{"rendered":"Folleto de v\u00e1lvulas de aire para estructuras inflables"},"content":{"rendered":"","protected":false},"excerpt":{"rendered":"","protected":false},"author":8,"featured_media":2266,"parent":0,"menu_order":0,"comment_status":"closed","ping_status":"closed","template":"","meta":{"_acf_changed":false,"content-type":"","_genesis_hide_title":false,"_genesis_hide_breadcrumbs":false,"_genesis_hide_singular_image":false,"_genesis_hide_footer_widgets":false,"_genesis_custom_body_class":"","_genesis_custom_post_class":"","_genesis_layout":"","footnotes":""},"class_list":{"1":"page","2":"type-page","6":"entry"},"featured_image_src":"https:\/\/www.leafieldmarine.com\/wp-content\/uploads\/2022\/04\/download.png","yoast_head":"<!-- This site is optimized with the Yoast SEO plugin v27.3 - https:\/\/yoast.com\/product\/yoast-seo-wordpress\/ -->\n<title>Folleto de v\u00e1lvulas de aire para estructuras inflables - Leafield Marine<\/title>\n<meta name=\"description\" content=\"Leafield Marine proporciona v\u00e1lvulas de alta calidad para estructuras inflables. Esta gu\u00eda ofrece una visi\u00f3n general completa de nuestros productos y usos.\" \/>\n<meta name=\"robots\" content=\"index, follow, max-snippet:-1, max-image-preview:large, max-video-preview:-1\" \/>\n<link rel=\"canonical\" href=\"https:\/\/www.leafieldmarine.com\/es\/folleto-de-valvulas-de-aire-para-estructuras-inflables-2\/\" \/>\n<meta property=\"og:locale\" content=\"es_ES\" \/>\n<meta property=\"og:type\" content=\"article\" \/>\n<meta property=\"og:title\" content=\"Folleto de v\u00e1lvulas de aire para estructuras inflables - Leafield Marine\" \/>\n<meta property=\"og:description\" content=\"Leafield Marine proporciona v\u00e1lvulas de alta calidad para estructuras inflables. Esta gu\u00eda ofrece una visi\u00f3n general completa de nuestros productos y usos.\" \/>\n<meta property=\"og:url\" content=\"https:\/\/www.leafieldmarine.com\/es\/folleto-de-valvulas-de-aire-para-estructuras-inflables-2\/\" \/>\n<meta property=\"og:site_name\" content=\"Leafield Marine\" \/>\n<meta property=\"og:image\" content=\"https:\/\/www.leafieldmarine.com\/wp-content\/uploads\/2022\/04\/download.png\" \/>\n\t<meta property=\"og:image:width\" content=\"471\" \/>\n\t<meta property=\"og:image:height\" content=\"800\" \/>\n\t<meta property=\"og:image:type\" content=\"image\/png\" \/>\n<meta name=\"twitter:card\" content=\"summary_large_image\" \/>\n<script type=\"application\/ld+json\" class=\"yoast-schema-graph\">{\"@context\":\"https:\\\/\\\/schema.org\",\"@graph\":[{\"@type\":\"WebPage\",\"@id\":\"https:\\\/\\\/www.leafieldmarine.com\\\/es\\\/folleto-de-valvulas-de-aire-para-estructuras-inflables-2\\\/\",\"url\":\"https:\\\/\\\/www.leafieldmarine.com\\\/es\\\/folleto-de-valvulas-de-aire-para-estructuras-inflables-2\\\/\",\"name\":\"Folleto de v\u00e1lvulas de aire para estructuras inflables - Leafield Marine\",\"isPartOf\":{\"@id\":\"https:\\\/\\\/www.leafieldmarine.com\\\/es\\\/#website\"},\"primaryImageOfPage\":{\"@id\":\"https:\\\/\\\/www.leafieldmarine.com\\\/es\\\/folleto-de-valvulas-de-aire-para-estructuras-inflables-2\\\/#primaryimage\"},\"image\":{\"@id\":\"https:\\\/\\\/www.leafieldmarine.com\\\/es\\\/folleto-de-valvulas-de-aire-para-estructuras-inflables-2\\\/#primaryimage\"},\"thumbnailUrl\":\"https:\\\/\\\/www.leafieldmarine.com\\\/wp-content\\\/uploads\\\/2022\\\/04\\\/download.png\",\"datePublished\":\"2022-04-20T16:27:43+00:00\",\"description\":\"Leafield Marine proporciona v\u00e1lvulas de alta calidad para estructuras inflables. Esta gu\u00eda ofrece una visi\u00f3n general completa de nuestros productos y usos.\",\"breadcrumb\":{\"@id\":\"https:\\\/\\\/www.leafieldmarine.com\\\/es\\\/folleto-de-valvulas-de-aire-para-estructuras-inflables-2\\\/#breadcrumb\"},\"inLanguage\":\"es\",\"potentialAction\":[{\"@type\":\"ReadAction\",\"target\":[\"https:\\\/\\\/www.leafieldmarine.com\\\/es\\\/folleto-de-valvulas-de-aire-para-estructuras-inflables-2\\\/\"]}]},{\"@type\":\"ImageObject\",\"inLanguage\":\"es\",\"@id\":\"https:\\\/\\\/www.leafieldmarine.com\\\/es\\\/folleto-de-valvulas-de-aire-para-estructuras-inflables-2\\\/#primaryimage\",\"url\":\"https:\\\/\\\/www.leafieldmarine.com\\\/wp-content\\\/uploads\\\/2022\\\/04\\\/download.png\",\"contentUrl\":\"https:\\\/\\\/www.leafieldmarine.com\\\/wp-content\\\/uploads\\\/2022\\\/04\\\/download.png\",\"width\":471,\"height\":800},{\"@type\":\"BreadcrumbList\",\"@id\":\"https:\\\/\\\/www.leafieldmarine.com\\\/es\\\/folleto-de-valvulas-de-aire-para-estructuras-inflables-2\\\/#breadcrumb\",\"itemListElement\":[{\"@type\":\"ListItem\",\"position\":1,\"name\":\"Home\",\"item\":\"https:\\\/\\\/www.leafieldmarine.com\\\/es\\\/\"},{\"@type\":\"ListItem\",\"position\":2,\"name\":\"Folleto de v\u00e1lvulas de aire para estructuras inflables\"}]},{\"@type\":\"WebSite\",\"@id\":\"https:\\\/\\\/www.leafieldmarine.com\\\/es\\\/#website\",\"url\":\"https:\\\/\\\/www.leafieldmarine.com\\\/es\\\/\",\"name\":\"Leafield Marine\",\"description\":\"World Class Air Valves for Inflatable Structures\",\"publisher\":{\"@id\":\"https:\\\/\\\/www.leafieldmarine.com\\\/es\\\/#organization\"},\"potentialAction\":[{\"@type\":\"SearchAction\",\"target\":{\"@type\":\"EntryPoint\",\"urlTemplate\":\"https:\\\/\\\/www.leafieldmarine.com\\\/es\\\/?s={search_term_string}\"},\"query-input\":{\"@type\":\"PropertyValueSpecification\",\"valueRequired\":true,\"valueName\":\"search_term_string\"}}],\"inLanguage\":\"es\"},{\"@type\":\"Organization\",\"@id\":\"https:\\\/\\\/www.leafieldmarine.com\\\/es\\\/#organization\",\"name\":\"Leafield Marine\",\"url\":\"https:\\\/\\\/www.leafieldmarine.com\\\/es\\\/\",\"logo\":{\"@type\":\"ImageObject\",\"inLanguage\":\"es\",\"@id\":\"https:\\\/\\\/www.leafieldmarine.com\\\/es\\\/#\\\/schema\\\/logo\\\/image\\\/\",\"url\":\"https:\\\/\\\/www.leafieldmarine.com\\\/wp-content\\\/uploads\\\/2022\\\/10\\\/leafield-marine-logo.png\",\"contentUrl\":\"https:\\\/\\\/www.leafieldmarine.com\\\/wp-content\\\/uploads\\\/2022\\\/10\\\/leafield-marine-logo.png\",\"width\":247,\"height\":191,\"caption\":\"Leafield Marine\"},\"image\":{\"@id\":\"https:\\\/\\\/www.leafieldmarine.com\\\/es\\\/#\\\/schema\\\/logo\\\/image\\\/\"}}]}<\/script>\n<!-- \/ Yoast SEO plugin. -->","yoast_head_json":{"title":"Folleto de v\u00e1lvulas de aire para estructuras inflables - Leafield Marine","description":"Leafield Marine proporciona v\u00e1lvulas de alta calidad para estructuras inflables. Esta gu\u00eda ofrece una visi\u00f3n general completa de nuestros productos y usos.","robots":{"index":"index","follow":"follow","max-snippet":"max-snippet:-1","max-image-preview":"max-image-preview:large","max-video-preview":"max-video-preview:-1"},"canonical":"https:\/\/www.leafieldmarine.com\/es\/folleto-de-valvulas-de-aire-para-estructuras-inflables-2\/","og_locale":"es_ES","og_type":"article","og_title":"Folleto de v\u00e1lvulas de aire para estructuras inflables - Leafield Marine","og_description":"Leafield Marine proporciona v\u00e1lvulas de alta calidad para estructuras inflables. Esta gu\u00eda ofrece una visi\u00f3n general completa de nuestros productos y usos.","og_url":"https:\/\/www.leafieldmarine.com\/es\/folleto-de-valvulas-de-aire-para-estructuras-inflables-2\/","og_site_name":"Leafield Marine","og_image":[{"width":471,"height":800,"url":"https:\/\/www.leafieldmarine.com\/wp-content\/uploads\/2022\/04\/download.png","type":"image\/png"}],"twitter_card":"summary_large_image","schema":{"@context":"https:\/\/schema.org","@graph":[{"@type":"WebPage","@id":"https:\/\/www.leafieldmarine.com\/es\/folleto-de-valvulas-de-aire-para-estructuras-inflables-2\/","url":"https:\/\/www.leafieldmarine.com\/es\/folleto-de-valvulas-de-aire-para-estructuras-inflables-2\/","name":"Folleto de v\u00e1lvulas de aire para estructuras inflables - Leafield Marine","isPartOf":{"@id":"https:\/\/www.leafieldmarine.com\/es\/#website"},"primaryImageOfPage":{"@id":"https:\/\/www.leafieldmarine.com\/es\/folleto-de-valvulas-de-aire-para-estructuras-inflables-2\/#primaryimage"},"image":{"@id":"https:\/\/www.leafieldmarine.com\/es\/folleto-de-valvulas-de-aire-para-estructuras-inflables-2\/#primaryimage"},"thumbnailUrl":"https:\/\/www.leafieldmarine.com\/wp-content\/uploads\/2022\/04\/download.png","datePublished":"2022-04-20T16:27:43+00:00","description":"Leafield Marine proporciona v\u00e1lvulas de alta calidad para estructuras inflables. Esta gu\u00eda ofrece una visi\u00f3n general completa de nuestros productos y usos.","breadcrumb":{"@id":"https:\/\/www.leafieldmarine.com\/es\/folleto-de-valvulas-de-aire-para-estructuras-inflables-2\/#breadcrumb"},"inLanguage":"es","potentialAction":[{"@type":"ReadAction","target":["https:\/\/www.leafieldmarine.com\/es\/folleto-de-valvulas-de-aire-para-estructuras-inflables-2\/"]}]},{"@type":"ImageObject","inLanguage":"es","@id":"https:\/\/www.leafieldmarine.com\/es\/folleto-de-valvulas-de-aire-para-estructuras-inflables-2\/#primaryimage","url":"https:\/\/www.leafieldmarine.com\/wp-content\/uploads\/2022\/04\/download.png","contentUrl":"https:\/\/www.leafieldmarine.com\/wp-content\/uploads\/2022\/04\/download.png","width":471,"height":800},{"@type":"BreadcrumbList","@id":"https:\/\/www.leafieldmarine.com\/es\/folleto-de-valvulas-de-aire-para-estructuras-inflables-2\/#breadcrumb","itemListElement":[{"@type":"ListItem","position":1,"name":"Home","item":"https:\/\/www.leafieldmarine.com\/es\/"},{"@type":"ListItem","position":2,"name":"Folleto de v\u00e1lvulas de aire para estructuras inflables"}]},{"@type":"WebSite","@id":"https:\/\/www.leafieldmarine.com\/es\/#website","url":"https:\/\/www.leafieldmarine.com\/es\/","name":"Leafield Marine","description":"World Class Air Valves for Inflatable Structures","publisher":{"@id":"https:\/\/www.leafieldmarine.com\/es\/#organization"},"potentialAction":[{"@type":"SearchAction","target":{"@type":"EntryPoint","urlTemplate":"https:\/\/www.leafieldmarine.com\/es\/?s={search_term_string}"},"query-input":{"@type":"PropertyValueSpecification","valueRequired":true,"valueName":"search_term_string"}}],"inLanguage":"es"},{"@type":"Organization","@id":"https:\/\/www.leafieldmarine.com\/es\/#organization","name":"Leafield Marine","url":"https:\/\/www.leafieldmarine.com\/es\/","logo":{"@type":"ImageObject","inLanguage":"es","@id":"https:\/\/www.leafieldmarine.com\/es\/#\/schema\/logo\/image\/","url":"https:\/\/www.leafieldmarine.com\/wp-content\/uploads\/2022\/10\/leafield-marine-logo.png","contentUrl":"https:\/\/www.leafieldmarine.com\/wp-content\/uploads\/2022\/10\/leafield-marine-logo.png","width":247,"height":191,"caption":"Leafield Marine"},"image":{"@id":"https:\/\/www.leafieldmarine.com\/es\/#\/schema\/logo\/image\/"}}]}},"acf":[],"post_mailing_queue_ids":[],"_links":{"self":[{"href":"https:\/\/www.leafieldmarine.com\/es\/wp-json\/wp\/v2\/pages\/5074","targetHints":{"allow":["GET"]}}],"collection":[{"href":"https:\/\/www.leafieldmarine.com\/es\/wp-json\/wp\/v2\/pages"}],"about":[{"href":"https:\/\/www.leafieldmarine.com\/es\/wp-json\/wp\/v2\/types\/page"}],"author":[{"embeddable":true,"href":"https:\/\/www.leafieldmarine.com\/es\/wp-json\/wp\/v2\/users\/8"}],"replies":[{"embeddable":true,"href":"https:\/\/www.leafieldmarine.com\/es\/wp-json\/wp\/v2\/comments?post=5074"}],"version-history":[{"count":0,"href":"https:\/\/www.leafieldmarine.com\/es\/wp-json\/wp\/v2\/pages\/5074\/revisions"}],"wp:featuredmedia":[{"embeddable":true,"href":"https:\/\/www.leafieldmarine.com\/es\/wp-json\/wp\/v2\/media\/2266"}],"wp:attachment":[{"href":"https:\/\/www.leafieldmarine.com\/es\/wp-json\/wp\/v2\/media?parent=5074"}],"curies":[{"name":"wp","href":"https:\/\/api.w.org\/{rel}","templated":true}]}}