{"id":6703,"date":"2024-03-27T11:03:56","date_gmt":"2024-03-27T11:03:56","guid":{"rendered":"https:\/\/www.leafieldmarine.com\/gorras-de-prestigio-c7-d7\/"},"modified":"2024-07-09T11:40:28","modified_gmt":"2024-07-09T11:40:28","slug":"gorras-de-prestigio-c7-d7","status":"publish","type":"page","link":"https:\/\/www.leafieldmarine.com\/es\/gorras-de-prestigio-c7-d7\/","title":{"rendered":"Gorras de prestigio C7\/D7"},"content":{"rendered":"\n<div class=\"wp-block-columns is-layout-flex wp-container-core-columns-is-layout-9d6595d7 wp-block-columns-is-layout-flex\">\n<div class=\"wp-block-column is-layout-flow wp-block-column-is-layout-flow\" style=\"flex-basis:50%\">\n<figure class=\"wp-block-image size-large\"><img decoding=\"async\" width=\"1024\" height=\"1024\" src=\"https:\/\/www.leafieldmarine.com\/wp-content\/uploads\/2024\/03\/C7D7-Prestige-Custom-Caps-1024x1024.jpg\" alt=\"\" class=\"wp-image-6697\" srcset=\"https:\/\/www.leafieldmarine.com\/wp-content\/uploads\/2024\/03\/C7D7-Prestige-Custom-Caps-80x80.jpg 80w, https:\/\/www.leafieldmarine.com\/wp-content\/uploads\/2024\/03\/C7D7-Prestige-Custom-Caps-150x150.jpg 150w, https:\/\/www.leafieldmarine.com\/wp-content\/uploads\/2024\/03\/C7D7-Prestige-Custom-Caps-300x300.jpg 300w, https:\/\/www.leafieldmarine.com\/wp-content\/uploads\/2024\/03\/C7D7-Prestige-Custom-Caps-400x400.jpg 400w, https:\/\/www.leafieldmarine.com\/wp-content\/uploads\/2024\/03\/C7D7-Prestige-Custom-Caps-768x768.jpg 768w, https:\/\/www.leafieldmarine.com\/wp-content\/uploads\/2024\/03\/C7D7-Prestige-Custom-Caps-800x800.jpg 800w, https:\/\/www.leafieldmarine.com\/wp-content\/uploads\/2024\/03\/C7D7-Prestige-Custom-Caps-1024x1024.jpg 1024w, https:\/\/www.leafieldmarine.com\/wp-content\/uploads\/2024\/03\/C7D7-Prestige-Custom-Caps.jpg 1080w\" sizes=\"(max-width: 1024px) 100vw, 1024px\" \/><\/figure>\n<\/div>\n\n\n\n<div class=\"wp-block-column is-layout-flow wp-block-column-is-layout-flow\" style=\"flex-basis:50%\">\n<ul class=\"wp-block-list\">\n<li>Actualice su tapa de v\u00e1lvula D7 \/ C7 para complementar su inflable.  <\/li>\n\n\n\n<li>F\u00e1cil de quitar la tapa est\u00e1ndar y reemplazarla con la tapa nueva.<\/li>\n\n\n\n<li>Disponible en muchos dise\u00f1os y colores.<\/li>\n\n\n\n<li>Carbon Effect en blanco y negro est\u00e1n disponibles en la tienda online<\/li>\n\n\n\n<li>Para todos los dem\u00e1s dise\u00f1os, complete el <a href=\"https:\/\/form.jotform.com\/240863048419359\">\n  <strong>formulario de consulta en l\u00ednea de Prestige Cap,<\/strong>\n<\/a> donde tambi\u00e9n puede cargar una foto de su inflable para que podamos esforzarnos por igualar el dise\u00f1o.  <\/li>\n<\/ul>\n\n\n\n<div class=\"wp-block-buttons is-layout-flex wp-block-buttons-is-layout-flex\">\n<div class=\"wp-block-button has-custom-font-size has-lg-font-size\"><a class=\"wp-block-button__link button wp-element-button\" href=\"https:\/\/shop.leafieldmarine.com\/products\/leafield-marine-carbon-fibre-effect-cap-c7-d7?utm_source=copyToPasteBoard&amp;utm_medium=product-links&amp;utm_content=web\" target=\"_blank\" rel=\"noreferrer noopener\">COMPRAR AHORA<\/a><\/div>\n<\/div>\n\n\n<\/div>\n<\/div>\n\n<div class=\"wp-block-columns is-layout-flex wp-container-core-columns-is-layout-9d6595d7 wp-block-columns-is-layout-flex\">\n<div class=\"wp-block-column is-layout-flow wp-block-column-is-layout-flow\" style=\"flex-basis:50%\">\n<h3 class=\"wp-block-heading\">Descripci\u00f3n del producto  <\/h3>\n<\/div>\n\n\n\n<div class=\"wp-block-column is-layout-flow wp-block-column-is-layout-flow\" style=\"flex-basis:50%\">\n<h3 class=\"wp-block-heading\">Hacer una consulta<\/h3>\n<\/div>\n<\/div>\n<div class=\"mai-columns\"><div class=\"mai-columns-wrap has-columns\" style=\"--column-gap:var(--spacing-xl);--row-gap:var(--spacing-xl);--align-columns:start;--align-columns-vertical:initial;\">\n<div class=\"mai-column is-column\" style=\"--columns-xs:1\/1;--flex-xs:0 0 var(--flex-basis);--columns-sm:1\/2;--flex-sm:0 0 var(--flex-basis);--columns-md:1\/2;--flex-md:0 0 var(--flex-basis);--columns-lg:1\/2;--flex-lg:0 0 var(--flex-basis);--justify-content:start;\">\n\n<p>Las elegantes v\u00e1lvulas de Leafield Marine est\u00e1n disponibles en varios colores moldeados planos, as\u00ed como en nuestra prestigiosa colecci\u00f3n de tapones personalizados, que incluye tapones de camuflaje y efecto de carbono, as\u00ed como dise\u00f1os de su elecci\u00f3n.  <\/p>\n\n\n\n<p>Como resultado, puede estar seguro de que la v\u00e1lvula coincidir\u00e1 con el dise\u00f1o de su producto y mantendr\u00e1 un perfil bajo y elegante.<\/p>\n\n<\/div>\n\n<div class=\"mai-column is-column\" style=\"--columns-xs:1\/1;--flex-xs:0 0 var(--flex-basis);--columns-sm:1\/2;--flex-sm:0 0 var(--flex-basis);--columns-md:1\/2;--flex-md:0 0 var(--flex-basis);--columns-lg:1\/2;--flex-lg:0 0 var(--flex-basis);--justify-content:start;\">\n\n<script charset=\"utf-8\" type=\"text\/javascript\" src=\"\/\/js.hsforms.net\/forms\/shell.js\"><\/script><script>hbspt.forms.create({\n    region: \"na1\",\n    portalId: \"19520949\",\n    formId: \"9ef036b9-1768-48ef-be9e-ddff4b089fe2\"\n});\n<\/script>\n\n<\/div>\n<\/div><\/div>","protected":false},"excerpt":{"rendered":"<p>Descripci\u00f3n del producto Hacer una consulta<\/p>\n","protected":false},"author":8,"featured_media":6710,"parent":0,"menu_order":0,"comment_status":"closed","ping_status":"closed","template":"","meta":{"_acf_changed":false,"content-type":"","_genesis_hide_title":false,"_genesis_hide_breadcrumbs":false,"_genesis_hide_singular_image":false,"_genesis_hide_footer_widgets":false,"_genesis_custom_body_class":"","_genesis_custom_post_class":"","_genesis_layout":"","footnotes":""},"class_list":{"1":"page","2":"type-page","6":"entry"},"featured_image_src":"https:\/\/www.leafieldmarine.com\/wp-content\/uploads\/2024\/03\/Carbon-Effect-Cap-.jpg","yoast_head":"<!-- This site is optimized with the Yoast SEO plugin v27.4 - https:\/\/yoast.com\/product\/yoast-seo-wordpress\/ -->\n<title>Gorras de prestigio C7\/D7 - Leafield Marine<\/title>\n<meta name=\"description\" content=\"Actualice su tap\u00f3n de v\u00e1lvula Leafield Marine C7\/D7 por uno de nuestra gama de prestigio. Dise\u00f1ado a medida para que coincida con su inflable.\" \/>\n<meta name=\"robots\" content=\"index, follow, max-snippet:-1, max-image-preview:large, max-video-preview:-1\" \/>\n<link rel=\"canonical\" href=\"https:\/\/www.leafieldmarine.com\/es\/gorras-de-prestigio-c7-d7\/\" \/>\n<meta property=\"og:locale\" content=\"es_ES\" \/>\n<meta property=\"og:type\" content=\"article\" \/>\n<meta property=\"og:title\" content=\"Gorras de prestigio C7\/D7 - Leafield Marine\" \/>\n<meta property=\"og:description\" content=\"Actualice su tap\u00f3n de v\u00e1lvula Leafield Marine C7\/D7 por uno de nuestra gama de prestigio. Dise\u00f1ado a medida para que coincida con su inflable.\" \/>\n<meta property=\"og:url\" content=\"https:\/\/www.leafieldmarine.com\/es\/gorras-de-prestigio-c7-d7\/\" \/>\n<meta property=\"og:site_name\" content=\"Leafield Marine\" \/>\n<meta property=\"article:modified_time\" content=\"2024-07-09T11:40:28+00:00\" \/>\n<meta property=\"og:image\" content=\"https:\/\/www.leafieldmarine.com\/wp-content\/uploads\/2024\/03\/Carbon-Effect-Cap-.jpg\" \/>\n\t<meta property=\"og:image:width\" content=\"1080\" \/>\n\t<meta property=\"og:image:height\" content=\"1080\" \/>\n\t<meta property=\"og:image:type\" content=\"image\/jpeg\" \/>\n<meta name=\"twitter:card\" content=\"summary_large_image\" \/>\n<meta name=\"twitter:label1\" content=\"Tiempo de lectura\" \/>\n\t<meta name=\"twitter:data1\" content=\"1 minuto\" \/>\n<script type=\"application\/ld+json\" class=\"yoast-schema-graph\">{\"@context\":\"https:\\\/\\\/schema.org\",\"@graph\":[{\"@type\":\"WebPage\",\"@id\":\"https:\\\/\\\/www.leafieldmarine.com\\\/es\\\/gorras-de-prestigio-c7-d7\\\/\",\"url\":\"https:\\\/\\\/www.leafieldmarine.com\\\/es\\\/gorras-de-prestigio-c7-d7\\\/\",\"name\":\"Gorras de prestigio C7\\\/D7 - Leafield Marine\",\"isPartOf\":{\"@id\":\"https:\\\/\\\/www.leafieldmarine.com\\\/es\\\/#website\"},\"primaryImageOfPage\":{\"@id\":\"https:\\\/\\\/www.leafieldmarine.com\\\/es\\\/gorras-de-prestigio-c7-d7\\\/#primaryimage\"},\"image\":{\"@id\":\"https:\\\/\\\/www.leafieldmarine.com\\\/es\\\/gorras-de-prestigio-c7-d7\\\/#primaryimage\"},\"thumbnailUrl\":\"https:\\\/\\\/www.leafieldmarine.com\\\/wp-content\\\/uploads\\\/2024\\\/03\\\/Carbon-Effect-Cap-.jpg\",\"datePublished\":\"2024-03-27T11:03:56+00:00\",\"dateModified\":\"2024-07-09T11:40:28+00:00\",\"description\":\"Actualice su tap\u00f3n de v\u00e1lvula Leafield Marine C7\\\/D7 por uno de nuestra gama de prestigio. Dise\u00f1ado a medida para que coincida con su inflable.\",\"breadcrumb\":{\"@id\":\"https:\\\/\\\/www.leafieldmarine.com\\\/es\\\/gorras-de-prestigio-c7-d7\\\/#breadcrumb\"},\"inLanguage\":\"es\",\"potentialAction\":[{\"@type\":\"ReadAction\",\"target\":[\"https:\\\/\\\/www.leafieldmarine.com\\\/es\\\/gorras-de-prestigio-c7-d7\\\/\"]}]},{\"@type\":\"ImageObject\",\"inLanguage\":\"es\",\"@id\":\"https:\\\/\\\/www.leafieldmarine.com\\\/es\\\/gorras-de-prestigio-c7-d7\\\/#primaryimage\",\"url\":\"https:\\\/\\\/www.leafieldmarine.com\\\/wp-content\\\/uploads\\\/2024\\\/03\\\/Carbon-Effect-Cap-.jpg\",\"contentUrl\":\"https:\\\/\\\/www.leafieldmarine.com\\\/wp-content\\\/uploads\\\/2024\\\/03\\\/Carbon-Effect-Cap-.jpg\",\"width\":1080,\"height\":1080,\"caption\":\"Leafield Marine Carbon Fibre Effect Prestige CAP for C7 and D7 valves\"},{\"@type\":\"BreadcrumbList\",\"@id\":\"https:\\\/\\\/www.leafieldmarine.com\\\/es\\\/gorras-de-prestigio-c7-d7\\\/#breadcrumb\",\"itemListElement\":[{\"@type\":\"ListItem\",\"position\":1,\"name\":\"Home\",\"item\":\"https:\\\/\\\/www.leafieldmarine.com\\\/es\\\/\"},{\"@type\":\"ListItem\",\"position\":2,\"name\":\"Gorras de prestigio C7\\\/D7\"}]},{\"@type\":\"WebSite\",\"@id\":\"https:\\\/\\\/www.leafieldmarine.com\\\/es\\\/#website\",\"url\":\"https:\\\/\\\/www.leafieldmarine.com\\\/es\\\/\",\"name\":\"Leafield Marine\",\"description\":\"World Class Air Valves for Inflatable Structures\",\"publisher\":{\"@id\":\"https:\\\/\\\/www.leafieldmarine.com\\\/es\\\/#organization\"},\"potentialAction\":[{\"@type\":\"SearchAction\",\"target\":{\"@type\":\"EntryPoint\",\"urlTemplate\":\"https:\\\/\\\/www.leafieldmarine.com\\\/es\\\/?s={search_term_string}\"},\"query-input\":{\"@type\":\"PropertyValueSpecification\",\"valueRequired\":true,\"valueName\":\"search_term_string\"}}],\"inLanguage\":\"es\"},{\"@type\":\"Organization\",\"@id\":\"https:\\\/\\\/www.leafieldmarine.com\\\/es\\\/#organization\",\"name\":\"Leafield Marine\",\"url\":\"https:\\\/\\\/www.leafieldmarine.com\\\/es\\\/\",\"logo\":{\"@type\":\"ImageObject\",\"inLanguage\":\"es\",\"@id\":\"https:\\\/\\\/www.leafieldmarine.com\\\/es\\\/#\\\/schema\\\/logo\\\/image\\\/\",\"url\":\"https:\\\/\\\/www.leafieldmarine.com\\\/wp-content\\\/uploads\\\/2022\\\/10\\\/leafield-marine-logo.png\",\"contentUrl\":\"https:\\\/\\\/www.leafieldmarine.com\\\/wp-content\\\/uploads\\\/2022\\\/10\\\/leafield-marine-logo.png\",\"width\":247,\"height\":191,\"caption\":\"Leafield Marine\"},\"image\":{\"@id\":\"https:\\\/\\\/www.leafieldmarine.com\\\/es\\\/#\\\/schema\\\/logo\\\/image\\\/\"}}]}<\/script>\n<!-- \/ Yoast SEO plugin. -->","yoast_head_json":{"title":"Gorras de prestigio C7\/D7 - Leafield Marine","description":"Actualice su tap\u00f3n de v\u00e1lvula Leafield Marine C7\/D7 por uno de nuestra gama de prestigio. Dise\u00f1ado a medida para que coincida con su inflable.","robots":{"index":"index","follow":"follow","max-snippet":"max-snippet:-1","max-image-preview":"max-image-preview:large","max-video-preview":"max-video-preview:-1"},"canonical":"https:\/\/www.leafieldmarine.com\/es\/gorras-de-prestigio-c7-d7\/","og_locale":"es_ES","og_type":"article","og_title":"Gorras de prestigio C7\/D7 - Leafield Marine","og_description":"Actualice su tap\u00f3n de v\u00e1lvula Leafield Marine C7\/D7 por uno de nuestra gama de prestigio. Dise\u00f1ado a medida para que coincida con su inflable.","og_url":"https:\/\/www.leafieldmarine.com\/es\/gorras-de-prestigio-c7-d7\/","og_site_name":"Leafield Marine","article_modified_time":"2024-07-09T11:40:28+00:00","og_image":[{"width":1080,"height":1080,"url":"https:\/\/www.leafieldmarine.com\/wp-content\/uploads\/2024\/03\/Carbon-Effect-Cap-.jpg","type":"image\/jpeg"}],"twitter_card":"summary_large_image","twitter_misc":{"Tiempo de lectura":"1 minuto"},"schema":{"@context":"https:\/\/schema.org","@graph":[{"@type":"WebPage","@id":"https:\/\/www.leafieldmarine.com\/es\/gorras-de-prestigio-c7-d7\/","url":"https:\/\/www.leafieldmarine.com\/es\/gorras-de-prestigio-c7-d7\/","name":"Gorras de prestigio C7\/D7 - Leafield Marine","isPartOf":{"@id":"https:\/\/www.leafieldmarine.com\/es\/#website"},"primaryImageOfPage":{"@id":"https:\/\/www.leafieldmarine.com\/es\/gorras-de-prestigio-c7-d7\/#primaryimage"},"image":{"@id":"https:\/\/www.leafieldmarine.com\/es\/gorras-de-prestigio-c7-d7\/#primaryimage"},"thumbnailUrl":"https:\/\/www.leafieldmarine.com\/wp-content\/uploads\/2024\/03\/Carbon-Effect-Cap-.jpg","datePublished":"2024-03-27T11:03:56+00:00","dateModified":"2024-07-09T11:40:28+00:00","description":"Actualice su tap\u00f3n de v\u00e1lvula Leafield Marine C7\/D7 por uno de nuestra gama de prestigio. Dise\u00f1ado a medida para que coincida con su inflable.","breadcrumb":{"@id":"https:\/\/www.leafieldmarine.com\/es\/gorras-de-prestigio-c7-d7\/#breadcrumb"},"inLanguage":"es","potentialAction":[{"@type":"ReadAction","target":["https:\/\/www.leafieldmarine.com\/es\/gorras-de-prestigio-c7-d7\/"]}]},{"@type":"ImageObject","inLanguage":"es","@id":"https:\/\/www.leafieldmarine.com\/es\/gorras-de-prestigio-c7-d7\/#primaryimage","url":"https:\/\/www.leafieldmarine.com\/wp-content\/uploads\/2024\/03\/Carbon-Effect-Cap-.jpg","contentUrl":"https:\/\/www.leafieldmarine.com\/wp-content\/uploads\/2024\/03\/Carbon-Effect-Cap-.jpg","width":1080,"height":1080,"caption":"Leafield Marine Carbon Fibre Effect Prestige CAP for C7 and D7 valves"},{"@type":"BreadcrumbList","@id":"https:\/\/www.leafieldmarine.com\/es\/gorras-de-prestigio-c7-d7\/#breadcrumb","itemListElement":[{"@type":"ListItem","position":1,"name":"Home","item":"https:\/\/www.leafieldmarine.com\/es\/"},{"@type":"ListItem","position":2,"name":"Gorras de prestigio C7\/D7"}]},{"@type":"WebSite","@id":"https:\/\/www.leafieldmarine.com\/es\/#website","url":"https:\/\/www.leafieldmarine.com\/es\/","name":"Leafield Marine","description":"World Class Air Valves for Inflatable Structures","publisher":{"@id":"https:\/\/www.leafieldmarine.com\/es\/#organization"},"potentialAction":[{"@type":"SearchAction","target":{"@type":"EntryPoint","urlTemplate":"https:\/\/www.leafieldmarine.com\/es\/?s={search_term_string}"},"query-input":{"@type":"PropertyValueSpecification","valueRequired":true,"valueName":"search_term_string"}}],"inLanguage":"es"},{"@type":"Organization","@id":"https:\/\/www.leafieldmarine.com\/es\/#organization","name":"Leafield Marine","url":"https:\/\/www.leafieldmarine.com\/es\/","logo":{"@type":"ImageObject","inLanguage":"es","@id":"https:\/\/www.leafieldmarine.com\/es\/#\/schema\/logo\/image\/","url":"https:\/\/www.leafieldmarine.com\/wp-content\/uploads\/2022\/10\/leafield-marine-logo.png","contentUrl":"https:\/\/www.leafieldmarine.com\/wp-content\/uploads\/2022\/10\/leafield-marine-logo.png","width":247,"height":191,"caption":"Leafield Marine"},"image":{"@id":"https:\/\/www.leafieldmarine.com\/es\/#\/schema\/logo\/image\/"}}]}},"acf":[],"_links":{"self":[{"href":"https:\/\/www.leafieldmarine.com\/es\/wp-json\/wp\/v2\/pages\/6703","targetHints":{"allow":["GET"]}}],"collection":[{"href":"https:\/\/www.leafieldmarine.com\/es\/wp-json\/wp\/v2\/pages"}],"about":[{"href":"https:\/\/www.leafieldmarine.com\/es\/wp-json\/wp\/v2\/types\/page"}],"author":[{"embeddable":true,"href":"https:\/\/www.leafieldmarine.com\/es\/wp-json\/wp\/v2\/users\/8"}],"replies":[{"embeddable":true,"href":"https:\/\/www.leafieldmarine.com\/es\/wp-json\/wp\/v2\/comments?post=6703"}],"version-history":[{"count":0,"href":"https:\/\/www.leafieldmarine.com\/es\/wp-json\/wp\/v2\/pages\/6703\/revisions"}],"wp:featuredmedia":[{"embeddable":true,"href":"https:\/\/www.leafieldmarine.com\/es\/wp-json\/wp\/v2\/media\/6710"}],"wp:attachment":[{"href":"https:\/\/www.leafieldmarine.com\/es\/wp-json\/wp\/v2\/media?parent=6703"}],"curies":[{"name":"wp","href":"https:\/\/api.w.org\/{rel}","templated":true}]}}