{"id":3842,"date":"2022-10-20T07:23:35","date_gmt":"2022-10-20T07:23:35","guid":{"rendered":"https:\/\/www.leafieldmarine.com\/kit-doutils-cle\/"},"modified":"2023-08-10T11:05:20","modified_gmt":"2023-08-10T11:05:20","slug":"kit-doutils-cle","status":"publish","type":"page","link":"https:\/\/www.leafieldmarine.com\/fr\/accessoires-de-valve-dair\/kit-doutils-cle\/","title":{"rendered":"Kit d\u2019outils Cl\u00e9"},"content":{"rendered":"<div class=\"mai-columns\"><div class=\"mai-columns-wrap has-columns\" style=\"--column-gap:var(--spacing-xl);--row-gap:var(--spacing-xl);--align-columns:start;--align-columns-vertical:initial;\">\n<div class=\"mai-column is-column\" style=\"--columns-xs:1\/1;--flex-xs:0 0 var(--flex-basis);--columns-sm:1\/2;--flex-sm:0 0 var(--flex-basis);--columns-md:1\/2;--flex-md:0 0 var(--flex-basis);--columns-lg:1\/2;--flex-lg:0 0 var(--flex-basis);--justify-content:start;\">\n\n<figure class=\"wp-block-image size-full\"><img decoding=\"async\" width=\"207\" height=\"103\" src=\"https:\/\/www.leafieldmarine.com\/wp-content\/uploads\/2020\/04\/c7-a6-tool-kit-spanner-1.jpg\" alt=\"Cl\u00e9 de kit d\u2019outils D7\/C7\/A6\/A9 \u2013 C166051\" class=\"wp-image-508\"\/><\/figure>\n\n<\/div>\n\n<div class=\"mai-column is-column\" style=\"--columns-xs:1\/1;--flex-xs:0 0 var(--flex-basis);--columns-sm:1\/2;--flex-sm:0 0 var(--flex-basis);--columns-md:1\/2;--flex-md:0 0 var(--flex-basis);--columns-lg:1\/2;--flex-lg:0 0 var(--flex-basis);--justify-content:start;\">\n\n<ul class=\"product wp-block-list\">\n<li>Petite cl\u00e9 \u00e0 faible co\u00fbt pour une utilisation sur le terrain ou dans le cadre d\u2019un kit de pi\u00e8ces de rechange<\/li>\n\n\n\n<li>\u00c0 utiliser sur les vannes D7, C7 et A6, A9<\/li>\n\n\n\n<li>Ne peut pas \u00eatre utilis\u00e9 avec une cl\u00e9 dynamom\u00e9trique<\/li>\n<\/ul>\n\n\n\n<div class=\"wp-block-buttons buy is-layout-flex wp-block-buttons-is-layout-flex\">\n<div class=\"wp-block-button has-custom-font-size has-lg-font-size\"><a class=\"wp-block-button__link button wp-element-button\" href=\"https:\/\/shop.leafieldmarine.com\/fr\/products\/spanner-web\">ACHETER MAINTENANT<\/a><\/div>\n<\/div>\n\n<\/div>\n<\/div><\/div>\n\n\n<div style=\"height:80px\" aria-hidden=\"true\" class=\"wp-block-spacer\"><\/div>\n\n\n<div class=\"mai-columns\"><div class=\"mai-columns-wrap has-columns\" style=\"--column-gap:var(--spacing-xxxl);--row-gap:var(--spacing-xl);--align-columns:start;--align-columns-vertical:initial;\">\n<div class=\"mai-column is-column\" style=\"--columns-xs:1\/1;--flex-xs:0 0 var(--flex-basis);--columns-sm:1\/2;--flex-sm:0 0 var(--flex-basis);--columns-md:1\/2;--flex-md:0 0 var(--flex-basis);--columns-lg:1\/2;--flex-lg:0 0 var(--flex-basis);--justify-content:start;\">\n\n<h3 class=\"wp-block-heading\">Description du produit<\/h3>\n\n\n\n<p>La cl\u00e9 \u00e0 outils Leafield Marine D7\/C7\/A6\/A9 est un outil compact qui peut \u00eatre utilis\u00e9 pour desserrer ou serrer votre valve d\u2019air Leafield Marine. Cela permet aux utilisateurs du produit de faire eux-m\u00eames des ajustements simples et mobiles.<\/p>\n\n\n\n<p>Beaucoup de nos clients les proposent dans le cadre d\u2019un kit de r\u00e9paration \u00e0 leurs utilisateurs de produits, ou en tant qu\u2019article \u00e0 valeur ajout\u00e9e.<\/p>\n\n\n\n<p>Veuillez noter que cela est diff\u00e9rent de nos outils d\u2019ajustement en usine et ne peut pas \u00eatre utilis\u00e9 de mani\u00e8re interchangeable.<\/p>\n\n<\/div>\n\n<div class=\"mai-column is-column\" style=\"--columns-xs:1\/1;--flex-xs:0 0 var(--flex-basis);--columns-sm:1\/2;--flex-sm:0 0 var(--flex-basis);--columns-md:1\/2;--flex-md:0 0 var(--flex-basis);--columns-lg:1\/2;--flex-lg:0 0 var(--flex-basis);--justify-content:start;\">\n\n<h3 class=\"wp-block-heading\">Faire une demande<\/h3>\n\n\n\n<\/div>\n<\/div><\/div>\n\n\n<div style=\"height:44px\" aria-hidden=\"true\" class=\"wp-block-spacer\"><\/div>\n","protected":false},"excerpt":{"rendered":"<p>La cl\u00e9 \u00e0 outils Leafield Marine D7\/C7\/A6\/A9 est un outil compact qui peut \u00eatre utilis\u00e9 pour desserrer ou serrer votre valve d\u2019air Leafield Marine.<\/p>\n","protected":false},"author":6,"featured_media":3845,"parent":3853,"menu_order":0,"comment_status":"closed","ping_status":"closed","template":"","meta":{"_acf_changed":false,"content-type":"","_genesis_hide_title":false,"_genesis_hide_breadcrumbs":false,"_genesis_hide_singular_image":false,"_genesis_hide_footer_widgets":false,"_genesis_custom_body_class":"","_genesis_custom_post_class":"","_genesis_layout":"","footnotes":""},"class_list":{"1":"page","2":"type-page","6":"entry"},"featured_image_src":"https:\/\/www.leafieldmarine.com\/wp-content\/uploads\/2022\/10\/c7-a6-tool-kit-spanner-2-2.jpg","yoast_head":"<!-- This site is optimized with the Yoast SEO plugin v27.4 - https:\/\/yoast.com\/product\/yoast-seo-wordpress\/ -->\n<title>Cl\u00e9 de kit d\u2019outils - Leafield Marine<\/title>\n<meta name=\"description\" content=\"La cl\u00e9 \u00e0 outils Leafield Marine D7\/C7\/A6\/A9 est un outil compact qui peut \u00eatre utilis\u00e9 pour desserrer ou serrer votre valve d\u2019air Leafield Marine.\" \/>\n<meta name=\"robots\" content=\"index, follow, max-snippet:-1, max-image-preview:large, max-video-preview:-1\" \/>\n<link rel=\"canonical\" href=\"https:\/\/www.leafieldmarine.com\/fr\/accessoires-de-valve-dair\/kit-doutils-cle\/\" \/>\n<meta property=\"og:locale\" content=\"fr_FR\" \/>\n<meta property=\"og:type\" content=\"article\" \/>\n<meta property=\"og:title\" content=\"Cl\u00e9 de kit d\u2019outils - Leafield Marine\" \/>\n<meta property=\"og:description\" content=\"La cl\u00e9 \u00e0 outils Leafield Marine D7\/C7\/A6\/A9 est un outil compact qui peut \u00eatre utilis\u00e9 pour desserrer ou serrer votre valve d\u2019air Leafield Marine.\" \/>\n<meta property=\"og:url\" content=\"https:\/\/www.leafieldmarine.com\/fr\/accessoires-de-valve-dair\/kit-doutils-cle\/\" \/>\n<meta property=\"og:site_name\" content=\"Leafield Marine\" \/>\n<meta property=\"article:modified_time\" content=\"2023-08-10T11:05:20+00:00\" \/>\n<meta property=\"og:image\" content=\"https:\/\/www.leafieldmarine.com\/wp-content\/uploads\/2022\/10\/c7-a6-tool-kit-spanner-2-2.jpg\" \/>\n\t<meta property=\"og:image:width\" content=\"260\" \/>\n\t<meta property=\"og:image:height\" content=\"187\" \/>\n\t<meta property=\"og:image:type\" content=\"image\/jpeg\" \/>\n<meta name=\"twitter:card\" content=\"summary_large_image\" \/>\n<meta name=\"twitter:label1\" content=\"Dur\u00e9e de lecture estim\u00e9e\" \/>\n\t<meta name=\"twitter:data1\" content=\"1 minute\" \/>\n<script type=\"application\/ld+json\" class=\"yoast-schema-graph\">{\"@context\":\"https:\\\/\\\/schema.org\",\"@graph\":[{\"@type\":\"WebPage\",\"@id\":\"https:\\\/\\\/www.leafieldmarine.com\\\/fr\\\/accessoires-de-valve-dair\\\/kit-doutils-cle\\\/\",\"url\":\"https:\\\/\\\/www.leafieldmarine.com\\\/fr\\\/accessoires-de-valve-dair\\\/kit-doutils-cle\\\/\",\"name\":\"Cl\u00e9 de kit d\u2019outils - Leafield Marine\",\"isPartOf\":{\"@id\":\"https:\\\/\\\/www.leafieldmarine.com\\\/fr\\\/#website\"},\"primaryImageOfPage\":{\"@id\":\"https:\\\/\\\/www.leafieldmarine.com\\\/fr\\\/accessoires-de-valve-dair\\\/kit-doutils-cle\\\/#primaryimage\"},\"image\":{\"@id\":\"https:\\\/\\\/www.leafieldmarine.com\\\/fr\\\/accessoires-de-valve-dair\\\/kit-doutils-cle\\\/#primaryimage\"},\"thumbnailUrl\":\"https:\\\/\\\/www.leafieldmarine.com\\\/wp-content\\\/uploads\\\/2022\\\/10\\\/c7-a6-tool-kit-spanner-2-2.jpg\",\"datePublished\":\"2022-10-20T07:23:35+00:00\",\"dateModified\":\"2023-08-10T11:05:20+00:00\",\"description\":\"La cl\u00e9 \u00e0 outils Leafield Marine D7\\\/C7\\\/A6\\\/A9 est un outil compact qui peut \u00eatre utilis\u00e9 pour desserrer ou serrer votre valve d\u2019air Leafield Marine.\",\"breadcrumb\":{\"@id\":\"https:\\\/\\\/www.leafieldmarine.com\\\/fr\\\/accessoires-de-valve-dair\\\/kit-doutils-cle\\\/#breadcrumb\"},\"inLanguage\":\"fr-FR\",\"potentialAction\":[{\"@type\":\"ReadAction\",\"target\":[\"https:\\\/\\\/www.leafieldmarine.com\\\/fr\\\/accessoires-de-valve-dair\\\/kit-doutils-cle\\\/\"]}]},{\"@type\":\"ImageObject\",\"inLanguage\":\"fr-FR\",\"@id\":\"https:\\\/\\\/www.leafieldmarine.com\\\/fr\\\/accessoires-de-valve-dair\\\/kit-doutils-cle\\\/#primaryimage\",\"url\":\"https:\\\/\\\/www.leafieldmarine.com\\\/wp-content\\\/uploads\\\/2022\\\/10\\\/c7-a6-tool-kit-spanner-2-2.jpg\",\"contentUrl\":\"https:\\\/\\\/www.leafieldmarine.com\\\/wp-content\\\/uploads\\\/2022\\\/10\\\/c7-a6-tool-kit-spanner-2-2.jpg\",\"width\":260,\"height\":187},{\"@type\":\"BreadcrumbList\",\"@id\":\"https:\\\/\\\/www.leafieldmarine.com\\\/fr\\\/accessoires-de-valve-dair\\\/kit-doutils-cle\\\/#breadcrumb\",\"itemListElement\":[{\"@type\":\"ListItem\",\"position\":1,\"name\":\"Home\",\"item\":\"https:\\\/\\\/www.leafieldmarine.com\\\/fr\\\/\"},{\"@type\":\"ListItem\",\"position\":2,\"name\":\"Accessoires de valve d\u2019air\",\"item\":\"https:\\\/\\\/www.leafieldmarine.com\\\/fr\\\/accessoires-de-valve-dair\\\/\"},{\"@type\":\"ListItem\",\"position\":3,\"name\":\"Kit d\u2019outils Cl\u00e9\"}]},{\"@type\":\"WebSite\",\"@id\":\"https:\\\/\\\/www.leafieldmarine.com\\\/fr\\\/#website\",\"url\":\"https:\\\/\\\/www.leafieldmarine.com\\\/fr\\\/\",\"name\":\"Leafield Marine\",\"description\":\"World Class Air Valves for Inflatable Structures\",\"publisher\":{\"@id\":\"https:\\\/\\\/www.leafieldmarine.com\\\/fr\\\/#organization\"},\"potentialAction\":[{\"@type\":\"SearchAction\",\"target\":{\"@type\":\"EntryPoint\",\"urlTemplate\":\"https:\\\/\\\/www.leafieldmarine.com\\\/fr\\\/?s={search_term_string}\"},\"query-input\":{\"@type\":\"PropertyValueSpecification\",\"valueRequired\":true,\"valueName\":\"search_term_string\"}}],\"inLanguage\":\"fr-FR\"},{\"@type\":\"Organization\",\"@id\":\"https:\\\/\\\/www.leafieldmarine.com\\\/fr\\\/#organization\",\"name\":\"Leafield Marine\",\"url\":\"https:\\\/\\\/www.leafieldmarine.com\\\/fr\\\/\",\"logo\":{\"@type\":\"ImageObject\",\"inLanguage\":\"fr-FR\",\"@id\":\"https:\\\/\\\/www.leafieldmarine.com\\\/fr\\\/#\\\/schema\\\/logo\\\/image\\\/\",\"url\":\"https:\\\/\\\/www.leafieldmarine.com\\\/wp-content\\\/uploads\\\/2022\\\/10\\\/leafield-marine-logo.png\",\"contentUrl\":\"https:\\\/\\\/www.leafieldmarine.com\\\/wp-content\\\/uploads\\\/2022\\\/10\\\/leafield-marine-logo.png\",\"width\":247,\"height\":191,\"caption\":\"Leafield Marine\"},\"image\":{\"@id\":\"https:\\\/\\\/www.leafieldmarine.com\\\/fr\\\/#\\\/schema\\\/logo\\\/image\\\/\"}}]}<\/script>\n<!-- \/ Yoast SEO plugin. -->","yoast_head_json":{"title":"Cl\u00e9 de kit d\u2019outils - Leafield Marine","description":"La cl\u00e9 \u00e0 outils Leafield Marine D7\/C7\/A6\/A9 est un outil compact qui peut \u00eatre utilis\u00e9 pour desserrer ou serrer votre valve d\u2019air Leafield Marine.","robots":{"index":"index","follow":"follow","max-snippet":"max-snippet:-1","max-image-preview":"max-image-preview:large","max-video-preview":"max-video-preview:-1"},"canonical":"https:\/\/www.leafieldmarine.com\/fr\/accessoires-de-valve-dair\/kit-doutils-cle\/","og_locale":"fr_FR","og_type":"article","og_title":"Cl\u00e9 de kit d\u2019outils - Leafield Marine","og_description":"La cl\u00e9 \u00e0 outils Leafield Marine D7\/C7\/A6\/A9 est un outil compact qui peut \u00eatre utilis\u00e9 pour desserrer ou serrer votre valve d\u2019air Leafield Marine.","og_url":"https:\/\/www.leafieldmarine.com\/fr\/accessoires-de-valve-dair\/kit-doutils-cle\/","og_site_name":"Leafield Marine","article_modified_time":"2023-08-10T11:05:20+00:00","og_image":[{"width":260,"height":187,"url":"https:\/\/www.leafieldmarine.com\/wp-content\/uploads\/2022\/10\/c7-a6-tool-kit-spanner-2-2.jpg","type":"image\/jpeg"}],"twitter_card":"summary_large_image","twitter_misc":{"Dur\u00e9e de lecture estim\u00e9e":"1 minute"},"schema":{"@context":"https:\/\/schema.org","@graph":[{"@type":"WebPage","@id":"https:\/\/www.leafieldmarine.com\/fr\/accessoires-de-valve-dair\/kit-doutils-cle\/","url":"https:\/\/www.leafieldmarine.com\/fr\/accessoires-de-valve-dair\/kit-doutils-cle\/","name":"Cl\u00e9 de kit d\u2019outils - Leafield Marine","isPartOf":{"@id":"https:\/\/www.leafieldmarine.com\/fr\/#website"},"primaryImageOfPage":{"@id":"https:\/\/www.leafieldmarine.com\/fr\/accessoires-de-valve-dair\/kit-doutils-cle\/#primaryimage"},"image":{"@id":"https:\/\/www.leafieldmarine.com\/fr\/accessoires-de-valve-dair\/kit-doutils-cle\/#primaryimage"},"thumbnailUrl":"https:\/\/www.leafieldmarine.com\/wp-content\/uploads\/2022\/10\/c7-a6-tool-kit-spanner-2-2.jpg","datePublished":"2022-10-20T07:23:35+00:00","dateModified":"2023-08-10T11:05:20+00:00","description":"La cl\u00e9 \u00e0 outils Leafield Marine D7\/C7\/A6\/A9 est un outil compact qui peut \u00eatre utilis\u00e9 pour desserrer ou serrer votre valve d\u2019air Leafield Marine.","breadcrumb":{"@id":"https:\/\/www.leafieldmarine.com\/fr\/accessoires-de-valve-dair\/kit-doutils-cle\/#breadcrumb"},"inLanguage":"fr-FR","potentialAction":[{"@type":"ReadAction","target":["https:\/\/www.leafieldmarine.com\/fr\/accessoires-de-valve-dair\/kit-doutils-cle\/"]}]},{"@type":"ImageObject","inLanguage":"fr-FR","@id":"https:\/\/www.leafieldmarine.com\/fr\/accessoires-de-valve-dair\/kit-doutils-cle\/#primaryimage","url":"https:\/\/www.leafieldmarine.com\/wp-content\/uploads\/2022\/10\/c7-a6-tool-kit-spanner-2-2.jpg","contentUrl":"https:\/\/www.leafieldmarine.com\/wp-content\/uploads\/2022\/10\/c7-a6-tool-kit-spanner-2-2.jpg","width":260,"height":187},{"@type":"BreadcrumbList","@id":"https:\/\/www.leafieldmarine.com\/fr\/accessoires-de-valve-dair\/kit-doutils-cle\/#breadcrumb","itemListElement":[{"@type":"ListItem","position":1,"name":"Home","item":"https:\/\/www.leafieldmarine.com\/fr\/"},{"@type":"ListItem","position":2,"name":"Accessoires de valve d\u2019air","item":"https:\/\/www.leafieldmarine.com\/fr\/accessoires-de-valve-dair\/"},{"@type":"ListItem","position":3,"name":"Kit d\u2019outils Cl\u00e9"}]},{"@type":"WebSite","@id":"https:\/\/www.leafieldmarine.com\/fr\/#website","url":"https:\/\/www.leafieldmarine.com\/fr\/","name":"Leafield Marine","description":"World Class Air Valves for Inflatable Structures","publisher":{"@id":"https:\/\/www.leafieldmarine.com\/fr\/#organization"},"potentialAction":[{"@type":"SearchAction","target":{"@type":"EntryPoint","urlTemplate":"https:\/\/www.leafieldmarine.com\/fr\/?s={search_term_string}"},"query-input":{"@type":"PropertyValueSpecification","valueRequired":true,"valueName":"search_term_string"}}],"inLanguage":"fr-FR"},{"@type":"Organization","@id":"https:\/\/www.leafieldmarine.com\/fr\/#organization","name":"Leafield Marine","url":"https:\/\/www.leafieldmarine.com\/fr\/","logo":{"@type":"ImageObject","inLanguage":"fr-FR","@id":"https:\/\/www.leafieldmarine.com\/fr\/#\/schema\/logo\/image\/","url":"https:\/\/www.leafieldmarine.com\/wp-content\/uploads\/2022\/10\/leafield-marine-logo.png","contentUrl":"https:\/\/www.leafieldmarine.com\/wp-content\/uploads\/2022\/10\/leafield-marine-logo.png","width":247,"height":191,"caption":"Leafield Marine"},"image":{"@id":"https:\/\/www.leafieldmarine.com\/fr\/#\/schema\/logo\/image\/"}}]}},"acf":[],"_links":{"self":[{"href":"https:\/\/www.leafieldmarine.com\/fr\/wp-json\/wp\/v2\/pages\/3842","targetHints":{"allow":["GET"]}}],"collection":[{"href":"https:\/\/www.leafieldmarine.com\/fr\/wp-json\/wp\/v2\/pages"}],"about":[{"href":"https:\/\/www.leafieldmarine.com\/fr\/wp-json\/wp\/v2\/types\/page"}],"author":[{"embeddable":true,"href":"https:\/\/www.leafieldmarine.com\/fr\/wp-json\/wp\/v2\/users\/6"}],"replies":[{"embeddable":true,"href":"https:\/\/www.leafieldmarine.com\/fr\/wp-json\/wp\/v2\/comments?post=3842"}],"version-history":[{"count":0,"href":"https:\/\/www.leafieldmarine.com\/fr\/wp-json\/wp\/v2\/pages\/3842\/revisions"}],"up":[{"embeddable":true,"href":"https:\/\/www.leafieldmarine.com\/fr\/wp-json\/wp\/v2\/pages\/3853"}],"wp:featuredmedia":[{"embeddable":true,"href":"https:\/\/www.leafieldmarine.com\/fr\/wp-json\/wp\/v2\/media\/3845"}],"wp:attachment":[{"href":"https:\/\/www.leafieldmarine.com\/fr\/wp-json\/wp\/v2\/media?parent=3842"}],"curies":[{"name":"wp","href":"https:\/\/api.w.org\/{rel}","templated":true}]}}