{"id":3870,"date":"2022-10-20T07:17:10","date_gmt":"2022-10-20T07:17:10","guid":{"rendered":"https:\/\/www.leafieldmarine.com\/accessoires-de-valve-dair\/manometre\/"},"modified":"2023-08-10T11:06:01","modified_gmt":"2023-08-10T11:06:01","slug":"manometre","status":"publish","type":"page","link":"https:\/\/www.leafieldmarine.com\/fr\/accessoires-de-valve-dair\/manometre\/","title":{"rendered":"Manom\u00e8tre"},"content":{"rendered":"<div class=\"mai-columns\"><div class=\"mai-columns-wrap has-columns\" style=\"--column-gap:var(--spacing-xl);--row-gap:var(--spacing-xl);--align-columns:start;--align-columns-vertical:initial;\">\n<div class=\"mai-column is-column\" style=\"--columns-xs:1\/1;--flex-xs:0 0 var(--flex-basis);--columns-sm:1\/2;--flex-sm:0 0 var(--flex-basis);--columns-md:1\/2;--flex-md:0 0 var(--flex-basis);--columns-lg:1\/2;--flex-lg:0 0 var(--flex-basis);--justify-content:start;\">\n\n<figure class=\"wp-block-image size-full\"><img decoding=\"async\" width=\"207\" height=\"160\" src=\"https:\/\/www.leafieldmarine.com\/wp-content\/uploads\/2020\/04\/pressure-gauge.jpg\" alt=\"\" class=\"wp-image-1460\"\/><\/figure>\n\n<\/div>\n\n<div class=\"mai-column is-column\" style=\"--columns-xs:1\/1;--flex-xs:0 0 var(--flex-basis);--columns-sm:1\/2;--flex-sm:0 0 var(--flex-basis);--columns-md:1\/2;--flex-md:0 0 var(--flex-basis);--columns-lg:1\/2;--flex-lg:0 0 var(--flex-basis);--justify-content:start;\">\n\n<ul class=\"wp-block-list\">\n<li>Plage de 0 \u00e0 8,5 psi ou 0-20 psi, haute pr\u00e9cision<\/li>\n\n\n\n<li>Id\u00e9al pour assurer les performances optimales de votre semi-rigide et radeau.<\/li>\n\n\n\n<li>Peut \u00eatre utilis\u00e9 avec n\u2019importe laquelle des vannes de gonflage \/ d\u00e9gonflage de Leafield Marine.<\/li>\n\n\n\n<li>Bo\u00eetier en acier inoxydable avec m\u00e9canisme amorti r\u00e9sistant aux chocs<\/li>\n\n\n\n<li>Robuste \u2013 prot\u00e9g\u00e9 par le couvercle en caoutchouc absorbant les chocs<\/li>\n<\/ul>\n\n\n\n<div class=\"wp-block-buttons is-layout-flex wp-block-buttons-is-layout-flex\">\n<div class=\"wp-block-button has-custom-font-size buy has-lg-font-size\"><a class=\"wp-block-button__link button wp-element-button\" href=\"https:\/\/shop.leafieldmarine.com\/products\/pressure-gauge\">ACHETER MAINTENANT<\/a><\/div>\n<\/div>\n\n<\/div>\n<\/div><\/div>\n\n\n<div style=\"height:80px\" aria-hidden=\"true\" class=\"wp-block-spacer\"><\/div>\n\n\n<div class=\"mai-columns\"><div class=\"mai-columns-wrap has-columns\" style=\"--column-gap:var(--spacing-xxxl);--row-gap:var(--spacing-xl);--align-columns:start;--align-columns-vertical:initial;\">\n<div class=\"mai-column is-column\" style=\"--columns-xs:1\/1;--flex-xs:0 0 var(--flex-basis);--columns-sm:1\/2;--flex-sm:0 0 var(--flex-basis);--columns-md:1\/2;--flex-md:0 0 var(--flex-basis);--columns-lg:1\/2;--flex-lg:0 0 var(--flex-basis);--justify-content:start;\">\n\n<h3 class=\"wp-block-heading\">Description du produit<\/h3>\n\n\n\n<p>Leafield Marine propose des manom\u00e8tres \u00e0 utiliser avec nos <a href=\"https:\/\/www.leafieldmarine.com\/product-category\/products\/inflation-deflation-valves\/\">vannes de gonflage \/ d\u00e9gonflage<\/a>.<\/p>\n\n\n\n<p>Le manom\u00e8tre fournit une lecture pr\u00e9cise de la pression interne d\u2019une structure gonflable.<\/p>\n\n<\/div>\n\n<div class=\"mai-column is-column\" style=\"--columns-xs:1\/1;--flex-xs:0 0 var(--flex-basis);--columns-sm:1\/2;--flex-sm:0 0 var(--flex-basis);--columns-md:1\/2;--flex-md:0 0 var(--flex-basis);--columns-lg:1\/2;--flex-lg:0 0 var(--flex-basis);--justify-content:start;\">\n\n<h3 class=\"wp-block-heading\">Faire une demande<\/h3>\n\n\n\n<script charset=\"utf-8\" type=\"text\/javascript\" src=\"\/\/js.hsforms.net\/forms\/shell.js\"><\/script><script>hbspt.forms.create({\n    region: \"na1\",\n    portalId: \"19520949\",\n    formId: \"9ef036b9-1768-48ef-be9e-ddff4b089fe2\"\n});\n<\/script>\n\n<\/div>\n<\/div><\/div>\n\n\n<div style=\"height:44px\" aria-hidden=\"true\" class=\"wp-block-spacer\"><\/div>\n","protected":false},"excerpt":{"rendered":"<p>Un manom\u00e8tre est id\u00e9al pour assurer la performance optimale de votre structure gonflable. Il convient \u00e0 une utilisation avec n\u2019importe quelle soupape de gonflage Leafield Marine<\/p>\n","protected":false},"author":6,"featured_media":1459,"parent":3853,"menu_order":0,"comment_status":"closed","ping_status":"closed","template":"","meta":{"_acf_changed":false,"content-type":"","_genesis_hide_title":false,"_genesis_hide_breadcrumbs":false,"_genesis_hide_singular_image":false,"_genesis_hide_footer_widgets":false,"_genesis_custom_body_class":"","_genesis_custom_post_class":"","_genesis_layout":"","footnotes":""},"class_list":{"1":"page","2":"type-page","6":"entry"},"featured_image_src":"https:\/\/www.leafieldmarine.com\/wp-content\/uploads\/2020\/04\/pressure-gauge.jpg","yoast_head":"<!-- This site is optimized with the Yoast SEO plugin v27.3 - https:\/\/yoast.com\/product\/yoast-seo-wordpress\/ -->\n<title>Manom\u00e8tre - Leafield Marine<\/title>\n<meta name=\"description\" content=\"Un manom\u00e8tre est id\u00e9al pour assurer la performance optimale de votre structure gonflable. Il convient \u00e0 une utilisation avec n\u2019importe quelle soupape de gonflage Leafield Marine\" \/>\n<meta name=\"robots\" content=\"index, follow, max-snippet:-1, max-image-preview:large, max-video-preview:-1\" \/>\n<link rel=\"canonical\" href=\"https:\/\/www.leafieldmarine.com\/fr\/accessoires-de-valve-dair\/manometre\/\" \/>\n<meta property=\"og:locale\" content=\"fr_FR\" \/>\n<meta property=\"og:type\" content=\"article\" \/>\n<meta property=\"og:title\" content=\"Manom\u00e8tre - Leafield Marine\" \/>\n<meta property=\"og:description\" content=\"Un manom\u00e8tre est id\u00e9al pour assurer la performance optimale de votre structure gonflable. Il convient \u00e0 une utilisation avec n\u2019importe quelle soupape de gonflage Leafield Marine\" \/>\n<meta property=\"og:url\" content=\"https:\/\/www.leafieldmarine.com\/fr\/accessoires-de-valve-dair\/manometre\/\" \/>\n<meta property=\"og:site_name\" content=\"Leafield Marine\" \/>\n<meta property=\"article:modified_time\" content=\"2023-08-10T11:06:01+00:00\" \/>\n<meta property=\"og:image\" content=\"https:\/\/www.leafieldmarine.com\/wp-content\/uploads\/2020\/04\/pressure-gauge.jpg\" \/>\n\t<meta property=\"og:image:width\" content=\"207\" \/>\n\t<meta property=\"og:image:height\" content=\"160\" \/>\n\t<meta property=\"og:image:type\" content=\"image\/jpeg\" \/>\n<meta name=\"twitter:card\" content=\"summary_large_image\" \/>\n<meta name=\"twitter:label1\" content=\"Dur\u00e9e de lecture estim\u00e9e\" \/>\n\t<meta name=\"twitter:data1\" content=\"1 minute\" \/>\n<script type=\"application\/ld+json\" class=\"yoast-schema-graph\">{\"@context\":\"https:\\\/\\\/schema.org\",\"@graph\":[{\"@type\":\"WebPage\",\"@id\":\"https:\\\/\\\/www.leafieldmarine.com\\\/fr\\\/accessoires-de-valve-dair\\\/manometre\\\/\",\"url\":\"https:\\\/\\\/www.leafieldmarine.com\\\/fr\\\/accessoires-de-valve-dair\\\/manometre\\\/\",\"name\":\"Manom\u00e8tre - Leafield Marine\",\"isPartOf\":{\"@id\":\"https:\\\/\\\/www.leafieldmarine.com\\\/fr\\\/#website\"},\"primaryImageOfPage\":{\"@id\":\"https:\\\/\\\/www.leafieldmarine.com\\\/fr\\\/accessoires-de-valve-dair\\\/manometre\\\/#primaryimage\"},\"image\":{\"@id\":\"https:\\\/\\\/www.leafieldmarine.com\\\/fr\\\/accessoires-de-valve-dair\\\/manometre\\\/#primaryimage\"},\"thumbnailUrl\":\"https:\\\/\\\/www.leafieldmarine.com\\\/wp-content\\\/uploads\\\/2020\\\/04\\\/pressure-gauge.jpg\",\"datePublished\":\"2022-10-20T07:17:10+00:00\",\"dateModified\":\"2023-08-10T11:06:01+00:00\",\"description\":\"Un manom\u00e8tre est id\u00e9al pour assurer la performance optimale de votre structure gonflable. Il convient \u00e0 une utilisation avec n\u2019importe quelle soupape de gonflage Leafield Marine\",\"breadcrumb\":{\"@id\":\"https:\\\/\\\/www.leafieldmarine.com\\\/fr\\\/accessoires-de-valve-dair\\\/manometre\\\/#breadcrumb\"},\"inLanguage\":\"fr-FR\",\"potentialAction\":[{\"@type\":\"ReadAction\",\"target\":[\"https:\\\/\\\/www.leafieldmarine.com\\\/fr\\\/accessoires-de-valve-dair\\\/manometre\\\/\"]}]},{\"@type\":\"ImageObject\",\"inLanguage\":\"fr-FR\",\"@id\":\"https:\\\/\\\/www.leafieldmarine.com\\\/fr\\\/accessoires-de-valve-dair\\\/manometre\\\/#primaryimage\",\"url\":\"https:\\\/\\\/www.leafieldmarine.com\\\/wp-content\\\/uploads\\\/2020\\\/04\\\/pressure-gauge.jpg\",\"contentUrl\":\"https:\\\/\\\/www.leafieldmarine.com\\\/wp-content\\\/uploads\\\/2020\\\/04\\\/pressure-gauge.jpg\",\"width\":207,\"height\":160},{\"@type\":\"BreadcrumbList\",\"@id\":\"https:\\\/\\\/www.leafieldmarine.com\\\/fr\\\/accessoires-de-valve-dair\\\/manometre\\\/#breadcrumb\",\"itemListElement\":[{\"@type\":\"ListItem\",\"position\":1,\"name\":\"Home\",\"item\":\"https:\\\/\\\/www.leafieldmarine.com\\\/fr\\\/\"},{\"@type\":\"ListItem\",\"position\":2,\"name\":\"Accessoires de valve d\u2019air\",\"item\":\"https:\\\/\\\/www.leafieldmarine.com\\\/fr\\\/accessoires-de-valve-dair\\\/\"},{\"@type\":\"ListItem\",\"position\":3,\"name\":\"Manom\u00e8tre\"}]},{\"@type\":\"WebSite\",\"@id\":\"https:\\\/\\\/www.leafieldmarine.com\\\/fr\\\/#website\",\"url\":\"https:\\\/\\\/www.leafieldmarine.com\\\/fr\\\/\",\"name\":\"Leafield Marine\",\"description\":\"World Class Air Valves for Inflatable Structures\",\"publisher\":{\"@id\":\"https:\\\/\\\/www.leafieldmarine.com\\\/fr\\\/#organization\"},\"potentialAction\":[{\"@type\":\"SearchAction\",\"target\":{\"@type\":\"EntryPoint\",\"urlTemplate\":\"https:\\\/\\\/www.leafieldmarine.com\\\/fr\\\/?s={search_term_string}\"},\"query-input\":{\"@type\":\"PropertyValueSpecification\",\"valueRequired\":true,\"valueName\":\"search_term_string\"}}],\"inLanguage\":\"fr-FR\"},{\"@type\":\"Organization\",\"@id\":\"https:\\\/\\\/www.leafieldmarine.com\\\/fr\\\/#organization\",\"name\":\"Leafield Marine\",\"url\":\"https:\\\/\\\/www.leafieldmarine.com\\\/fr\\\/\",\"logo\":{\"@type\":\"ImageObject\",\"inLanguage\":\"fr-FR\",\"@id\":\"https:\\\/\\\/www.leafieldmarine.com\\\/fr\\\/#\\\/schema\\\/logo\\\/image\\\/\",\"url\":\"https:\\\/\\\/www.leafieldmarine.com\\\/wp-content\\\/uploads\\\/2022\\\/10\\\/leafield-marine-logo.png\",\"contentUrl\":\"https:\\\/\\\/www.leafieldmarine.com\\\/wp-content\\\/uploads\\\/2022\\\/10\\\/leafield-marine-logo.png\",\"width\":247,\"height\":191,\"caption\":\"Leafield Marine\"},\"image\":{\"@id\":\"https:\\\/\\\/www.leafieldmarine.com\\\/fr\\\/#\\\/schema\\\/logo\\\/image\\\/\"}}]}<\/script>\n<!-- \/ Yoast SEO plugin. -->","yoast_head_json":{"title":"Manom\u00e8tre - Leafield Marine","description":"Un manom\u00e8tre est id\u00e9al pour assurer la performance optimale de votre structure gonflable. Il convient \u00e0 une utilisation avec n\u2019importe quelle soupape de gonflage Leafield Marine","robots":{"index":"index","follow":"follow","max-snippet":"max-snippet:-1","max-image-preview":"max-image-preview:large","max-video-preview":"max-video-preview:-1"},"canonical":"https:\/\/www.leafieldmarine.com\/fr\/accessoires-de-valve-dair\/manometre\/","og_locale":"fr_FR","og_type":"article","og_title":"Manom\u00e8tre - Leafield Marine","og_description":"Un manom\u00e8tre est id\u00e9al pour assurer la performance optimale de votre structure gonflable. Il convient \u00e0 une utilisation avec n\u2019importe quelle soupape de gonflage Leafield Marine","og_url":"https:\/\/www.leafieldmarine.com\/fr\/accessoires-de-valve-dair\/manometre\/","og_site_name":"Leafield Marine","article_modified_time":"2023-08-10T11:06:01+00:00","og_image":[{"width":207,"height":160,"url":"https:\/\/www.leafieldmarine.com\/wp-content\/uploads\/2020\/04\/pressure-gauge.jpg","type":"image\/jpeg"}],"twitter_card":"summary_large_image","twitter_misc":{"Dur\u00e9e de lecture estim\u00e9e":"1 minute"},"schema":{"@context":"https:\/\/schema.org","@graph":[{"@type":"WebPage","@id":"https:\/\/www.leafieldmarine.com\/fr\/accessoires-de-valve-dair\/manometre\/","url":"https:\/\/www.leafieldmarine.com\/fr\/accessoires-de-valve-dair\/manometre\/","name":"Manom\u00e8tre - Leafield Marine","isPartOf":{"@id":"https:\/\/www.leafieldmarine.com\/fr\/#website"},"primaryImageOfPage":{"@id":"https:\/\/www.leafieldmarine.com\/fr\/accessoires-de-valve-dair\/manometre\/#primaryimage"},"image":{"@id":"https:\/\/www.leafieldmarine.com\/fr\/accessoires-de-valve-dair\/manometre\/#primaryimage"},"thumbnailUrl":"https:\/\/www.leafieldmarine.com\/wp-content\/uploads\/2020\/04\/pressure-gauge.jpg","datePublished":"2022-10-20T07:17:10+00:00","dateModified":"2023-08-10T11:06:01+00:00","description":"Un manom\u00e8tre est id\u00e9al pour assurer la performance optimale de votre structure gonflable. Il convient \u00e0 une utilisation avec n\u2019importe quelle soupape de gonflage Leafield Marine","breadcrumb":{"@id":"https:\/\/www.leafieldmarine.com\/fr\/accessoires-de-valve-dair\/manometre\/#breadcrumb"},"inLanguage":"fr-FR","potentialAction":[{"@type":"ReadAction","target":["https:\/\/www.leafieldmarine.com\/fr\/accessoires-de-valve-dair\/manometre\/"]}]},{"@type":"ImageObject","inLanguage":"fr-FR","@id":"https:\/\/www.leafieldmarine.com\/fr\/accessoires-de-valve-dair\/manometre\/#primaryimage","url":"https:\/\/www.leafieldmarine.com\/wp-content\/uploads\/2020\/04\/pressure-gauge.jpg","contentUrl":"https:\/\/www.leafieldmarine.com\/wp-content\/uploads\/2020\/04\/pressure-gauge.jpg","width":207,"height":160},{"@type":"BreadcrumbList","@id":"https:\/\/www.leafieldmarine.com\/fr\/accessoires-de-valve-dair\/manometre\/#breadcrumb","itemListElement":[{"@type":"ListItem","position":1,"name":"Home","item":"https:\/\/www.leafieldmarine.com\/fr\/"},{"@type":"ListItem","position":2,"name":"Accessoires de valve d\u2019air","item":"https:\/\/www.leafieldmarine.com\/fr\/accessoires-de-valve-dair\/"},{"@type":"ListItem","position":3,"name":"Manom\u00e8tre"}]},{"@type":"WebSite","@id":"https:\/\/www.leafieldmarine.com\/fr\/#website","url":"https:\/\/www.leafieldmarine.com\/fr\/","name":"Leafield Marine","description":"World Class Air Valves for Inflatable Structures","publisher":{"@id":"https:\/\/www.leafieldmarine.com\/fr\/#organization"},"potentialAction":[{"@type":"SearchAction","target":{"@type":"EntryPoint","urlTemplate":"https:\/\/www.leafieldmarine.com\/fr\/?s={search_term_string}"},"query-input":{"@type":"PropertyValueSpecification","valueRequired":true,"valueName":"search_term_string"}}],"inLanguage":"fr-FR"},{"@type":"Organization","@id":"https:\/\/www.leafieldmarine.com\/fr\/#organization","name":"Leafield Marine","url":"https:\/\/www.leafieldmarine.com\/fr\/","logo":{"@type":"ImageObject","inLanguage":"fr-FR","@id":"https:\/\/www.leafieldmarine.com\/fr\/#\/schema\/logo\/image\/","url":"https:\/\/www.leafieldmarine.com\/wp-content\/uploads\/2022\/10\/leafield-marine-logo.png","contentUrl":"https:\/\/www.leafieldmarine.com\/wp-content\/uploads\/2022\/10\/leafield-marine-logo.png","width":247,"height":191,"caption":"Leafield Marine"},"image":{"@id":"https:\/\/www.leafieldmarine.com\/fr\/#\/schema\/logo\/image\/"}}]}},"acf":[],"post_mailing_queue_ids":[],"_links":{"self":[{"href":"https:\/\/www.leafieldmarine.com\/fr\/wp-json\/wp\/v2\/pages\/3870","targetHints":{"allow":["GET"]}}],"collection":[{"href":"https:\/\/www.leafieldmarine.com\/fr\/wp-json\/wp\/v2\/pages"}],"about":[{"href":"https:\/\/www.leafieldmarine.com\/fr\/wp-json\/wp\/v2\/types\/page"}],"author":[{"embeddable":true,"href":"https:\/\/www.leafieldmarine.com\/fr\/wp-json\/wp\/v2\/users\/6"}],"replies":[{"embeddable":true,"href":"https:\/\/www.leafieldmarine.com\/fr\/wp-json\/wp\/v2\/comments?post=3870"}],"version-history":[{"count":0,"href":"https:\/\/www.leafieldmarine.com\/fr\/wp-json\/wp\/v2\/pages\/3870\/revisions"}],"up":[{"embeddable":true,"href":"https:\/\/www.leafieldmarine.com\/fr\/wp-json\/wp\/v2\/pages\/3853"}],"wp:featuredmedia":[{"embeddable":true,"href":"https:\/\/www.leafieldmarine.com\/fr\/wp-json\/wp\/v2\/media\/1459"}],"wp:attachment":[{"href":"https:\/\/www.leafieldmarine.com\/fr\/wp-json\/wp\/v2\/media?parent=3870"}],"curies":[{"name":"wp","href":"https:\/\/api.w.org\/{rel}","templated":true}]}}