{"id":4103,"date":"2020-04-03T11:17:24","date_gmt":"2020-04-03T11:17:24","guid":{"rendered":"https:\/\/www.leafieldmarine.com\/semi-rigides-et-appels-doffres\/"},"modified":"2023-02-17T16:35:27","modified_gmt":"2023-02-17T16:35:27","slug":"semi-rigides-et-appels-doffres","status":"publish","type":"page","link":"https:\/\/www.leafieldmarine.com\/fr\/semi-rigides-et-appels-doffres\/","title":{"rendered":"Semi-rigides et appels d&rsquo;offres"},"content":{"rendered":"\n<div class=\"wp-block-group has-lg-content-width\"><div class=\"wp-block-group__inner-container is-layout-flow wp-block-group-is-layout-flow\">\n<div class=\"wp-block-columns is-layout-flex wp-container-core-columns-is-layout-9d6595d7 wp-block-columns-is-layout-flex\">\n<div class=\"wp-block-column is-layout-flow wp-block-column-is-layout-flow\">\n<h1 class=\"wp-block-heading\">Semi-rigides et appels d&rsquo;offres<\/h1>\n\n\n\n<p>Les vannes Leafield Marine sont id\u00e9ales pour tous les semi-rigides et annexes, des annexes les plus simples aux grands semi-rigides commerciaux pour les environnements exigeants. Nos vannes sont con\u00e7ues et fabriqu\u00e9es pour des performances et une fiabilit\u00e9 \u00e9lev\u00e9es, y compris des tests de fuite \u00e0 100 %.<\/p>\n\n\n\n<p>Nous concevons et fabriquons une gamme de valves pour un gonflage\/d\u00e9gonflage rapide, une d\u00e9compression et un transfert. Nous pouvons \u00e9galement proposer des vannes adapt\u00e9es aux rev\u00eatements de sol Drop Stitch.<\/p>\n\n\n\n<p>Nos valves \u00e9l\u00e9gantes et de haute qualit\u00e9 sont disponibles dans une gamme de couleurs et peuvent \u00eatre personnalis\u00e9es avec la marque de votre entreprise sur le capuchon.<\/p>\n\n\n<div class=\"mai-columns\"><div class=\"mai-columns-wrap has-columns\" style=\"--column-gap:var(--spacing-xl);--row-gap:var(--spacing-xl);--align-columns:start;--align-columns-vertical:initial;\">\n<div class=\"mai-column is-column\" style=\"--columns-xs:1\/1;--flex-xs:0 0 var(--flex-basis);--columns-sm:1\/2;--flex-sm:0 0 var(--flex-basis);--columns-md:1\/2;--flex-md:0 0 var(--flex-basis);--columns-lg:1\/2;--flex-lg:0 0 var(--flex-basis);--justify-content:start;\">\n\n<figure class=\"wp-block-image size-full\"><img decoding=\"async\" width=\"1024\" height=\"651\" src=\"https:\/\/www.leafieldmarine.com\/wp-content\/uploads\/2022\/10\/ribcraft-6.jpg\" alt=\"\" class=\"wp-image-3509\" srcset=\"https:\/\/www.leafieldmarine.com\/wp-content\/uploads\/2022\/10\/ribcraft-6-300x191.jpg 300w, https:\/\/www.leafieldmarine.com\/wp-content\/uploads\/2022\/10\/ribcraft-6-600x381.jpg 600w, https:\/\/www.leafieldmarine.com\/wp-content\/uploads\/2022\/10\/ribcraft-6-768x488.jpg 768w, https:\/\/www.leafieldmarine.com\/wp-content\/uploads\/2022\/10\/ribcraft-6.jpg 1024w\" sizes=\"(max-width: 1024px) 100vw, 1024px\" \/><\/figure>\n\n<\/div>\n\n<div class=\"mai-column is-column\" style=\"--columns-xs:1\/1;--flex-xs:0 0 var(--flex-basis);--columns-sm:1\/2;--flex-sm:0 0 var(--flex-basis);--columns-md:1\/2;--flex-md:0 0 var(--flex-basis);--columns-lg:1\/2;--flex-lg:0 0 var(--flex-basis);\">\n\n<figure class=\"wp-block-image size-large\"><img decoding=\"async\" width=\"1024\" height=\"651\" src=\"https:\/\/www.leafieldmarine.com\/wp-content\/uploads\/2021\/08\/Williams-tender-1024x651.jpeg\" alt=\"\" class=\"wp-image-914\" srcset=\"https:\/\/www.leafieldmarine.com\/wp-content\/uploads\/2021\/08\/Williams-tender-300x191.jpeg 300w, https:\/\/www.leafieldmarine.com\/wp-content\/uploads\/2021\/08\/Williams-tender-600x381.jpeg 600w, https:\/\/www.leafieldmarine.com\/wp-content\/uploads\/2021\/08\/Williams-tender-768x488.jpeg 768w, https:\/\/www.leafieldmarine.com\/wp-content\/uploads\/2021\/08\/Williams-tender-1024x651.jpeg 1024w, https:\/\/www.leafieldmarine.com\/wp-content\/uploads\/2021\/08\/Williams-tender-1536x976.jpeg 1536w, https:\/\/www.leafieldmarine.com\/wp-content\/uploads\/2021\/08\/Williams-tender-scaled.jpeg 1920w, https:\/\/www.leafieldmarine.com\/wp-content\/uploads\/2021\/08\/Williams-tender-2048x1301.jpeg 2048w\" sizes=\"(max-width: 1024px) 100vw, 1024px\" \/><\/figure>\n\n<\/div>\n<\/div><\/div>\n\n\n<div style=\"height:59px\" aria-hidden=\"true\" class=\"wp-block-spacer\"><\/div>\n<\/div>\n<\/div>\n<\/div><\/div>\n<div class=\"mai-divider mai-divider-wave alignfull\" style=\"--divider-color:var(--color-secondary);--divider-background-color:transparent;--divider-height:var(--padding-lg);\"><svg fill=\"currentColor\" enable-background=\"new 0 0 1000 120\" viewbox=\"0 0 1000 120\" preserveaspectratio=\"none\" aria-hidden=\"true\" focusable=\"false\" xmlns=\"http:\/\/www.w3.org\/2000\/svg\" class=\"mai-divider-svg\"><path d=\"M 0 80 Q 200 160 500 60 Q 770 -40 1000 40 L 1000 120 L 0 120 Z\"><\/path><\/svg><\/div>\n<div class=\"wp-block-group alignfull has-secondary-background-color has-background has-light-background has-lg-content-width\"><div class=\"wp-block-group__inner-container is-layout-flow wp-block-group-is-layout-flow\">\n<div style=\"height:27px\" aria-hidden=\"true\" class=\"wp-block-spacer\"><\/div>\n\n\n<div class=\"mai-columns\"><div class=\"mai-columns-wrap has-columns\" style=\"--column-gap:var(--spacing-xl);--row-gap:var(--spacing-xl);--align-columns:start;--align-columns-vertical:start;\">\n<div class=\"mai-column is-column has-md-padding\" style=\"--columns-xs:1\/1;--flex-xs:0 0 var(--flex-basis);--columns-sm:1\/2;--flex-sm:0 0 var(--flex-basis);--columns-md:1\/2;--flex-md:0 0 var(--flex-basis);--columns-lg:1\/2;--flex-lg:0 0 var(--flex-basis);--justify-content:start;\">\n\n<h3 class=\"wp-block-heading\">FAIRE UNE DEMANDE<\/h3>\n\n\n\n<script charset=\"utf-8\" type=\"text\/javascript\" src=\"\/\/js.hsforms.net\/forms\/shell.js\"><\/script>\n<script>\n  hbspt.forms.create({\n    region: \"na1\",\n    portalId: \"19520949\",\n    formId: \"9ef036b9-1768-48ef-be9e-ddff4b089fe2\"\n});\n<\/script>\n\n<\/div>\n\n<div class=\"mai-column is-column has-md-padding has-background has-light-background has-shadow\" style=\"--columns-xs:1\/1;--flex-xs:0 0 var(--flex-basis);--columns-sm:1\/2;--flex-sm:0 0 var(--flex-basis);--columns-md:1\/2;--flex-md:0 0 var(--flex-basis);--columns-lg:1\/2;--flex-lg:0 0 var(--flex-basis);--justify-content:start;background:var(--color-white);\">\n\n<p class=\"has-primary-color has-text-color\">\u00ab <em>Gemini utilise les vannes Leafield \u00e9prouv\u00e9es dans nos RIBS commerciaux et professionnels depuis de nombreuses ann\u00e9es et continuera de le faire.<\/em> \u00bb<br><strong>\u00c9QUIPE GEMINI MARINE<\/strong><\/p>\n\n\n\n<p class=\"has-primary-color has-text-color\">\u00ab\u00a0<em>L\u2019expertise de Leafield Marine en mati\u00e8re de conception, de fabrication et de service \u00e0 la client\u00e8le est in\u00e9gal\u00e9e. Excellent support, livraisons en temps opportun et technologie de pointe; nous sommes fiers de faire \u00e9quipe avec eux.<\/em>\u00ab\u00a0<br><strong>L\u2019\u00c9QUIPE RIVER GEAR<\/strong><\/p>\n\n\n\n<p class=\"has-primary-color has-text-color\">\u00ab\u00a0<em>Je fais du rafting pour \u00eatre dans le moment pr\u00e9sent, donc je ne veux pas penser \u00e0 mon \u00e9quipement. Heureusement, je n\u2019ai jamais \u00e0 penser \u00e0 mes vannes Leafield.<\/em>\u00ab\u00a0<br><strong>\u00c9QUIPE NRS<\/strong><\/p>\n\n<\/div>\n<\/div><\/div>\n\n\n<div style=\"height:42px\" aria-hidden=\"true\" class=\"wp-block-spacer\"><\/div>\n<\/div><\/div>\n\n\n<div class=\"wp-block-group alignfull has-background\" style=\"background-color:#f2f6f8\"><div class=\"wp-block-group__inner-container is-layout-flow wp-block-group-is-layout-flow\"><div class=\"mai-divider mai-divider-wave alignfull flip-vertical flip-horizontal\" style=\"--divider-color:var(--color-secondary);--divider-background-color:transparent;--divider-height:var(--padding-lg);\"><svg fill=\"currentColor\" enable-background=\"new 0 0 1000 120\" viewbox=\"0 0 1000 120\" preserveaspectratio=\"none\" aria-hidden=\"true\" focusable=\"false\" xmlns=\"http:\/\/www.w3.org\/2000\/svg\" class=\"mai-divider-svg\"><path d=\"M 0 80 Q 200 160 500 60 Q 770 -40 1000 40 L 1000 120 L 0 120 Z\"><\/path><\/svg><\/div><\/div><\/div>\n\n<div class=\"wp-block-group alignfull has-background\" style=\"background-color:#f2f6f8\"><div class=\"wp-block-group__inner-container is-layout-flow wp-block-group-is-layout-flow\"><div class=\"mai-divider mai-divider-wave alignfull\" style=\"--divider-color:#f2f6f8;--divider-background-color:transparent;--divider-height:var(--padding-lg);\"><svg fill=\"currentColor\" enable-background=\"new 0 0 1000 120\" viewbox=\"0 0 1000 120\" preserveaspectratio=\"none\" aria-hidden=\"true\" focusable=\"false\" xmlns=\"http:\/\/www.w3.org\/2000\/svg\" class=\"mai-divider-svg\"><path d=\"M 0 80 Q 200 160 500 60 Q 770 -40 1000 40 L 1000 120 L 0 120 Z\"><\/path><\/svg><\/div><\/div><\/div>\n\n<div class=\"wp-block-group alignfull has-background has-lg-content-width\" style=\"background-color:#f2f6f8\"><div class=\"wp-block-group__inner-container is-layout-flow wp-block-group-is-layout-flow\">\n<h2 class=\"has-text-align-center wp-block-heading\">Parcourir nos produits<\/h2>\n\n\n\n<div style=\"height:27px\" aria-hidden=\"true\" class=\"wp-block-spacer\"><\/div>\n\n\n<div class=\"mai-columns alignwide\"><div class=\"mai-columns-wrap has-columns\" style=\"--column-gap:var(--spacing-xl);--row-gap:var(--spacing-xl);--align-columns:start;--align-columns-vertical:initial;\">\n<div class=\"mai-column is-column has-md-padding has-background has-light-background has-shadow\" style=\"--columns-xs:1\/2;--flex-xs:0 0 var(--flex-basis);--columns-sm:1\/2;--flex-sm:0 0 var(--flex-basis);--columns-md:1\/3;--flex-md:0 0 var(--flex-basis);--columns-lg:1\/5;--flex-lg:0 0 var(--flex-basis);--justify-content:start;background:var(--color-white);\">\n\n<figure class=\"wp-block-image size-full\"><img decoding=\"async\" width=\"1024\" height=\"576\" src=\"https:\/\/www.leafieldmarine.com\/wp-content\/uploads\/2021\/07\/D7-Dropstitch-top-cap-group-2-1.jpg\" alt=\"D7 Soupape de gonflage\" class=\"wp-image-777\" srcset=\"https:\/\/www.leafieldmarine.com\/wp-content\/uploads\/2021\/07\/D7-Dropstitch-top-cap-group-2-1-300x169.jpg 300w, https:\/\/www.leafieldmarine.com\/wp-content\/uploads\/2021\/07\/D7-Dropstitch-top-cap-group-2-1-600x338.jpg 600w, https:\/\/www.leafieldmarine.com\/wp-content\/uploads\/2021\/07\/D7-Dropstitch-top-cap-group-2-1-768x432.jpg 768w, https:\/\/www.leafieldmarine.com\/wp-content\/uploads\/2021\/07\/D7-Dropstitch-top-cap-group-2-1.jpg 1024w\" sizes=\"(max-width: 1024px) 100vw, 1024px\" \/><\/figure>\n\n\n\n<h5 class=\"has-text-align-center wp-block-heading\"><a href=\"https:\/\/www.leafieldmarine.com\/product\/d7-drop-stitch-inflation-deflation-valve\/\">D7 Drop Stitch Inflation\/Deflation Valve<\/a><\/h5>\n\n<\/div>\n\n<div class=\"mai-column is-column has-md-padding has-background has-light-background has-shadow\" style=\"--columns-xs:1\/2;--flex-xs:0 0 var(--flex-basis);--columns-sm:1\/2;--flex-sm:0 0 var(--flex-basis);--columns-md:1\/3;--flex-md:0 0 var(--flex-basis);--columns-lg:1\/5;--flex-lg:0 0 var(--flex-basis);--justify-content:start;background:var(--color-white);\">\n\n<figure class=\"wp-block-image size-full\"><img decoding=\"async\" width=\"320\" height=\"250\" src=\"https:\/\/www.leafieldmarine.com\/wp-content\/uploads\/2021\/07\/a6-pressure-relief-valve-1.jpeg\" alt=\"Soupape de surpression A6\" class=\"wp-image-839\" srcset=\"https:\/\/www.leafieldmarine.com\/wp-content\/uploads\/2021\/07\/a6-pressure-relief-valve-1-300x234.jpeg 300w, https:\/\/www.leafieldmarine.com\/wp-content\/uploads\/2021\/07\/a6-pressure-relief-valve-1.jpeg 320w\" sizes=\"(max-width: 320px) 100vw, 320px\" \/><\/figure>\n\n\n\n<h5 class=\"has-text-align-center wp-block-heading\"><a href=\"https:\/\/www.leafieldmarine.com\/pressure-relief-valves\/a6-pressure-relief-valve\/\">A6 Pressure Relief Valve<\/a><\/h5>\n\n<\/div>\n\n<div class=\"mai-column is-column has-md-padding has-background has-light-background has-shadow\" style=\"--columns-xs:1\/2;--flex-xs:0 0 var(--flex-basis);--columns-sm:1\/2;--flex-sm:0 0 var(--flex-basis);--columns-md:1\/3;--flex-md:0 0 var(--flex-basis);--columns-lg:1\/5;--flex-lg:0 0 var(--flex-basis);--justify-content:start;background:var(--color-white);\">\n\n<figure class=\"wp-block-image size-full\"><img decoding=\"async\" width=\"375\" height=\"225\" src=\"https:\/\/www.leafieldmarine.com\/wp-content\/uploads\/2021\/05\/c73.jpg\" alt=\"Vanne de gonflage\/d&#xE9;flation Leafield C7\" class=\"wp-image-540\" srcset=\"https:\/\/www.leafieldmarine.com\/wp-content\/uploads\/2021\/05\/c73-300x180.jpg 300w, https:\/\/www.leafieldmarine.com\/wp-content\/uploads\/2021\/05\/c73.jpg 375w\" sizes=\"(max-width: 375px) 100vw, 375px\" \/><\/figure>\n\n\n\n<h5 class=\"has-text-align-center wp-block-heading\"><a href=\"https:\/\/www.leafieldmarine.com\/inflation-deflation-valves\/c7-inflation-deflation-valve\/\">C7 Inflation\/Deflation Valve<\/a><\/h5>\n\n<\/div>\n\n<div class=\"mai-column is-column has-md-padding has-background has-light-background has-shadow\" style=\"--columns-xs:1\/2;--flex-xs:0 0 var(--flex-basis);--columns-sm:1\/2;--flex-sm:0 0 var(--flex-basis);--columns-md:1\/3;--flex-md:0 0 var(--flex-basis);--columns-lg:1\/5;--flex-lg:0 0 var(--flex-basis);--justify-content:start;background:var(--color-white);\">\n\n<figure class=\"wp-block-image size-full\"><img decoding=\"async\" width=\"320\" height=\"250\" src=\"https:\/\/www.leafieldmarine.com\/wp-content\/uploads\/2021\/08\/d7-inflation-deflation-valve-1.jpeg\" alt=\"d7-inflation-d&#xE9;gonflage-valve\" class=\"wp-image-894\" srcset=\"https:\/\/www.leafieldmarine.com\/wp-content\/uploads\/2021\/08\/d7-inflation-deflation-valve-1-300x234.jpeg 300w, https:\/\/www.leafieldmarine.com\/wp-content\/uploads\/2021\/08\/d7-inflation-deflation-valve-1.jpeg 320w\" sizes=\"(max-width: 320px) 100vw, 320px\" \/><\/figure>\n\n\n\n<h5 class=\"has-text-align-center wp-block-heading\"><a href=\"https:\/\/www.leafieldmarine.com\/inflation-deflation-valves\/d7-drop-stitch-inflation-deflation-valve\/\">D7 Inflation\/Deflation Valve<\/a><\/h5>\n\n<\/div>\n\n<div class=\"mai-column is-column has-md-padding has-background has-light-background has-shadow\" style=\"--columns-xs:1\/2;--flex-xs:0 0 var(--flex-basis);--columns-sm:1\/2;--flex-sm:0 0 var(--flex-basis);--columns-md:1\/3;--flex-md:0 0 var(--flex-basis);--columns-lg:1\/5;--flex-lg:0 0 var(--flex-basis);--justify-content:start;background:var(--color-white);\">\n\n<figure class=\"wp-block-image size-full\"><img decoding=\"async\" width=\"1024\" height=\"768\" src=\"https:\/\/www.leafieldmarine.com\/wp-content\/uploads\/2020\/04\/STV-valve.png\" alt=\"Vanne de transfert commutable\" class=\"wp-image-958\" srcset=\"https:\/\/www.leafieldmarine.com\/wp-content\/uploads\/2020\/04\/STV-valve-300x225.png 300w, https:\/\/www.leafieldmarine.com\/wp-content\/uploads\/2020\/04\/STV-valve-600x450.png 600w, https:\/\/www.leafieldmarine.com\/wp-content\/uploads\/2020\/04\/STV-valve-768x576.png 768w, https:\/\/www.leafieldmarine.com\/wp-content\/uploads\/2020\/04\/STV-valve.png 1024w\" sizes=\"(max-width: 1024px) 100vw, 1024px\" \/><\/figure>\n\n\n\n<h5 class=\"has-text-align-center wp-block-heading\"><a href=\"https:\/\/www.leafieldmarine.com\/gas-inflation-systems-for-boats\/switchable-transfer-valve\/\">Switchable Transfer Valve<\/a><\/h5>\n\n<\/div>\n<\/div><\/div>\n\n\n<div style=\"height:42px\" aria-hidden=\"true\" class=\"wp-block-spacer\"><\/div>\n<\/div><\/div>\n","protected":false},"excerpt":{"rendered":"<p>Les vannes Leafield Marine sont id\u00e9ales pour tous les semi-rigides et annexes, des annexes les plus simples aux grands semi-rigides commerciaux pour les environnements exigeants.<\/p>\n","protected":false},"author":8,"featured_media":4077,"parent":0,"menu_order":0,"comment_status":"closed","ping_status":"closed","template":"","meta":{"_acf_changed":false,"content-type":"","_genesis_hide_title":false,"_genesis_hide_breadcrumbs":false,"_genesis_hide_singular_image":false,"_genesis_hide_footer_widgets":false,"_genesis_custom_body_class":"","_genesis_custom_post_class":"","_genesis_layout":"","footnotes":""},"class_list":{"1":"page","2":"type-page","6":"entry"},"featured_image_src":"https:\/\/www.leafieldmarine.com\/wp-content\/uploads\/2022\/11\/Ribcraft-3-1a.jpg","yoast_head":"<!-- This site is optimized with the Yoast SEO plugin v27.4 - https:\/\/yoast.com\/product\/yoast-seo-wordpress\/ -->\n<title>Semi-rigides et appels d&#039;offres - Leafield Marine<\/title>\n<meta name=\"description\" content=\"Les vannes Leafield Marine sont id\u00e9ales pour tous les semi-rigides et annexes, des annexes les plus simples aux grands semi-rigides commerciaux pour les environnements exigeants.\" \/>\n<meta name=\"robots\" content=\"index, follow, max-snippet:-1, max-image-preview:large, max-video-preview:-1\" \/>\n<link rel=\"canonical\" href=\"https:\/\/www.leafieldmarine.com\/fr\/semi-rigides-et-appels-doffres\/\" \/>\n<meta property=\"og:locale\" content=\"fr_FR\" \/>\n<meta property=\"og:type\" content=\"article\" \/>\n<meta property=\"og:title\" content=\"Semi-rigides et appels d&#039;offres - Leafield Marine\" \/>\n<meta property=\"og:description\" content=\"Les vannes Leafield Marine sont id\u00e9ales pour tous les semi-rigides et annexes, des annexes les plus simples aux grands semi-rigides commerciaux pour les environnements exigeants.\" \/>\n<meta property=\"og:url\" content=\"https:\/\/www.leafieldmarine.com\/fr\/semi-rigides-et-appels-doffres\/\" \/>\n<meta property=\"og:site_name\" content=\"Leafield Marine\" \/>\n<meta property=\"article:modified_time\" content=\"2023-02-17T16:35:27+00:00\" \/>\n<meta property=\"og:image\" content=\"https:\/\/www.leafieldmarine.com\/wp-content\/uploads\/2022\/11\/Ribcraft-3-1a.jpg\" \/>\n\t<meta property=\"og:image:width\" content=\"853\" \/>\n\t<meta property=\"og:image:height\" content=\"569\" \/>\n\t<meta property=\"og:image:type\" content=\"image\/jpeg\" \/>\n<meta name=\"twitter:card\" content=\"summary_large_image\" \/>\n<meta name=\"twitter:label1\" content=\"Dur\u00e9e de lecture estim\u00e9e\" \/>\n\t<meta name=\"twitter:data1\" content=\"3 minutes\" \/>\n<script type=\"application\/ld+json\" class=\"yoast-schema-graph\">{\"@context\":\"https:\\\/\\\/schema.org\",\"@graph\":[{\"@type\":\"WebPage\",\"@id\":\"https:\\\/\\\/www.leafieldmarine.com\\\/fr\\\/semi-rigides-et-appels-doffres\\\/\",\"url\":\"https:\\\/\\\/www.leafieldmarine.com\\\/fr\\\/semi-rigides-et-appels-doffres\\\/\",\"name\":\"Semi-rigides et appels d'offres - Leafield Marine\",\"isPartOf\":{\"@id\":\"https:\\\/\\\/www.leafieldmarine.com\\\/fr\\\/#website\"},\"primaryImageOfPage\":{\"@id\":\"https:\\\/\\\/www.leafieldmarine.com\\\/fr\\\/semi-rigides-et-appels-doffres\\\/#primaryimage\"},\"image\":{\"@id\":\"https:\\\/\\\/www.leafieldmarine.com\\\/fr\\\/semi-rigides-et-appels-doffres\\\/#primaryimage\"},\"thumbnailUrl\":\"https:\\\/\\\/www.leafieldmarine.com\\\/wp-content\\\/uploads\\\/2022\\\/11\\\/Ribcraft-3-1a.jpg\",\"datePublished\":\"2020-04-03T11:17:24+00:00\",\"dateModified\":\"2023-02-17T16:35:27+00:00\",\"description\":\"Les vannes Leafield Marine sont id\u00e9ales pour tous les semi-rigides et annexes, des annexes les plus simples aux grands semi-rigides commerciaux pour les environnements exigeants.\",\"breadcrumb\":{\"@id\":\"https:\\\/\\\/www.leafieldmarine.com\\\/fr\\\/semi-rigides-et-appels-doffres\\\/#breadcrumb\"},\"inLanguage\":\"fr-FR\",\"potentialAction\":[{\"@type\":\"ReadAction\",\"target\":[\"https:\\\/\\\/www.leafieldmarine.com\\\/fr\\\/semi-rigides-et-appels-doffres\\\/\"]}]},{\"@type\":\"ImageObject\",\"inLanguage\":\"fr-FR\",\"@id\":\"https:\\\/\\\/www.leafieldmarine.com\\\/fr\\\/semi-rigides-et-appels-doffres\\\/#primaryimage\",\"url\":\"https:\\\/\\\/www.leafieldmarine.com\\\/wp-content\\\/uploads\\\/2022\\\/11\\\/Ribcraft-3-1a.jpg\",\"contentUrl\":\"https:\\\/\\\/www.leafieldmarine.com\\\/wp-content\\\/uploads\\\/2022\\\/11\\\/Ribcraft-3-1a.jpg\",\"width\":853,\"height\":569},{\"@type\":\"BreadcrumbList\",\"@id\":\"https:\\\/\\\/www.leafieldmarine.com\\\/fr\\\/semi-rigides-et-appels-doffres\\\/#breadcrumb\",\"itemListElement\":[{\"@type\":\"ListItem\",\"position\":1,\"name\":\"Home\",\"item\":\"https:\\\/\\\/www.leafieldmarine.com\\\/fr\\\/\"},{\"@type\":\"ListItem\",\"position\":2,\"name\":\"Semi-rigides et appels d&#8217;offres\"}]},{\"@type\":\"WebSite\",\"@id\":\"https:\\\/\\\/www.leafieldmarine.com\\\/fr\\\/#website\",\"url\":\"https:\\\/\\\/www.leafieldmarine.com\\\/fr\\\/\",\"name\":\"Leafield Marine\",\"description\":\"World Class Air Valves for Inflatable Structures\",\"publisher\":{\"@id\":\"https:\\\/\\\/www.leafieldmarine.com\\\/fr\\\/#organization\"},\"potentialAction\":[{\"@type\":\"SearchAction\",\"target\":{\"@type\":\"EntryPoint\",\"urlTemplate\":\"https:\\\/\\\/www.leafieldmarine.com\\\/fr\\\/?s={search_term_string}\"},\"query-input\":{\"@type\":\"PropertyValueSpecification\",\"valueRequired\":true,\"valueName\":\"search_term_string\"}}],\"inLanguage\":\"fr-FR\"},{\"@type\":\"Organization\",\"@id\":\"https:\\\/\\\/www.leafieldmarine.com\\\/fr\\\/#organization\",\"name\":\"Leafield Marine\",\"url\":\"https:\\\/\\\/www.leafieldmarine.com\\\/fr\\\/\",\"logo\":{\"@type\":\"ImageObject\",\"inLanguage\":\"fr-FR\",\"@id\":\"https:\\\/\\\/www.leafieldmarine.com\\\/fr\\\/#\\\/schema\\\/logo\\\/image\\\/\",\"url\":\"https:\\\/\\\/www.leafieldmarine.com\\\/wp-content\\\/uploads\\\/2022\\\/10\\\/leafield-marine-logo.png\",\"contentUrl\":\"https:\\\/\\\/www.leafieldmarine.com\\\/wp-content\\\/uploads\\\/2022\\\/10\\\/leafield-marine-logo.png\",\"width\":247,\"height\":191,\"caption\":\"Leafield Marine\"},\"image\":{\"@id\":\"https:\\\/\\\/www.leafieldmarine.com\\\/fr\\\/#\\\/schema\\\/logo\\\/image\\\/\"}}]}<\/script>\n<!-- \/ Yoast SEO plugin. -->","yoast_head_json":{"title":"Semi-rigides et appels d'offres - Leafield Marine","description":"Les vannes Leafield Marine sont id\u00e9ales pour tous les semi-rigides et annexes, des annexes les plus simples aux grands semi-rigides commerciaux pour les environnements exigeants.","robots":{"index":"index","follow":"follow","max-snippet":"max-snippet:-1","max-image-preview":"max-image-preview:large","max-video-preview":"max-video-preview:-1"},"canonical":"https:\/\/www.leafieldmarine.com\/fr\/semi-rigides-et-appels-doffres\/","og_locale":"fr_FR","og_type":"article","og_title":"Semi-rigides et appels d'offres - Leafield Marine","og_description":"Les vannes Leafield Marine sont id\u00e9ales pour tous les semi-rigides et annexes, des annexes les plus simples aux grands semi-rigides commerciaux pour les environnements exigeants.","og_url":"https:\/\/www.leafieldmarine.com\/fr\/semi-rigides-et-appels-doffres\/","og_site_name":"Leafield Marine","article_modified_time":"2023-02-17T16:35:27+00:00","og_image":[{"width":853,"height":569,"url":"https:\/\/www.leafieldmarine.com\/wp-content\/uploads\/2022\/11\/Ribcraft-3-1a.jpg","type":"image\/jpeg"}],"twitter_card":"summary_large_image","twitter_misc":{"Dur\u00e9e de lecture estim\u00e9e":"3 minutes"},"schema":{"@context":"https:\/\/schema.org","@graph":[{"@type":"WebPage","@id":"https:\/\/www.leafieldmarine.com\/fr\/semi-rigides-et-appels-doffres\/","url":"https:\/\/www.leafieldmarine.com\/fr\/semi-rigides-et-appels-doffres\/","name":"Semi-rigides et appels d'offres - Leafield Marine","isPartOf":{"@id":"https:\/\/www.leafieldmarine.com\/fr\/#website"},"primaryImageOfPage":{"@id":"https:\/\/www.leafieldmarine.com\/fr\/semi-rigides-et-appels-doffres\/#primaryimage"},"image":{"@id":"https:\/\/www.leafieldmarine.com\/fr\/semi-rigides-et-appels-doffres\/#primaryimage"},"thumbnailUrl":"https:\/\/www.leafieldmarine.com\/wp-content\/uploads\/2022\/11\/Ribcraft-3-1a.jpg","datePublished":"2020-04-03T11:17:24+00:00","dateModified":"2023-02-17T16:35:27+00:00","description":"Les vannes Leafield Marine sont id\u00e9ales pour tous les semi-rigides et annexes, des annexes les plus simples aux grands semi-rigides commerciaux pour les environnements exigeants.","breadcrumb":{"@id":"https:\/\/www.leafieldmarine.com\/fr\/semi-rigides-et-appels-doffres\/#breadcrumb"},"inLanguage":"fr-FR","potentialAction":[{"@type":"ReadAction","target":["https:\/\/www.leafieldmarine.com\/fr\/semi-rigides-et-appels-doffres\/"]}]},{"@type":"ImageObject","inLanguage":"fr-FR","@id":"https:\/\/www.leafieldmarine.com\/fr\/semi-rigides-et-appels-doffres\/#primaryimage","url":"https:\/\/www.leafieldmarine.com\/wp-content\/uploads\/2022\/11\/Ribcraft-3-1a.jpg","contentUrl":"https:\/\/www.leafieldmarine.com\/wp-content\/uploads\/2022\/11\/Ribcraft-3-1a.jpg","width":853,"height":569},{"@type":"BreadcrumbList","@id":"https:\/\/www.leafieldmarine.com\/fr\/semi-rigides-et-appels-doffres\/#breadcrumb","itemListElement":[{"@type":"ListItem","position":1,"name":"Home","item":"https:\/\/www.leafieldmarine.com\/fr\/"},{"@type":"ListItem","position":2,"name":"Semi-rigides et appels d&#8217;offres"}]},{"@type":"WebSite","@id":"https:\/\/www.leafieldmarine.com\/fr\/#website","url":"https:\/\/www.leafieldmarine.com\/fr\/","name":"Leafield Marine","description":"World Class Air Valves for Inflatable Structures","publisher":{"@id":"https:\/\/www.leafieldmarine.com\/fr\/#organization"},"potentialAction":[{"@type":"SearchAction","target":{"@type":"EntryPoint","urlTemplate":"https:\/\/www.leafieldmarine.com\/fr\/?s={search_term_string}"},"query-input":{"@type":"PropertyValueSpecification","valueRequired":true,"valueName":"search_term_string"}}],"inLanguage":"fr-FR"},{"@type":"Organization","@id":"https:\/\/www.leafieldmarine.com\/fr\/#organization","name":"Leafield Marine","url":"https:\/\/www.leafieldmarine.com\/fr\/","logo":{"@type":"ImageObject","inLanguage":"fr-FR","@id":"https:\/\/www.leafieldmarine.com\/fr\/#\/schema\/logo\/image\/","url":"https:\/\/www.leafieldmarine.com\/wp-content\/uploads\/2022\/10\/leafield-marine-logo.png","contentUrl":"https:\/\/www.leafieldmarine.com\/wp-content\/uploads\/2022\/10\/leafield-marine-logo.png","width":247,"height":191,"caption":"Leafield Marine"},"image":{"@id":"https:\/\/www.leafieldmarine.com\/fr\/#\/schema\/logo\/image\/"}}]}},"acf":[],"_links":{"self":[{"href":"https:\/\/www.leafieldmarine.com\/fr\/wp-json\/wp\/v2\/pages\/4103","targetHints":{"allow":["GET"]}}],"collection":[{"href":"https:\/\/www.leafieldmarine.com\/fr\/wp-json\/wp\/v2\/pages"}],"about":[{"href":"https:\/\/www.leafieldmarine.com\/fr\/wp-json\/wp\/v2\/types\/page"}],"author":[{"embeddable":true,"href":"https:\/\/www.leafieldmarine.com\/fr\/wp-json\/wp\/v2\/users\/8"}],"replies":[{"embeddable":true,"href":"https:\/\/www.leafieldmarine.com\/fr\/wp-json\/wp\/v2\/comments?post=4103"}],"version-history":[{"count":0,"href":"https:\/\/www.leafieldmarine.com\/fr\/wp-json\/wp\/v2\/pages\/4103\/revisions"}],"wp:featuredmedia":[{"embeddable":true,"href":"https:\/\/www.leafieldmarine.com\/fr\/wp-json\/wp\/v2\/media\/4077"}],"wp:attachment":[{"href":"https:\/\/www.leafieldmarine.com\/fr\/wp-json\/wp\/v2\/media?parent=4103"}],"curies":[{"name":"wp","href":"https:\/\/api.w.org\/{rel}","templated":true}]}}