{"id":4121,"date":"2020-04-02T10:45:15","date_gmt":"2020-04-02T10:45:15","guid":{"rendered":"https:\/\/www.leafieldmarine.com\/politique-de-confidentialite\/"},"modified":"2020-04-02T10:45:15","modified_gmt":"2020-04-02T10:45:15","slug":"politique-de-confidentialite","status":"publish","type":"page","link":"https:\/\/www.leafieldmarine.com\/fr\/politique-de-confidentialite\/","title":{"rendered":"Politique de confidentialit\u00e9"},"content":{"rendered":"<h4>Qui sommes nous<\/h4>\n<p>Leafield Marine Limited (\u00abnous\u00bb ou \u00abnous\u00bb) est une soci\u00e9t\u00e9 priv\u00e9e enregistr\u00e9e et op\u00e9rant au Royaume-Uni.&nbsp;Le num\u00e9ro d&rsquo;enregistrement de la soci\u00e9t\u00e9 est le 05870564 et le si\u00e8ge social est situ\u00e9 au 9 Atworth Business Park, Bath Rd, Atworth, Melksham, Wiltshire, SN12 8SB, Royaume-Uni. &nbsp;Nous nous engageons \u00e0 ne collecter que les donn\u00e9es personnelles dont nous avons besoin pour mener nos activit\u00e9s et \u00e0 garantir leur s\u00e9curit\u00e9.<\/p>\n<h4>\u00c0 qui s&rsquo;applique la politique<\/h4>\n<p>Cette politique s&rsquo;applique aux clients, aux fournisseurs et \u00e0 toute personne visitant notre site Web en tant que client potentiel. Cela s&rsquo;applique \u00e9galement aux employ\u00e9s actuels et anciens ou \u00e0 toute personne nous fournissant des donn\u00e9es personnelles en tant qu&#8217;employ\u00e9 potentiel (voir la section s\u00e9par\u00e9e ci-dessous).<\/p>\n<h4>Ce que nous collectons<\/h4>\n<p>Nous collectons des informations vous concernant lorsque vous nous fournissez volontairement des informations via notre formulaire de demande de renseignements et de devis sur notre site Web ou lorsque vous nous fournissez volontairement une adresse e-mail ou d&rsquo;autres informations de contact.<\/p>\n<h4>Comment nous utilisons les informations<\/h4>\n<p>Nous utilisons les informations que vous fournissez pour faire des affaires avec vous ou votre entreprise. Cela peut inclure la fourniture de devis, d&rsquo;\u00e9chantillons ou le traitement des transactions de vente et d&rsquo;achat. Nous ne fournissons pas vos donn\u00e9es \u00e0 des processeurs tiers, sauf si nous avons une base l\u00e9gale pour le faire.<\/p>\n<h4>Biscuits<\/h4>\n<p>Un cookie est un petit fichier texte qui peut \u00eatre plac\u00e9 sur votre appareil lorsque vous visitez notre site et remplissez un formulaire de demande. Cela enregistre vos donn\u00e9es localement au cas o\u00f9 vous renverriez le formulaire, mais c&rsquo;est facultatif.<\/p>\n<h4>Collecte des donn\u00e9es et objectif<\/h4>\n<p>Nous recueillons des donn\u00e9es que vous pouvez fournir volontairement lorsque vous faites des demandes de renseignements ou faites des affaires avec nous. La soumission verbale, par courrier \u00e9lectronique ou par tout autre moyen \u00e9lectronique d&rsquo;une demande de renseignements, d&rsquo;une demande de devis, d&rsquo;un bon de commande ou d&rsquo;un bon de commande nous fournit tous une base l\u00e9gale pour traiter vos donn\u00e9es.<\/p>\n<h4>Stockage des donn\u00e9es<\/h4>\n<p>Nous conservons les donn\u00e9es aussi longtemps que n\u00e9cessaire aux fins pour lesquelles elles ont \u00e9t\u00e9 fournies. Nous stockons les donn\u00e9es en toute s\u00e9curit\u00e9 au Royaume-Uni et dans l&rsquo;UE. &nbsp;Nous avons mis en place des politiques informatiques pour nous assurer de maintenir une norme de s\u00e9curit\u00e9 efficace et sommes accr\u00e9dit\u00e9s Cyber Essentials.<\/p>\n<p>Nos r\u00e8gles, politiques et mesures techniques de s\u00e9curit\u00e9 sont con\u00e7ues pour prot\u00e9ger les donn\u00e9es personnelles contre tout acc\u00e8s non autoris\u00e9, utilisation ou divulgation inappropri\u00e9e, modification non autoris\u00e9e, destruction ill\u00e9gale ou perte accidentelle et traitement ill\u00e9gal.<\/p>\n<h4>Acc\u00e8s aux donn\u00e9es que nous pouvons d\u00e9tenir<\/h4>\n<p>Vous pouvez nous demander si nous conservons des donn\u00e9es personnelles vous concernant en envoyant un e-mail \u00e0 :<span>&nbsp;<\/span><a href=\"mailto:datacontroller@leafieldmarine.co.uk\">datacontroller@leafieldmarine.co.uk<\/a><span>&nbsp;<\/span>ou en \u00e9crivant au contr\u00f4leur de donn\u00e9es \u00e0 l&rsquo;adresse enregistr\u00e9e indiqu\u00e9e ci-dessus.<\/p>\n<p>Nous vous fournirons une copie lisible des donn\u00e9es personnelles que nous conservons \u00e0 votre sujet, dans un d\u00e9lai d&rsquo;un mois \u00e0 compter de la r\u00e9ception de cette demande, bien que nous devions exiger une preuve de votre identit\u00e9. Nous fournirons ces informations gratuitement.<\/p>\n<p>Nous facturerons cependant des frais raisonnables lorsqu&rsquo;une demande d&rsquo;information est manifestement infond\u00e9e ou excessive, en particulier si elle est r\u00e9p\u00e9titive.&nbsp; Tous les frais seront bas\u00e9s sur le co\u00fbt administratif pour fournir les informations.&nbsp; Nous pouvons refuser une demande si nous pensons qu&rsquo;elle est excessive, indirecte ou autrement inappropri\u00e9e et vous avez le droit de contester cette d\u00e9cision en d\u00e9posant une plainte aupr\u00e8s de l&rsquo;autorit\u00e9 de contr\u00f4le appropri\u00e9e.<\/p>\n<p>Nous vous permettons de contester les donn\u00e9es que nous d\u00e9tenons \u00e0 votre sujet et, le cas \u00e9ch\u00e9ant, vous pouvez faire effacer, rectifier ou modifier les donn\u00e9es si elles sont incorrectes ou inexactes.<\/p>\n<h4>Effacement des donn\u00e9es<\/h4>\n<p>Vous avez le droit de faire effacer vos donn\u00e9es personnelles pour emp\u00eacher leur traitement dans les circonstances sp\u00e9cifiques suivantes :<\/p>\n<ul>\n<li>Lorsque les donn\u00e9es personnelles ne sont plus n\u00e9cessaires au regard des finalit\u00e9s pour lesquelles elles ont \u00e9t\u00e9 initialement collect\u00e9es\/trait\u00e9es.<\/li>\n<li>Si vous souhaitez retirer votre consentement.<\/li>\n<li>Si vous vous opposez au traitement et qu&rsquo;il n&rsquo;y a pas d&rsquo;int\u00e9r\u00eat l\u00e9gitime sup\u00e9rieur \u00e0 poursuivre le traitement.<\/li>\n<li>Les donn\u00e9es ont \u00e9t\u00e9 trait\u00e9es ill\u00e9galement conform\u00e9ment au RGPD.<\/li>\n<li>Les donn\u00e9es personnelles doivent \u00eatre effac\u00e9es afin de se conformer \u00e0 une obligation l\u00e9gale.<\/li>\n<\/ul>\n<h4>Liens vers d&rsquo;autres sites Web<\/h4>\n<p>Notre site Web peut contenir des liens vous permettant de visiter d&rsquo;autres sites Web.&nbsp; Une fois que vous avez utilis\u00e9 ces liens pour quitter notre site Web, vous devez savoir que nous n&rsquo;avons aucun contr\u00f4le sur tout autre site Web. Par cons\u00e9quent, nous ne pouvons \u00eatre tenus responsables des donn\u00e9es que vous fournissez \u00e0 ces sites Web qui ne sont pas r\u00e9gies par cette politique de confidentialit\u00e9.&nbsp; Vous devez faire preuve de prudence et consulter la politique de confidentialit\u00e9 du site Web en question.<\/p>\n<h4>Candidats, employ\u00e9s actuels et anciens<\/h4>\n<p>Les employ\u00e9s seront inform\u00e9s des donn\u00e9es que nous d\u00e9tenons par le biais de leurs conditions d&#8217;emploi.&nbsp; Nous ne conserverons les donn\u00e9es relatives aux anciens employ\u00e9s qu&rsquo;aussi longtemps que n\u00e9cessaire, l\u00e0 encore, cela est pr\u00e9vu dans le contrat de travail.<\/p>\n<p>Si vous postulez pour nous rejoindre en tant que salari\u00e9. Nous vous demanderons et traiterons uniquement les donn\u00e9es pertinentes pour votre candidature. Vos donn\u00e9es seront conserv\u00e9es en toute s\u00e9curit\u00e9 et ne seront transmises \u00e0 aucun tiers sans votre consentement.<\/p>\n<p>Nous utiliserons vos coordonn\u00e9es personnelles pour faire avancer votre candidature et toute autre donn\u00e9e pour \u00e9valuer votre aptitude et, si n\u00e9cessaire, pour effectuer des v\u00e9rifications pr\u00e9alables \u00e0 l&#8217;emploi, y compris la v\u00e9rification de votre identit\u00e9 et de votre droit de travailler au Royaume-Uni.&nbsp; Nous pouvons donc vous demander une preuve d&rsquo;identit\u00e9, une preuve de qualifications et des d\u00e9tails sur les r\u00e9f\u00e9rences requises.<\/p>\n","protected":false},"excerpt":{"rendered":"<p>Qui sommes nous Leafield Marine Limited (\u00abnous\u00bb ou \u00abnous\u00bb) est une soci\u00e9t\u00e9 priv\u00e9e enregistr\u00e9e et op\u00e9rant au Royaume-Uni.&nbsp;Le num\u00e9ro d&rsquo;enregistrement de la soci\u00e9t\u00e9 est le 05870564 et le si\u00e8ge social est situ\u00e9 au 9 Atworth Business Park, Bath Rd, Atworth, Melksham, Wiltshire, SN12 8SB, Royaume-Uni. &nbsp;Nous nous engageons \u00e0 ne collecter que les donn\u00e9es personnelles &hellip;<\/p>\n","protected":false},"author":8,"featured_media":0,"parent":0,"menu_order":0,"comment_status":"closed","ping_status":"open","template":"","meta":{"_acf_changed":false,"content-type":"","_genesis_hide_title":false,"_genesis_hide_breadcrumbs":false,"_genesis_hide_singular_image":false,"_genesis_hide_footer_widgets":false,"_genesis_custom_body_class":"","_genesis_custom_post_class":"","_genesis_layout":"","footnotes":""},"class_list":{"1":"page","2":"type-page","5":"entry"},"featured_image_src":null,"yoast_head":"<!-- This site is optimized with the Yoast SEO plugin v27.4 - https:\/\/yoast.com\/product\/yoast-seo-wordpress\/ -->\n<title>Politique de confidentialit\u00e9 - Leafield Marine<\/title>\n<meta name=\"description\" content=\"La politique de confidentialit\u00e9 de Leafield Marine s&#039;applique aux clients, aux fournisseurs et \u00e0 toute personne visitant notre site Web en tant que client potentiel.\" \/>\n<meta name=\"robots\" content=\"index, follow, max-snippet:-1, max-image-preview:large, max-video-preview:-1\" \/>\n<link rel=\"canonical\" href=\"https:\/\/www.leafieldmarine.com\/fr\/politique-de-confidentialite\/\" \/>\n<meta property=\"og:locale\" content=\"fr_FR\" \/>\n<meta property=\"og:type\" content=\"article\" \/>\n<meta property=\"og:title\" content=\"Politique de confidentialit\u00e9 - Leafield Marine\" \/>\n<meta property=\"og:description\" content=\"La politique de confidentialit\u00e9 de Leafield Marine s&#039;applique aux clients, aux fournisseurs et \u00e0 toute personne visitant notre site Web en tant que client potentiel.\" \/>\n<meta property=\"og:url\" content=\"https:\/\/www.leafieldmarine.com\/fr\/politique-de-confidentialite\/\" \/>\n<meta property=\"og:site_name\" content=\"Leafield Marine\" \/>\n<meta name=\"twitter:card\" content=\"summary_large_image\" \/>\n<meta name=\"twitter:label1\" content=\"Dur\u00e9e de lecture estim\u00e9e\" \/>\n\t<meta name=\"twitter:data1\" content=\"5 minutes\" \/>\n<script type=\"application\/ld+json\" class=\"yoast-schema-graph\">{\"@context\":\"https:\\\/\\\/schema.org\",\"@graph\":[{\"@type\":\"WebPage\",\"@id\":\"https:\\\/\\\/www.leafieldmarine.com\\\/fr\\\/politique-de-confidentialite\\\/\",\"url\":\"https:\\\/\\\/www.leafieldmarine.com\\\/fr\\\/politique-de-confidentialite\\\/\",\"name\":\"Politique de confidentialit\u00e9 - Leafield Marine\",\"isPartOf\":{\"@id\":\"https:\\\/\\\/www.leafieldmarine.com\\\/fr\\\/#website\"},\"datePublished\":\"2020-04-02T10:45:15+00:00\",\"description\":\"La politique de confidentialit\u00e9 de Leafield Marine s'applique aux clients, aux fournisseurs et \u00e0 toute personne visitant notre site Web en tant que client potentiel.\",\"breadcrumb\":{\"@id\":\"https:\\\/\\\/www.leafieldmarine.com\\\/fr\\\/politique-de-confidentialite\\\/#breadcrumb\"},\"inLanguage\":\"fr-FR\",\"potentialAction\":[{\"@type\":\"ReadAction\",\"target\":[\"https:\\\/\\\/www.leafieldmarine.com\\\/fr\\\/politique-de-confidentialite\\\/\"]}]},{\"@type\":\"BreadcrumbList\",\"@id\":\"https:\\\/\\\/www.leafieldmarine.com\\\/fr\\\/politique-de-confidentialite\\\/#breadcrumb\",\"itemListElement\":[{\"@type\":\"ListItem\",\"position\":1,\"name\":\"Home\",\"item\":\"https:\\\/\\\/www.leafieldmarine.com\\\/fr\\\/\"},{\"@type\":\"ListItem\",\"position\":2,\"name\":\"Politique de confidentialit\u00e9\"}]},{\"@type\":\"WebSite\",\"@id\":\"https:\\\/\\\/www.leafieldmarine.com\\\/fr\\\/#website\",\"url\":\"https:\\\/\\\/www.leafieldmarine.com\\\/fr\\\/\",\"name\":\"Leafield Marine\",\"description\":\"World Class Air Valves for Inflatable Structures\",\"publisher\":{\"@id\":\"https:\\\/\\\/www.leafieldmarine.com\\\/fr\\\/#organization\"},\"potentialAction\":[{\"@type\":\"SearchAction\",\"target\":{\"@type\":\"EntryPoint\",\"urlTemplate\":\"https:\\\/\\\/www.leafieldmarine.com\\\/fr\\\/?s={search_term_string}\"},\"query-input\":{\"@type\":\"PropertyValueSpecification\",\"valueRequired\":true,\"valueName\":\"search_term_string\"}}],\"inLanguage\":\"fr-FR\"},{\"@type\":\"Organization\",\"@id\":\"https:\\\/\\\/www.leafieldmarine.com\\\/fr\\\/#organization\",\"name\":\"Leafield Marine\",\"url\":\"https:\\\/\\\/www.leafieldmarine.com\\\/fr\\\/\",\"logo\":{\"@type\":\"ImageObject\",\"inLanguage\":\"fr-FR\",\"@id\":\"https:\\\/\\\/www.leafieldmarine.com\\\/fr\\\/#\\\/schema\\\/logo\\\/image\\\/\",\"url\":\"https:\\\/\\\/www.leafieldmarine.com\\\/wp-content\\\/uploads\\\/2022\\\/10\\\/leafield-marine-logo.png\",\"contentUrl\":\"https:\\\/\\\/www.leafieldmarine.com\\\/wp-content\\\/uploads\\\/2022\\\/10\\\/leafield-marine-logo.png\",\"width\":247,\"height\":191,\"caption\":\"Leafield Marine\"},\"image\":{\"@id\":\"https:\\\/\\\/www.leafieldmarine.com\\\/fr\\\/#\\\/schema\\\/logo\\\/image\\\/\"}}]}<\/script>\n<!-- \/ Yoast SEO plugin. -->","yoast_head_json":{"title":"Politique de confidentialit\u00e9 - Leafield Marine","description":"La politique de confidentialit\u00e9 de Leafield Marine s'applique aux clients, aux fournisseurs et \u00e0 toute personne visitant notre site Web en tant que client potentiel.","robots":{"index":"index","follow":"follow","max-snippet":"max-snippet:-1","max-image-preview":"max-image-preview:large","max-video-preview":"max-video-preview:-1"},"canonical":"https:\/\/www.leafieldmarine.com\/fr\/politique-de-confidentialite\/","og_locale":"fr_FR","og_type":"article","og_title":"Politique de confidentialit\u00e9 - Leafield Marine","og_description":"La politique de confidentialit\u00e9 de Leafield Marine s'applique aux clients, aux fournisseurs et \u00e0 toute personne visitant notre site Web en tant que client potentiel.","og_url":"https:\/\/www.leafieldmarine.com\/fr\/politique-de-confidentialite\/","og_site_name":"Leafield Marine","twitter_card":"summary_large_image","twitter_misc":{"Dur\u00e9e de lecture estim\u00e9e":"5 minutes"},"schema":{"@context":"https:\/\/schema.org","@graph":[{"@type":"WebPage","@id":"https:\/\/www.leafieldmarine.com\/fr\/politique-de-confidentialite\/","url":"https:\/\/www.leafieldmarine.com\/fr\/politique-de-confidentialite\/","name":"Politique de confidentialit\u00e9 - Leafield Marine","isPartOf":{"@id":"https:\/\/www.leafieldmarine.com\/fr\/#website"},"datePublished":"2020-04-02T10:45:15+00:00","description":"La politique de confidentialit\u00e9 de Leafield Marine s'applique aux clients, aux fournisseurs et \u00e0 toute personne visitant notre site Web en tant que client potentiel.","breadcrumb":{"@id":"https:\/\/www.leafieldmarine.com\/fr\/politique-de-confidentialite\/#breadcrumb"},"inLanguage":"fr-FR","potentialAction":[{"@type":"ReadAction","target":["https:\/\/www.leafieldmarine.com\/fr\/politique-de-confidentialite\/"]}]},{"@type":"BreadcrumbList","@id":"https:\/\/www.leafieldmarine.com\/fr\/politique-de-confidentialite\/#breadcrumb","itemListElement":[{"@type":"ListItem","position":1,"name":"Home","item":"https:\/\/www.leafieldmarine.com\/fr\/"},{"@type":"ListItem","position":2,"name":"Politique de confidentialit\u00e9"}]},{"@type":"WebSite","@id":"https:\/\/www.leafieldmarine.com\/fr\/#website","url":"https:\/\/www.leafieldmarine.com\/fr\/","name":"Leafield Marine","description":"World Class Air Valves for Inflatable Structures","publisher":{"@id":"https:\/\/www.leafieldmarine.com\/fr\/#organization"},"potentialAction":[{"@type":"SearchAction","target":{"@type":"EntryPoint","urlTemplate":"https:\/\/www.leafieldmarine.com\/fr\/?s={search_term_string}"},"query-input":{"@type":"PropertyValueSpecification","valueRequired":true,"valueName":"search_term_string"}}],"inLanguage":"fr-FR"},{"@type":"Organization","@id":"https:\/\/www.leafieldmarine.com\/fr\/#organization","name":"Leafield Marine","url":"https:\/\/www.leafieldmarine.com\/fr\/","logo":{"@type":"ImageObject","inLanguage":"fr-FR","@id":"https:\/\/www.leafieldmarine.com\/fr\/#\/schema\/logo\/image\/","url":"https:\/\/www.leafieldmarine.com\/wp-content\/uploads\/2022\/10\/leafield-marine-logo.png","contentUrl":"https:\/\/www.leafieldmarine.com\/wp-content\/uploads\/2022\/10\/leafield-marine-logo.png","width":247,"height":191,"caption":"Leafield Marine"},"image":{"@id":"https:\/\/www.leafieldmarine.com\/fr\/#\/schema\/logo\/image\/"}}]}},"acf":[],"_links":{"self":[{"href":"https:\/\/www.leafieldmarine.com\/fr\/wp-json\/wp\/v2\/pages\/4121","targetHints":{"allow":["GET"]}}],"collection":[{"href":"https:\/\/www.leafieldmarine.com\/fr\/wp-json\/wp\/v2\/pages"}],"about":[{"href":"https:\/\/www.leafieldmarine.com\/fr\/wp-json\/wp\/v2\/types\/page"}],"author":[{"embeddable":true,"href":"https:\/\/www.leafieldmarine.com\/fr\/wp-json\/wp\/v2\/users\/8"}],"replies":[{"embeddable":true,"href":"https:\/\/www.leafieldmarine.com\/fr\/wp-json\/wp\/v2\/comments?post=4121"}],"version-history":[{"count":0,"href":"https:\/\/www.leafieldmarine.com\/fr\/wp-json\/wp\/v2\/pages\/4121\/revisions"}],"wp:attachment":[{"href":"https:\/\/www.leafieldmarine.com\/fr\/wp-json\/wp\/v2\/media?parent=4121"}],"curies":[{"name":"wp","href":"https:\/\/api.w.org\/{rel}","templated":true}]}}