{"id":4167,"date":"2020-04-03T11:26:02","date_gmt":"2020-04-03T11:26:02","guid":{"rendered":"https:\/\/www.leafieldmarine.com\/tentes-gonflables-et-autres-structures\/"},"modified":"2022-11-28T08:30:47","modified_gmt":"2022-11-28T08:30:47","slug":"tentes-gonflables-et-autres-structures","status":"publish","type":"page","link":"https:\/\/www.leafieldmarine.com\/fr\/tentes-gonflables-et-autres-structures\/","title":{"rendered":"Tentes gonflables et autres structures"},"content":{"rendered":"\n<p>La gamme de vannes Leafield Marine est id\u00e9ale pour une grande vari\u00e9t\u00e9 de structures gonflables. Il s\u2019agit notamment des auvents de tente, des abris d\u2019urgence, des tentes de d\u00e9contamination, des structures gonflables promotionnelles, des sacs de levage, des si\u00e8ges, des planches \u00e0 neige, des plates-formes de sauvetage, de l\u2019\u00e9quipement de parc aquatique, des tapis de gymnastique, des murs, des barri\u00e8res anti-collision, des barrages p\u00e9troliers et m\u00eame des installations artistiques!<\/p>\n\n\n\n<p>En raison du large \u00e9ventail d\u2019options disponibles, nous vous sugg\u00e9rons fortement de <a href=\"https:\/\/www.leafieldmarine.com\/contact\/\">nous contacter.<\/a> Cela nous permettra de fournir la meilleure solution pour vos produits.<\/p>\n\n\n\n<p>&nbsp;<\/p>\n\n\n\n<div class=\"wp-block-group alignfull has-background\" style=\"background-color:#f2f6f8\"><div class=\"wp-block-group__inner-container is-layout-flow wp-block-group-is-layout-flow\"><div class=\"mai-divider mai-divider-wave alignfull flip-vertical flip-horizontal\" style=\"--divider-color:var(--color-white);--divider-background-color:transparent;--divider-height:var(--padding-lg);\"><svg fill=\"currentColor\" enable-background=\"new 0 0 1000 120\" viewbox=\"0 0 1000 120\" preserveaspectratio=\"none\" aria-hidden=\"true\" focusable=\"false\" xmlns=\"http:\/\/www.w3.org\/2000\/svg\" class=\"mai-divider-svg\"><path d=\"M 0 80 Q 200 160 500 60 Q 770 -40 1000 40 L 1000 120 L 0 120 Z\"><\/path><\/svg><\/div><\/div><\/div>\n\n\n\n<div class=\"wp-block-group alignfull has-background\" style=\"background-color:#f2f6f8\"><div class=\"wp-block-group__inner-container is-layout-flow wp-block-group-is-layout-flow\"><div class=\"mai-divider mai-divider-wave alignfull\" style=\"--divider-color:#f2f6f8;--divider-background-color:transparent;--divider-height:var(--padding-lg);\"><svg fill=\"currentColor\" enable-background=\"new 0 0 1000 120\" viewbox=\"0 0 1000 120\" preserveaspectratio=\"none\" aria-hidden=\"true\" focusable=\"false\" xmlns=\"http:\/\/www.w3.org\/2000\/svg\" class=\"mai-divider-svg\"><path d=\"M 0 80 Q 200 160 500 60 Q 770 -40 1000 40 L 1000 120 L 0 120 Z\"><\/path><\/svg><\/div><\/div><\/div>\n\n\n\n<div class=\"wp-block-group alignfull has-background has-lg-content-width\" style=\"background-color:#f2f6f8\"><div class=\"wp-block-group__inner-container is-layout-flow wp-block-group-is-layout-flow\">\n<h2 class=\"has-text-align-center wp-block-heading\">Parcourir nos produits<\/h2>\n\n\n\n<div style=\"height:27px\" aria-hidden=\"true\" class=\"wp-block-spacer\"><\/div>\n\n\n<div class=\"mai-columns alignwide\"><div class=\"mai-columns-wrap has-columns\" style=\"--column-gap:var(--spacing-xl);--row-gap:var(--spacing-xl);--align-columns:start;--align-columns-vertical:initial;\">\n<div class=\"mai-column is-column has-md-padding has-background has-light-background has-shadow\" style=\"--columns-xs:1\/1;--flex-xs:0 0 var(--flex-basis);--columns-sm:1\/2;--flex-sm:0 0 var(--flex-basis);--columns-md:1\/4;--flex-md:0 0 var(--flex-basis);--columns-lg:1\/4;--flex-lg:0 0 var(--flex-basis);--justify-content:start;background:var(--color-white);\">\n\n<figure class=\"wp-block-image size-large\"><img decoding=\"async\" width=\"1024\" height=\"697\" src=\"https:\/\/www.leafieldmarine.com\/wp-content\/uploads\/2021\/08\/NRS-rescue-board-2-1024x697.jpg\" alt=\"Conseil de sauvetage NRS\" class=\"wp-image-949\" srcset=\"https:\/\/www.leafieldmarine.com\/wp-content\/uploads\/2021\/08\/NRS-rescue-board-2-300x204.jpg 300w, https:\/\/www.leafieldmarine.com\/wp-content\/uploads\/2021\/08\/NRS-rescue-board-2-600x408.jpg 600w, https:\/\/www.leafieldmarine.com\/wp-content\/uploads\/2021\/08\/NRS-rescue-board-2-768x523.jpg 768w, https:\/\/www.leafieldmarine.com\/wp-content\/uploads\/2021\/08\/NRS-rescue-board-2-1024x697.jpg 1024w, https:\/\/www.leafieldmarine.com\/wp-content\/uploads\/2021\/08\/NRS-rescue-board-2-1536x1046.jpg 1536w, https:\/\/www.leafieldmarine.com\/wp-content\/uploads\/2021\/08\/NRS-rescue-board-2.jpg 1920w, https:\/\/www.leafieldmarine.com\/wp-content\/uploads\/2021\/08\/NRS-rescue-board-2-2048x1394.jpg 2048w\" sizes=\"(max-width: 1024px) 100vw, 1024px\" \/><\/figure>\n\n\n\n<h5 class=\"has-text-align-center wp-block-heading\"><a href=\"https:\/\/www.leafieldmarine.com\/pressure-relief-valves\/a9-pressure-relief-valve\/\">Dispositifs de sauvetage<\/a><\/h5>\n\n<\/div>\n\n<div class=\"mai-column is-column has-md-padding has-background has-light-background has-shadow\" style=\"--columns-xs:1\/1;--flex-xs:0 0 var(--flex-basis);--columns-sm:1\/2;--flex-sm:0 0 var(--flex-basis);--columns-md:1\/4;--flex-md:0 0 var(--flex-basis);--columns-lg:1\/4;--flex-lg:0 0 var(--flex-basis);--justify-content:start;background:var(--color-white);\">\n\n<figure class=\"wp-block-image size-large\"><img decoding=\"async\" width=\"1024\" height=\"681\" src=\"https:\/\/www.leafieldmarine.com\/wp-content\/uploads\/2021\/08\/Inflatable-Decontamination-Shower-1024x681.jpg\" alt=\"Tente gonflable\" class=\"wp-image-950\" srcset=\"https:\/\/www.leafieldmarine.com\/wp-content\/uploads\/2021\/08\/Inflatable-Decontamination-Shower-300x199.jpg 300w, https:\/\/www.leafieldmarine.com\/wp-content\/uploads\/2021\/08\/Inflatable-Decontamination-Shower-600x399.jpg 600w, https:\/\/www.leafieldmarine.com\/wp-content\/uploads\/2021\/08\/Inflatable-Decontamination-Shower-768x511.jpg 768w, https:\/\/www.leafieldmarine.com\/wp-content\/uploads\/2021\/08\/Inflatable-Decontamination-Shower-1024x681.jpg 1024w, https:\/\/www.leafieldmarine.com\/wp-content\/uploads\/2021\/08\/Inflatable-Decontamination-Shower-1536x1021.jpg 1536w, https:\/\/www.leafieldmarine.com\/wp-content\/uploads\/2021\/08\/Inflatable-Decontamination-Shower-scaled.jpg 1920w, https:\/\/www.leafieldmarine.com\/wp-content\/uploads\/2021\/08\/Inflatable-Decontamination-Shower-2048x1362.jpg 2048w\" sizes=\"(max-width: 1024px) 100vw, 1024px\" \/><\/figure>\n\n\n\n<h5 class=\"has-text-align-center wp-block-heading\"><a href=\"https:\/\/www.leafieldmarine.com\/transfer-valves\/snap-fit-connector-assembly\/\">Tentes gonflables et abris<\/a><\/h5>\n\n<\/div>\n\n<div class=\"mai-column is-column has-md-padding has-background has-light-background has-shadow\" style=\"--columns-xs:1\/1;--flex-xs:0 0 var(--flex-basis);--columns-sm:1\/2;--flex-sm:0 0 var(--flex-basis);--columns-md:1\/4;--flex-md:0 0 var(--flex-basis);--columns-lg:1\/4;--flex-lg:0 0 var(--flex-basis);--justify-content:start;background:var(--color-white);\">\n\n<figure class=\"wp-block-image size-full\"><img decoding=\"async\" width=\"1024\" height=\"683\" src=\"https:\/\/www.leafieldmarine.com\/wp-content\/uploads\/2021\/08\/Airboard.jpg\" alt=\"Airboard\" class=\"wp-image-951\" srcset=\"https:\/\/www.leafieldmarine.com\/wp-content\/uploads\/2021\/08\/Airboard-300x200.jpg 300w, https:\/\/www.leafieldmarine.com\/wp-content\/uploads\/2021\/08\/Airboard-600x400.jpg 600w, https:\/\/www.leafieldmarine.com\/wp-content\/uploads\/2021\/08\/Airboard-768x512.jpg 768w, https:\/\/www.leafieldmarine.com\/wp-content\/uploads\/2021\/08\/Airboard.jpg 1024w\" sizes=\"(max-width: 1024px) 100vw, 1024px\" \/><\/figure>\n\n\n\n<h5 class=\"has-text-align-center wp-block-heading\"><a href=\"https:\/\/www.leafieldmarine.com\/inflation-deflation-valves\/d7-inflation-deflation-valve\/\">Produits de loisirs<\/a><\/h5>\n\n<\/div>\n\n<div class=\"mai-column is-column has-md-padding has-background has-light-background has-shadow\" style=\"--columns-xs:1\/1;--flex-xs:0 0 var(--flex-basis);--columns-sm:1\/2;--flex-sm:0 0 var(--flex-basis);--columns-md:1\/4;--flex-md:0 0 var(--flex-basis);--columns-lg:1\/4;--flex-lg:0 0 var(--flex-basis);--justify-content:start;background:var(--color-white);\">\n\n<figure class=\"wp-block-image size-full\"><img decoding=\"async\" width=\"418\" height=\"284\" src=\"https:\/\/www.leafieldmarine.com\/wp-content\/uploads\/2022\/03\/Oil-Boom-Valves-e1648115426385.jpg\" alt=\"boom p\u00e9trolier\" class=\"wp-image-1151\" srcset=\"https:\/\/www.leafieldmarine.com\/wp-content\/uploads\/2022\/03\/Oil-Boom-Valves-e1648115426385-300x204.jpg 300w, https:\/\/www.leafieldmarine.com\/wp-content\/uploads\/2022\/03\/Oil-Boom-Valves-e1648115426385.jpg 418w\" sizes=\"(max-width: 418px) 100vw, 418px\" \/><\/figure>\n\n\n\n<h5 class=\"has-text-align-center wp-block-heading\"><a href=\"https:\/\/www.leafieldmarine.com\/pressure-relief-valves\/b10-pressure-relief-valve\/\">Booms p\u00e9troliers<\/a><\/h5>\n\n<\/div>\n<\/div><\/div>\n\n\n<div style=\"height:27px\" aria-hidden=\"true\" class=\"wp-block-spacer\"><\/div>\n\n\n\n<div style=\"height:42px\" aria-hidden=\"true\" class=\"wp-block-spacer\"><\/div>\n<\/div><\/div>\n","protected":false},"excerpt":{"rendered":"<p>La gamme de vannes Leafield Marine est id\u00e9ale pour une grande vari\u00e9t\u00e9 de structures gonflables. Il s\u2019agit notamment des auvents de tente, des abris d\u2019urgence, des tentes de d\u00e9contamination, des structures gonflables promotionnelles, des sacs de levage, des si\u00e8ges, des planches \u00e0 neige, des plates-formes de sauvetage, de l\u2019\u00e9quipement de parc aquatique, des tapis de &hellip;<\/p>\n","protected":false},"author":8,"featured_media":6312,"parent":0,"menu_order":0,"comment_status":"closed","ping_status":"closed","template":"","meta":{"_acf_changed":false,"content-type":"","_genesis_hide_title":false,"_genesis_hide_breadcrumbs":false,"_genesis_hide_singular_image":false,"_genesis_hide_footer_widgets":false,"_genesis_custom_body_class":"","_genesis_custom_post_class":"","_genesis_layout":"","footnotes":""},"class_list":{"1":"page","2":"type-page","6":"entry"},"featured_image_src":"https:\/\/www.leafieldmarine.com\/wp-content\/uploads\/2023\/09\/Inflatable-Decontamination-Shower.jpg","yoast_head":"<!-- This site is optimized with the Yoast SEO plugin v27.3 - https:\/\/yoast.com\/product\/yoast-seo-wordpress\/ -->\n<title>Tentes gonflables et autres structures<\/title>\n<meta name=\"description\" content=\"La gamme de vannes Leafield Marine est id\u00e9ale pour une grande vari\u00e9t\u00e9 de structures gonflables, y compris les tentes gonflables et les abris.\" \/>\n<meta name=\"robots\" content=\"index, follow, max-snippet:-1, max-image-preview:large, max-video-preview:-1\" \/>\n<link rel=\"canonical\" href=\"https:\/\/www.leafieldmarine.com\/fr\/tentes-gonflables-et-autres-structures\/\" \/>\n<meta property=\"og:locale\" content=\"fr_FR\" \/>\n<meta property=\"og:type\" content=\"article\" \/>\n<meta property=\"og:title\" content=\"Tentes gonflables et autres structures\" \/>\n<meta property=\"og:description\" content=\"La gamme de vannes Leafield Marine est id\u00e9ale pour une grande vari\u00e9t\u00e9 de structures gonflables, y compris les tentes gonflables et les abris.\" \/>\n<meta property=\"og:url\" content=\"https:\/\/www.leafieldmarine.com\/fr\/tentes-gonflables-et-autres-structures\/\" \/>\n<meta property=\"og:site_name\" content=\"Leafield Marine\" \/>\n<meta property=\"article:modified_time\" content=\"2022-11-28T08:30:47+00:00\" \/>\n<meta property=\"og:image\" content=\"https:\/\/www.leafieldmarine.com\/wp-content\/uploads\/2021\/08\/NRS-rescue-board-2-1024x697.jpg\" \/>\n<meta name=\"twitter:card\" content=\"summary_large_image\" \/>\n<meta name=\"twitter:label1\" content=\"Dur\u00e9e de lecture estim\u00e9e\" \/>\n\t<meta name=\"twitter:data1\" content=\"2 minutes\" \/>\n<script type=\"application\/ld+json\" class=\"yoast-schema-graph\">{\"@context\":\"https:\\\/\\\/schema.org\",\"@graph\":[{\"@type\":\"WebPage\",\"@id\":\"https:\\\/\\\/www.leafieldmarine.com\\\/fr\\\/tentes-gonflables-et-autres-structures\\\/\",\"url\":\"https:\\\/\\\/www.leafieldmarine.com\\\/fr\\\/tentes-gonflables-et-autres-structures\\\/\",\"name\":\"Tentes gonflables et autres structures\",\"isPartOf\":{\"@id\":\"https:\\\/\\\/www.leafieldmarine.com\\\/fr\\\/#website\"},\"primaryImageOfPage\":{\"@id\":\"https:\\\/\\\/www.leafieldmarine.com\\\/fr\\\/tentes-gonflables-et-autres-structures\\\/#primaryimage\"},\"image\":{\"@id\":\"https:\\\/\\\/www.leafieldmarine.com\\\/fr\\\/tentes-gonflables-et-autres-structures\\\/#primaryimage\"},\"thumbnailUrl\":\"https:\\\/\\\/www.leafieldmarine.com\\\/wp-content\\\/uploads\\\/2023\\\/09\\\/Inflatable-Decontamination-Shower.jpg\",\"datePublished\":\"2020-04-03T11:26:02+00:00\",\"dateModified\":\"2022-11-28T08:30:47+00:00\",\"description\":\"La gamme de vannes Leafield Marine est id\u00e9ale pour une grande vari\u00e9t\u00e9 de structures gonflables, y compris les tentes gonflables et les abris.\",\"breadcrumb\":{\"@id\":\"https:\\\/\\\/www.leafieldmarine.com\\\/fr\\\/tentes-gonflables-et-autres-structures\\\/#breadcrumb\"},\"inLanguage\":\"fr-FR\",\"potentialAction\":[{\"@type\":\"ReadAction\",\"target\":[\"https:\\\/\\\/www.leafieldmarine.com\\\/fr\\\/tentes-gonflables-et-autres-structures\\\/\"]}]},{\"@type\":\"ImageObject\",\"inLanguage\":\"fr-FR\",\"@id\":\"https:\\\/\\\/www.leafieldmarine.com\\\/fr\\\/tentes-gonflables-et-autres-structures\\\/#primaryimage\",\"url\":\"https:\\\/\\\/www.leafieldmarine.com\\\/wp-content\\\/uploads\\\/2023\\\/09\\\/Inflatable-Decontamination-Shower.jpg\",\"contentUrl\":\"https:\\\/\\\/www.leafieldmarine.com\\\/wp-content\\\/uploads\\\/2023\\\/09\\\/Inflatable-Decontamination-Shower.jpg\",\"width\":1920,\"height\":1277,\"caption\":\"Inflatable Decontamination tent with Leafield Marine Valves\"},{\"@type\":\"BreadcrumbList\",\"@id\":\"https:\\\/\\\/www.leafieldmarine.com\\\/fr\\\/tentes-gonflables-et-autres-structures\\\/#breadcrumb\",\"itemListElement\":[{\"@type\":\"ListItem\",\"position\":1,\"name\":\"Home\",\"item\":\"https:\\\/\\\/www.leafieldmarine.com\\\/fr\\\/\"},{\"@type\":\"ListItem\",\"position\":2,\"name\":\"Tentes gonflables et autres structures\"}]},{\"@type\":\"WebSite\",\"@id\":\"https:\\\/\\\/www.leafieldmarine.com\\\/fr\\\/#website\",\"url\":\"https:\\\/\\\/www.leafieldmarine.com\\\/fr\\\/\",\"name\":\"Leafield Marine\",\"description\":\"World Class Air Valves for Inflatable Structures\",\"publisher\":{\"@id\":\"https:\\\/\\\/www.leafieldmarine.com\\\/fr\\\/#organization\"},\"potentialAction\":[{\"@type\":\"SearchAction\",\"target\":{\"@type\":\"EntryPoint\",\"urlTemplate\":\"https:\\\/\\\/www.leafieldmarine.com\\\/fr\\\/?s={search_term_string}\"},\"query-input\":{\"@type\":\"PropertyValueSpecification\",\"valueRequired\":true,\"valueName\":\"search_term_string\"}}],\"inLanguage\":\"fr-FR\"},{\"@type\":\"Organization\",\"@id\":\"https:\\\/\\\/www.leafieldmarine.com\\\/fr\\\/#organization\",\"name\":\"Leafield Marine\",\"url\":\"https:\\\/\\\/www.leafieldmarine.com\\\/fr\\\/\",\"logo\":{\"@type\":\"ImageObject\",\"inLanguage\":\"fr-FR\",\"@id\":\"https:\\\/\\\/www.leafieldmarine.com\\\/fr\\\/#\\\/schema\\\/logo\\\/image\\\/\",\"url\":\"https:\\\/\\\/www.leafieldmarine.com\\\/wp-content\\\/uploads\\\/2022\\\/10\\\/leafield-marine-logo.png\",\"contentUrl\":\"https:\\\/\\\/www.leafieldmarine.com\\\/wp-content\\\/uploads\\\/2022\\\/10\\\/leafield-marine-logo.png\",\"width\":247,\"height\":191,\"caption\":\"Leafield Marine\"},\"image\":{\"@id\":\"https:\\\/\\\/www.leafieldmarine.com\\\/fr\\\/#\\\/schema\\\/logo\\\/image\\\/\"}}]}<\/script>\n<!-- \/ Yoast SEO plugin. -->","yoast_head_json":{"title":"Tentes gonflables et autres structures","description":"La gamme de vannes Leafield Marine est id\u00e9ale pour une grande vari\u00e9t\u00e9 de structures gonflables, y compris les tentes gonflables et les abris.","robots":{"index":"index","follow":"follow","max-snippet":"max-snippet:-1","max-image-preview":"max-image-preview:large","max-video-preview":"max-video-preview:-1"},"canonical":"https:\/\/www.leafieldmarine.com\/fr\/tentes-gonflables-et-autres-structures\/","og_locale":"fr_FR","og_type":"article","og_title":"Tentes gonflables et autres structures","og_description":"La gamme de vannes Leafield Marine est id\u00e9ale pour une grande vari\u00e9t\u00e9 de structures gonflables, y compris les tentes gonflables et les abris.","og_url":"https:\/\/www.leafieldmarine.com\/fr\/tentes-gonflables-et-autres-structures\/","og_site_name":"Leafield Marine","article_modified_time":"2022-11-28T08:30:47+00:00","og_image":[{"url":"https:\/\/www.leafieldmarine.com\/wp-content\/uploads\/2021\/08\/NRS-rescue-board-2-1024x697.jpg","type":"","width":"","height":""}],"twitter_card":"summary_large_image","twitter_misc":{"Dur\u00e9e de lecture estim\u00e9e":"2 minutes"},"schema":{"@context":"https:\/\/schema.org","@graph":[{"@type":"WebPage","@id":"https:\/\/www.leafieldmarine.com\/fr\/tentes-gonflables-et-autres-structures\/","url":"https:\/\/www.leafieldmarine.com\/fr\/tentes-gonflables-et-autres-structures\/","name":"Tentes gonflables et autres structures","isPartOf":{"@id":"https:\/\/www.leafieldmarine.com\/fr\/#website"},"primaryImageOfPage":{"@id":"https:\/\/www.leafieldmarine.com\/fr\/tentes-gonflables-et-autres-structures\/#primaryimage"},"image":{"@id":"https:\/\/www.leafieldmarine.com\/fr\/tentes-gonflables-et-autres-structures\/#primaryimage"},"thumbnailUrl":"https:\/\/www.leafieldmarine.com\/wp-content\/uploads\/2023\/09\/Inflatable-Decontamination-Shower.jpg","datePublished":"2020-04-03T11:26:02+00:00","dateModified":"2022-11-28T08:30:47+00:00","description":"La gamme de vannes Leafield Marine est id\u00e9ale pour une grande vari\u00e9t\u00e9 de structures gonflables, y compris les tentes gonflables et les abris.","breadcrumb":{"@id":"https:\/\/www.leafieldmarine.com\/fr\/tentes-gonflables-et-autres-structures\/#breadcrumb"},"inLanguage":"fr-FR","potentialAction":[{"@type":"ReadAction","target":["https:\/\/www.leafieldmarine.com\/fr\/tentes-gonflables-et-autres-structures\/"]}]},{"@type":"ImageObject","inLanguage":"fr-FR","@id":"https:\/\/www.leafieldmarine.com\/fr\/tentes-gonflables-et-autres-structures\/#primaryimage","url":"https:\/\/www.leafieldmarine.com\/wp-content\/uploads\/2023\/09\/Inflatable-Decontamination-Shower.jpg","contentUrl":"https:\/\/www.leafieldmarine.com\/wp-content\/uploads\/2023\/09\/Inflatable-Decontamination-Shower.jpg","width":1920,"height":1277,"caption":"Inflatable Decontamination tent with Leafield Marine Valves"},{"@type":"BreadcrumbList","@id":"https:\/\/www.leafieldmarine.com\/fr\/tentes-gonflables-et-autres-structures\/#breadcrumb","itemListElement":[{"@type":"ListItem","position":1,"name":"Home","item":"https:\/\/www.leafieldmarine.com\/fr\/"},{"@type":"ListItem","position":2,"name":"Tentes gonflables et autres structures"}]},{"@type":"WebSite","@id":"https:\/\/www.leafieldmarine.com\/fr\/#website","url":"https:\/\/www.leafieldmarine.com\/fr\/","name":"Leafield Marine","description":"World Class Air Valves for Inflatable Structures","publisher":{"@id":"https:\/\/www.leafieldmarine.com\/fr\/#organization"},"potentialAction":[{"@type":"SearchAction","target":{"@type":"EntryPoint","urlTemplate":"https:\/\/www.leafieldmarine.com\/fr\/?s={search_term_string}"},"query-input":{"@type":"PropertyValueSpecification","valueRequired":true,"valueName":"search_term_string"}}],"inLanguage":"fr-FR"},{"@type":"Organization","@id":"https:\/\/www.leafieldmarine.com\/fr\/#organization","name":"Leafield Marine","url":"https:\/\/www.leafieldmarine.com\/fr\/","logo":{"@type":"ImageObject","inLanguage":"fr-FR","@id":"https:\/\/www.leafieldmarine.com\/fr\/#\/schema\/logo\/image\/","url":"https:\/\/www.leafieldmarine.com\/wp-content\/uploads\/2022\/10\/leafield-marine-logo.png","contentUrl":"https:\/\/www.leafieldmarine.com\/wp-content\/uploads\/2022\/10\/leafield-marine-logo.png","width":247,"height":191,"caption":"Leafield Marine"},"image":{"@id":"https:\/\/www.leafieldmarine.com\/fr\/#\/schema\/logo\/image\/"}}]}},"acf":[],"post_mailing_queue_ids":[],"_links":{"self":[{"href":"https:\/\/www.leafieldmarine.com\/fr\/wp-json\/wp\/v2\/pages\/4167","targetHints":{"allow":["GET"]}}],"collection":[{"href":"https:\/\/www.leafieldmarine.com\/fr\/wp-json\/wp\/v2\/pages"}],"about":[{"href":"https:\/\/www.leafieldmarine.com\/fr\/wp-json\/wp\/v2\/types\/page"}],"author":[{"embeddable":true,"href":"https:\/\/www.leafieldmarine.com\/fr\/wp-json\/wp\/v2\/users\/8"}],"replies":[{"embeddable":true,"href":"https:\/\/www.leafieldmarine.com\/fr\/wp-json\/wp\/v2\/comments?post=4167"}],"version-history":[{"count":0,"href":"https:\/\/www.leafieldmarine.com\/fr\/wp-json\/wp\/v2\/pages\/4167\/revisions"}],"wp:featuredmedia":[{"embeddable":true,"href":"https:\/\/www.leafieldmarine.com\/fr\/wp-json\/wp\/v2\/media\/6312"}],"wp:attachment":[{"href":"https:\/\/www.leafieldmarine.com\/fr\/wp-json\/wp\/v2\/media?parent=4167"}],"curies":[{"name":"wp","href":"https:\/\/api.w.org\/{rel}","templated":true}]}}