{"id":4183,"date":"2020-04-03T11:27:36","date_gmt":"2020-04-03T11:27:36","guid":{"rendered":"https:\/\/www.leafieldmarine.com\/services\/"},"modified":"2022-11-28T10:28:22","modified_gmt":"2022-11-28T10:28:22","slug":"services","status":"publish","type":"page","link":"https:\/\/www.leafieldmarine.com\/fr\/services\/","title":{"rendered":"Services"},"content":{"rendered":"\n<div class=\"wp-block-group has-lg-content-width\"><div class=\"wp-block-group__inner-container is-layout-flow wp-block-group-is-layout-flow\">\n<h1 class=\"wp-block-heading\">Services<\/h1>\n\n\n\n<p><strong>Leafield Marine est le leader mondial de la conception, du d\u00e9veloppement et de la fabrication de <a href=\"https:\/\/www.leafieldmarine.com\/product-category\/products\/\">vannes d\u2019air et de syst\u00e8mes<\/a> de gonflage. Nous sommes r\u00e9put\u00e9s pour notre force d\u2019ing\u00e9nierie et travaillons en \u00e9troite collaboration avec les clients dans la phase initiale de la conception du produit.<\/strong><\/p>\n\n\n\n<p>En plus de notre gamme de produits standard, Leafield Marine peut offrir les services suivants:<\/p>\n\n\n\n<p>Support technique aux clients les conseillant sur lequel de nos produits standard r\u00e9pond le mieux \u00e0 leurs besoins et conseils continus si n\u00e9cessaire.<\/p>\n\n\n\n<ul class=\"wp-block-list\"><li>Conception de vannes sur mesure.<\/li><li>Conception de syst\u00e8mes de gonflage \u00e0 un ou plusieurs cylindres, y compris les syst\u00e8mes d\u2019\u00e9vacuation de masse (MES) de grande capacit\u00e9.<\/li><li>Tests de d\u00e9veloppement.<\/li><li>Peut fournir un support client tout au long du processus d\u2019approbation, par exemple les r\u00e9glementations SOLAS.<\/li><\/ul>\n\n\n\n<p>Notre \u00e9quipe de conception exp\u00e9riment\u00e9e est \u00e9quip\u00e9e du dernier logiciel de CAO 3D et utilise fea et le prototypage rapide pendant le d\u00e9veloppement.<\/p>\n\n\n\n<p>Nos installations d\u2019essai diversifi\u00e9es comprennent le cycle de temp\u00e9rature, les essais de fatigue, les essais de pression allant des structures gonflables \u00e0 basse pression aux essais hydrauliques \u00e0 l\u2019\u00e9preuve, aux essais de charge et de traction.<\/p>\n\n\n\n<figure class=\"wp-block-image size-large\"><img decoding=\"async\" src=\"https:\/\/www.leafieldmarine.com\/wp-content\/uploads\/2021\/08\/Boat-3D-Inc-Keel-Speed-tube-hose-direct-inflation-Plan-View-2.jpg\" alt=\"Bateau 3D Inc Keel + Speed tube tuyau gonflage direct\"\/><\/figure>\n<\/div><\/div>\n","protected":false},"excerpt":{"rendered":"<p>Services Leafield Marine est le leader mondial de la conception, du d\u00e9veloppement et de la fabrication de vannes d\u2019air et de syst\u00e8mes de gonflage. Nous sommes r\u00e9put\u00e9s pour notre force d\u2019ing\u00e9nierie et travaillons en \u00e9troite collaboration avec les clients dans la phase initiale de la conception du produit. En plus de notre gamme de produits &hellip;<\/p>\n","protected":false},"author":8,"featured_media":0,"parent":0,"menu_order":0,"comment_status":"closed","ping_status":"closed","template":"","meta":{"_acf_changed":false,"content-type":"","_genesis_hide_title":false,"_genesis_hide_breadcrumbs":false,"_genesis_hide_singular_image":false,"_genesis_hide_footer_widgets":false,"_genesis_custom_body_class":"","_genesis_custom_post_class":"","_genesis_layout":"","footnotes":""},"class_list":{"1":"page","2":"type-page","5":"entry"},"featured_image_src":null,"yoast_head":"<!-- This site is optimized with the Yoast SEO plugin v27.5 - https:\/\/yoast.com\/product\/yoast-seo-wordpress\/ -->\n<title>Services - Leafield Marine<\/title>\n<meta name=\"description\" content=\"Nous sommes r\u00e9put\u00e9s pour notre force d\u2019ing\u00e9nierie et travaillons en \u00e9troite collaboration avec les clients dans la phase initiale de la conception du produit.\" \/>\n<meta name=\"robots\" content=\"index, follow, max-snippet:-1, max-image-preview:large, max-video-preview:-1\" \/>\n<link rel=\"canonical\" href=\"https:\/\/www.leafieldmarine.com\/fr\/services\/\" \/>\n<meta property=\"og:locale\" content=\"fr_FR\" \/>\n<meta property=\"og:type\" content=\"article\" \/>\n<meta property=\"og:title\" content=\"Services - Leafield Marine\" \/>\n<meta property=\"og:description\" content=\"Nous sommes r\u00e9put\u00e9s pour notre force d\u2019ing\u00e9nierie et travaillons en \u00e9troite collaboration avec les clients dans la phase initiale de la conception du produit.\" \/>\n<meta property=\"og:url\" content=\"https:\/\/www.leafieldmarine.com\/fr\/services\/\" \/>\n<meta property=\"og:site_name\" content=\"Leafield Marine\" \/>\n<meta property=\"article:modified_time\" content=\"2022-11-28T10:28:22+00:00\" \/>\n<meta property=\"og:image\" content=\"https:\/\/www.leafieldmarine.com\/wp-content\/uploads\/2021\/08\/Boat-3D-Inc-Keel-Speed-tube-hose-direct-inflation-Plan-View-2.jpg\" \/>\n<meta name=\"twitter:card\" content=\"summary_large_image\" \/>\n<meta name=\"twitter:label1\" content=\"Dur\u00e9e de lecture estim\u00e9e\" \/>\n\t<meta name=\"twitter:data1\" content=\"2 minutes\" \/>\n<script type=\"application\/ld+json\" class=\"yoast-schema-graph\">{\"@context\":\"https:\\\/\\\/schema.org\",\"@graph\":[{\"@type\":\"WebPage\",\"@id\":\"https:\\\/\\\/www.leafieldmarine.com\\\/fr\\\/services\\\/\",\"url\":\"https:\\\/\\\/www.leafieldmarine.com\\\/fr\\\/services\\\/\",\"name\":\"Services - Leafield Marine\",\"isPartOf\":{\"@id\":\"https:\\\/\\\/www.leafieldmarine.com\\\/fr\\\/#website\"},\"primaryImageOfPage\":{\"@id\":\"https:\\\/\\\/www.leafieldmarine.com\\\/fr\\\/services\\\/#primaryimage\"},\"image\":{\"@id\":\"https:\\\/\\\/www.leafieldmarine.com\\\/fr\\\/services\\\/#primaryimage\"},\"thumbnailUrl\":\"https:\\\/\\\/www.leafieldmarine.com\\\/wp-content\\\/uploads\\\/2021\\\/08\\\/Boat-3D-Inc-Keel-Speed-tube-hose-direct-inflation-Plan-View-2.jpg\",\"datePublished\":\"2020-04-03T11:27:36+00:00\",\"dateModified\":\"2022-11-28T10:28:22+00:00\",\"description\":\"Nous sommes r\u00e9put\u00e9s pour notre force d\u2019ing\u00e9nierie et travaillons en \u00e9troite collaboration avec les clients dans la phase initiale de la conception du produit.\",\"breadcrumb\":{\"@id\":\"https:\\\/\\\/www.leafieldmarine.com\\\/fr\\\/services\\\/#breadcrumb\"},\"inLanguage\":\"fr-FR\",\"potentialAction\":[{\"@type\":\"ReadAction\",\"target\":[\"https:\\\/\\\/www.leafieldmarine.com\\\/fr\\\/services\\\/\"]}]},{\"@type\":\"ImageObject\",\"inLanguage\":\"fr-FR\",\"@id\":\"https:\\\/\\\/www.leafieldmarine.com\\\/fr\\\/services\\\/#primaryimage\",\"url\":\"https:\\\/\\\/www.leafieldmarine.com\\\/wp-content\\\/uploads\\\/2021\\\/08\\\/Boat-3D-Inc-Keel-Speed-tube-hose-direct-inflation-Plan-View-2.jpg\",\"contentUrl\":\"https:\\\/\\\/www.leafieldmarine.com\\\/wp-content\\\/uploads\\\/2021\\\/08\\\/Boat-3D-Inc-Keel-Speed-tube-hose-direct-inflation-Plan-View-2.jpg\"},{\"@type\":\"BreadcrumbList\",\"@id\":\"https:\\\/\\\/www.leafieldmarine.com\\\/fr\\\/services\\\/#breadcrumb\",\"itemListElement\":[{\"@type\":\"ListItem\",\"position\":1,\"name\":\"Home\",\"item\":\"https:\\\/\\\/www.leafieldmarine.com\\\/fr\\\/\"},{\"@type\":\"ListItem\",\"position\":2,\"name\":\"Services\"}]},{\"@type\":\"WebSite\",\"@id\":\"https:\\\/\\\/www.leafieldmarine.com\\\/fr\\\/#website\",\"url\":\"https:\\\/\\\/www.leafieldmarine.com\\\/fr\\\/\",\"name\":\"Leafield Marine\",\"description\":\"World Class Air Valves for Inflatable Structures\",\"publisher\":{\"@id\":\"https:\\\/\\\/www.leafieldmarine.com\\\/fr\\\/#organization\"},\"potentialAction\":[{\"@type\":\"SearchAction\",\"target\":{\"@type\":\"EntryPoint\",\"urlTemplate\":\"https:\\\/\\\/www.leafieldmarine.com\\\/fr\\\/?s={search_term_string}\"},\"query-input\":{\"@type\":\"PropertyValueSpecification\",\"valueRequired\":true,\"valueName\":\"search_term_string\"}}],\"inLanguage\":\"fr-FR\"},{\"@type\":\"Organization\",\"@id\":\"https:\\\/\\\/www.leafieldmarine.com\\\/fr\\\/#organization\",\"name\":\"Leafield Marine\",\"url\":\"https:\\\/\\\/www.leafieldmarine.com\\\/fr\\\/\",\"logo\":{\"@type\":\"ImageObject\",\"inLanguage\":\"fr-FR\",\"@id\":\"https:\\\/\\\/www.leafieldmarine.com\\\/fr\\\/#\\\/schema\\\/logo\\\/image\\\/\",\"url\":\"https:\\\/\\\/www.leafieldmarine.com\\\/wp-content\\\/uploads\\\/2022\\\/10\\\/leafield-marine-logo.png\",\"contentUrl\":\"https:\\\/\\\/www.leafieldmarine.com\\\/wp-content\\\/uploads\\\/2022\\\/10\\\/leafield-marine-logo.png\",\"width\":247,\"height\":191,\"caption\":\"Leafield Marine\"},\"image\":{\"@id\":\"https:\\\/\\\/www.leafieldmarine.com\\\/fr\\\/#\\\/schema\\\/logo\\\/image\\\/\"}}]}<\/script>\n<!-- \/ Yoast SEO plugin. -->","yoast_head_json":{"title":"Services - Leafield Marine","description":"Nous sommes r\u00e9put\u00e9s pour notre force d\u2019ing\u00e9nierie et travaillons en \u00e9troite collaboration avec les clients dans la phase initiale de la conception du produit.","robots":{"index":"index","follow":"follow","max-snippet":"max-snippet:-1","max-image-preview":"max-image-preview:large","max-video-preview":"max-video-preview:-1"},"canonical":"https:\/\/www.leafieldmarine.com\/fr\/services\/","og_locale":"fr_FR","og_type":"article","og_title":"Services - Leafield Marine","og_description":"Nous sommes r\u00e9put\u00e9s pour notre force d\u2019ing\u00e9nierie et travaillons en \u00e9troite collaboration avec les clients dans la phase initiale de la conception du produit.","og_url":"https:\/\/www.leafieldmarine.com\/fr\/services\/","og_site_name":"Leafield Marine","article_modified_time":"2022-11-28T10:28:22+00:00","og_image":[{"url":"https:\/\/www.leafieldmarine.com\/wp-content\/uploads\/2021\/08\/Boat-3D-Inc-Keel-Speed-tube-hose-direct-inflation-Plan-View-2.jpg","type":"","width":"","height":""}],"twitter_card":"summary_large_image","twitter_misc":{"Dur\u00e9e de lecture estim\u00e9e":"2 minutes"},"schema":{"@context":"https:\/\/schema.org","@graph":[{"@type":"WebPage","@id":"https:\/\/www.leafieldmarine.com\/fr\/services\/","url":"https:\/\/www.leafieldmarine.com\/fr\/services\/","name":"Services - Leafield Marine","isPartOf":{"@id":"https:\/\/www.leafieldmarine.com\/fr\/#website"},"primaryImageOfPage":{"@id":"https:\/\/www.leafieldmarine.com\/fr\/services\/#primaryimage"},"image":{"@id":"https:\/\/www.leafieldmarine.com\/fr\/services\/#primaryimage"},"thumbnailUrl":"https:\/\/www.leafieldmarine.com\/wp-content\/uploads\/2021\/08\/Boat-3D-Inc-Keel-Speed-tube-hose-direct-inflation-Plan-View-2.jpg","datePublished":"2020-04-03T11:27:36+00:00","dateModified":"2022-11-28T10:28:22+00:00","description":"Nous sommes r\u00e9put\u00e9s pour notre force d\u2019ing\u00e9nierie et travaillons en \u00e9troite collaboration avec les clients dans la phase initiale de la conception du produit.","breadcrumb":{"@id":"https:\/\/www.leafieldmarine.com\/fr\/services\/#breadcrumb"},"inLanguage":"fr-FR","potentialAction":[{"@type":"ReadAction","target":["https:\/\/www.leafieldmarine.com\/fr\/services\/"]}]},{"@type":"ImageObject","inLanguage":"fr-FR","@id":"https:\/\/www.leafieldmarine.com\/fr\/services\/#primaryimage","url":"https:\/\/www.leafieldmarine.com\/wp-content\/uploads\/2021\/08\/Boat-3D-Inc-Keel-Speed-tube-hose-direct-inflation-Plan-View-2.jpg","contentUrl":"https:\/\/www.leafieldmarine.com\/wp-content\/uploads\/2021\/08\/Boat-3D-Inc-Keel-Speed-tube-hose-direct-inflation-Plan-View-2.jpg"},{"@type":"BreadcrumbList","@id":"https:\/\/www.leafieldmarine.com\/fr\/services\/#breadcrumb","itemListElement":[{"@type":"ListItem","position":1,"name":"Home","item":"https:\/\/www.leafieldmarine.com\/fr\/"},{"@type":"ListItem","position":2,"name":"Services"}]},{"@type":"WebSite","@id":"https:\/\/www.leafieldmarine.com\/fr\/#website","url":"https:\/\/www.leafieldmarine.com\/fr\/","name":"Leafield Marine","description":"World Class Air Valves for Inflatable Structures","publisher":{"@id":"https:\/\/www.leafieldmarine.com\/fr\/#organization"},"potentialAction":[{"@type":"SearchAction","target":{"@type":"EntryPoint","urlTemplate":"https:\/\/www.leafieldmarine.com\/fr\/?s={search_term_string}"},"query-input":{"@type":"PropertyValueSpecification","valueRequired":true,"valueName":"search_term_string"}}],"inLanguage":"fr-FR"},{"@type":"Organization","@id":"https:\/\/www.leafieldmarine.com\/fr\/#organization","name":"Leafield Marine","url":"https:\/\/www.leafieldmarine.com\/fr\/","logo":{"@type":"ImageObject","inLanguage":"fr-FR","@id":"https:\/\/www.leafieldmarine.com\/fr\/#\/schema\/logo\/image\/","url":"https:\/\/www.leafieldmarine.com\/wp-content\/uploads\/2022\/10\/leafield-marine-logo.png","contentUrl":"https:\/\/www.leafieldmarine.com\/wp-content\/uploads\/2022\/10\/leafield-marine-logo.png","width":247,"height":191,"caption":"Leafield Marine"},"image":{"@id":"https:\/\/www.leafieldmarine.com\/fr\/#\/schema\/logo\/image\/"}}]}},"acf":[],"_links":{"self":[{"href":"https:\/\/www.leafieldmarine.com\/fr\/wp-json\/wp\/v2\/pages\/4183","targetHints":{"allow":["GET"]}}],"collection":[{"href":"https:\/\/www.leafieldmarine.com\/fr\/wp-json\/wp\/v2\/pages"}],"about":[{"href":"https:\/\/www.leafieldmarine.com\/fr\/wp-json\/wp\/v2\/types\/page"}],"author":[{"embeddable":true,"href":"https:\/\/www.leafieldmarine.com\/fr\/wp-json\/wp\/v2\/users\/8"}],"replies":[{"embeddable":true,"href":"https:\/\/www.leafieldmarine.com\/fr\/wp-json\/wp\/v2\/comments?post=4183"}],"version-history":[{"count":0,"href":"https:\/\/www.leafieldmarine.com\/fr\/wp-json\/wp\/v2\/pages\/4183\/revisions"}],"wp:attachment":[{"href":"https:\/\/www.leafieldmarine.com\/fr\/wp-json\/wp\/v2\/media?parent=4183"}],"curies":[{"name":"wp","href":"https:\/\/api.w.org\/{rel}","templated":true}]}}