{"id":4211,"date":"2020-04-03T11:27:19","date_gmt":"2020-04-03T11:27:19","guid":{"rendered":"https:\/\/www.leafieldmarine.com\/a-propos-de-leafield-marine\/"},"modified":"2022-11-28T09:46:50","modified_gmt":"2022-11-28T09:46:50","slug":"a-propos-de-leafield-marine","status":"publish","type":"page","link":"https:\/\/www.leafieldmarine.com\/fr\/a-propos-de-leafield-marine\/","title":{"rendered":"\u00c0 propos de Leafield Marine"},"content":{"rendered":"\n<h1 class=\"wp-block-heading\">\u00c0 propos de Leafield Marine<\/h1>\n\n\n\n<p>Leafield Marine est bas\u00e9 au Royaume-Uni, au c\u0153ur de la campagne du Wiltshire, occupant des installations modernes, avec une conception et une production internes.<\/p>\n\n\n\n<p>Leafield Marine a commenc\u00e9 \u00e0 concevoir et \u00e0 produire des vannes pour bateaux pneumatiques en 1965. Depuis lors, notre gamme de produits s\u2019est \u00e9largie pour inclure des vannes et des syst\u00e8mes de gonflage sp\u00e9cialis\u00e9s pour de nombreuses structures gonflables, y compris des applications commerciales, de loisirs et professionnelles, fournissant de nombreux leaders mondiaux sur ces march\u00e9s.<\/p>\n\n\n\n<p>Nous exportons actuellement plus de 80% de nos produits dans plus de 60 pays \u00e0 travers le monde. Leafield Marine s\u2019est forg\u00e9 une r\u00e9putation de conception innovante et de r\u00e9activit\u00e9 aux exigences des clients. Ceci est soutenu par nos grandes \u00e9quipes internes d\u2019ing\u00e9nierie et de qualit\u00e9.<\/p>\n\n\n\n<p>Nous sommes une soci\u00e9t\u00e9 enregistr\u00e9e ISO 9001: 2015 avec beaucoup de nos produits \u00e9galement approuv\u00e9s selon les normes SOLAS (ISO: 15738), PE (S) R et PED.<\/p>\n\n\n\n<p>Leafield Marine a \u00e9t\u00e9 accr\u00e9dit\u00e9 avec le statut d\u2019exportateur agr\u00e9\u00e9 r\u00e9gi par le UK HM Revenue and Customs. Cela ouvre la voie \u00e0 des \u00e9changes commerciaux plus simples avec les pays signataires d\u2019accords de libre-\u00e9change.<\/p>\n\n\n\n<p>Chez Leafield Marine, nous r\u00e9visons et \u00e9largissons constamment notre gamme de produits. Si vous ne trouvez pas ce dont vous avez besoin sur ce site, n\u2019h\u00e9sitez pas \u00e0 <a href=\"https:\/\/www.leafieldmarine.com\/contact\/\">nous contacter.<\/a><\/p>\n","protected":false},"excerpt":{"rendered":"<p>\u00c0 propos de Leafield Marine Leafield Marine est bas\u00e9 au Royaume-Uni, au c\u0153ur de la campagne du Wiltshire, occupant des installations modernes, avec une conception et une production internes. Leafield Marine a commenc\u00e9 \u00e0 concevoir et \u00e0 produire des vannes pour bateaux pneumatiques en 1965. Depuis lors, notre gamme de produits s\u2019est \u00e9largie pour inclure &hellip;<\/p>\n","protected":false},"author":8,"featured_media":0,"parent":0,"menu_order":0,"comment_status":"closed","ping_status":"closed","template":"","meta":{"_acf_changed":false,"content-type":"","_genesis_hide_title":false,"_genesis_hide_breadcrumbs":false,"_genesis_hide_singular_image":false,"_genesis_hide_footer_widgets":false,"_genesis_custom_body_class":"","_genesis_custom_post_class":"","_genesis_layout":"","footnotes":""},"class_list":{"1":"page","2":"type-page","5":"entry"},"featured_image_src":null,"yoast_head":"<!-- This site is optimized with the Yoast SEO plugin v27.6 - https:\/\/yoast.com\/product\/yoast-seo-wordpress\/ -->\n<title>\u00c0 propos de Leafield Marine - Leafield Marine<\/title>\n<meta name=\"description\" content=\"Leafield Marine est bas\u00e9 au Royaume-Uni, au c\u0153ur de la campagne du Wiltshire, avec une conception et une production internes.\" \/>\n<meta name=\"robots\" content=\"index, follow, max-snippet:-1, max-image-preview:large, max-video-preview:-1\" \/>\n<link rel=\"canonical\" href=\"https:\/\/www.leafieldmarine.com\/fr\/a-propos-de-leafield-marine\/\" \/>\n<meta property=\"og:locale\" content=\"fr_FR\" \/>\n<meta property=\"og:type\" content=\"article\" \/>\n<meta property=\"og:title\" content=\"\u00c0 propos de Leafield Marine - Leafield Marine\" \/>\n<meta property=\"og:description\" content=\"Leafield Marine est bas\u00e9 au Royaume-Uni, au c\u0153ur de la campagne du Wiltshire, avec une conception et une production internes.\" \/>\n<meta property=\"og:url\" content=\"https:\/\/www.leafieldmarine.com\/fr\/a-propos-de-leafield-marine\/\" \/>\n<meta property=\"og:site_name\" content=\"Leafield Marine\" \/>\n<meta property=\"article:modified_time\" content=\"2022-11-28T09:46:50+00:00\" \/>\n<meta name=\"twitter:card\" content=\"summary_large_image\" \/>\n<meta name=\"twitter:label1\" content=\"Dur\u00e9e de lecture estim\u00e9e\" \/>\n\t<meta name=\"twitter:data1\" content=\"1 minute\" \/>\n<script type=\"application\/ld+json\" class=\"yoast-schema-graph\">{\"@context\":\"https:\\\/\\\/schema.org\",\"@graph\":[{\"@type\":\"WebPage\",\"@id\":\"https:\\\/\\\/www.leafieldmarine.com\\\/fr\\\/a-propos-de-leafield-marine\\\/\",\"url\":\"https:\\\/\\\/www.leafieldmarine.com\\\/fr\\\/a-propos-de-leafield-marine\\\/\",\"name\":\"\u00c0 propos de Leafield Marine - Leafield Marine\",\"isPartOf\":{\"@id\":\"https:\\\/\\\/www.leafieldmarine.com\\\/fr\\\/#website\"},\"datePublished\":\"2020-04-03T11:27:19+00:00\",\"dateModified\":\"2022-11-28T09:46:50+00:00\",\"description\":\"Leafield Marine est bas\u00e9 au Royaume-Uni, au c\u0153ur de la campagne du Wiltshire, avec une conception et une production internes.\",\"breadcrumb\":{\"@id\":\"https:\\\/\\\/www.leafieldmarine.com\\\/fr\\\/a-propos-de-leafield-marine\\\/#breadcrumb\"},\"inLanguage\":\"fr-FR\",\"potentialAction\":[{\"@type\":\"ReadAction\",\"target\":[\"https:\\\/\\\/www.leafieldmarine.com\\\/fr\\\/a-propos-de-leafield-marine\\\/\"]}]},{\"@type\":\"BreadcrumbList\",\"@id\":\"https:\\\/\\\/www.leafieldmarine.com\\\/fr\\\/a-propos-de-leafield-marine\\\/#breadcrumb\",\"itemListElement\":[{\"@type\":\"ListItem\",\"position\":1,\"name\":\"Home\",\"item\":\"https:\\\/\\\/www.leafieldmarine.com\\\/fr\\\/\"},{\"@type\":\"ListItem\",\"position\":2,\"name\":\"\u00c0 propos de Leafield Marine\"}]},{\"@type\":\"WebSite\",\"@id\":\"https:\\\/\\\/www.leafieldmarine.com\\\/fr\\\/#website\",\"url\":\"https:\\\/\\\/www.leafieldmarine.com\\\/fr\\\/\",\"name\":\"Leafield Marine\",\"description\":\"World Class Air Valves for Inflatable Structures\",\"publisher\":{\"@id\":\"https:\\\/\\\/www.leafieldmarine.com\\\/fr\\\/#organization\"},\"potentialAction\":[{\"@type\":\"SearchAction\",\"target\":{\"@type\":\"EntryPoint\",\"urlTemplate\":\"https:\\\/\\\/www.leafieldmarine.com\\\/fr\\\/?s={search_term_string}\"},\"query-input\":{\"@type\":\"PropertyValueSpecification\",\"valueRequired\":true,\"valueName\":\"search_term_string\"}}],\"inLanguage\":\"fr-FR\"},{\"@type\":\"Organization\",\"@id\":\"https:\\\/\\\/www.leafieldmarine.com\\\/fr\\\/#organization\",\"name\":\"Leafield Marine\",\"url\":\"https:\\\/\\\/www.leafieldmarine.com\\\/fr\\\/\",\"logo\":{\"@type\":\"ImageObject\",\"inLanguage\":\"fr-FR\",\"@id\":\"https:\\\/\\\/www.leafieldmarine.com\\\/fr\\\/#\\\/schema\\\/logo\\\/image\\\/\",\"url\":\"https:\\\/\\\/www.leafieldmarine.com\\\/wp-content\\\/uploads\\\/2022\\\/10\\\/leafield-marine-logo.png\",\"contentUrl\":\"https:\\\/\\\/www.leafieldmarine.com\\\/wp-content\\\/uploads\\\/2022\\\/10\\\/leafield-marine-logo.png\",\"width\":247,\"height\":191,\"caption\":\"Leafield Marine\"},\"image\":{\"@id\":\"https:\\\/\\\/www.leafieldmarine.com\\\/fr\\\/#\\\/schema\\\/logo\\\/image\\\/\"}}]}<\/script>\n<!-- \/ Yoast SEO plugin. -->","yoast_head_json":{"title":"\u00c0 propos de Leafield Marine - Leafield Marine","description":"Leafield Marine est bas\u00e9 au Royaume-Uni, au c\u0153ur de la campagne du Wiltshire, avec une conception et une production internes.","robots":{"index":"index","follow":"follow","max-snippet":"max-snippet:-1","max-image-preview":"max-image-preview:large","max-video-preview":"max-video-preview:-1"},"canonical":"https:\/\/www.leafieldmarine.com\/fr\/a-propos-de-leafield-marine\/","og_locale":"fr_FR","og_type":"article","og_title":"\u00c0 propos de Leafield Marine - Leafield Marine","og_description":"Leafield Marine est bas\u00e9 au Royaume-Uni, au c\u0153ur de la campagne du Wiltshire, avec une conception et une production internes.","og_url":"https:\/\/www.leafieldmarine.com\/fr\/a-propos-de-leafield-marine\/","og_site_name":"Leafield Marine","article_modified_time":"2022-11-28T09:46:50+00:00","twitter_card":"summary_large_image","twitter_misc":{"Dur\u00e9e de lecture estim\u00e9e":"1 minute"},"schema":{"@context":"https:\/\/schema.org","@graph":[{"@type":"WebPage","@id":"https:\/\/www.leafieldmarine.com\/fr\/a-propos-de-leafield-marine\/","url":"https:\/\/www.leafieldmarine.com\/fr\/a-propos-de-leafield-marine\/","name":"\u00c0 propos de Leafield Marine - Leafield Marine","isPartOf":{"@id":"https:\/\/www.leafieldmarine.com\/fr\/#website"},"datePublished":"2020-04-03T11:27:19+00:00","dateModified":"2022-11-28T09:46:50+00:00","description":"Leafield Marine est bas\u00e9 au Royaume-Uni, au c\u0153ur de la campagne du Wiltshire, avec une conception et une production internes.","breadcrumb":{"@id":"https:\/\/www.leafieldmarine.com\/fr\/a-propos-de-leafield-marine\/#breadcrumb"},"inLanguage":"fr-FR","potentialAction":[{"@type":"ReadAction","target":["https:\/\/www.leafieldmarine.com\/fr\/a-propos-de-leafield-marine\/"]}]},{"@type":"BreadcrumbList","@id":"https:\/\/www.leafieldmarine.com\/fr\/a-propos-de-leafield-marine\/#breadcrumb","itemListElement":[{"@type":"ListItem","position":1,"name":"Home","item":"https:\/\/www.leafieldmarine.com\/fr\/"},{"@type":"ListItem","position":2,"name":"\u00c0 propos de Leafield Marine"}]},{"@type":"WebSite","@id":"https:\/\/www.leafieldmarine.com\/fr\/#website","url":"https:\/\/www.leafieldmarine.com\/fr\/","name":"Leafield Marine","description":"World Class Air Valves for Inflatable Structures","publisher":{"@id":"https:\/\/www.leafieldmarine.com\/fr\/#organization"},"potentialAction":[{"@type":"SearchAction","target":{"@type":"EntryPoint","urlTemplate":"https:\/\/www.leafieldmarine.com\/fr\/?s={search_term_string}"},"query-input":{"@type":"PropertyValueSpecification","valueRequired":true,"valueName":"search_term_string"}}],"inLanguage":"fr-FR"},{"@type":"Organization","@id":"https:\/\/www.leafieldmarine.com\/fr\/#organization","name":"Leafield Marine","url":"https:\/\/www.leafieldmarine.com\/fr\/","logo":{"@type":"ImageObject","inLanguage":"fr-FR","@id":"https:\/\/www.leafieldmarine.com\/fr\/#\/schema\/logo\/image\/","url":"https:\/\/www.leafieldmarine.com\/wp-content\/uploads\/2022\/10\/leafield-marine-logo.png","contentUrl":"https:\/\/www.leafieldmarine.com\/wp-content\/uploads\/2022\/10\/leafield-marine-logo.png","width":247,"height":191,"caption":"Leafield Marine"},"image":{"@id":"https:\/\/www.leafieldmarine.com\/fr\/#\/schema\/logo\/image\/"}}]}},"acf":[],"_links":{"self":[{"href":"https:\/\/www.leafieldmarine.com\/fr\/wp-json\/wp\/v2\/pages\/4211","targetHints":{"allow":["GET"]}}],"collection":[{"href":"https:\/\/www.leafieldmarine.com\/fr\/wp-json\/wp\/v2\/pages"}],"about":[{"href":"https:\/\/www.leafieldmarine.com\/fr\/wp-json\/wp\/v2\/types\/page"}],"author":[{"embeddable":true,"href":"https:\/\/www.leafieldmarine.com\/fr\/wp-json\/wp\/v2\/users\/8"}],"replies":[{"embeddable":true,"href":"https:\/\/www.leafieldmarine.com\/fr\/wp-json\/wp\/v2\/comments?post=4211"}],"version-history":[{"count":0,"href":"https:\/\/www.leafieldmarine.com\/fr\/wp-json\/wp\/v2\/pages\/4211\/revisions"}],"wp:attachment":[{"href":"https:\/\/www.leafieldmarine.com\/fr\/wp-json\/wp\/v2\/media?parent=4211"}],"curies":[{"name":"wp","href":"https:\/\/api.w.org\/{rel}","templated":true}]}}