{"id":5010,"date":"2020-04-06T06:20:22","date_gmt":"2020-04-06T06:20:22","guid":{"rendered":"https:\/\/www.leafieldmarine.com\/boutique\/"},"modified":"2025-02-24T12:53:27","modified_gmt":"2025-02-24T12:53:27","slug":"boutique","status":"publish","type":"page","link":"https:\/\/www.leafieldmarine.com\/fr\/boutique\/","title":{"rendered":"Boutique"},"content":{"rendered":"","protected":false},"excerpt":{"rendered":"","protected":false},"author":8,"featured_media":0,"parent":0,"menu_order":0,"comment_status":"closed","ping_status":"closed","template":"","meta":{"_acf_changed":false,"content-type":"","_genesis_hide_title":false,"_genesis_hide_breadcrumbs":false,"_genesis_hide_singular_image":false,"_genesis_hide_footer_widgets":false,"_genesis_custom_body_class":"","_genesis_custom_post_class":"","_genesis_layout":"","footnotes":""},"class_list":{"1":"page","2":"type-page","5":"entry"},"featured_image_src":null,"yoast_head":"<!-- This site is optimized with the Yoast SEO plugin v27.3 - https:\/\/yoast.com\/product\/yoast-seo-wordpress\/ -->\n<title>Boutique - Leafield Marine<\/title>\n<meta name=\"description\" content=\"Vous pouvez maintenant acheter les produits Leafield Marine en ligne, les commandes sont exp\u00e9di\u00e9es dans un d\u00e9lai de 1 \u00e0 2 jours ouvrables et exp\u00e9di\u00e9es dans le monde entier.\" \/>\n<meta name=\"robots\" content=\"index, follow, max-snippet:-1, max-image-preview:large, max-video-preview:-1\" \/>\n<link rel=\"canonical\" href=\"https:\/\/www.leafieldmarine.com\/fr\/boutique\/\" \/>\n<meta property=\"og:locale\" content=\"fr_FR\" \/>\n<meta property=\"og:type\" content=\"article\" \/>\n<meta property=\"og:title\" content=\"Boutique - Leafield Marine\" \/>\n<meta property=\"og:description\" content=\"Vous pouvez maintenant acheter les produits Leafield Marine en ligne, les commandes sont exp\u00e9di\u00e9es dans un d\u00e9lai de 1 \u00e0 2 jours ouvrables et exp\u00e9di\u00e9es dans le monde entier.\" \/>\n<meta property=\"og:url\" content=\"https:\/\/www.leafieldmarine.com\/fr\/boutique\/\" \/>\n<meta property=\"og:site_name\" content=\"Leafield Marine\" \/>\n<meta property=\"article:modified_time\" content=\"2025-02-24T12:53:27+00:00\" \/>\n<meta name=\"twitter:card\" content=\"summary_large_image\" \/>\n<script type=\"application\/ld+json\" class=\"yoast-schema-graph\">{\"@context\":\"https:\\\/\\\/schema.org\",\"@graph\":[{\"@type\":\"WebPage\",\"@id\":\"https:\\\/\\\/www.leafieldmarine.com\\\/fr\\\/boutique\\\/\",\"url\":\"https:\\\/\\\/www.leafieldmarine.com\\\/fr\\\/boutique\\\/\",\"name\":\"Boutique - Leafield Marine\",\"isPartOf\":{\"@id\":\"https:\\\/\\\/www.leafieldmarine.com\\\/fr\\\/#website\"},\"datePublished\":\"2020-04-06T06:20:22+00:00\",\"dateModified\":\"2025-02-24T12:53:27+00:00\",\"description\":\"Vous pouvez maintenant acheter les produits Leafield Marine en ligne, les commandes sont exp\u00e9di\u00e9es dans un d\u00e9lai de 1 \u00e0 2 jours ouvrables et exp\u00e9di\u00e9es dans le monde entier.\",\"breadcrumb\":{\"@id\":\"https:\\\/\\\/www.leafieldmarine.com\\\/fr\\\/boutique\\\/#breadcrumb\"},\"inLanguage\":\"fr-FR\",\"potentialAction\":[{\"@type\":\"ReadAction\",\"target\":[\"https:\\\/\\\/www.leafieldmarine.com\\\/fr\\\/boutique\\\/\"]}]},{\"@type\":\"BreadcrumbList\",\"@id\":\"https:\\\/\\\/www.leafieldmarine.com\\\/fr\\\/boutique\\\/#breadcrumb\",\"itemListElement\":[{\"@type\":\"ListItem\",\"position\":1,\"name\":\"Home\",\"item\":\"https:\\\/\\\/www.leafieldmarine.com\\\/fr\\\/\"},{\"@type\":\"ListItem\",\"position\":2,\"name\":\"Boutique\"}]},{\"@type\":\"WebSite\",\"@id\":\"https:\\\/\\\/www.leafieldmarine.com\\\/fr\\\/#website\",\"url\":\"https:\\\/\\\/www.leafieldmarine.com\\\/fr\\\/\",\"name\":\"Leafield Marine\",\"description\":\"World Class Air Valves for Inflatable Structures\",\"publisher\":{\"@id\":\"https:\\\/\\\/www.leafieldmarine.com\\\/fr\\\/#organization\"},\"potentialAction\":[{\"@type\":\"SearchAction\",\"target\":{\"@type\":\"EntryPoint\",\"urlTemplate\":\"https:\\\/\\\/www.leafieldmarine.com\\\/fr\\\/?s={search_term_string}\"},\"query-input\":{\"@type\":\"PropertyValueSpecification\",\"valueRequired\":true,\"valueName\":\"search_term_string\"}}],\"inLanguage\":\"fr-FR\"},{\"@type\":\"Organization\",\"@id\":\"https:\\\/\\\/www.leafieldmarine.com\\\/fr\\\/#organization\",\"name\":\"Leafield Marine\",\"url\":\"https:\\\/\\\/www.leafieldmarine.com\\\/fr\\\/\",\"logo\":{\"@type\":\"ImageObject\",\"inLanguage\":\"fr-FR\",\"@id\":\"https:\\\/\\\/www.leafieldmarine.com\\\/fr\\\/#\\\/schema\\\/logo\\\/image\\\/\",\"url\":\"https:\\\/\\\/www.leafieldmarine.com\\\/wp-content\\\/uploads\\\/2022\\\/10\\\/leafield-marine-logo.png\",\"contentUrl\":\"https:\\\/\\\/www.leafieldmarine.com\\\/wp-content\\\/uploads\\\/2022\\\/10\\\/leafield-marine-logo.png\",\"width\":247,\"height\":191,\"caption\":\"Leafield Marine\"},\"image\":{\"@id\":\"https:\\\/\\\/www.leafieldmarine.com\\\/fr\\\/#\\\/schema\\\/logo\\\/image\\\/\"}}]}<\/script>\n<!-- \/ Yoast SEO plugin. -->","yoast_head_json":{"title":"Boutique - Leafield Marine","description":"Vous pouvez maintenant acheter les produits Leafield Marine en ligne, les commandes sont exp\u00e9di\u00e9es dans un d\u00e9lai de 1 \u00e0 2 jours ouvrables et exp\u00e9di\u00e9es dans le monde entier.","robots":{"index":"index","follow":"follow","max-snippet":"max-snippet:-1","max-image-preview":"max-image-preview:large","max-video-preview":"max-video-preview:-1"},"canonical":"https:\/\/www.leafieldmarine.com\/fr\/boutique\/","og_locale":"fr_FR","og_type":"article","og_title":"Boutique - Leafield Marine","og_description":"Vous pouvez maintenant acheter les produits Leafield Marine en ligne, les commandes sont exp\u00e9di\u00e9es dans un d\u00e9lai de 1 \u00e0 2 jours ouvrables et exp\u00e9di\u00e9es dans le monde entier.","og_url":"https:\/\/www.leafieldmarine.com\/fr\/boutique\/","og_site_name":"Leafield Marine","article_modified_time":"2025-02-24T12:53:27+00:00","twitter_card":"summary_large_image","schema":{"@context":"https:\/\/schema.org","@graph":[{"@type":"WebPage","@id":"https:\/\/www.leafieldmarine.com\/fr\/boutique\/","url":"https:\/\/www.leafieldmarine.com\/fr\/boutique\/","name":"Boutique - Leafield Marine","isPartOf":{"@id":"https:\/\/www.leafieldmarine.com\/fr\/#website"},"datePublished":"2020-04-06T06:20:22+00:00","dateModified":"2025-02-24T12:53:27+00:00","description":"Vous pouvez maintenant acheter les produits Leafield Marine en ligne, les commandes sont exp\u00e9di\u00e9es dans un d\u00e9lai de 1 \u00e0 2 jours ouvrables et exp\u00e9di\u00e9es dans le monde entier.","breadcrumb":{"@id":"https:\/\/www.leafieldmarine.com\/fr\/boutique\/#breadcrumb"},"inLanguage":"fr-FR","potentialAction":[{"@type":"ReadAction","target":["https:\/\/www.leafieldmarine.com\/fr\/boutique\/"]}]},{"@type":"BreadcrumbList","@id":"https:\/\/www.leafieldmarine.com\/fr\/boutique\/#breadcrumb","itemListElement":[{"@type":"ListItem","position":1,"name":"Home","item":"https:\/\/www.leafieldmarine.com\/fr\/"},{"@type":"ListItem","position":2,"name":"Boutique"}]},{"@type":"WebSite","@id":"https:\/\/www.leafieldmarine.com\/fr\/#website","url":"https:\/\/www.leafieldmarine.com\/fr\/","name":"Leafield Marine","description":"World Class Air Valves for Inflatable Structures","publisher":{"@id":"https:\/\/www.leafieldmarine.com\/fr\/#organization"},"potentialAction":[{"@type":"SearchAction","target":{"@type":"EntryPoint","urlTemplate":"https:\/\/www.leafieldmarine.com\/fr\/?s={search_term_string}"},"query-input":{"@type":"PropertyValueSpecification","valueRequired":true,"valueName":"search_term_string"}}],"inLanguage":"fr-FR"},{"@type":"Organization","@id":"https:\/\/www.leafieldmarine.com\/fr\/#organization","name":"Leafield Marine","url":"https:\/\/www.leafieldmarine.com\/fr\/","logo":{"@type":"ImageObject","inLanguage":"fr-FR","@id":"https:\/\/www.leafieldmarine.com\/fr\/#\/schema\/logo\/image\/","url":"https:\/\/www.leafieldmarine.com\/wp-content\/uploads\/2022\/10\/leafield-marine-logo.png","contentUrl":"https:\/\/www.leafieldmarine.com\/wp-content\/uploads\/2022\/10\/leafield-marine-logo.png","width":247,"height":191,"caption":"Leafield Marine"},"image":{"@id":"https:\/\/www.leafieldmarine.com\/fr\/#\/schema\/logo\/image\/"}}]}},"acf":[],"post_mailing_queue_ids":[],"_links":{"self":[{"href":"https:\/\/www.leafieldmarine.com\/fr\/wp-json\/wp\/v2\/pages\/5010","targetHints":{"allow":["GET"]}}],"collection":[{"href":"https:\/\/www.leafieldmarine.com\/fr\/wp-json\/wp\/v2\/pages"}],"about":[{"href":"https:\/\/www.leafieldmarine.com\/fr\/wp-json\/wp\/v2\/types\/page"}],"author":[{"embeddable":true,"href":"https:\/\/www.leafieldmarine.com\/fr\/wp-json\/wp\/v2\/users\/8"}],"replies":[{"embeddable":true,"href":"https:\/\/www.leafieldmarine.com\/fr\/wp-json\/wp\/v2\/comments?post=5010"}],"version-history":[{"count":0,"href":"https:\/\/www.leafieldmarine.com\/fr\/wp-json\/wp\/v2\/pages\/5010\/revisions"}],"wp:attachment":[{"href":"https:\/\/www.leafieldmarine.com\/fr\/wp-json\/wp\/v2\/media?parent=5010"}],"curies":[{"name":"wp","href":"https:\/\/api.w.org\/{rel}","templated":true}]}}