{"id":6253,"date":"2023-05-17T07:39:57","date_gmt":"2023-05-17T07:39:57","guid":{"rendered":"https:\/\/www.leafieldmarine.com\/a-propos-de-leafield-marine\/clause-de-non-responsabilite-relative-aux-e-mails\/"},"modified":"2023-05-17T07:40:58","modified_gmt":"2023-05-17T07:40:58","slug":"clause-de-non-responsabilite-relative-aux-e-mails","status":"publish","type":"page","link":"https:\/\/www.leafieldmarine.com\/fr\/clause-de-non-responsabilite-relative-aux-e-mails\/","title":{"rendered":"Clause de non-responsabilit\u00e9 relative aux e-mails"},"content":{"rendered":"\n<p>Ce courriel et toutes les pi\u00e8ces jointes peuvent \u00eatre confidentiels et sont destin\u00e9s uniquement \u00e0 l\u2019usage de la personne \u00e0 qui il est adress\u00e9. Tous les points de vue ou opinions exprim\u00e9s sont uniquement ceux de l\u2019auteur et ne repr\u00e9sentent pas n\u00e9cessairement ceux de Leafield Marine.<\/p>\n\n<p>Si vous n\u2019\u00eates pas le destinataire pr\u00e9vu de cet e-mail, vous ne devez prendre aucune mesure bas\u00e9e sur son contenu, ni le copier ou le montrer \u00e0 quiconque.<\/p>\n\n<p>Veuillez contacter l\u2019exp\u00e9diteur si vous pensez avoir re\u00e7u cet e-mail par erreur.<\/p>\n","protected":false},"excerpt":{"rendered":"<p>Ce courriel et toutes les pi\u00e8ces jointes peuvent \u00eatre confidentiels et sont destin\u00e9s uniquement \u00e0 l\u2019usage de la personne \u00e0 qui il est adress\u00e9. Tous les points de vue ou opinions exprim\u00e9s sont uniquement ceux de l\u2019auteur et ne repr\u00e9sentent pas n\u00e9cessairement ceux de Leafield Marine. Si vous n\u2019\u00eates pas le destinataire pr\u00e9vu de cet &hellip;<\/p>\n","protected":false},"author":6,"featured_media":0,"parent":0,"menu_order":0,"comment_status":"closed","ping_status":"closed","template":"","meta":{"_acf_changed":false,"content-type":"","_genesis_hide_title":false,"_genesis_hide_breadcrumbs":false,"_genesis_hide_singular_image":false,"_genesis_hide_footer_widgets":false,"_genesis_custom_body_class":"","_genesis_custom_post_class":"","_genesis_layout":"","footnotes":""},"class_list":{"1":"page","2":"type-page","5":"entry"},"featured_image_src":null,"yoast_head":"<!-- This site is optimized with the Yoast SEO plugin v27.4 - https:\/\/yoast.com\/product\/yoast-seo-wordpress\/ -->\n<title>Clause de non-responsabilit\u00e9 relative aux e-mails - Leafield Marine<\/title>\n<meta name=\"robots\" content=\"index, follow, max-snippet:-1, max-image-preview:large, max-video-preview:-1\" \/>\n<link rel=\"canonical\" href=\"https:\/\/www.leafieldmarine.com\/fr\/clause-de-non-responsabilite-relative-aux-e-mails\/\" \/>\n<meta property=\"og:locale\" content=\"fr_FR\" \/>\n<meta property=\"og:type\" content=\"article\" \/>\n<meta property=\"og:title\" content=\"Clause de non-responsabilit\u00e9 relative aux e-mails - Leafield Marine\" \/>\n<meta property=\"og:description\" content=\"Ce courriel et toutes les pi\u00e8ces jointes peuvent \u00eatre confidentiels et sont destin\u00e9s uniquement \u00e0 l\u2019usage de la personne \u00e0 qui il est adress\u00e9. Tous les points de vue ou opinions exprim\u00e9s sont uniquement ceux de l\u2019auteur et ne repr\u00e9sentent pas n\u00e9cessairement ceux de Leafield Marine. Si vous n\u2019\u00eates pas le destinataire pr\u00e9vu de cet &hellip;\" \/>\n<meta property=\"og:url\" content=\"https:\/\/www.leafieldmarine.com\/fr\/clause-de-non-responsabilite-relative-aux-e-mails\/\" \/>\n<meta property=\"og:site_name\" content=\"Leafield Marine\" \/>\n<meta property=\"article:modified_time\" content=\"2023-05-17T07:40:58+00:00\" \/>\n<meta name=\"twitter:card\" content=\"summary_large_image\" \/>\n<script type=\"application\/ld+json\" class=\"yoast-schema-graph\">{\"@context\":\"https:\\\/\\\/schema.org\",\"@graph\":[{\"@type\":\"WebPage\",\"@id\":\"https:\\\/\\\/www.leafieldmarine.com\\\/fr\\\/clause-de-non-responsabilite-relative-aux-e-mails\\\/\",\"url\":\"https:\\\/\\\/www.leafieldmarine.com\\\/fr\\\/clause-de-non-responsabilite-relative-aux-e-mails\\\/\",\"name\":\"Clause de non-responsabilit\u00e9 relative aux e-mails - Leafield Marine\",\"isPartOf\":{\"@id\":\"https:\\\/\\\/www.leafieldmarine.com\\\/fr\\\/#website\"},\"datePublished\":\"2023-05-17T07:39:57+00:00\",\"dateModified\":\"2023-05-17T07:40:58+00:00\",\"breadcrumb\":{\"@id\":\"https:\\\/\\\/www.leafieldmarine.com\\\/fr\\\/clause-de-non-responsabilite-relative-aux-e-mails\\\/#breadcrumb\"},\"inLanguage\":\"fr-FR\",\"potentialAction\":[{\"@type\":\"ReadAction\",\"target\":[\"https:\\\/\\\/www.leafieldmarine.com\\\/fr\\\/clause-de-non-responsabilite-relative-aux-e-mails\\\/\"]}]},{\"@type\":\"BreadcrumbList\",\"@id\":\"https:\\\/\\\/www.leafieldmarine.com\\\/fr\\\/clause-de-non-responsabilite-relative-aux-e-mails\\\/#breadcrumb\",\"itemListElement\":[{\"@type\":\"ListItem\",\"position\":1,\"name\":\"Home\",\"item\":\"https:\\\/\\\/www.leafieldmarine.com\\\/fr\\\/\"},{\"@type\":\"ListItem\",\"position\":2,\"name\":\"\u00c0 propos de Leafield Marine\",\"item\":\"https:\\\/\\\/www.leafieldmarine.com\\\/fr\\\/a-propos-de-leafield-marine\\\/\"},{\"@type\":\"ListItem\",\"position\":3,\"name\":\"Clause de non-responsabilit\u00e9 relative aux e-mails\"}]},{\"@type\":\"WebSite\",\"@id\":\"https:\\\/\\\/www.leafieldmarine.com\\\/fr\\\/#website\",\"url\":\"https:\\\/\\\/www.leafieldmarine.com\\\/fr\\\/\",\"name\":\"Leafield Marine\",\"description\":\"World Class Air Valves for Inflatable Structures\",\"publisher\":{\"@id\":\"https:\\\/\\\/www.leafieldmarine.com\\\/fr\\\/#organization\"},\"potentialAction\":[{\"@type\":\"SearchAction\",\"target\":{\"@type\":\"EntryPoint\",\"urlTemplate\":\"https:\\\/\\\/www.leafieldmarine.com\\\/fr\\\/?s={search_term_string}\"},\"query-input\":{\"@type\":\"PropertyValueSpecification\",\"valueRequired\":true,\"valueName\":\"search_term_string\"}}],\"inLanguage\":\"fr-FR\"},{\"@type\":\"Organization\",\"@id\":\"https:\\\/\\\/www.leafieldmarine.com\\\/fr\\\/#organization\",\"name\":\"Leafield Marine\",\"url\":\"https:\\\/\\\/www.leafieldmarine.com\\\/fr\\\/\",\"logo\":{\"@type\":\"ImageObject\",\"inLanguage\":\"fr-FR\",\"@id\":\"https:\\\/\\\/www.leafieldmarine.com\\\/fr\\\/#\\\/schema\\\/logo\\\/image\\\/\",\"url\":\"https:\\\/\\\/www.leafieldmarine.com\\\/wp-content\\\/uploads\\\/2022\\\/10\\\/leafield-marine-logo.png\",\"contentUrl\":\"https:\\\/\\\/www.leafieldmarine.com\\\/wp-content\\\/uploads\\\/2022\\\/10\\\/leafield-marine-logo.png\",\"width\":247,\"height\":191,\"caption\":\"Leafield Marine\"},\"image\":{\"@id\":\"https:\\\/\\\/www.leafieldmarine.com\\\/fr\\\/#\\\/schema\\\/logo\\\/image\\\/\"}}]}<\/script>\n<!-- \/ Yoast SEO plugin. -->","yoast_head_json":{"title":"Clause de non-responsabilit\u00e9 relative aux e-mails - Leafield Marine","robots":{"index":"index","follow":"follow","max-snippet":"max-snippet:-1","max-image-preview":"max-image-preview:large","max-video-preview":"max-video-preview:-1"},"canonical":"https:\/\/www.leafieldmarine.com\/fr\/clause-de-non-responsabilite-relative-aux-e-mails\/","og_locale":"fr_FR","og_type":"article","og_title":"Clause de non-responsabilit\u00e9 relative aux e-mails - Leafield Marine","og_description":"Ce courriel et toutes les pi\u00e8ces jointes peuvent \u00eatre confidentiels et sont destin\u00e9s uniquement \u00e0 l\u2019usage de la personne \u00e0 qui il est adress\u00e9. Tous les points de vue ou opinions exprim\u00e9s sont uniquement ceux de l\u2019auteur et ne repr\u00e9sentent pas n\u00e9cessairement ceux de Leafield Marine. Si vous n\u2019\u00eates pas le destinataire pr\u00e9vu de cet &hellip;","og_url":"https:\/\/www.leafieldmarine.com\/fr\/clause-de-non-responsabilite-relative-aux-e-mails\/","og_site_name":"Leafield Marine","article_modified_time":"2023-05-17T07:40:58+00:00","twitter_card":"summary_large_image","schema":{"@context":"https:\/\/schema.org","@graph":[{"@type":"WebPage","@id":"https:\/\/www.leafieldmarine.com\/fr\/clause-de-non-responsabilite-relative-aux-e-mails\/","url":"https:\/\/www.leafieldmarine.com\/fr\/clause-de-non-responsabilite-relative-aux-e-mails\/","name":"Clause de non-responsabilit\u00e9 relative aux e-mails - Leafield Marine","isPartOf":{"@id":"https:\/\/www.leafieldmarine.com\/fr\/#website"},"datePublished":"2023-05-17T07:39:57+00:00","dateModified":"2023-05-17T07:40:58+00:00","breadcrumb":{"@id":"https:\/\/www.leafieldmarine.com\/fr\/clause-de-non-responsabilite-relative-aux-e-mails\/#breadcrumb"},"inLanguage":"fr-FR","potentialAction":[{"@type":"ReadAction","target":["https:\/\/www.leafieldmarine.com\/fr\/clause-de-non-responsabilite-relative-aux-e-mails\/"]}]},{"@type":"BreadcrumbList","@id":"https:\/\/www.leafieldmarine.com\/fr\/clause-de-non-responsabilite-relative-aux-e-mails\/#breadcrumb","itemListElement":[{"@type":"ListItem","position":1,"name":"Home","item":"https:\/\/www.leafieldmarine.com\/fr\/"},{"@type":"ListItem","position":2,"name":"\u00c0 propos de Leafield Marine","item":"https:\/\/www.leafieldmarine.com\/fr\/a-propos-de-leafield-marine\/"},{"@type":"ListItem","position":3,"name":"Clause de non-responsabilit\u00e9 relative aux e-mails"}]},{"@type":"WebSite","@id":"https:\/\/www.leafieldmarine.com\/fr\/#website","url":"https:\/\/www.leafieldmarine.com\/fr\/","name":"Leafield Marine","description":"World Class Air Valves for Inflatable Structures","publisher":{"@id":"https:\/\/www.leafieldmarine.com\/fr\/#organization"},"potentialAction":[{"@type":"SearchAction","target":{"@type":"EntryPoint","urlTemplate":"https:\/\/www.leafieldmarine.com\/fr\/?s={search_term_string}"},"query-input":{"@type":"PropertyValueSpecification","valueRequired":true,"valueName":"search_term_string"}}],"inLanguage":"fr-FR"},{"@type":"Organization","@id":"https:\/\/www.leafieldmarine.com\/fr\/#organization","name":"Leafield Marine","url":"https:\/\/www.leafieldmarine.com\/fr\/","logo":{"@type":"ImageObject","inLanguage":"fr-FR","@id":"https:\/\/www.leafieldmarine.com\/fr\/#\/schema\/logo\/image\/","url":"https:\/\/www.leafieldmarine.com\/wp-content\/uploads\/2022\/10\/leafield-marine-logo.png","contentUrl":"https:\/\/www.leafieldmarine.com\/wp-content\/uploads\/2022\/10\/leafield-marine-logo.png","width":247,"height":191,"caption":"Leafield Marine"},"image":{"@id":"https:\/\/www.leafieldmarine.com\/fr\/#\/schema\/logo\/image\/"}}]}},"acf":[],"post_mailing_queue_ids":[],"_links":{"self":[{"href":"https:\/\/www.leafieldmarine.com\/fr\/wp-json\/wp\/v2\/pages\/6253","targetHints":{"allow":["GET"]}}],"collection":[{"href":"https:\/\/www.leafieldmarine.com\/fr\/wp-json\/wp\/v2\/pages"}],"about":[{"href":"https:\/\/www.leafieldmarine.com\/fr\/wp-json\/wp\/v2\/types\/page"}],"author":[{"embeddable":true,"href":"https:\/\/www.leafieldmarine.com\/fr\/wp-json\/wp\/v2\/users\/6"}],"replies":[{"embeddable":true,"href":"https:\/\/www.leafieldmarine.com\/fr\/wp-json\/wp\/v2\/comments?post=6253"}],"version-history":[{"count":0,"href":"https:\/\/www.leafieldmarine.com\/fr\/wp-json\/wp\/v2\/pages\/6253\/revisions"}],"wp:attachment":[{"href":"https:\/\/www.leafieldmarine.com\/fr\/wp-json\/wp\/v2\/media?parent=6253"}],"curies":[{"name":"wp","href":"https:\/\/api.w.org\/{rel}","templated":true}]}}