{"id":6718,"date":"2024-03-27T12:14:58","date_gmt":"2024-03-27T12:14:58","guid":{"rendered":"https:\/\/www.leafieldmarine.com\/pieces-de-rechange-et-reparation\/"},"modified":"2025-02-24T12:56:16","modified_gmt":"2025-02-24T12:56:16","slug":"pieces-de-rechange-et-reparation","status":"publish","type":"page","link":"https:\/\/www.leafieldmarine.com\/fr\/pieces-de-rechange-et-reparation\/","title":{"rendered":"Pi\u00e8ces de rechange et r\u00e9paration"},"content":{"rendered":"<div class=\"mai-columns\"><div class=\"mai-columns-wrap has-columns\" style=\"--column-gap:0px;--row-gap:0px;--align-columns:unset;--align-columns-vertical:initial;\">\n<div class=\"mai-column is-column\" style=\"--columns-xs:1\/1;--flex-xs:0 0 var(--flex-basis);--columns-sm:1\/2;--flex-sm:0 0 var(--flex-basis);--columns-md:1\/2;--flex-md:0 0 var(--flex-basis);--columns-lg:1\/2;--flex-lg:0 0 var(--flex-basis);\">\n\n<figure class=\"wp-block-image size-large is-resized\"><img decoding=\"async\" width=\"1024\" height=\"1024\" src=\"https:\/\/www.leafieldmarine.com\/wp-content\/uploads\/2024\/03\/Spares-Repairs-Photo-1024x1024.jpg\" alt=\"\" class=\"wp-image-6712\" style=\"width:550px;height:auto\" srcset=\"https:\/\/www.leafieldmarine.com\/wp-content\/uploads\/2024\/03\/Spares-Repairs-Photo-80x80.jpg 80w, https:\/\/www.leafieldmarine.com\/wp-content\/uploads\/2024\/03\/Spares-Repairs-Photo-150x150.jpg 150w, https:\/\/www.leafieldmarine.com\/wp-content\/uploads\/2024\/03\/Spares-Repairs-Photo-300x300.jpg 300w, https:\/\/www.leafieldmarine.com\/wp-content\/uploads\/2024\/03\/Spares-Repairs-Photo-400x400.jpg 400w, https:\/\/www.leafieldmarine.com\/wp-content\/uploads\/2024\/03\/Spares-Repairs-Photo-768x768.jpg 768w, https:\/\/www.leafieldmarine.com\/wp-content\/uploads\/2024\/03\/Spares-Repairs-Photo-800x800.jpg 800w, https:\/\/www.leafieldmarine.com\/wp-content\/uploads\/2024\/03\/Spares-Repairs-Photo-1024x1024.jpg 1024w, https:\/\/www.leafieldmarine.com\/wp-content\/uploads\/2024\/03\/Spares-Repairs-Photo.jpg 1080w\" sizes=\"(max-width: 1024px) 100vw, 1024px\" \/><\/figure>\n\n<\/div>\n\n<div class=\"mai-column is-column\" style=\"--columns-xs:1\/1;--flex-xs:0 0 var(--flex-basis);--columns-sm:1\/2;--flex-sm:0 0 var(--flex-basis);--columns-md:1\/2;--flex-md:0 0 var(--flex-basis);--columns-lg:1\/2;--flex-lg:0 0 var(--flex-basis);--justify-content:start;\">\n\n<ul class=\"wp-block-list\">\n<li>Kits de pi\u00e8ces de rechange pour toutes les vannes Leafield Marine<\/li>\n\n\n\n<li>Capuchons et cordons de rechange<\/li>\n\n\n\n<li>Bouchons filtrants de soupape de surpression<\/li>\n\n\n\n<li>Bouchons de soupape de surpression<\/li>\n<\/ul>\n\n\n\n<div class=\"wp-block-buttons is-layout-flex wp-block-buttons-is-layout-flex\">\n<div class=\"wp-block-button has-custom-font-size has-lg-font-size\"><a class=\"wp-block-button__link button wp-element-button\" href=\"https:\/\/shop.leafieldmarine.com\/\" target=\"_blank\" rel=\"noreferrer noopener\">ACHETER MAINTENANT<\/a><\/div>\n<\/div>\n\n<\/div>\n<\/div><\/div><div class=\"mai-columns\"><div class=\"mai-columns-wrap has-columns\" style=\"--column-gap:var(--spacing-xl);--row-gap:var(--spacing-xl);--align-columns:start;--align-columns-vertical:initial;\">\n<div class=\"mai-column is-column\" style=\"--columns-xs:1\/1;--flex-xs:0 0 var(--flex-basis);--columns-sm:1\/2;--flex-sm:0 0 var(--flex-basis);--columns-md:1\/2;--flex-md:0 0 var(--flex-basis);--columns-lg:1\/2;--flex-lg:0 0 var(--flex-basis);--justify-content:start;\">\n\n<h3 class=\"wp-block-heading\">Description du produit  <\/h3>\n\n\n\n<p>Les vannes Leafield Marine sont bien connues pour leur fiabilit\u00e9, mais l\u2019entretien de routine est la cl\u00e9 de la long\u00e9vit\u00e9 de vos vannes.  <\/p>\n\n\n\n\n\n<p>Les pi\u00e8ces de rechange et les r\u00e9parations pour toutes les vannes Leafield sont disponibles en ligne en utilisant le bouton d\u2019achat imm\u00e9diat  <\/p>\n\n<\/div>\n\n<div class=\"mai-column is-column\" style=\"--columns-xs:1\/1;--flex-xs:0 0 var(--flex-basis);--columns-sm:1\/2;--flex-sm:0 0 var(--flex-basis);--columns-md:1\/2;--flex-md:0 0 var(--flex-basis);--columns-lg:1\/2;--flex-lg:0 0 var(--flex-basis);--justify-content:start;\">\n\n<h3 class=\"wp-block-heading\">Faire une demande<\/h3>\n\n\n\n<script charset=\"utf-8\" type=\"text\/javascript\" src=\"\/\/js.hsforms.net\/forms\/shell.js\"><\/script><script>hbspt.forms.create({\n    region: \"na1\",\n    portalId: \"19520949\",\n    formId: \"9ef036b9-1768-48ef-be9e-ddff4b089fe2\"\n});\n<\/script>\n\n<\/div>\n<\/div><\/div>","protected":false},"excerpt":{"rendered":"","protected":false},"author":8,"featured_media":6722,"parent":0,"menu_order":0,"comment_status":"closed","ping_status":"closed","template":"","meta":{"_acf_changed":false,"content-type":"","_genesis_hide_title":false,"_genesis_hide_breadcrumbs":false,"_genesis_hide_singular_image":false,"_genesis_hide_footer_widgets":false,"_genesis_custom_body_class":"","_genesis_custom_post_class":"","_genesis_layout":"","footnotes":""},"class_list":{"1":"page","2":"type-page","6":"entry"},"featured_image_src":"https:\/\/www.leafieldmarine.com\/wp-content\/uploads\/2024\/03\/Spares-and-repair-feature-image.png","yoast_head":"<!-- This site is optimized with the Yoast SEO plugin v27.4 - https:\/\/yoast.com\/product\/yoast-seo-wordpress\/ -->\n<title>Pi\u00e8ces de rechange et r\u00e9paration - Leafield Marine<\/title>\n<meta name=\"description\" content=\"Les vannes Leafield Marine sont bien connues pour leur fiabilit\u00e9, mais l\u2019entretien de routine est essentiel. Les pi\u00e8ces de rechange et les r\u00e9parations sont disponibles en ligne.\" \/>\n<meta name=\"robots\" content=\"index, follow, max-snippet:-1, max-image-preview:large, max-video-preview:-1\" \/>\n<link rel=\"canonical\" href=\"https:\/\/www.leafieldmarine.com\/fr\/pieces-de-rechange-et-reparation\/\" \/>\n<meta property=\"og:locale\" content=\"fr_FR\" \/>\n<meta property=\"og:type\" content=\"article\" \/>\n<meta property=\"og:title\" content=\"Pi\u00e8ces de rechange et r\u00e9paration - Leafield Marine\" \/>\n<meta property=\"og:description\" content=\"Les vannes Leafield Marine sont bien connues pour leur fiabilit\u00e9, mais l\u2019entretien de routine est essentiel. Les pi\u00e8ces de rechange et les r\u00e9parations sont disponibles en ligne.\" \/>\n<meta property=\"og:url\" content=\"https:\/\/www.leafieldmarine.com\/fr\/pieces-de-rechange-et-reparation\/\" \/>\n<meta property=\"og:site_name\" content=\"Leafield Marine\" \/>\n<meta property=\"article:modified_time\" content=\"2025-02-24T12:56:16+00:00\" \/>\n<meta property=\"og:image\" content=\"https:\/\/www.leafieldmarine.com\/wp-content\/uploads\/2024\/03\/Spares-and-repair-feature-image.png\" \/>\n\t<meta property=\"og:image:width\" content=\"1080\" \/>\n\t<meta property=\"og:image:height\" content=\"1080\" \/>\n\t<meta property=\"og:image:type\" content=\"image\/png\" \/>\n<meta name=\"twitter:card\" content=\"summary_large_image\" \/>\n<script type=\"application\/ld+json\" class=\"yoast-schema-graph\">{\"@context\":\"https:\\\/\\\/schema.org\",\"@graph\":[{\"@type\":\"WebPage\",\"@id\":\"https:\\\/\\\/www.leafieldmarine.com\\\/fr\\\/pieces-de-rechange-et-reparation\\\/\",\"url\":\"https:\\\/\\\/www.leafieldmarine.com\\\/fr\\\/pieces-de-rechange-et-reparation\\\/\",\"name\":\"Pi\u00e8ces de rechange et r\u00e9paration - Leafield Marine\",\"isPartOf\":{\"@id\":\"https:\\\/\\\/www.leafieldmarine.com\\\/fr\\\/#website\"},\"primaryImageOfPage\":{\"@id\":\"https:\\\/\\\/www.leafieldmarine.com\\\/fr\\\/pieces-de-rechange-et-reparation\\\/#primaryimage\"},\"image\":{\"@id\":\"https:\\\/\\\/www.leafieldmarine.com\\\/fr\\\/pieces-de-rechange-et-reparation\\\/#primaryimage\"},\"thumbnailUrl\":\"https:\\\/\\\/www.leafieldmarine.com\\\/wp-content\\\/uploads\\\/2024\\\/03\\\/Spares-and-repair-feature-image.png\",\"datePublished\":\"2024-03-27T12:14:58+00:00\",\"dateModified\":\"2025-02-24T12:56:16+00:00\",\"description\":\"Les vannes Leafield Marine sont bien connues pour leur fiabilit\u00e9, mais l\u2019entretien de routine est essentiel. Les pi\u00e8ces de rechange et les r\u00e9parations sont disponibles en ligne.\",\"breadcrumb\":{\"@id\":\"https:\\\/\\\/www.leafieldmarine.com\\\/fr\\\/pieces-de-rechange-et-reparation\\\/#breadcrumb\"},\"inLanguage\":\"fr-FR\",\"potentialAction\":[{\"@type\":\"ReadAction\",\"target\":[\"https:\\\/\\\/www.leafieldmarine.com\\\/fr\\\/pieces-de-rechange-et-reparation\\\/\"]}]},{\"@type\":\"ImageObject\",\"inLanguage\":\"fr-FR\",\"@id\":\"https:\\\/\\\/www.leafieldmarine.com\\\/fr\\\/pieces-de-rechange-et-reparation\\\/#primaryimage\",\"url\":\"https:\\\/\\\/www.leafieldmarine.com\\\/wp-content\\\/uploads\\\/2024\\\/03\\\/Spares-and-repair-feature-image.png\",\"contentUrl\":\"https:\\\/\\\/www.leafieldmarine.com\\\/wp-content\\\/uploads\\\/2024\\\/03\\\/Spares-and-repair-feature-image.png\",\"width\":1080,\"height\":1080},{\"@type\":\"BreadcrumbList\",\"@id\":\"https:\\\/\\\/www.leafieldmarine.com\\\/fr\\\/pieces-de-rechange-et-reparation\\\/#breadcrumb\",\"itemListElement\":[{\"@type\":\"ListItem\",\"position\":1,\"name\":\"Home\",\"item\":\"https:\\\/\\\/www.leafieldmarine.com\\\/fr\\\/\"},{\"@type\":\"ListItem\",\"position\":2,\"name\":\"Pi\u00e8ces de rechange et r\u00e9paration\"}]},{\"@type\":\"WebSite\",\"@id\":\"https:\\\/\\\/www.leafieldmarine.com\\\/fr\\\/#website\",\"url\":\"https:\\\/\\\/www.leafieldmarine.com\\\/fr\\\/\",\"name\":\"Leafield Marine\",\"description\":\"World Class Air Valves for Inflatable Structures\",\"publisher\":{\"@id\":\"https:\\\/\\\/www.leafieldmarine.com\\\/fr\\\/#organization\"},\"potentialAction\":[{\"@type\":\"SearchAction\",\"target\":{\"@type\":\"EntryPoint\",\"urlTemplate\":\"https:\\\/\\\/www.leafieldmarine.com\\\/fr\\\/?s={search_term_string}\"},\"query-input\":{\"@type\":\"PropertyValueSpecification\",\"valueRequired\":true,\"valueName\":\"search_term_string\"}}],\"inLanguage\":\"fr-FR\"},{\"@type\":\"Organization\",\"@id\":\"https:\\\/\\\/www.leafieldmarine.com\\\/fr\\\/#organization\",\"name\":\"Leafield Marine\",\"url\":\"https:\\\/\\\/www.leafieldmarine.com\\\/fr\\\/\",\"logo\":{\"@type\":\"ImageObject\",\"inLanguage\":\"fr-FR\",\"@id\":\"https:\\\/\\\/www.leafieldmarine.com\\\/fr\\\/#\\\/schema\\\/logo\\\/image\\\/\",\"url\":\"https:\\\/\\\/www.leafieldmarine.com\\\/wp-content\\\/uploads\\\/2022\\\/10\\\/leafield-marine-logo.png\",\"contentUrl\":\"https:\\\/\\\/www.leafieldmarine.com\\\/wp-content\\\/uploads\\\/2022\\\/10\\\/leafield-marine-logo.png\",\"width\":247,\"height\":191,\"caption\":\"Leafield Marine\"},\"image\":{\"@id\":\"https:\\\/\\\/www.leafieldmarine.com\\\/fr\\\/#\\\/schema\\\/logo\\\/image\\\/\"}}]}<\/script>\n<!-- \/ Yoast SEO plugin. -->","yoast_head_json":{"title":"Pi\u00e8ces de rechange et r\u00e9paration - Leafield Marine","description":"Les vannes Leafield Marine sont bien connues pour leur fiabilit\u00e9, mais l\u2019entretien de routine est essentiel. Les pi\u00e8ces de rechange et les r\u00e9parations sont disponibles en ligne.","robots":{"index":"index","follow":"follow","max-snippet":"max-snippet:-1","max-image-preview":"max-image-preview:large","max-video-preview":"max-video-preview:-1"},"canonical":"https:\/\/www.leafieldmarine.com\/fr\/pieces-de-rechange-et-reparation\/","og_locale":"fr_FR","og_type":"article","og_title":"Pi\u00e8ces de rechange et r\u00e9paration - Leafield Marine","og_description":"Les vannes Leafield Marine sont bien connues pour leur fiabilit\u00e9, mais l\u2019entretien de routine est essentiel. Les pi\u00e8ces de rechange et les r\u00e9parations sont disponibles en ligne.","og_url":"https:\/\/www.leafieldmarine.com\/fr\/pieces-de-rechange-et-reparation\/","og_site_name":"Leafield Marine","article_modified_time":"2025-02-24T12:56:16+00:00","og_image":[{"width":1080,"height":1080,"url":"https:\/\/www.leafieldmarine.com\/wp-content\/uploads\/2024\/03\/Spares-and-repair-feature-image.png","type":"image\/png"}],"twitter_card":"summary_large_image","schema":{"@context":"https:\/\/schema.org","@graph":[{"@type":"WebPage","@id":"https:\/\/www.leafieldmarine.com\/fr\/pieces-de-rechange-et-reparation\/","url":"https:\/\/www.leafieldmarine.com\/fr\/pieces-de-rechange-et-reparation\/","name":"Pi\u00e8ces de rechange et r\u00e9paration - Leafield Marine","isPartOf":{"@id":"https:\/\/www.leafieldmarine.com\/fr\/#website"},"primaryImageOfPage":{"@id":"https:\/\/www.leafieldmarine.com\/fr\/pieces-de-rechange-et-reparation\/#primaryimage"},"image":{"@id":"https:\/\/www.leafieldmarine.com\/fr\/pieces-de-rechange-et-reparation\/#primaryimage"},"thumbnailUrl":"https:\/\/www.leafieldmarine.com\/wp-content\/uploads\/2024\/03\/Spares-and-repair-feature-image.png","datePublished":"2024-03-27T12:14:58+00:00","dateModified":"2025-02-24T12:56:16+00:00","description":"Les vannes Leafield Marine sont bien connues pour leur fiabilit\u00e9, mais l\u2019entretien de routine est essentiel. Les pi\u00e8ces de rechange et les r\u00e9parations sont disponibles en ligne.","breadcrumb":{"@id":"https:\/\/www.leafieldmarine.com\/fr\/pieces-de-rechange-et-reparation\/#breadcrumb"},"inLanguage":"fr-FR","potentialAction":[{"@type":"ReadAction","target":["https:\/\/www.leafieldmarine.com\/fr\/pieces-de-rechange-et-reparation\/"]}]},{"@type":"ImageObject","inLanguage":"fr-FR","@id":"https:\/\/www.leafieldmarine.com\/fr\/pieces-de-rechange-et-reparation\/#primaryimage","url":"https:\/\/www.leafieldmarine.com\/wp-content\/uploads\/2024\/03\/Spares-and-repair-feature-image.png","contentUrl":"https:\/\/www.leafieldmarine.com\/wp-content\/uploads\/2024\/03\/Spares-and-repair-feature-image.png","width":1080,"height":1080},{"@type":"BreadcrumbList","@id":"https:\/\/www.leafieldmarine.com\/fr\/pieces-de-rechange-et-reparation\/#breadcrumb","itemListElement":[{"@type":"ListItem","position":1,"name":"Home","item":"https:\/\/www.leafieldmarine.com\/fr\/"},{"@type":"ListItem","position":2,"name":"Pi\u00e8ces de rechange et r\u00e9paration"}]},{"@type":"WebSite","@id":"https:\/\/www.leafieldmarine.com\/fr\/#website","url":"https:\/\/www.leafieldmarine.com\/fr\/","name":"Leafield Marine","description":"World Class Air Valves for Inflatable Structures","publisher":{"@id":"https:\/\/www.leafieldmarine.com\/fr\/#organization"},"potentialAction":[{"@type":"SearchAction","target":{"@type":"EntryPoint","urlTemplate":"https:\/\/www.leafieldmarine.com\/fr\/?s={search_term_string}"},"query-input":{"@type":"PropertyValueSpecification","valueRequired":true,"valueName":"search_term_string"}}],"inLanguage":"fr-FR"},{"@type":"Organization","@id":"https:\/\/www.leafieldmarine.com\/fr\/#organization","name":"Leafield Marine","url":"https:\/\/www.leafieldmarine.com\/fr\/","logo":{"@type":"ImageObject","inLanguage":"fr-FR","@id":"https:\/\/www.leafieldmarine.com\/fr\/#\/schema\/logo\/image\/","url":"https:\/\/www.leafieldmarine.com\/wp-content\/uploads\/2022\/10\/leafield-marine-logo.png","contentUrl":"https:\/\/www.leafieldmarine.com\/wp-content\/uploads\/2022\/10\/leafield-marine-logo.png","width":247,"height":191,"caption":"Leafield Marine"},"image":{"@id":"https:\/\/www.leafieldmarine.com\/fr\/#\/schema\/logo\/image\/"}}]}},"acf":[],"post_mailing_queue_ids":[],"_links":{"self":[{"href":"https:\/\/www.leafieldmarine.com\/fr\/wp-json\/wp\/v2\/pages\/6718","targetHints":{"allow":["GET"]}}],"collection":[{"href":"https:\/\/www.leafieldmarine.com\/fr\/wp-json\/wp\/v2\/pages"}],"about":[{"href":"https:\/\/www.leafieldmarine.com\/fr\/wp-json\/wp\/v2\/types\/page"}],"author":[{"embeddable":true,"href":"https:\/\/www.leafieldmarine.com\/fr\/wp-json\/wp\/v2\/users\/8"}],"replies":[{"embeddable":true,"href":"https:\/\/www.leafieldmarine.com\/fr\/wp-json\/wp\/v2\/comments?post=6718"}],"version-history":[{"count":0,"href":"https:\/\/www.leafieldmarine.com\/fr\/wp-json\/wp\/v2\/pages\/6718\/revisions"}],"wp:featuredmedia":[{"embeddable":true,"href":"https:\/\/www.leafieldmarine.com\/fr\/wp-json\/wp\/v2\/media\/6722"}],"wp:attachment":[{"href":"https:\/\/www.leafieldmarine.com\/fr\/wp-json\/wp\/v2\/media?parent=6718"}],"curies":[{"name":"wp","href":"https:\/\/api.w.org\/{rel}","templated":true}]}}