{"id":7219,"date":"2025-05-27T11:28:46","date_gmt":"2025-05-27T11:28:46","guid":{"rendered":"https:\/\/www.leafieldmarine.com\/foire-aux-questions\/"},"modified":"2025-06-18T11:42:39","modified_gmt":"2025-06-18T11:42:39","slug":"foire-aux-questions","status":"publish","type":"page","link":"https:\/\/www.leafieldmarine.com\/fr\/foire-aux-questions\/","title":{"rendered":"Foire aux questions"},"content":{"rendered":"\n<p>Bienvenue sur la page FAQ de Leafield Marine !  <\/p>\n\n<p>Vous trouverez ici les r\u00e9ponses \u00e0 certaines des questions les plus fr\u00e9quemment pos\u00e9es sur nos produits et services. Que vous soyez un nouveau client cherchant \u00e0 en savoir plus sur nos solutions de syst\u00e8me de gonflage, ou un utilisateur de longue date \u00e0 la recherche d\u2019une assistance technique rapide, nous avons ce qu\u2019il vous faut. <\/p>\n\n<p>  Si vous ne trouvez pas ce que vous cherchez, envoyez un message \u00e0 notre \u00e9quipe commerciale <a href=\"mailto:Sales@leafieldmarine.co.uk\">sur Sales@leafieldmarine.co.uk<\/a>   <\/p>\n<div class=\"wp-block-ub-content-toggle wp-block-ub-content-toggle-block\" id=\"ub-content-toggle-block-066a5e0f-a407-474d-9a86-ee4fc3cce1c6\" data-mobilecollapse=\"true\" data-desktopcollapse=\"false\" data-preventcollapse=\"false\" data-showonlyone=\"false\">\n<div class=\"wp-block-ub-content-toggle-accordion\" style=\"border-color: #1b3f94; \" id=\"ub-content-toggle-panel-block-\">\n\t\t\t<div class=\"wp-block-ub-content-toggle-accordion-title-wrap\" style=\"background-color: #1b3f94;\" aria-controls=\"ub-content-toggle-panel-0-066a5e0f-a407-474d-9a86-ee4fc3cce1c6\" tabindex=\"0\">\n\t\t\t<p class=\"wp-block-ub-content-toggle-accordion-title ub-content-toggle-title-066a5e0f-a407-474d-9a86-ee4fc3cce1c6\" style=\"color: #ffffff; \">Do Leafield Marine have Distributors? <\/p>\n\t\t\t<div class=\"wp-block-ub-content-toggle-accordion-toggle-wrap right\" style=\"color: #f0a659;\"><span class=\"wp-block-ub-content-toggle-accordion-state-indicator wp-block-ub-chevron-down\"><\/span><\/div>\n\t\t<\/div>\n\t\t\t<div role=\"region\" aria-expanded=\"false\" class=\"wp-block-ub-content-toggle-accordion-content-wrap ub-hide\" id=\"ub-content-toggle-panel-0-066a5e0f-a407-474d-9a86-ee4fc3cce1c6\">\n\n<p>Oui, tous nos distributeurs se trouvent sur notre site internet. Si vous souhaitez devenir distributeur, veuillez nous contacter avec des d\u00e9tails sur votre entreprise et votre emplacement g\u00e9ographique <\/p>\n\n<\/div>\n\t\t<\/div>\n\n<div class=\"wp-block-ub-content-toggle-accordion\" style=\"border-color: #1b3f94; \" id=\"ub-content-toggle-panel-block-\">\n\t\t\t<div class=\"wp-block-ub-content-toggle-accordion-title-wrap\" style=\"background-color: #1b3f94;\" aria-controls=\"ub-content-toggle-panel-1-066a5e0f-a407-474d-9a86-ee4fc3cce1c6\" tabindex=\"0\">\n\t\t\t<p class=\"wp-block-ub-content-toggle-accordion-title ub-content-toggle-title-066a5e0f-a407-474d-9a86-ee4fc3cce1c6\" style=\"color: #ffffff; \">Can we add our logo to your C7\/D7 Cap?<\/p>\n\t\t\t<div class=\"wp-block-ub-content-toggle-accordion-toggle-wrap right\" style=\"color: #f0a659;\"><span class=\"wp-block-ub-content-toggle-accordion-state-indicator wp-block-ub-chevron-down\"><\/span><\/div>\n\t\t<\/div>\n\t\t\t<div role=\"region\" aria-expanded=\"false\" class=\"wp-block-ub-content-toggle-accordion-content-wrap ub-hide\" id=\"ub-content-toggle-panel-1-066a5e0f-a407-474d-9a86-ee4fc3cce1c6\">\n\n<p>Oui, la taille et la complexit\u00e9 sont limit\u00e9es en raison de la zone d\u2019impression, mais cela sera r\u00e9solu avec notre designer. Il y a un co\u00fbt d\u2019outillage unique associ\u00e9 et une commande initiale minimale. <\/p>\n\n<\/div>\n\t\t<\/div>\n\n<div class=\"wp-block-ub-content-toggle-accordion\" style=\"border-color: #1b3f94; \" id=\"ub-content-toggle-panel-block-\">\n\t\t\t<div class=\"wp-block-ub-content-toggle-accordion-title-wrap\" style=\"background-color: #1b3f94;\" aria-controls=\"ub-content-toggle-panel-2-066a5e0f-a407-474d-9a86-ee4fc3cce1c6\" tabindex=\"0\">\n\t\t\t<p class=\"wp-block-ub-content-toggle-accordion-title ub-content-toggle-title-066a5e0f-a407-474d-9a86-ee4fc3cce1c6\" style=\"color: #ffffff; \">What is Leafield Marine\u2019s Minimum Order Quantity?<\/p>\n\t\t\t<div class=\"wp-block-ub-content-toggle-accordion-toggle-wrap right\" style=\"color: #f0a659;\"><span class=\"wp-block-ub-content-toggle-accordion-state-indicator wp-block-ub-chevron-down\"><\/span><\/div>\n\t\t<\/div>\n\t\t\t<div role=\"region\" aria-expanded=\"false\" class=\"wp-block-ub-content-toggle-accordion-content-wrap ub-hide\" id=\"ub-content-toggle-panel-2-066a5e0f-a407-474d-9a86-ee4fc3cce1c6\">\n\n<p>Nous avons un montant minimum de commande de 100 \u00a3 lors d\u2019un achat en tant que client titulaire d\u2019un compte. Des articles uniques ou des commandes d\u2019un montant inf\u00e9rieur peuvent \u00eatre achet\u00e9s via notre boutique en ligne. <\/p>\n\n<\/div>\n\t\t<\/div>\n\n<div class=\"wp-block-ub-content-toggle-accordion\" style=\"border-color: #1b3f94; \" id=\"ub-content-toggle-panel-block-\">\n\t\t\t<div class=\"wp-block-ub-content-toggle-accordion-title-wrap\" style=\"background-color: #1b3f94;\" aria-controls=\"ub-content-toggle-panel-3-066a5e0f-a407-474d-9a86-ee4fc3cce1c6\" tabindex=\"0\">\n\t\t\t<p class=\"wp-block-ub-content-toggle-accordion-title ub-content-toggle-title-066a5e0f-a407-474d-9a86-ee4fc3cce1c6\" style=\"color: #ffffff; \">Can I buy a self righting bag from you?<\/p>\n\t\t\t<div class=\"wp-block-ub-content-toggle-accordion-toggle-wrap right\" style=\"color: #f0a659;\"><span class=\"wp-block-ub-content-toggle-accordion-state-indicator wp-block-ub-chevron-down\"><\/span><\/div>\n\t\t<\/div>\n\t\t\t<div role=\"region\" aria-expanded=\"false\" class=\"wp-block-ub-content-toggle-accordion-content-wrap ub-hide\" id=\"ub-content-toggle-panel-3-066a5e0f-a407-474d-9a86-ee4fc3cce1c6\">\n\n<p>Non, pas de nous. Nous fournissons le syst\u00e8me de gonflage qui fait partie du sac \u00e0 redressement automatique. Si vous avez besoin d\u2019un sac \u00e0 redressement automatique, nous pouvons vous indiquer diverses entreprises qui les fabriquent avec un syst\u00e8me de gonflage Leafield Marine int\u00e9gr\u00e9.  <\/p>\n\n<\/div>\n\t\t<\/div>\n\n<div class=\"wp-block-ub-content-toggle-accordion\" style=\"border-color: #1b3f94; \" id=\"ub-content-toggle-panel-block-\">\n\t\t\t<div class=\"wp-block-ub-content-toggle-accordion-title-wrap\" style=\"background-color: #1b3f94;\" aria-controls=\"ub-content-toggle-panel-4-066a5e0f-a407-474d-9a86-ee4fc3cce1c6\" tabindex=\"0\">\n\t\t\t<p class=\"wp-block-ub-content-toggle-accordion-title ub-content-toggle-title-066a5e0f-a407-474d-9a86-ee4fc3cce1c6\" style=\"color: #ffffff; \">Do you ship globally?<\/p>\n\t\t\t<div class=\"wp-block-ub-content-toggle-accordion-toggle-wrap right\" style=\"color: #f0a659;\"><span class=\"wp-block-ub-content-toggle-accordion-state-indicator wp-block-ub-chevron-down\"><\/span><\/div>\n\t\t<\/div>\n\t\t\t<div role=\"region\" aria-expanded=\"false\" class=\"wp-block-ub-content-toggle-accordion-content-wrap ub-hide\" id=\"ub-content-toggle-panel-4-066a5e0f-a407-474d-9a86-ee4fc3cce1c6\">\n\n<p>Oui, nous exp\u00e9dions dans le monde entier \u00e0 tous nos clients titulaires de comptes et aux commandes de la boutique en ligne. Plus de 80\u00a0% de nos produits sont export\u00e9s. <\/p>\n\n<\/div>\n\t\t<\/div>\n\n<div class=\"wp-block-ub-content-toggle-accordion\" style=\"border-color: #1b3f94; \" id=\"ub-content-toggle-panel-block-\">\n\t\t\t<div class=\"wp-block-ub-content-toggle-accordion-title-wrap\" style=\"background-color: #1b3f94;\" aria-controls=\"ub-content-toggle-panel-5-066a5e0f-a407-474d-9a86-ee4fc3cce1c6\" tabindex=\"0\">\n\t\t\t<p class=\"wp-block-ub-content-toggle-accordion-title ub-content-toggle-title-066a5e0f-a407-474d-9a86-ee4fc3cce1c6\" style=\"color: #ffffff; \">Can I order a boat system?<\/p>\n\t\t\t<div class=\"wp-block-ub-content-toggle-accordion-toggle-wrap right\" style=\"color: #f0a659;\"><span class=\"wp-block-ub-content-toggle-accordion-state-indicator wp-block-ub-chevron-down\"><\/span><\/div>\n\t\t<\/div>\n\t\t\t<div role=\"region\" aria-expanded=\"false\" class=\"wp-block-ub-content-toggle-accordion-content-wrap ub-hide\" id=\"ub-content-toggle-panel-5-066a5e0f-a407-474d-9a86-ee4fc3cce1c6\">\n\n<p>Oui, vous pouvez, mais nous avons besoin de beaucoup de d\u00e9tails avant de pouvoir le citer pour vous. Il s\u2019agit notamment du type de gaz, de la taille du bateau, des pressions, du nombre de chambres, etc. <\/p>\n\n<\/div>\n\t\t<\/div>\n\n<div class=\"wp-block-ub-content-toggle-accordion\" style=\"border-color: #1b3f94; \" id=\"ub-content-toggle-panel-block-\">\n\t\t\t<div class=\"wp-block-ub-content-toggle-accordion-title-wrap\" style=\"background-color: #1b3f94;\" aria-controls=\"ub-content-toggle-panel-6-066a5e0f-a407-474d-9a86-ee4fc3cce1c6\" tabindex=\"0\">\n\t\t\t<p class=\"wp-block-ub-content-toggle-accordion-title ub-content-toggle-title-066a5e0f-a407-474d-9a86-ee4fc3cce1c6\" style=\"color: #ffffff; \">Can I retrofit an A9 into my SUP?<\/p>\n\t\t\t<div class=\"wp-block-ub-content-toggle-accordion-toggle-wrap right\" style=\"color: #f0a659;\"><span class=\"wp-block-ub-content-toggle-accordion-state-indicator wp-block-ub-chevron-down\"><\/span><\/div>\n\t\t<\/div>\n\t\t\t<div role=\"region\" aria-expanded=\"false\" class=\"wp-block-ub-content-toggle-accordion-content-wrap ub-hide\" id=\"ub-content-toggle-panel-6-066a5e0f-a407-474d-9a86-ee4fc3cce1c6\">\n\n<p>Si, tu peux. Nous recommandons que cela soit fait par une entreprise professionnelle de r\u00e9paration de planches \u00e0 pagaie. <\/p>\n\n<\/div>\n\t\t<\/div>\n\n<div class=\"wp-block-ub-content-toggle-accordion\" style=\"border-color: #1b3f94; \" id=\"ub-content-toggle-panel-block-\">\n\t\t\t<div class=\"wp-block-ub-content-toggle-accordion-title-wrap\" style=\"background-color: #1b3f94;\" aria-controls=\"ub-content-toggle-panel-7-066a5e0f-a407-474d-9a86-ee4fc3cce1c6\" tabindex=\"0\">\n\t\t\t<p class=\"wp-block-ub-content-toggle-accordion-title ub-content-toggle-title-066a5e0f-a407-474d-9a86-ee4fc3cce1c6\" style=\"color: #ffffff; \">Is Leafield Marine ISO certified?<\/p>\n\t\t\t<div class=\"wp-block-ub-content-toggle-accordion-toggle-wrap right\" style=\"color: #f0a659;\"><span class=\"wp-block-ub-content-toggle-accordion-state-indicator wp-block-ub-chevron-down\"><\/span><\/div>\n\t\t<\/div>\n\t\t\t<div role=\"region\" aria-expanded=\"false\" class=\"wp-block-ub-content-toggle-accordion-content-wrap ub-hide\" id=\"ub-content-toggle-panel-7-066a5e0f-a407-474d-9a86-ee4fc3cce1c6\">\n\n<p>Oui, nous d\u00e9tenons la certification ISO 9001. Beaucoup de nos produits sont \u00e9galement certifi\u00e9s ISO 15738 et ISO 9650. <\/p>\n\n<\/div>\n\t\t<\/div>\n\n<div class=\"wp-block-ub-content-toggle-accordion\" style=\"border-color: #1b3f94; \" id=\"ub-content-toggle-panel-block-\">\n\t\t\t<div class=\"wp-block-ub-content-toggle-accordion-title-wrap\" style=\"background-color: #1b3f94;\" aria-controls=\"ub-content-toggle-panel-8-066a5e0f-a407-474d-9a86-ee4fc3cce1c6\" tabindex=\"0\">\n\t\t\t<p class=\"wp-block-ub-content-toggle-accordion-title ub-content-toggle-title-066a5e0f-a407-474d-9a86-ee4fc3cce1c6\" style=\"color: #ffffff; \">How long will I have to wait for my order?<\/p>\n\t\t\t<div class=\"wp-block-ub-content-toggle-accordion-toggle-wrap right\" style=\"color: #f0a659;\"><span class=\"wp-block-ub-content-toggle-accordion-state-indicator wp-block-ub-chevron-down\"><\/span><\/div>\n\t\t<\/div>\n\t\t\t<div role=\"region\" aria-expanded=\"false\" class=\"wp-block-ub-content-toggle-accordion-content-wrap ub-hide\" id=\"ub-content-toggle-panel-8-066a5e0f-a407-474d-9a86-ee4fc3cce1c6\">\n\n<p>Cela peut d\u00e9pendre. Les commandes via notre boutique en ligne sont exp\u00e9di\u00e9es dans les 2 jours ouvrables, mais si vous \u00eates un client titulaire d\u2019un compte, cela variera en fonction de ce que vous avez command\u00e9, de la quantit\u00e9 et de la m\u00e9thode d\u2019exp\u00e9dition que vous avez choisie. <\/p>\n\n<\/div>\n\t\t<\/div>\n<\/div>","protected":false},"excerpt":{"rendered":"<p>Bienvenue sur la page FAQ de Leafield Marine ! Vous trouverez ici les r\u00e9ponses \u00e0 certaines des questions les plus fr\u00e9quemment pos\u00e9es sur nos produits et services. Que vous soyez un nouveau client cherchant \u00e0 en savoir plus sur nos solutions de syst\u00e8me de gonflage, ou un utilisateur de longue date \u00e0 la recherche d\u2019une &hellip;<\/p>\n","protected":false},"author":8,"featured_media":7245,"parent":0,"menu_order":0,"comment_status":"closed","ping_status":"closed","template":"","meta":{"_acf_changed":false,"content-type":"","_genesis_hide_title":false,"_genesis_hide_breadcrumbs":false,"_genesis_hide_singular_image":false,"_genesis_hide_footer_widgets":false,"_genesis_custom_body_class":"","_genesis_custom_post_class":"","_genesis_layout":"","footnotes":""},"class_list":{"1":"page","2":"type-page","6":"entry"},"featured_image_src":"https:\/\/www.leafieldmarine.com\/wp-content\/uploads\/2025\/06\/Splash-Photo-FAQs.jpg","yoast_head":"<!-- This site is optimized with the Yoast SEO plugin v27.3 - https:\/\/yoast.com\/product\/yoast-seo-wordpress\/ -->\n<title>Foire aux questions - Leafield Marine<\/title>\n<meta name=\"robots\" content=\"index, follow, max-snippet:-1, max-image-preview:large, max-video-preview:-1\" \/>\n<link rel=\"canonical\" href=\"https:\/\/www.leafieldmarine.com\/fr\/foire-aux-questions\/\" \/>\n<meta property=\"og:locale\" content=\"fr_FR\" \/>\n<meta property=\"og:type\" content=\"article\" \/>\n<meta property=\"og:title\" content=\"Foire aux questions - Leafield Marine\" \/>\n<meta property=\"og:description\" content=\"Bienvenue sur la page FAQ de Leafield Marine ! Vous trouverez ici les r\u00e9ponses \u00e0 certaines des questions les plus fr\u00e9quemment pos\u00e9es sur nos produits et services. Que vous soyez un nouveau client cherchant \u00e0 en savoir plus sur nos solutions de syst\u00e8me de gonflage, ou un utilisateur de longue date \u00e0 la recherche d\u2019une &hellip;\" \/>\n<meta property=\"og:url\" content=\"https:\/\/www.leafieldmarine.com\/fr\/foire-aux-questions\/\" \/>\n<meta property=\"og:site_name\" content=\"Leafield Marine\" \/>\n<meta property=\"article:modified_time\" content=\"2025-06-18T11:42:39+00:00\" \/>\n<meta property=\"og:image\" content=\"https:\/\/www.leafieldmarine.com\/wp-content\/uploads\/2025\/06\/Splash-Photo-FAQs.jpg\" \/>\n\t<meta property=\"og:image:width\" content=\"1920\" \/>\n\t<meta property=\"og:image:height\" content=\"540\" \/>\n\t<meta property=\"og:image:type\" content=\"image\/jpeg\" \/>\n<meta name=\"twitter:card\" content=\"summary_large_image\" \/>\n<meta name=\"twitter:label1\" content=\"Dur\u00e9e de lecture estim\u00e9e\" \/>\n\t<meta name=\"twitter:data1\" content=\"2 minutes\" \/>\n<script type=\"application\/ld+json\" class=\"yoast-schema-graph\">{\"@context\":\"https:\\\/\\\/schema.org\",\"@graph\":[{\"@type\":\"WebPage\",\"@id\":\"https:\\\/\\\/www.leafieldmarine.com\\\/fr\\\/foire-aux-questions\\\/\",\"url\":\"https:\\\/\\\/www.leafieldmarine.com\\\/fr\\\/foire-aux-questions\\\/\",\"name\":\"Foire aux questions - Leafield Marine\",\"isPartOf\":{\"@id\":\"https:\\\/\\\/www.leafieldmarine.com\\\/fr\\\/#website\"},\"primaryImageOfPage\":{\"@id\":\"https:\\\/\\\/www.leafieldmarine.com\\\/fr\\\/foire-aux-questions\\\/#primaryimage\"},\"image\":{\"@id\":\"https:\\\/\\\/www.leafieldmarine.com\\\/fr\\\/foire-aux-questions\\\/#primaryimage\"},\"thumbnailUrl\":\"https:\\\/\\\/www.leafieldmarine.com\\\/wp-content\\\/uploads\\\/2025\\\/06\\\/Splash-Photo-FAQs.jpg\",\"datePublished\":\"2025-05-27T11:28:46+00:00\",\"dateModified\":\"2025-06-18T11:42:39+00:00\",\"breadcrumb\":{\"@id\":\"https:\\\/\\\/www.leafieldmarine.com\\\/fr\\\/foire-aux-questions\\\/#breadcrumb\"},\"inLanguage\":\"fr-FR\",\"potentialAction\":[{\"@type\":\"ReadAction\",\"target\":[\"https:\\\/\\\/www.leafieldmarine.com\\\/fr\\\/foire-aux-questions\\\/\"]}]},{\"@type\":\"ImageObject\",\"inLanguage\":\"fr-FR\",\"@id\":\"https:\\\/\\\/www.leafieldmarine.com\\\/fr\\\/foire-aux-questions\\\/#primaryimage\",\"url\":\"https:\\\/\\\/www.leafieldmarine.com\\\/wp-content\\\/uploads\\\/2025\\\/06\\\/Splash-Photo-FAQs.jpg\",\"contentUrl\":\"https:\\\/\\\/www.leafieldmarine.com\\\/wp-content\\\/uploads\\\/2025\\\/06\\\/Splash-Photo-FAQs.jpg\",\"width\":1920,\"height\":540},{\"@type\":\"BreadcrumbList\",\"@id\":\"https:\\\/\\\/www.leafieldmarine.com\\\/fr\\\/foire-aux-questions\\\/#breadcrumb\",\"itemListElement\":[{\"@type\":\"ListItem\",\"position\":1,\"name\":\"Home\",\"item\":\"https:\\\/\\\/www.leafieldmarine.com\\\/fr\\\/\"},{\"@type\":\"ListItem\",\"position\":2,\"name\":\"Foire aux questions\"}]},{\"@type\":\"WebSite\",\"@id\":\"https:\\\/\\\/www.leafieldmarine.com\\\/fr\\\/#website\",\"url\":\"https:\\\/\\\/www.leafieldmarine.com\\\/fr\\\/\",\"name\":\"Leafield Marine\",\"description\":\"World Class Air Valves for Inflatable Structures\",\"publisher\":{\"@id\":\"https:\\\/\\\/www.leafieldmarine.com\\\/fr\\\/#organization\"},\"potentialAction\":[{\"@type\":\"SearchAction\",\"target\":{\"@type\":\"EntryPoint\",\"urlTemplate\":\"https:\\\/\\\/www.leafieldmarine.com\\\/fr\\\/?s={search_term_string}\"},\"query-input\":{\"@type\":\"PropertyValueSpecification\",\"valueRequired\":true,\"valueName\":\"search_term_string\"}}],\"inLanguage\":\"fr-FR\"},{\"@type\":\"Organization\",\"@id\":\"https:\\\/\\\/www.leafieldmarine.com\\\/fr\\\/#organization\",\"name\":\"Leafield Marine\",\"url\":\"https:\\\/\\\/www.leafieldmarine.com\\\/fr\\\/\",\"logo\":{\"@type\":\"ImageObject\",\"inLanguage\":\"fr-FR\",\"@id\":\"https:\\\/\\\/www.leafieldmarine.com\\\/fr\\\/#\\\/schema\\\/logo\\\/image\\\/\",\"url\":\"https:\\\/\\\/www.leafieldmarine.com\\\/wp-content\\\/uploads\\\/2022\\\/10\\\/leafield-marine-logo.png\",\"contentUrl\":\"https:\\\/\\\/www.leafieldmarine.com\\\/wp-content\\\/uploads\\\/2022\\\/10\\\/leafield-marine-logo.png\",\"width\":247,\"height\":191,\"caption\":\"Leafield Marine\"},\"image\":{\"@id\":\"https:\\\/\\\/www.leafieldmarine.com\\\/fr\\\/#\\\/schema\\\/logo\\\/image\\\/\"}}]}<\/script>\n<!-- \/ Yoast SEO plugin. -->","yoast_head_json":{"title":"Foire aux questions - Leafield Marine","robots":{"index":"index","follow":"follow","max-snippet":"max-snippet:-1","max-image-preview":"max-image-preview:large","max-video-preview":"max-video-preview:-1"},"canonical":"https:\/\/www.leafieldmarine.com\/fr\/foire-aux-questions\/","og_locale":"fr_FR","og_type":"article","og_title":"Foire aux questions - Leafield Marine","og_description":"Bienvenue sur la page FAQ de Leafield Marine ! Vous trouverez ici les r\u00e9ponses \u00e0 certaines des questions les plus fr\u00e9quemment pos\u00e9es sur nos produits et services. Que vous soyez un nouveau client cherchant \u00e0 en savoir plus sur nos solutions de syst\u00e8me de gonflage, ou un utilisateur de longue date \u00e0 la recherche d\u2019une &hellip;","og_url":"https:\/\/www.leafieldmarine.com\/fr\/foire-aux-questions\/","og_site_name":"Leafield Marine","article_modified_time":"2025-06-18T11:42:39+00:00","og_image":[{"width":1920,"height":540,"url":"https:\/\/www.leafieldmarine.com\/wp-content\/uploads\/2025\/06\/Splash-Photo-FAQs.jpg","type":"image\/jpeg"}],"twitter_card":"summary_large_image","twitter_misc":{"Dur\u00e9e de lecture estim\u00e9e":"2 minutes"},"schema":{"@context":"https:\/\/schema.org","@graph":[{"@type":"WebPage","@id":"https:\/\/www.leafieldmarine.com\/fr\/foire-aux-questions\/","url":"https:\/\/www.leafieldmarine.com\/fr\/foire-aux-questions\/","name":"Foire aux questions - Leafield Marine","isPartOf":{"@id":"https:\/\/www.leafieldmarine.com\/fr\/#website"},"primaryImageOfPage":{"@id":"https:\/\/www.leafieldmarine.com\/fr\/foire-aux-questions\/#primaryimage"},"image":{"@id":"https:\/\/www.leafieldmarine.com\/fr\/foire-aux-questions\/#primaryimage"},"thumbnailUrl":"https:\/\/www.leafieldmarine.com\/wp-content\/uploads\/2025\/06\/Splash-Photo-FAQs.jpg","datePublished":"2025-05-27T11:28:46+00:00","dateModified":"2025-06-18T11:42:39+00:00","breadcrumb":{"@id":"https:\/\/www.leafieldmarine.com\/fr\/foire-aux-questions\/#breadcrumb"},"inLanguage":"fr-FR","potentialAction":[{"@type":"ReadAction","target":["https:\/\/www.leafieldmarine.com\/fr\/foire-aux-questions\/"]}]},{"@type":"ImageObject","inLanguage":"fr-FR","@id":"https:\/\/www.leafieldmarine.com\/fr\/foire-aux-questions\/#primaryimage","url":"https:\/\/www.leafieldmarine.com\/wp-content\/uploads\/2025\/06\/Splash-Photo-FAQs.jpg","contentUrl":"https:\/\/www.leafieldmarine.com\/wp-content\/uploads\/2025\/06\/Splash-Photo-FAQs.jpg","width":1920,"height":540},{"@type":"BreadcrumbList","@id":"https:\/\/www.leafieldmarine.com\/fr\/foire-aux-questions\/#breadcrumb","itemListElement":[{"@type":"ListItem","position":1,"name":"Home","item":"https:\/\/www.leafieldmarine.com\/fr\/"},{"@type":"ListItem","position":2,"name":"Foire aux questions"}]},{"@type":"WebSite","@id":"https:\/\/www.leafieldmarine.com\/fr\/#website","url":"https:\/\/www.leafieldmarine.com\/fr\/","name":"Leafield Marine","description":"World Class Air Valves for Inflatable Structures","publisher":{"@id":"https:\/\/www.leafieldmarine.com\/fr\/#organization"},"potentialAction":[{"@type":"SearchAction","target":{"@type":"EntryPoint","urlTemplate":"https:\/\/www.leafieldmarine.com\/fr\/?s={search_term_string}"},"query-input":{"@type":"PropertyValueSpecification","valueRequired":true,"valueName":"search_term_string"}}],"inLanguage":"fr-FR"},{"@type":"Organization","@id":"https:\/\/www.leafieldmarine.com\/fr\/#organization","name":"Leafield Marine","url":"https:\/\/www.leafieldmarine.com\/fr\/","logo":{"@type":"ImageObject","inLanguage":"fr-FR","@id":"https:\/\/www.leafieldmarine.com\/fr\/#\/schema\/logo\/image\/","url":"https:\/\/www.leafieldmarine.com\/wp-content\/uploads\/2022\/10\/leafield-marine-logo.png","contentUrl":"https:\/\/www.leafieldmarine.com\/wp-content\/uploads\/2022\/10\/leafield-marine-logo.png","width":247,"height":191,"caption":"Leafield Marine"},"image":{"@id":"https:\/\/www.leafieldmarine.com\/fr\/#\/schema\/logo\/image\/"}}]}},"acf":[],"post_mailing_queue_ids":[],"_links":{"self":[{"href":"https:\/\/www.leafieldmarine.com\/fr\/wp-json\/wp\/v2\/pages\/7219","targetHints":{"allow":["GET"]}}],"collection":[{"href":"https:\/\/www.leafieldmarine.com\/fr\/wp-json\/wp\/v2\/pages"}],"about":[{"href":"https:\/\/www.leafieldmarine.com\/fr\/wp-json\/wp\/v2\/types\/page"}],"author":[{"embeddable":true,"href":"https:\/\/www.leafieldmarine.com\/fr\/wp-json\/wp\/v2\/users\/8"}],"replies":[{"embeddable":true,"href":"https:\/\/www.leafieldmarine.com\/fr\/wp-json\/wp\/v2\/comments?post=7219"}],"version-history":[{"count":0,"href":"https:\/\/www.leafieldmarine.com\/fr\/wp-json\/wp\/v2\/pages\/7219\/revisions"}],"wp:featuredmedia":[{"embeddable":true,"href":"https:\/\/www.leafieldmarine.com\/fr\/wp-json\/wp\/v2\/media\/7245"}],"wp:attachment":[{"href":"https:\/\/www.leafieldmarine.com\/fr\/wp-json\/wp\/v2\/media?parent=7219"}],"curies":[{"name":"wp","href":"https:\/\/api.w.org\/{rel}","templated":true}]}}