{"id":7554,"date":"2026-03-05T10:19:16","date_gmt":"2026-03-05T10:19:16","guid":{"rendered":"https:\/\/www.leafieldmarine.com\/certification\/"},"modified":"2026-04-02T08:50:09","modified_gmt":"2026-04-02T08:50:09","slug":"certification","status":"publish","type":"page","link":"https:\/\/www.leafieldmarine.com\/fr\/certification\/","title":{"rendered":"Certification"},"content":{"rendered":"\n<div style=\"height:57px\" aria-hidden=\"true\" class=\"wp-block-spacer\"><\/div>\n\n<div class=\"wp-block-columns is-layout-flex wp-container-core-columns-is-layout-9d6595d7 wp-block-columns-is-layout-flex\">\n<div class=\"wp-block-column is-layout-flow wp-block-column-is-layout-flow\" style=\"flex-basis:100%\"><div class=\"mai-columns\"><div class=\"mai-columns-wrap has-columns\" style=\"--column-gap:var(--spacing-xl);--row-gap:var(--spacing-xl);--align-columns:center;--align-columns-vertical:initial;\">\n<div class=\"mai-column is-column has-xs-padding has-background has-dark-background has-border has-border-radius\" style=\"--columns-xs:1\/1;--flex-xs:0 0 var(--flex-basis);--columns-sm:1\/2;--flex-sm:0 0 var(--flex-basis);--columns-md:1\/4;--flex-md:0 0 var(--flex-basis);--columns-lg:1\/4;--flex-lg:0 0 var(--flex-basis);--justify-content:start;background:var(--color-primary);\">\n\n<h2 class=\"wp-block-heading has-text-align-center\">Soupapes de gonflage<\/h2>\n\n\n\n<div style=\"height:40px\" aria-hidden=\"true\" class=\"wp-block-spacer\"><\/div>\n\n\n\n<figure class=\"wp-block-image size-full is-resized\"><img decoding=\"async\" width=\"713\" height=\"512\" src=\"https:\/\/www.leafieldmarine.com\/wp-content\/uploads\/2022\/11\/D7-Dropstitch.jpg\" alt=\"D7-Droppoint\" class=\"wp-image-4540\" style=\"width:300px\" srcset=\"https:\/\/www.leafieldmarine.com\/wp-content\/uploads\/2022\/11\/D7-Dropstitch-300x215.jpg 300w, https:\/\/www.leafieldmarine.com\/wp-content\/uploads\/2022\/11\/D7-Dropstitch.jpg 713w\" sizes=\"(max-width: 713px) 100vw, 713px\" \/><\/figure>\n\n\n\n<div style=\"height:25px\" aria-hidden=\"true\" class=\"wp-block-spacer\"><\/div>\n\n\n\n<div class=\"wp-block-file\"><a id=\"wp-block-file--media-c6586bfd-c655-4616-8f47-7be57e068559\" href=\"https:\/\/www.leafieldmarine.com\/wp-content\/uploads\/2021\/05\/C7-Certificate-of-Compliance-BS-EN-16051-1-2012.pdf\">Certificat de conformit\u00e9 C7 BS EN 16051-1 2012<\/a><\/div>\n\n\n\n<div style=\"height:14px\" aria-hidden=\"true\" class=\"wp-block-spacer\"><\/div>\n\n\n\n<div class=\"wp-block-file\"><a id=\"wp-block-file--media-e363d35e-e16a-482f-b2e5-276079226d29\" href=\"https:\/\/www.leafieldmarine.com\/wp-content\/uploads\/2026\/02\/A8-Approval-Certificate-LR2424613SS.pdf\">Certificat d\u2019approbation A8 LR2424613SS<\/a><\/div>\n\n\n\n<div style=\"height:14px\" aria-hidden=\"true\" class=\"wp-block-spacer\"><\/div>\n\n\n\n<div class=\"wp-block-file\"><a id=\"wp-block-file--media-ceb47e87-c479-44e6-a61f-b9106a8a5d5e\" href=\"https:\/\/www.leafieldmarine.com\/wp-content\/uploads\/2021\/05\/D7-Certificate-of-Compliance-BS-EN-16051-1-2012.pdf\">Certificat de conformit\u00e9 D7 BS EN 16051-1 2012<\/a><\/div>\n\n<\/div>\n\n<div class=\"mai-column is-column has-xs-padding has-background has-dark-background has-border has-border-radius\" style=\"--columns-xs:1\/1;--flex-xs:0 0 var(--flex-basis);--columns-sm:1\/2;--flex-sm:0 0 var(--flex-basis);--columns-md:1\/4;--flex-md:0 0 var(--flex-basis);--columns-lg:1\/4;--flex-lg:0 0 var(--flex-basis);--justify-content:start;background:var(--color-primary);\">\n\n<h2 class=\"wp-block-heading has-text-align-center\">Soupapes de d\u00e9charge de pression<\/h2>\n\n\n<div class=\"wp-block-image\">\n<figure class=\"aligncenter size-full is-resized\"><img decoding=\"async\" width=\"250\" height=\"213\" src=\"https:\/\/www.leafieldmarine.com\/wp-content\/uploads\/2022\/10\/A9-valve-1.jpg\" alt=\"Vanne A9\" class=\"wp-image-3662\" style=\"aspect-ratio:1.1737879441806933;width:212px;height:auto\"\/><\/figure>\n<\/div>\n\n\n<div style=\"height:40px\" aria-hidden=\"true\" class=\"wp-block-spacer\"><\/div>\n\n\n\n<div class=\"wp-block-file\"><a id=\"wp-block-file--media-9dc601d1-8be6-47c9-a6cf-c1580460c3bd\" href=\"https:\/\/www.leafieldmarine.com\/wp-content\/uploads\/2020\/04\/A6-Approval-Certificate-SAS-S190065.pdf\">Certificat d\u2019approbation A6 SAS S190065<\/a><\/div>\n\n\n\n<div style=\"height:39px\" aria-hidden=\"true\" class=\"wp-block-spacer\"><\/div>\n\n\n\n<div class=\"wp-block-file\"><a id=\"wp-block-file--media-4cb97391-a2af-4cd0-b970-911bfec45737\" href=\"https:\/\/www.leafieldmarine.com\/wp-content\/uploads\/2025\/05\/LR2433025SS-A10B-B10-Type-Approval-expires-17Mar2029.pdf\">LR2433025SS Approbation de type A10B B10<\/a><\/div>\n\n<\/div>\n\n<div class=\"mai-column is-column has-xs-padding has-background has-dark-background has-border has-border-radius\" style=\"--columns-xs:1\/1;--flex-xs:0 0 var(--flex-basis);--columns-sm:1\/2;--flex-sm:0 0 var(--flex-basis);--columns-md:1\/4;--flex-md:0 0 var(--flex-basis);--columns-lg:1\/4;--flex-lg:0 0 var(--flex-basis);--justify-content:start;background:var(--color-primary);\">\n\n<h2 class=\"wp-block-heading has-text-align-center\">Syst\u00e8mes de gonflage au gaz<\/h2>\n\n\n<div class=\"wp-block-image\">\n<figure class=\"aligncenter size-full is-resized\"><img decoding=\"async\" width=\"1024\" height=\"768\" src=\"https:\/\/www.leafieldmarine.com\/wp-content\/uploads\/2025\/11\/GIS4-Op-Head-Loop-Cable-Plated-1.jpg\" alt=\"\" class=\"wp-image-7474\" style=\"aspect-ratio:1.3333878084654356;width:240px;height:auto\" srcset=\"https:\/\/www.leafieldmarine.com\/wp-content\/uploads\/2025\/11\/GIS4-Op-Head-Loop-Cable-Plated-1-300x225.jpg 300w, https:\/\/www.leafieldmarine.com\/wp-content\/uploads\/2025\/11\/GIS4-Op-Head-Loop-Cable-Plated-1-400x300.jpg 400w, https:\/\/www.leafieldmarine.com\/wp-content\/uploads\/2025\/11\/GIS4-Op-Head-Loop-Cable-Plated-1-768x576.jpg 768w, https:\/\/www.leafieldmarine.com\/wp-content\/uploads\/2025\/11\/GIS4-Op-Head-Loop-Cable-Plated-1-800x600.jpg 800w, https:\/\/www.leafieldmarine.com\/wp-content\/uploads\/2025\/11\/GIS4-Op-Head-Loop-Cable-Plated-1.jpg 1024w\" sizes=\"(max-width: 1024px) 100vw, 1024px\" \/><\/figure>\n<\/div>\n\n\n<div style=\"height:28px\" aria-hidden=\"true\" class=\"wp-block-spacer\"><\/div>\n\n\n\n<div class=\"wp-block-file\"><a id=\"wp-block-file--media-ab9c18ee-e478-4af3-a2ac-c35d4e0260fd\" href=\"https:\/\/www.leafieldmarine.com\/wp-content\/uploads\/2026\/02\/GIS-PED-0343-PED-BHM-PRJ11100418961-3-Module-BProduction.pdf\">GIS PED 0343-PED-BHM-PRJ11100418961-3 Module B (Production)<\/a><\/div>\n\n\n\n<div style=\"height:13px\" aria-hidden=\"true\" class=\"wp-block-spacer\"><\/div>\n\n\n\n<div class=\"wp-block-file\"><a id=\"wp-block-file--media-87d3d83b-fcf6-40ec-8da4-682e4fa4eb5a\" href=\"https:\/\/www.leafieldmarine.com\/wp-content\/uploads\/2026\/02\/GIS-GAUGED-PED-0343-PED-BHM-PRJ11100418961-4-Module-BProduction.pdf\">MODULE B (PRODUCTION) \u00c0 \u00c9CARTEMENT GIS, P\u00c9D BHM-BHM-PRJ11100418961-4<\/a><\/div>\n\n\n\n<div style=\"height:13px\" aria-hidden=\"true\" class=\"wp-block-spacer\"><\/div>\n\n\n\n<div class=\"wp-block-file\"><a id=\"wp-block-file--media-57f5cc96-9d5e-4cf6-9fcc-ed37ce876798\" href=\"https:\/\/www.leafieldmarine.com\/wp-content\/uploads\/2026\/02\/PED-EU-DECLARATION-OF-CONFORMITY-GIST-March-2024.pdf\">D\u00c9CLARATION DE CONFORMIT\u00c9 DE L\u2019UE DE L\u2019UE  <\/a><\/div>\n\n\n\n<div style=\"height:13px\" aria-hidden=\"true\" class=\"wp-block-spacer\"><\/div>\n\n\n\n<div class=\"wp-block-file\"><a id=\"wp-block-file--media-71c36737-3273-4bd2-aeef-475a98a6e74d\" href=\"https:\/\/www.leafieldmarine.com\/wp-content\/uploads\/2025\/03\/GIS4-PED-0343-PED-BHM-PRJ11100511507-1-Module-BProduction.pdf\">GIS4 PED 0343-PED-BHM-PRJ11100511507-1 Module B (Production)<\/a><\/div>\n\n\n\n<div style=\"height:14px\" aria-hidden=\"true\" class=\"wp-block-spacer\"><\/div>\n\n\n\n<div class=\"wp-block-file\"><a id=\"wp-block-file--media-68f76ce8-be8b-44ad-8b86-197ba2359419\" href=\"https:\/\/www.leafieldmarine.com\/wp-content\/uploads\/2021\/06\/GIST-SOLAS-Certificate-of-Type-Approval.pdf\">Certificat d\u2019homologation de type GIST SOLAS<\/a><\/div>\n\n\n\n<div style=\"height:14px\" aria-hidden=\"true\" class=\"wp-block-spacer\"><\/div>\n\n\n\n<div class=\"wp-block-file\"><a id=\"wp-block-file--media-d647d5cb-49dc-4483-96f7-53d11f3b84ce\" href=\"https:\/\/www.leafieldmarine.com\/wp-content\/uploads\/2021\/05\/GIST-PED-Type-Examination-Certificate.pdf\">Certificat d\u2019examen de type PED GIST<\/a><\/div>\n\n<\/div>\n\n<div class=\"mai-column is-column has-xs-padding has-background has-dark-background has-border has-border-radius\" style=\"--columns-xs:1\/1;--flex-xs:0 0 var(--flex-basis);--columns-sm:1\/2;--flex-sm:0 0 var(--flex-basis);--columns-md:1\/4;--flex-md:0 0 var(--flex-basis);--columns-lg:1\/4;--flex-lg:0 0 var(--flex-basis);--justify-content:start;background:var(--color-primary);\">\n\n<h2 class=\"wp-block-heading has-text-align-center\">Ensembles de tuyaux<\/h2>\n\n\n<div class=\"wp-block-image\">\n<figure class=\"aligncenter size-full is-resized\"><img decoding=\"async\" width=\"552\" height=\"454\" src=\"https:\/\/www.leafieldmarine.com\/wp-content\/uploads\/2022\/11\/hose-assemblies.jpg\" alt=\"\" class=\"wp-image-3707\" style=\"aspect-ratio:1.215946348733234;width:216px;height:auto\" srcset=\"https:\/\/www.leafieldmarine.com\/wp-content\/uploads\/2022\/11\/hose-assemblies-300x247.jpg 300w, https:\/\/www.leafieldmarine.com\/wp-content\/uploads\/2022\/11\/hose-assemblies.jpg 552w\" sizes=\"(max-width: 552px) 100vw, 552px\" \/><\/figure>\n<\/div>\n\n\n<div style=\"height:38px\" aria-hidden=\"true\" class=\"wp-block-spacer\"><\/div>\n\n\n\n<div class=\"wp-block-file\"><a id=\"wp-block-file--media-d9feccfe-866e-4542-b070-dae8dcf32e4f\" href=\"https:\/\/www.leafieldmarine.com\/wp-content\/uploads\/2026\/04\/LR23364192SS-03-Signed-expires-1st-july-2028.pdf\">LR23364192SS-03<\/a><\/div>\n\n<\/div>\n<\/div><\/div><\/div>\n<\/div>\n<div class=\"mai-columns\"><div class=\"mai-columns-wrap has-columns\" style=\"--column-gap:var(--spacing-xl);--row-gap:var(--spacing-xl);--align-columns:start;--align-columns-vertical:initial;\">\n<div class=\"mai-column is-column\" style=\"--columns-xs:1\/1;--flex-xs:0 0 var(--flex-basis);--columns-sm:1\/2;--flex-sm:0 0 var(--flex-basis);--columns-md:1\/2;--flex-md:0 0 var(--flex-basis);--columns-lg:1\/2;--flex-lg:0 0 var(--flex-basis);\"><\/div>\n\n<div class=\"mai-column is-column\" style=\"--columns-xs:1\/1;--flex-xs:0 0 var(--flex-basis);--columns-sm:1\/2;--flex-sm:0 0 var(--flex-basis);--columns-md:1\/2;--flex-md:0 0 var(--flex-basis);--columns-lg:1\/2;--flex-lg:0 0 var(--flex-basis);\"><\/div>\n<\/div><\/div>","protected":false},"excerpt":{"rendered":"","protected":false},"author":8,"featured_media":0,"parent":0,"menu_order":0,"comment_status":"closed","ping_status":"closed","template":"","meta":{"_acf_changed":false,"content-type":"","_genesis_hide_title":false,"_genesis_hide_breadcrumbs":false,"_genesis_hide_singular_image":false,"_genesis_hide_footer_widgets":false,"_genesis_custom_body_class":"","_genesis_custom_post_class":"","_genesis_layout":"","footnotes":""},"class_list":{"1":"page","2":"type-page","5":"entry"},"featured_image_src":null,"yoast_head":"<!-- This site is optimized with the Yoast SEO plugin v27.4 - https:\/\/yoast.com\/product\/yoast-seo-wordpress\/ -->\n<title>Certification - Leafield Marine<\/title>\n<meta name=\"robots\" content=\"index, follow, max-snippet:-1, max-image-preview:large, max-video-preview:-1\" \/>\n<link rel=\"canonical\" href=\"https:\/\/www.leafieldmarine.com\/fr\/certification\/\" \/>\n<meta property=\"og:locale\" content=\"fr_FR\" \/>\n<meta property=\"og:type\" content=\"article\" \/>\n<meta property=\"og:title\" content=\"Certification - Leafield Marine\" \/>\n<meta property=\"og:url\" content=\"https:\/\/www.leafieldmarine.com\/fr\/certification\/\" \/>\n<meta property=\"og:site_name\" content=\"Leafield Marine\" \/>\n<meta property=\"article:modified_time\" content=\"2026-04-02T08:50:09+00:00\" \/>\n<meta property=\"og:image\" content=\"https:\/\/www.leafieldmarine.com\/wp-content\/uploads\/2022\/11\/D7-Dropstitch.jpg\" \/>\n\t<meta property=\"og:image:width\" content=\"713\" \/>\n\t<meta property=\"og:image:height\" content=\"512\" \/>\n\t<meta property=\"og:image:type\" content=\"image\/jpeg\" \/>\n<meta name=\"twitter:card\" content=\"summary_large_image\" \/>\n<meta name=\"twitter:label1\" content=\"Dur\u00e9e de lecture estim\u00e9e\" \/>\n\t<meta name=\"twitter:data1\" content=\"1 minute\" \/>\n<script type=\"application\/ld+json\" class=\"yoast-schema-graph\">{\"@context\":\"https:\\\/\\\/schema.org\",\"@graph\":[{\"@type\":\"WebPage\",\"@id\":\"https:\\\/\\\/www.leafieldmarine.com\\\/fr\\\/certification\\\/\",\"url\":\"https:\\\/\\\/www.leafieldmarine.com\\\/fr\\\/certification\\\/\",\"name\":\"Certification - Leafield Marine\",\"isPartOf\":{\"@id\":\"https:\\\/\\\/www.leafieldmarine.com\\\/fr\\\/#website\"},\"primaryImageOfPage\":{\"@id\":\"https:\\\/\\\/www.leafieldmarine.com\\\/fr\\\/certification\\\/#primaryimage\"},\"image\":{\"@id\":\"https:\\\/\\\/www.leafieldmarine.com\\\/fr\\\/certification\\\/#primaryimage\"},\"thumbnailUrl\":\"https:\\\/\\\/www.leafieldmarine.com\\\/wp-content\\\/uploads\\\/2022\\\/11\\\/D7-Dropstitch.jpg\",\"datePublished\":\"2026-03-05T10:19:16+00:00\",\"dateModified\":\"2026-04-02T08:50:09+00:00\",\"breadcrumb\":{\"@id\":\"https:\\\/\\\/www.leafieldmarine.com\\\/fr\\\/certification\\\/#breadcrumb\"},\"inLanguage\":\"fr-FR\",\"potentialAction\":[{\"@type\":\"ReadAction\",\"target\":[\"https:\\\/\\\/www.leafieldmarine.com\\\/fr\\\/certification\\\/\"]}]},{\"@type\":\"ImageObject\",\"inLanguage\":\"fr-FR\",\"@id\":\"https:\\\/\\\/www.leafieldmarine.com\\\/fr\\\/certification\\\/#primaryimage\",\"url\":\"https:\\\/\\\/www.leafieldmarine.com\\\/wp-content\\\/uploads\\\/2022\\\/11\\\/D7-Dropstitch.jpg\",\"contentUrl\":\"https:\\\/\\\/www.leafieldmarine.com\\\/wp-content\\\/uploads\\\/2022\\\/11\\\/D7-Dropstitch.jpg\"},{\"@type\":\"BreadcrumbList\",\"@id\":\"https:\\\/\\\/www.leafieldmarine.com\\\/fr\\\/certification\\\/#breadcrumb\",\"itemListElement\":[{\"@type\":\"ListItem\",\"position\":1,\"name\":\"Home\",\"item\":\"https:\\\/\\\/www.leafieldmarine.com\\\/fr\\\/\"},{\"@type\":\"ListItem\",\"position\":2,\"name\":\"Certification\"}]},{\"@type\":\"WebSite\",\"@id\":\"https:\\\/\\\/www.leafieldmarine.com\\\/fr\\\/#website\",\"url\":\"https:\\\/\\\/www.leafieldmarine.com\\\/fr\\\/\",\"name\":\"Leafield Marine\",\"description\":\"World Class Air Valves for Inflatable Structures\",\"publisher\":{\"@id\":\"https:\\\/\\\/www.leafieldmarine.com\\\/fr\\\/#organization\"},\"potentialAction\":[{\"@type\":\"SearchAction\",\"target\":{\"@type\":\"EntryPoint\",\"urlTemplate\":\"https:\\\/\\\/www.leafieldmarine.com\\\/fr\\\/?s={search_term_string}\"},\"query-input\":{\"@type\":\"PropertyValueSpecification\",\"valueRequired\":true,\"valueName\":\"search_term_string\"}}],\"inLanguage\":\"fr-FR\"},{\"@type\":\"Organization\",\"@id\":\"https:\\\/\\\/www.leafieldmarine.com\\\/fr\\\/#organization\",\"name\":\"Leafield Marine\",\"url\":\"https:\\\/\\\/www.leafieldmarine.com\\\/fr\\\/\",\"logo\":{\"@type\":\"ImageObject\",\"inLanguage\":\"fr-FR\",\"@id\":\"https:\\\/\\\/www.leafieldmarine.com\\\/fr\\\/#\\\/schema\\\/logo\\\/image\\\/\",\"url\":\"https:\\\/\\\/www.leafieldmarine.com\\\/wp-content\\\/uploads\\\/2022\\\/10\\\/leafield-marine-logo.png\",\"contentUrl\":\"https:\\\/\\\/www.leafieldmarine.com\\\/wp-content\\\/uploads\\\/2022\\\/10\\\/leafield-marine-logo.png\",\"width\":247,\"height\":191,\"caption\":\"Leafield Marine\"},\"image\":{\"@id\":\"https:\\\/\\\/www.leafieldmarine.com\\\/fr\\\/#\\\/schema\\\/logo\\\/image\\\/\"}}]}<\/script>\n<!-- \/ Yoast SEO plugin. -->","yoast_head_json":{"title":"Certification - Leafield Marine","robots":{"index":"index","follow":"follow","max-snippet":"max-snippet:-1","max-image-preview":"max-image-preview:large","max-video-preview":"max-video-preview:-1"},"canonical":"https:\/\/www.leafieldmarine.com\/fr\/certification\/","og_locale":"fr_FR","og_type":"article","og_title":"Certification - Leafield Marine","og_url":"https:\/\/www.leafieldmarine.com\/fr\/certification\/","og_site_name":"Leafield Marine","article_modified_time":"2026-04-02T08:50:09+00:00","og_image":[{"width":713,"height":512,"url":"https:\/\/www.leafieldmarine.com\/wp-content\/uploads\/2022\/11\/D7-Dropstitch.jpg","type":"image\/jpeg"}],"twitter_card":"summary_large_image","twitter_misc":{"Dur\u00e9e de lecture estim\u00e9e":"1 minute"},"schema":{"@context":"https:\/\/schema.org","@graph":[{"@type":"WebPage","@id":"https:\/\/www.leafieldmarine.com\/fr\/certification\/","url":"https:\/\/www.leafieldmarine.com\/fr\/certification\/","name":"Certification - Leafield Marine","isPartOf":{"@id":"https:\/\/www.leafieldmarine.com\/fr\/#website"},"primaryImageOfPage":{"@id":"https:\/\/www.leafieldmarine.com\/fr\/certification\/#primaryimage"},"image":{"@id":"https:\/\/www.leafieldmarine.com\/fr\/certification\/#primaryimage"},"thumbnailUrl":"https:\/\/www.leafieldmarine.com\/wp-content\/uploads\/2022\/11\/D7-Dropstitch.jpg","datePublished":"2026-03-05T10:19:16+00:00","dateModified":"2026-04-02T08:50:09+00:00","breadcrumb":{"@id":"https:\/\/www.leafieldmarine.com\/fr\/certification\/#breadcrumb"},"inLanguage":"fr-FR","potentialAction":[{"@type":"ReadAction","target":["https:\/\/www.leafieldmarine.com\/fr\/certification\/"]}]},{"@type":"ImageObject","inLanguage":"fr-FR","@id":"https:\/\/www.leafieldmarine.com\/fr\/certification\/#primaryimage","url":"https:\/\/www.leafieldmarine.com\/wp-content\/uploads\/2022\/11\/D7-Dropstitch.jpg","contentUrl":"https:\/\/www.leafieldmarine.com\/wp-content\/uploads\/2022\/11\/D7-Dropstitch.jpg"},{"@type":"BreadcrumbList","@id":"https:\/\/www.leafieldmarine.com\/fr\/certification\/#breadcrumb","itemListElement":[{"@type":"ListItem","position":1,"name":"Home","item":"https:\/\/www.leafieldmarine.com\/fr\/"},{"@type":"ListItem","position":2,"name":"Certification"}]},{"@type":"WebSite","@id":"https:\/\/www.leafieldmarine.com\/fr\/#website","url":"https:\/\/www.leafieldmarine.com\/fr\/","name":"Leafield Marine","description":"World Class Air Valves for Inflatable Structures","publisher":{"@id":"https:\/\/www.leafieldmarine.com\/fr\/#organization"},"potentialAction":[{"@type":"SearchAction","target":{"@type":"EntryPoint","urlTemplate":"https:\/\/www.leafieldmarine.com\/fr\/?s={search_term_string}"},"query-input":{"@type":"PropertyValueSpecification","valueRequired":true,"valueName":"search_term_string"}}],"inLanguage":"fr-FR"},{"@type":"Organization","@id":"https:\/\/www.leafieldmarine.com\/fr\/#organization","name":"Leafield Marine","url":"https:\/\/www.leafieldmarine.com\/fr\/","logo":{"@type":"ImageObject","inLanguage":"fr-FR","@id":"https:\/\/www.leafieldmarine.com\/fr\/#\/schema\/logo\/image\/","url":"https:\/\/www.leafieldmarine.com\/wp-content\/uploads\/2022\/10\/leafield-marine-logo.png","contentUrl":"https:\/\/www.leafieldmarine.com\/wp-content\/uploads\/2022\/10\/leafield-marine-logo.png","width":247,"height":191,"caption":"Leafield Marine"},"image":{"@id":"https:\/\/www.leafieldmarine.com\/fr\/#\/schema\/logo\/image\/"}}]}},"acf":[],"_links":{"self":[{"href":"https:\/\/www.leafieldmarine.com\/fr\/wp-json\/wp\/v2\/pages\/7554","targetHints":{"allow":["GET"]}}],"collection":[{"href":"https:\/\/www.leafieldmarine.com\/fr\/wp-json\/wp\/v2\/pages"}],"about":[{"href":"https:\/\/www.leafieldmarine.com\/fr\/wp-json\/wp\/v2\/types\/page"}],"author":[{"embeddable":true,"href":"https:\/\/www.leafieldmarine.com\/fr\/wp-json\/wp\/v2\/users\/8"}],"replies":[{"embeddable":true,"href":"https:\/\/www.leafieldmarine.com\/fr\/wp-json\/wp\/v2\/comments?post=7554"}],"version-history":[{"count":0,"href":"https:\/\/www.leafieldmarine.com\/fr\/wp-json\/wp\/v2\/pages\/7554\/revisions"}],"wp:attachment":[{"href":"https:\/\/www.leafieldmarine.com\/fr\/wp-json\/wp\/v2\/media?parent=7554"}],"curies":[{"name":"wp","href":"https:\/\/api.w.org\/{rel}","templated":true}]}}