{"id":4879,"date":"2020-04-02T10:45:15","date_gmt":"2020-04-02T10:45:15","guid":{"rendered":"https:\/\/www.leafieldmarine.com\/informativa-sulla-privacy\/"},"modified":"2020-04-02T10:45:15","modified_gmt":"2020-04-02T10:45:15","slug":"informativa-sulla-privacy","status":"publish","type":"page","link":"https:\/\/www.leafieldmarine.com\/it\/informativa-sulla-privacy\/","title":{"rendered":"Informativa sulla privacy"},"content":{"rendered":"<h4>Chi siamo<\/h4>\n<p>Leafield Marine Limited (&#8220;noi&#8221; o &#8220;ci&#8221;) \u00e8 una societ\u00e0 privata registrata e operante nel Regno Unito.&nbsp;Il numero di registrazione della societ\u00e0 \u00e8 05870564 e la sede legale \u00e8 9 Atworth Business Park, Bath Rd, Atworth, Melksham, Wiltshire, SN12 8SB, Regno Unito.  &nbsp;Ci impegniamo a raccogliere solo i dati personali di cui abbiamo bisogno per condurre la nostra attivit\u00e0 e a garantire che li manteniamo al sicuro.<\/p>\n<h4>A chi si applica la politica<\/h4>\n<p>Questa politica si applica a clienti, fornitori e chiunque visiti il nostro sito Web come potenziale cliente. Si applica anche ai dipendenti esistenti ed ex o a chiunque ci fornisca dati personali come potenziale dipendente (vedere la sezione separata di seguito).<\/p>\n<h4>Cosa raccogliamo<\/h4>\n<p>Raccogliamo informazioni su di te quando ci fornisci volontariamente informazioni attraverso il nostro modulo di richiesta di richiesta e preventivo sul nostro sito Web o quando ci fornisci volontariamente un indirizzo e-mail o altre informazioni di contatto.<\/p>\n<h4>Come utilizziamo le informazioni<\/h4>\n<p>Utilizziamo le informazioni fornite per condurre affari con te o con la tua azienda. Ci\u00f2 pu\u00f2 includere la fornitura di preventivi, campioni o l&#8217;elaborazione di transazioni di vendita e acquisto. Non forniamo i tuoi dati a processori di terze parti a meno che non abbiamo una base legale per farlo.<\/p>\n<h4>Biscotti<\/h4>\n<p>Un cookie \u00e8 un piccolo file di testo che pu\u00f2 essere inserito sul tuo dispositivo quando visiti il nostro sito e completi un modulo di richiesta. Questo salva i tuoi dati localmente nel caso in cui invii nuovamente il modulo, ma \u00e8 facoltativo.<\/p>\n<h4>Raccolta e finalit\u00e0 dei dati<\/h4>\n<p>Raccogliamo dati che potresti offrire volontariamente mentre fai richieste o conduci affari con noi. L&#8217;invio verbale, via e-mail o altro invio elettronico di una richiesta, una richiesta di preventivo, un ordine di acquisto o un ordine di vendita forniscono tutti una base legale per noi per elaborare i tuoi dati.<\/p>\n<h4>Conservazione dei dati<\/h4>\n<p>Conserviamo i dati per tutto il tempo necessario allo scopo per cui sono stati forniti. Archiviamo i dati in modo sicuro all&#8217;interno del Regno Unito e dell&#8217;UE.  &nbsp;Abbiamo implementato politiche IT per garantire che manteniamo uno standard di sicurezza efficace e siamo accreditati Cyber Essentials.<\/p>\n<p>Le nostre regole di sicurezza, politiche e misure tecniche sono progettate per proteggere i dati personali da accessi non autorizzati, uso o divulgazione impropri, modifiche non autorizzate, distruzione illecita o perdita accidentale e trattamento illecito.<\/p>\n<h4>Accesso ai dati in nostro possesso<\/h4>\n<p>Puoi chiederci se conserviamo dati personali su di te inviando un&#8217;e-mail a:<span>&nbsp;<\/span><a href=\"mailto:datacontroller@leafieldmarine.co.uk\">datacontroller@leafieldmarine.co.uk<\/a><span>&nbsp;<\/span>oppure scrivendo al Titolare del trattamento all&#8217;indirizzo registrato sopra indicato.<\/p>\n<p>Ti forniremo una copia leggibile dei dati personali che conserviamo su di te, entro un mese dal ricevimento di questa richiesta, anche se richiederemo una prova della tua identit\u00e0. Forniremo queste informazioni gratuitamente.<\/p>\n<p>Tuttavia, addebiteremo una tariffa ragionevole quando una richiesta di informazioni \u00e8 manifestamente infondata o eccessiva, in particolare se \u00e8 ripetitiva.&nbsp;  Qualsiasi commissione sar\u00e0 basata sul costo amministrativo per fornire le informazioni.&nbsp;  Potremmo rifiutare una richiesta se riteniamo che sia eccessiva, indiretta o altrimenti inappropriata e hai il diritto di contestare tale decisione presentando un reclamo all&#8217;autorit\u00e0 di vigilanza competente.<\/p>\n<p>Ti consentiamo di contestare i dati che deteniamo su di te e, se del caso, potresti cancellarli, rettificarli o modificarli se sono errati o inesatti.<\/p>\n<h4>Cancellazione dei dati<\/h4>\n<p>Hai il diritto di cancellare i tuoi dati personali per impedire il trattamento nelle seguenti circostanze specifiche:<\/p>\n<ul>\n<li>Laddove i dati personali non siano pi\u00f9 necessari in relazione alle finalit\u00e0 per le quali sono stati originariamente raccolti\/trattati.<\/li>\n<li>Se desideri revocare il consenso.<\/li>\n<li>Se ti opponi al trattamento e non vi \u00e8 alcun interesse legittimo prevalente a continuare il trattamento.<\/li>\n<li>I dati sono stati trattati illecitamente in conformit\u00e0 con il GDPR.<\/li>\n<li>I dati personali devono essere cancellati per adempiere a un obbligo legale.<\/li>\n<\/ul>\n<h4>Collegamenti ad altri siti Web<\/h4>\n<p>Il nostro sito Web pu\u00f2 contenere collegamenti per consentire all&#8217;utente di visitare altri siti Web.&nbsp;  Una volta che hai utilizzato questi collegamenti per lasciare il nostro sito web, devi essere consapevole che non abbiamo alcun controllo su nessun altro sito web. Pertanto, non possiamo essere responsabili per i dati forniti da questi siti Web che non sono regolati dalla presente informativa sulla privacy.&nbsp;  \u00c8 necessario prestare attenzione e consultare l&#8217;informativa sulla privacy del sito Web in questione.<\/p>\n<h4>Candidati a posti di lavoro, dipendenti attuali ed ex<\/h4>\n<p>I dipendenti saranno informati dei dati in nostro possesso attraverso i loro termini e condizioni di impiego.&nbsp;  Conserveremo i dati relativi agli ex dipendenti solo per il tempo necessario, anche questo \u00e8 previsto nel contratto di lavoro.<\/p>\n<p>Se stai facendo una domanda per unirti a noi come dipendente. Ti chiederemo ed elaboreremo solo i dati rilevanti per la tua domanda di lavoro. I tuoi dati saranno conservati in modo sicuro e non saranno trasmessi a terzi senza il tuo consenso.<\/p>\n<p>Utilizzeremo i tuoi dati di contatto personali per portare avanti la tua domanda e qualsiasi altro dato per valutare la tua idoneit\u00e0 e, se necessario, per completare i controlli pre-assunzione, inclusa la verifica della tua identit\u00e0 e del tuo diritto di lavorare nel Regno Unito.&nbsp;  Potremmo quindi chiederti una prova di identit\u00e0, una prova delle qualifiche e i dettagli di eventuali arbitri richiesti.<\/p>\n","protected":false},"excerpt":{"rendered":"<p>Chi siamo Leafield Marine Limited (&#8220;noi&#8221; o &#8220;ci&#8221;) \u00e8 una societ\u00e0 privata registrata e operante nel Regno Unito.&nbsp;Il numero di registrazione della societ\u00e0 \u00e8 05870564 e la sede legale \u00e8 9 Atworth Business Park, Bath Rd, Atworth, Melksham, Wiltshire, SN12 8SB, Regno Unito. &nbsp;Ci impegniamo a raccogliere solo i dati personali di cui abbiamo bisogno &hellip;<\/p>\n","protected":false},"author":8,"featured_media":0,"parent":0,"menu_order":0,"comment_status":"closed","ping_status":"open","template":"","meta":{"_acf_changed":false,"content-type":"","_genesis_hide_title":false,"_genesis_hide_breadcrumbs":false,"_genesis_hide_singular_image":false,"_genesis_hide_footer_widgets":false,"_genesis_custom_body_class":"","_genesis_custom_post_class":"","_genesis_layout":"","footnotes":""},"class_list":{"1":"page","2":"type-page","5":"entry"},"featured_image_src":null,"yoast_head":"<!-- This site is optimized with the Yoast SEO plugin v27.3 - https:\/\/yoast.com\/product\/yoast-seo-wordpress\/ -->\n<title>Informativa sulla privacy - Leafield Marine<\/title>\n<meta name=\"description\" content=\"La politica sulla privacy di Leafield Marine si applica a clienti, fornitori e chiunque visiti il nostro sito Web come potenziale cliente.\" \/>\n<meta name=\"robots\" content=\"index, follow, max-snippet:-1, max-image-preview:large, max-video-preview:-1\" \/>\n<link rel=\"canonical\" href=\"https:\/\/www.leafieldmarine.com\/it\/informativa-sulla-privacy\/\" \/>\n<meta property=\"og:locale\" content=\"it_IT\" \/>\n<meta property=\"og:type\" content=\"article\" \/>\n<meta property=\"og:title\" content=\"Informativa sulla privacy - Leafield Marine\" \/>\n<meta property=\"og:description\" content=\"La politica sulla privacy di Leafield Marine si applica a clienti, fornitori e chiunque visiti il nostro sito Web come potenziale cliente.\" \/>\n<meta property=\"og:url\" content=\"https:\/\/www.leafieldmarine.com\/it\/informativa-sulla-privacy\/\" \/>\n<meta property=\"og:site_name\" content=\"Leafield Marine\" \/>\n<meta name=\"twitter:card\" content=\"summary_large_image\" \/>\n<meta name=\"twitter:label1\" content=\"Tempo di lettura stimato\" \/>\n\t<meta name=\"twitter:data1\" content=\"4 minuti\" \/>\n<script type=\"application\/ld+json\" class=\"yoast-schema-graph\">{\"@context\":\"https:\\\/\\\/schema.org\",\"@graph\":[{\"@type\":\"WebPage\",\"@id\":\"https:\\\/\\\/www.leafieldmarine.com\\\/it\\\/informativa-sulla-privacy\\\/\",\"url\":\"https:\\\/\\\/www.leafieldmarine.com\\\/it\\\/informativa-sulla-privacy\\\/\",\"name\":\"Informativa sulla privacy - Leafield Marine\",\"isPartOf\":{\"@id\":\"https:\\\/\\\/www.leafieldmarine.com\\\/it\\\/#website\"},\"datePublished\":\"2020-04-02T10:45:15+00:00\",\"description\":\"La politica sulla privacy di Leafield Marine si applica a clienti, fornitori e chiunque visiti il nostro sito Web come potenziale cliente.\",\"breadcrumb\":{\"@id\":\"https:\\\/\\\/www.leafieldmarine.com\\\/it\\\/informativa-sulla-privacy\\\/#breadcrumb\"},\"inLanguage\":\"it-IT\",\"potentialAction\":[{\"@type\":\"ReadAction\",\"target\":[\"https:\\\/\\\/www.leafieldmarine.com\\\/it\\\/informativa-sulla-privacy\\\/\"]}]},{\"@type\":\"BreadcrumbList\",\"@id\":\"https:\\\/\\\/www.leafieldmarine.com\\\/it\\\/informativa-sulla-privacy\\\/#breadcrumb\",\"itemListElement\":[{\"@type\":\"ListItem\",\"position\":1,\"name\":\"Home\",\"item\":\"https:\\\/\\\/www.leafieldmarine.com\\\/it\\\/\"},{\"@type\":\"ListItem\",\"position\":2,\"name\":\"Informativa sulla privacy\"}]},{\"@type\":\"WebSite\",\"@id\":\"https:\\\/\\\/www.leafieldmarine.com\\\/it\\\/#website\",\"url\":\"https:\\\/\\\/www.leafieldmarine.com\\\/it\\\/\",\"name\":\"Leafield Marine\",\"description\":\"World Class Air Valves for Inflatable Structures\",\"publisher\":{\"@id\":\"https:\\\/\\\/www.leafieldmarine.com\\\/it\\\/#organization\"},\"potentialAction\":[{\"@type\":\"SearchAction\",\"target\":{\"@type\":\"EntryPoint\",\"urlTemplate\":\"https:\\\/\\\/www.leafieldmarine.com\\\/it\\\/?s={search_term_string}\"},\"query-input\":{\"@type\":\"PropertyValueSpecification\",\"valueRequired\":true,\"valueName\":\"search_term_string\"}}],\"inLanguage\":\"it-IT\"},{\"@type\":\"Organization\",\"@id\":\"https:\\\/\\\/www.leafieldmarine.com\\\/it\\\/#organization\",\"name\":\"Leafield Marine\",\"url\":\"https:\\\/\\\/www.leafieldmarine.com\\\/it\\\/\",\"logo\":{\"@type\":\"ImageObject\",\"inLanguage\":\"it-IT\",\"@id\":\"https:\\\/\\\/www.leafieldmarine.com\\\/it\\\/#\\\/schema\\\/logo\\\/image\\\/\",\"url\":\"https:\\\/\\\/www.leafieldmarine.com\\\/wp-content\\\/uploads\\\/2022\\\/10\\\/leafield-marine-logo.png\",\"contentUrl\":\"https:\\\/\\\/www.leafieldmarine.com\\\/wp-content\\\/uploads\\\/2022\\\/10\\\/leafield-marine-logo.png\",\"width\":247,\"height\":191,\"caption\":\"Leafield Marine\"},\"image\":{\"@id\":\"https:\\\/\\\/www.leafieldmarine.com\\\/it\\\/#\\\/schema\\\/logo\\\/image\\\/\"}}]}<\/script>\n<!-- \/ Yoast SEO plugin. -->","yoast_head_json":{"title":"Informativa sulla privacy - Leafield Marine","description":"La politica sulla privacy di Leafield Marine si applica a clienti, fornitori e chiunque visiti il nostro sito Web come potenziale cliente.","robots":{"index":"index","follow":"follow","max-snippet":"max-snippet:-1","max-image-preview":"max-image-preview:large","max-video-preview":"max-video-preview:-1"},"canonical":"https:\/\/www.leafieldmarine.com\/it\/informativa-sulla-privacy\/","og_locale":"it_IT","og_type":"article","og_title":"Informativa sulla privacy - Leafield Marine","og_description":"La politica sulla privacy di Leafield Marine si applica a clienti, fornitori e chiunque visiti il nostro sito Web come potenziale cliente.","og_url":"https:\/\/www.leafieldmarine.com\/it\/informativa-sulla-privacy\/","og_site_name":"Leafield Marine","twitter_card":"summary_large_image","twitter_misc":{"Tempo di lettura stimato":"4 minuti"},"schema":{"@context":"https:\/\/schema.org","@graph":[{"@type":"WebPage","@id":"https:\/\/www.leafieldmarine.com\/it\/informativa-sulla-privacy\/","url":"https:\/\/www.leafieldmarine.com\/it\/informativa-sulla-privacy\/","name":"Informativa sulla privacy - Leafield Marine","isPartOf":{"@id":"https:\/\/www.leafieldmarine.com\/it\/#website"},"datePublished":"2020-04-02T10:45:15+00:00","description":"La politica sulla privacy di Leafield Marine si applica a clienti, fornitori e chiunque visiti il nostro sito Web come potenziale cliente.","breadcrumb":{"@id":"https:\/\/www.leafieldmarine.com\/it\/informativa-sulla-privacy\/#breadcrumb"},"inLanguage":"it-IT","potentialAction":[{"@type":"ReadAction","target":["https:\/\/www.leafieldmarine.com\/it\/informativa-sulla-privacy\/"]}]},{"@type":"BreadcrumbList","@id":"https:\/\/www.leafieldmarine.com\/it\/informativa-sulla-privacy\/#breadcrumb","itemListElement":[{"@type":"ListItem","position":1,"name":"Home","item":"https:\/\/www.leafieldmarine.com\/it\/"},{"@type":"ListItem","position":2,"name":"Informativa sulla privacy"}]},{"@type":"WebSite","@id":"https:\/\/www.leafieldmarine.com\/it\/#website","url":"https:\/\/www.leafieldmarine.com\/it\/","name":"Leafield Marine","description":"World Class Air Valves for Inflatable Structures","publisher":{"@id":"https:\/\/www.leafieldmarine.com\/it\/#organization"},"potentialAction":[{"@type":"SearchAction","target":{"@type":"EntryPoint","urlTemplate":"https:\/\/www.leafieldmarine.com\/it\/?s={search_term_string}"},"query-input":{"@type":"PropertyValueSpecification","valueRequired":true,"valueName":"search_term_string"}}],"inLanguage":"it-IT"},{"@type":"Organization","@id":"https:\/\/www.leafieldmarine.com\/it\/#organization","name":"Leafield Marine","url":"https:\/\/www.leafieldmarine.com\/it\/","logo":{"@type":"ImageObject","inLanguage":"it-IT","@id":"https:\/\/www.leafieldmarine.com\/it\/#\/schema\/logo\/image\/","url":"https:\/\/www.leafieldmarine.com\/wp-content\/uploads\/2022\/10\/leafield-marine-logo.png","contentUrl":"https:\/\/www.leafieldmarine.com\/wp-content\/uploads\/2022\/10\/leafield-marine-logo.png","width":247,"height":191,"caption":"Leafield Marine"},"image":{"@id":"https:\/\/www.leafieldmarine.com\/it\/#\/schema\/logo\/image\/"}}]}},"acf":[],"post_mailing_queue_ids":[],"_links":{"self":[{"href":"https:\/\/www.leafieldmarine.com\/it\/wp-json\/wp\/v2\/pages\/4879","targetHints":{"allow":["GET"]}}],"collection":[{"href":"https:\/\/www.leafieldmarine.com\/it\/wp-json\/wp\/v2\/pages"}],"about":[{"href":"https:\/\/www.leafieldmarine.com\/it\/wp-json\/wp\/v2\/types\/page"}],"author":[{"embeddable":true,"href":"https:\/\/www.leafieldmarine.com\/it\/wp-json\/wp\/v2\/users\/8"}],"replies":[{"embeddable":true,"href":"https:\/\/www.leafieldmarine.com\/it\/wp-json\/wp\/v2\/comments?post=4879"}],"version-history":[{"count":0,"href":"https:\/\/www.leafieldmarine.com\/it\/wp-json\/wp\/v2\/pages\/4879\/revisions"}],"wp:attachment":[{"href":"https:\/\/www.leafieldmarine.com\/it\/wp-json\/wp\/v2\/media?parent=4879"}],"curies":[{"name":"wp","href":"https:\/\/api.w.org\/{rel}","templated":true}]}}