{"id":4894,"date":"2020-04-03T11:03:01","date_gmt":"2020-04-03T11:03:01","guid":{"rendered":"https:\/\/www.leafieldmarine.com\/termini-condizioni\/"},"modified":"2020-04-03T11:03:01","modified_gmt":"2020-04-03T11:03:01","slug":"termini-condizioni","status":"publish","type":"page","link":"https:\/\/www.leafieldmarine.com\/it\/termini-condizioni\/","title":{"rendered":"Termini &amp; Condizioni"},"content":{"rendered":"<p>Benvenuti nel nostro sito web. Se continui a navigare e utilizzare questo sito web, accetti di rispettare e di essere vincolato dai seguenti termini e condizioni d&#8217;uso, che insieme alla nostra politica sulla privacy regolano il rapporto di Leafield Marine Ltd con te in relazione a questo sito web.<\/p>\n<p>Il termine &#8220;Leafield Marine Ltd&#8221; o &#8220;noi&#8221; o &#8220;noi&#8221; si riferisce al proprietario del sito Web la cui sede legale \u00e8 9 Atworth Business Park, Bath Road, Atworth, Wiltshire, SN12 8SB e il numero di societ\u00e0 registrata \u00e8&nbsp;05870564. Il termine &#8220;tu&#8221; si riferisce all&#8217;utente o al visitatore del nostro sito web.<\/p>\n<p>L&#8217;utilizzo di questo sito web \u00e8 soggetto alle seguenti condizioni d&#8217;uso:<\/p>\n<ul>\n<li>Il contenuto delle pagine di questo sito Web \u00e8 solo per vostra informazione generale e uso. \u00c8 soggetto a modifiche senza preavviso.<\/li>\n<li>N\u00e9 noi n\u00e9 terze parti forniamo alcuna garanzia o garanzia in merito all&#8217;accuratezza, tempestivit\u00e0, prestazioni, completezza o idoneit\u00e0 delle informazioni e dei materiali trovati o offerti su questo sito Web per uno scopo particolare. Riconosci che tali informazioni e materiali possono contenere imprecisioni o errori e escludiamo espressamente la responsabilit\u00e0 per tali imprecisioni o errori nella misura massima consentita dalla legge.<\/li>\n<li>L&#8217;utilizzo di qualsiasi informazione o materiale su questo sito Web \u00e8 interamente a proprio rischio, per il quale non saremo responsabili. Sar\u00e0 tua responsabilit\u00e0 assicurarti che tutti i prodotti, servizi o informazioni disponibili attraverso questo sito Web soddisfino le tue esigenze specifiche.<\/li>\n<li>Questo sito Web contiene materiale di nostra propriet\u00e0 o concesso in licenza a noi. Questo materiale include, ma non \u00e8 limitato a, il design, il layout, l&#8217;aspetto, l&#8217;aspetto e la grafica. La riproduzione \u00e8 vietata se non in conformit\u00e0 con l&#8217;avviso di copyright, che fa parte di questi termini e condizioni.<\/li>\n<li>Tutti i marchi riprodotti in questo sito Web, che non sono di propriet\u00e0 o concessi in licenza all&#8217;operatore, sono riprodotti con il permesso del proprietario.<\/li>\n<li>L&#8217;uso non autorizzato di questo sito Web pu\u00f2 comportare una richiesta di risarcimento danni e \/ o essere un reato penale.<\/li>\n<li>Di tanto in tanto questo sito Web pu\u00f2 anche includere collegamenti ad altri siti Web. Questi collegamenti sono forniti per comodit\u00e0 dell&#8217;utente per fornire ulteriori informazioni. Non significano che approviamo il\/i sito\/i web. Non abbiamo alcuna responsabilit\u00e0 per il contenuto dei siti web collegati.<\/li>\n<li>Non \u00e8 possibile creare un collegamento a questo sito Web da un altro sito Web o documento senza il previo consenso scritto di Leafield Marine Ltd.<\/li>\n<li>L&#8217;utilizzo di questo sito Web e qualsiasi controversia derivante da tale utilizzo del sito Web \u00e8 soggetta alle leggi dell&#8217;Inghilterra e del Galles.<\/li>\n<\/ul>\n","protected":false},"excerpt":{"rendered":"<p>Benvenuti nel nostro sito web. Se continui a navigare e utilizzare questo sito web, accetti di rispettare e di essere vincolato dai seguenti termini e condizioni d&#8217;uso, che insieme alla nostra politica sulla privacy regolano il rapporto di Leafield Marine Ltd con te in relazione a questo sito web. Il termine &#8220;Leafield Marine Ltd&#8221; o &hellip;<\/p>\n","protected":false},"author":8,"featured_media":0,"parent":0,"menu_order":0,"comment_status":"closed","ping_status":"closed","template":"","meta":{"_acf_changed":false,"content-type":"","_genesis_hide_title":false,"_genesis_hide_breadcrumbs":false,"_genesis_hide_singular_image":false,"_genesis_hide_footer_widgets":false,"_genesis_custom_body_class":"","_genesis_custom_post_class":"","_genesis_layout":"","footnotes":""},"class_list":{"1":"page","2":"type-page","5":"entry"},"featured_image_src":null,"yoast_head":"<!-- This site is optimized with the Yoast SEO plugin v27.3 - https:\/\/yoast.com\/product\/yoast-seo-wordpress\/ -->\n<title>Termini &amp; Condizioni - Leafield Marine<\/title>\n<meta name=\"description\" content=\"Se continui a navigare e utilizzare questo sito web, accetti di rispettare e di essere vincolato dai seguenti termini e condizioni.\" \/>\n<meta name=\"robots\" content=\"index, follow, max-snippet:-1, max-image-preview:large, max-video-preview:-1\" \/>\n<link rel=\"canonical\" href=\"https:\/\/www.leafieldmarine.com\/it\/termini-condizioni\/\" \/>\n<meta property=\"og:locale\" content=\"it_IT\" \/>\n<meta property=\"og:type\" content=\"article\" \/>\n<meta property=\"og:title\" content=\"Termini &amp; Condizioni - Leafield Marine\" \/>\n<meta property=\"og:description\" content=\"Se continui a navigare e utilizzare questo sito web, accetti di rispettare e di essere vincolato dai seguenti termini e condizioni.\" \/>\n<meta property=\"og:url\" content=\"https:\/\/www.leafieldmarine.com\/it\/termini-condizioni\/\" \/>\n<meta property=\"og:site_name\" content=\"Leafield Marine\" \/>\n<meta name=\"twitter:card\" content=\"summary_large_image\" \/>\n<meta name=\"twitter:label1\" content=\"Tempo di lettura stimato\" \/>\n\t<meta name=\"twitter:data1\" content=\"2 minuti\" \/>\n<script type=\"application\/ld+json\" class=\"yoast-schema-graph\">{\"@context\":\"https:\\\/\\\/schema.org\",\"@graph\":[{\"@type\":\"WebPage\",\"@id\":\"https:\\\/\\\/www.leafieldmarine.com\\\/it\\\/termini-condizioni\\\/\",\"url\":\"https:\\\/\\\/www.leafieldmarine.com\\\/it\\\/termini-condizioni\\\/\",\"name\":\"Termini &amp; Condizioni - Leafield Marine\",\"isPartOf\":{\"@id\":\"https:\\\/\\\/www.leafieldmarine.com\\\/it\\\/#website\"},\"datePublished\":\"2020-04-03T11:03:01+00:00\",\"description\":\"Se continui a navigare e utilizzare questo sito web, accetti di rispettare e di essere vincolato dai seguenti termini e condizioni.\",\"breadcrumb\":{\"@id\":\"https:\\\/\\\/www.leafieldmarine.com\\\/it\\\/termini-condizioni\\\/#breadcrumb\"},\"inLanguage\":\"it-IT\",\"potentialAction\":[{\"@type\":\"ReadAction\",\"target\":[\"https:\\\/\\\/www.leafieldmarine.com\\\/it\\\/termini-condizioni\\\/\"]}]},{\"@type\":\"BreadcrumbList\",\"@id\":\"https:\\\/\\\/www.leafieldmarine.com\\\/it\\\/termini-condizioni\\\/#breadcrumb\",\"itemListElement\":[{\"@type\":\"ListItem\",\"position\":1,\"name\":\"Home\",\"item\":\"https:\\\/\\\/www.leafieldmarine.com\\\/it\\\/\"},{\"@type\":\"ListItem\",\"position\":2,\"name\":\"Termini &amp; Condizioni\"}]},{\"@type\":\"WebSite\",\"@id\":\"https:\\\/\\\/www.leafieldmarine.com\\\/it\\\/#website\",\"url\":\"https:\\\/\\\/www.leafieldmarine.com\\\/it\\\/\",\"name\":\"Leafield Marine\",\"description\":\"World Class Air Valves for Inflatable Structures\",\"publisher\":{\"@id\":\"https:\\\/\\\/www.leafieldmarine.com\\\/it\\\/#organization\"},\"potentialAction\":[{\"@type\":\"SearchAction\",\"target\":{\"@type\":\"EntryPoint\",\"urlTemplate\":\"https:\\\/\\\/www.leafieldmarine.com\\\/it\\\/?s={search_term_string}\"},\"query-input\":{\"@type\":\"PropertyValueSpecification\",\"valueRequired\":true,\"valueName\":\"search_term_string\"}}],\"inLanguage\":\"it-IT\"},{\"@type\":\"Organization\",\"@id\":\"https:\\\/\\\/www.leafieldmarine.com\\\/it\\\/#organization\",\"name\":\"Leafield Marine\",\"url\":\"https:\\\/\\\/www.leafieldmarine.com\\\/it\\\/\",\"logo\":{\"@type\":\"ImageObject\",\"inLanguage\":\"it-IT\",\"@id\":\"https:\\\/\\\/www.leafieldmarine.com\\\/it\\\/#\\\/schema\\\/logo\\\/image\\\/\",\"url\":\"https:\\\/\\\/www.leafieldmarine.com\\\/wp-content\\\/uploads\\\/2022\\\/10\\\/leafield-marine-logo.png\",\"contentUrl\":\"https:\\\/\\\/www.leafieldmarine.com\\\/wp-content\\\/uploads\\\/2022\\\/10\\\/leafield-marine-logo.png\",\"width\":247,\"height\":191,\"caption\":\"Leafield Marine\"},\"image\":{\"@id\":\"https:\\\/\\\/www.leafieldmarine.com\\\/it\\\/#\\\/schema\\\/logo\\\/image\\\/\"}}]}<\/script>\n<!-- \/ Yoast SEO plugin. -->","yoast_head_json":{"title":"Termini &amp; Condizioni - Leafield Marine","description":"Se continui a navigare e utilizzare questo sito web, accetti di rispettare e di essere vincolato dai seguenti termini e condizioni.","robots":{"index":"index","follow":"follow","max-snippet":"max-snippet:-1","max-image-preview":"max-image-preview:large","max-video-preview":"max-video-preview:-1"},"canonical":"https:\/\/www.leafieldmarine.com\/it\/termini-condizioni\/","og_locale":"it_IT","og_type":"article","og_title":"Termini &amp; Condizioni - Leafield Marine","og_description":"Se continui a navigare e utilizzare questo sito web, accetti di rispettare e di essere vincolato dai seguenti termini e condizioni.","og_url":"https:\/\/www.leafieldmarine.com\/it\/termini-condizioni\/","og_site_name":"Leafield Marine","twitter_card":"summary_large_image","twitter_misc":{"Tempo di lettura stimato":"2 minuti"},"schema":{"@context":"https:\/\/schema.org","@graph":[{"@type":"WebPage","@id":"https:\/\/www.leafieldmarine.com\/it\/termini-condizioni\/","url":"https:\/\/www.leafieldmarine.com\/it\/termini-condizioni\/","name":"Termini &amp; Condizioni - Leafield Marine","isPartOf":{"@id":"https:\/\/www.leafieldmarine.com\/it\/#website"},"datePublished":"2020-04-03T11:03:01+00:00","description":"Se continui a navigare e utilizzare questo sito web, accetti di rispettare e di essere vincolato dai seguenti termini e condizioni.","breadcrumb":{"@id":"https:\/\/www.leafieldmarine.com\/it\/termini-condizioni\/#breadcrumb"},"inLanguage":"it-IT","potentialAction":[{"@type":"ReadAction","target":["https:\/\/www.leafieldmarine.com\/it\/termini-condizioni\/"]}]},{"@type":"BreadcrumbList","@id":"https:\/\/www.leafieldmarine.com\/it\/termini-condizioni\/#breadcrumb","itemListElement":[{"@type":"ListItem","position":1,"name":"Home","item":"https:\/\/www.leafieldmarine.com\/it\/"},{"@type":"ListItem","position":2,"name":"Termini &amp; Condizioni"}]},{"@type":"WebSite","@id":"https:\/\/www.leafieldmarine.com\/it\/#website","url":"https:\/\/www.leafieldmarine.com\/it\/","name":"Leafield Marine","description":"World Class Air Valves for Inflatable Structures","publisher":{"@id":"https:\/\/www.leafieldmarine.com\/it\/#organization"},"potentialAction":[{"@type":"SearchAction","target":{"@type":"EntryPoint","urlTemplate":"https:\/\/www.leafieldmarine.com\/it\/?s={search_term_string}"},"query-input":{"@type":"PropertyValueSpecification","valueRequired":true,"valueName":"search_term_string"}}],"inLanguage":"it-IT"},{"@type":"Organization","@id":"https:\/\/www.leafieldmarine.com\/it\/#organization","name":"Leafield Marine","url":"https:\/\/www.leafieldmarine.com\/it\/","logo":{"@type":"ImageObject","inLanguage":"it-IT","@id":"https:\/\/www.leafieldmarine.com\/it\/#\/schema\/logo\/image\/","url":"https:\/\/www.leafieldmarine.com\/wp-content\/uploads\/2022\/10\/leafield-marine-logo.png","contentUrl":"https:\/\/www.leafieldmarine.com\/wp-content\/uploads\/2022\/10\/leafield-marine-logo.png","width":247,"height":191,"caption":"Leafield Marine"},"image":{"@id":"https:\/\/www.leafieldmarine.com\/it\/#\/schema\/logo\/image\/"}}]}},"acf":[],"post_mailing_queue_ids":[],"_links":{"self":[{"href":"https:\/\/www.leafieldmarine.com\/it\/wp-json\/wp\/v2\/pages\/4894","targetHints":{"allow":["GET"]}}],"collection":[{"href":"https:\/\/www.leafieldmarine.com\/it\/wp-json\/wp\/v2\/pages"}],"about":[{"href":"https:\/\/www.leafieldmarine.com\/it\/wp-json\/wp\/v2\/types\/page"}],"author":[{"embeddable":true,"href":"https:\/\/www.leafieldmarine.com\/it\/wp-json\/wp\/v2\/users\/8"}],"replies":[{"embeddable":true,"href":"https:\/\/www.leafieldmarine.com\/it\/wp-json\/wp\/v2\/comments?post=4894"}],"version-history":[{"count":0,"href":"https:\/\/www.leafieldmarine.com\/it\/wp-json\/wp\/v2\/pages\/4894\/revisions"}],"wp:attachment":[{"href":"https:\/\/www.leafieldmarine.com\/it\/wp-json\/wp\/v2\/media?parent=4894"}],"curies":[{"name":"wp","href":"https:\/\/api.w.org\/{rel}","templated":true}]}}