{"id":4952,"date":"2020-04-03T11:27:19","date_gmt":"2020-04-03T11:27:19","guid":{"rendered":"https:\/\/www.leafieldmarine.com\/informazioni-su-leafield-marine\/"},"modified":"2023-02-21T19:49:04","modified_gmt":"2023-02-21T19:49:04","slug":"informazioni-su-leafield-marine","status":"publish","type":"page","link":"https:\/\/www.leafieldmarine.com\/it\/informazioni-su-leafield-marine\/","title":{"rendered":"Informazioni su Leafield Marine"},"content":{"rendered":"\n<h1 class=\"wp-block-heading\">Informazioni su Leafield Marine<\/h1>\n\n\n\n<p>Leafield Marine ha sede nel Regno Unito, nel cuore della campagna del Wiltshire, e occupa strutture moderne, con progettazione e produzione interne.<\/p>\n\n\n\n<p>Leafield Marine ha iniziato a progettare e produrre valvole per gommoni nel 1965. Da allora, la nostra gamma di prodotti \u00e8 cresciuta fino a includere valvole e sistemi di gonfiaggio specializzati per molte strutture gonfiabili, tra cui applicazioni commerciali, ricreative e professionali, fornendo molti dei leader mondiali in questi mercati.<\/p>\n\n\n\n<p>Attualmente esportiamo oltre l&#8217;80% dei nostri prodotti in oltre 60 paesi in tutto il mondo. Leafield Marine ha stabilito una reputazione per il design innovativo e la reattivit\u00e0 alle esigenze dei clienti. Questo \u00e8 supportato dai nostri grandi team interni di ingegneria e qualit\u00e0.<\/p>\n\n\n\n<p>Siamo un&#8217;azienda registrata ISO 9001: 2015 con molti dei nostri prodotti approvati anche secondo gli standard SOLAS (ISO: 15738), PE (S) R e PED.<\/p>\n\n\n\n<p>Leafield Marine \u00e8 stata accreditata con lo status di esportatore approvato come disciplinato dal Regno Unito HM Revenue and Customs. Ci\u00f2 apre la strada a scambi commerciali pi\u00f9 semplici con i paesi stipulati in accordi di libero scambio.<\/p>\n\n\n\n<p>In Leafield Marine rivediamo e ampliamo costantemente la nostra gamma di prodotti. Se non riesci a trovare ci\u00f2 di cui hai bisogno su questo sito, non esitare a <a href=\"https:\/\/www.leafieldmarine.com\/contact\/\">contattarci.<\/a><\/p>\n","protected":false},"excerpt":{"rendered":"<p>Informazioni su Leafield Marine Leafield Marine ha sede nel Regno Unito, nel cuore della campagna del Wiltshire, e occupa strutture moderne, con progettazione e produzione interne. Leafield Marine ha iniziato a progettare e produrre valvole per gommoni nel 1965. Da allora, la nostra gamma di prodotti \u00e8 cresciuta fino a includere valvole e sistemi di &hellip;<\/p>\n","protected":false},"author":8,"featured_media":0,"parent":0,"menu_order":0,"comment_status":"closed","ping_status":"closed","template":"","meta":{"_acf_changed":false,"content-type":"","_genesis_hide_title":false,"_genesis_hide_breadcrumbs":false,"_genesis_hide_singular_image":false,"_genesis_hide_footer_widgets":false,"_genesis_custom_body_class":"","_genesis_custom_post_class":"","_genesis_layout":"","footnotes":""},"class_list":{"1":"page","2":"type-page","5":"entry"},"featured_image_src":null,"yoast_head":"<!-- This site is optimized with the Yoast SEO plugin v27.3 - https:\/\/yoast.com\/product\/yoast-seo-wordpress\/ -->\n<title>Informazioni su Leafield Marine - Leafield Marine<\/title>\n<meta name=\"description\" content=\"Leafield Marine ha sede nel Regno Unito, nel cuore della campagna del Wiltshire, con progettazione e produzione interne.\" \/>\n<meta name=\"robots\" content=\"index, follow, max-snippet:-1, max-image-preview:large, max-video-preview:-1\" \/>\n<link rel=\"canonical\" href=\"https:\/\/www.leafieldmarine.com\/it\/informazioni-su-leafield-marine\/\" \/>\n<meta property=\"og:locale\" content=\"it_IT\" \/>\n<meta property=\"og:type\" content=\"article\" \/>\n<meta property=\"og:title\" content=\"Informazioni su Leafield Marine - Leafield Marine\" \/>\n<meta property=\"og:description\" content=\"Leafield Marine ha sede nel Regno Unito, nel cuore della campagna del Wiltshire, con progettazione e produzione interne.\" \/>\n<meta property=\"og:url\" content=\"https:\/\/www.leafieldmarine.com\/it\/informazioni-su-leafield-marine\/\" \/>\n<meta property=\"og:site_name\" content=\"Leafield Marine\" \/>\n<meta property=\"article:modified_time\" content=\"2023-02-21T19:49:04+00:00\" \/>\n<meta name=\"twitter:card\" content=\"summary_large_image\" \/>\n<meta name=\"twitter:label1\" content=\"Tempo di lettura stimato\" \/>\n\t<meta name=\"twitter:data1\" content=\"1 minuto\" \/>\n<script type=\"application\/ld+json\" class=\"yoast-schema-graph\">{\"@context\":\"https:\\\/\\\/schema.org\",\"@graph\":[{\"@type\":\"WebPage\",\"@id\":\"https:\\\/\\\/www.leafieldmarine.com\\\/it\\\/informazioni-su-leafield-marine\\\/\",\"url\":\"https:\\\/\\\/www.leafieldmarine.com\\\/it\\\/informazioni-su-leafield-marine\\\/\",\"name\":\"Informazioni su Leafield Marine - Leafield Marine\",\"isPartOf\":{\"@id\":\"https:\\\/\\\/www.leafieldmarine.com\\\/it\\\/#website\"},\"datePublished\":\"2020-04-03T11:27:19+00:00\",\"dateModified\":\"2023-02-21T19:49:04+00:00\",\"description\":\"Leafield Marine ha sede nel Regno Unito, nel cuore della campagna del Wiltshire, con progettazione e produzione interne.\",\"breadcrumb\":{\"@id\":\"https:\\\/\\\/www.leafieldmarine.com\\\/it\\\/informazioni-su-leafield-marine\\\/#breadcrumb\"},\"inLanguage\":\"it-IT\",\"potentialAction\":[{\"@type\":\"ReadAction\",\"target\":[\"https:\\\/\\\/www.leafieldmarine.com\\\/it\\\/informazioni-su-leafield-marine\\\/\"]}]},{\"@type\":\"BreadcrumbList\",\"@id\":\"https:\\\/\\\/www.leafieldmarine.com\\\/it\\\/informazioni-su-leafield-marine\\\/#breadcrumb\",\"itemListElement\":[{\"@type\":\"ListItem\",\"position\":1,\"name\":\"Home\",\"item\":\"https:\\\/\\\/www.leafieldmarine.com\\\/it\\\/\"},{\"@type\":\"ListItem\",\"position\":2,\"name\":\"Informazioni su Leafield Marine\"}]},{\"@type\":\"WebSite\",\"@id\":\"https:\\\/\\\/www.leafieldmarine.com\\\/it\\\/#website\",\"url\":\"https:\\\/\\\/www.leafieldmarine.com\\\/it\\\/\",\"name\":\"Leafield Marine\",\"description\":\"World Class Air Valves for Inflatable Structures\",\"publisher\":{\"@id\":\"https:\\\/\\\/www.leafieldmarine.com\\\/it\\\/#organization\"},\"potentialAction\":[{\"@type\":\"SearchAction\",\"target\":{\"@type\":\"EntryPoint\",\"urlTemplate\":\"https:\\\/\\\/www.leafieldmarine.com\\\/it\\\/?s={search_term_string}\"},\"query-input\":{\"@type\":\"PropertyValueSpecification\",\"valueRequired\":true,\"valueName\":\"search_term_string\"}}],\"inLanguage\":\"it-IT\"},{\"@type\":\"Organization\",\"@id\":\"https:\\\/\\\/www.leafieldmarine.com\\\/it\\\/#organization\",\"name\":\"Leafield Marine\",\"url\":\"https:\\\/\\\/www.leafieldmarine.com\\\/it\\\/\",\"logo\":{\"@type\":\"ImageObject\",\"inLanguage\":\"it-IT\",\"@id\":\"https:\\\/\\\/www.leafieldmarine.com\\\/it\\\/#\\\/schema\\\/logo\\\/image\\\/\",\"url\":\"https:\\\/\\\/www.leafieldmarine.com\\\/wp-content\\\/uploads\\\/2022\\\/10\\\/leafield-marine-logo.png\",\"contentUrl\":\"https:\\\/\\\/www.leafieldmarine.com\\\/wp-content\\\/uploads\\\/2022\\\/10\\\/leafield-marine-logo.png\",\"width\":247,\"height\":191,\"caption\":\"Leafield Marine\"},\"image\":{\"@id\":\"https:\\\/\\\/www.leafieldmarine.com\\\/it\\\/#\\\/schema\\\/logo\\\/image\\\/\"}}]}<\/script>\n<!-- \/ Yoast SEO plugin. -->","yoast_head_json":{"title":"Informazioni su Leafield Marine - Leafield Marine","description":"Leafield Marine ha sede nel Regno Unito, nel cuore della campagna del Wiltshire, con progettazione e produzione interne.","robots":{"index":"index","follow":"follow","max-snippet":"max-snippet:-1","max-image-preview":"max-image-preview:large","max-video-preview":"max-video-preview:-1"},"canonical":"https:\/\/www.leafieldmarine.com\/it\/informazioni-su-leafield-marine\/","og_locale":"it_IT","og_type":"article","og_title":"Informazioni su Leafield Marine - Leafield Marine","og_description":"Leafield Marine ha sede nel Regno Unito, nel cuore della campagna del Wiltshire, con progettazione e produzione interne.","og_url":"https:\/\/www.leafieldmarine.com\/it\/informazioni-su-leafield-marine\/","og_site_name":"Leafield Marine","article_modified_time":"2023-02-21T19:49:04+00:00","twitter_card":"summary_large_image","twitter_misc":{"Tempo di lettura stimato":"1 minuto"},"schema":{"@context":"https:\/\/schema.org","@graph":[{"@type":"WebPage","@id":"https:\/\/www.leafieldmarine.com\/it\/informazioni-su-leafield-marine\/","url":"https:\/\/www.leafieldmarine.com\/it\/informazioni-su-leafield-marine\/","name":"Informazioni su Leafield Marine - Leafield Marine","isPartOf":{"@id":"https:\/\/www.leafieldmarine.com\/it\/#website"},"datePublished":"2020-04-03T11:27:19+00:00","dateModified":"2023-02-21T19:49:04+00:00","description":"Leafield Marine ha sede nel Regno Unito, nel cuore della campagna del Wiltshire, con progettazione e produzione interne.","breadcrumb":{"@id":"https:\/\/www.leafieldmarine.com\/it\/informazioni-su-leafield-marine\/#breadcrumb"},"inLanguage":"it-IT","potentialAction":[{"@type":"ReadAction","target":["https:\/\/www.leafieldmarine.com\/it\/informazioni-su-leafield-marine\/"]}]},{"@type":"BreadcrumbList","@id":"https:\/\/www.leafieldmarine.com\/it\/informazioni-su-leafield-marine\/#breadcrumb","itemListElement":[{"@type":"ListItem","position":1,"name":"Home","item":"https:\/\/www.leafieldmarine.com\/it\/"},{"@type":"ListItem","position":2,"name":"Informazioni su Leafield Marine"}]},{"@type":"WebSite","@id":"https:\/\/www.leafieldmarine.com\/it\/#website","url":"https:\/\/www.leafieldmarine.com\/it\/","name":"Leafield Marine","description":"World Class Air Valves for Inflatable Structures","publisher":{"@id":"https:\/\/www.leafieldmarine.com\/it\/#organization"},"potentialAction":[{"@type":"SearchAction","target":{"@type":"EntryPoint","urlTemplate":"https:\/\/www.leafieldmarine.com\/it\/?s={search_term_string}"},"query-input":{"@type":"PropertyValueSpecification","valueRequired":true,"valueName":"search_term_string"}}],"inLanguage":"it-IT"},{"@type":"Organization","@id":"https:\/\/www.leafieldmarine.com\/it\/#organization","name":"Leafield Marine","url":"https:\/\/www.leafieldmarine.com\/it\/","logo":{"@type":"ImageObject","inLanguage":"it-IT","@id":"https:\/\/www.leafieldmarine.com\/it\/#\/schema\/logo\/image\/","url":"https:\/\/www.leafieldmarine.com\/wp-content\/uploads\/2022\/10\/leafield-marine-logo.png","contentUrl":"https:\/\/www.leafieldmarine.com\/wp-content\/uploads\/2022\/10\/leafield-marine-logo.png","width":247,"height":191,"caption":"Leafield Marine"},"image":{"@id":"https:\/\/www.leafieldmarine.com\/it\/#\/schema\/logo\/image\/"}}]}},"acf":[],"post_mailing_queue_ids":[],"_links":{"self":[{"href":"https:\/\/www.leafieldmarine.com\/it\/wp-json\/wp\/v2\/pages\/4952","targetHints":{"allow":["GET"]}}],"collection":[{"href":"https:\/\/www.leafieldmarine.com\/it\/wp-json\/wp\/v2\/pages"}],"about":[{"href":"https:\/\/www.leafieldmarine.com\/it\/wp-json\/wp\/v2\/types\/page"}],"author":[{"embeddable":true,"href":"https:\/\/www.leafieldmarine.com\/it\/wp-json\/wp\/v2\/users\/8"}],"replies":[{"embeddable":true,"href":"https:\/\/www.leafieldmarine.com\/it\/wp-json\/wp\/v2\/comments?post=4952"}],"version-history":[{"count":0,"href":"https:\/\/www.leafieldmarine.com\/it\/wp-json\/wp\/v2\/pages\/4952\/revisions"}],"wp:attachment":[{"href":"https:\/\/www.leafieldmarine.com\/it\/wp-json\/wp\/v2\/media?parent=4952"}],"curies":[{"name":"wp","href":"https:\/\/api.w.org\/{rel}","templated":true}]}}